{"id":4308,"date":"2025-09-12T04:33:47","date_gmt":"2025-09-12T02:33:47","guid":{"rendered":"https:\/\/vozolpuff.de\/?post_type=product&#038;p=4308"},"modified":"2025-09-29T12:51:20","modified_gmt":"2025-09-29T10:51:20","slug":"waspe-aiviou-60000-grape-ice-strawberry-candy-strawberry-raspberry-cherry","status":"publish","type":"product","link":"https:\/\/vozolpuff.de\/hu\/termek\/waspe-aiviou-60000-grape-ice-strawberry-candy-strawberry-raspberry-cherry\/","title":{"rendered":"WASPE AIVIOU 60000 Grape Ice\/Eper Candy\/Eper M\u00e1lna Cseresznye"},"content":{"rendered":"<h2 class=\"text-xl font-bold text-text-100 mt-1 -mb-0.5\">WASPE AIVIOU 60000 Grape Ice\/Eper Candy\/Eper m\u00e1lna cseresznye eldobhat\u00f3 vape<\/h2>\n<p class=\"whitespace-normal break-words\">A WASPE AIVIOU 60000 Grape Ice, Strawberry Candy \u00e9s Strawberry Raspberry Cherry h\u00e1rom klasszikus gy\u00fcm\u00f6lcs\u00edzzel kombin\u00e1lja a hiteles p\u00e1rologtat\u00e1s \u00e9lm\u00e9ny\u00e9t. A leny\u0171g\u00f6z\u0151 60 000 sz\u00edv\u00e1skapacit\u00e1ssal, h\u00e1rom kapcsolhat\u00f3 \u00edzm\u00f3ddal \u00e9s 0%-t\u0151l 5%-ig \u00e1ll\u00edthat\u00f3 nikotinszinttel ez a pr\u00e9mium eldobhat\u00f3 cigaretta a bev\u00e1lt min\u0151s\u00e9gre t\u00e1maszkodik. A nagyvonal\u00fa 54 ml-es e-folyad\u00e9k tart\u00e1ly \u00e9s az intelligens \u00e1llapotjelz\u0151 megb\u00edzhat\u00f3 g\u0151z\u00f6l\u00e9si \u00e9lvezetet biztos\u00edt.<\/p>\n<h3 class=\"text-lg font-bold text-text-100 mt-1 -mb-1.5\">Klasszikus gy\u00fcm\u00f6lcs\u00edzek<\/h3>\n<p class=\"whitespace-normal break-words\">Ez a kifinomult, eldobhat\u00f3 e-cigaretta lehet\u0151v\u00e9 teszi, hogy z\u00f6kken\u0151mentesen v\u00e1ltson h\u00e1rom id\u0151tlen \u00edz k\u00f6z\u00f6tt: h\u0171v\u00f6s sz\u0151l\u0151 friss\u00edt\u0151 befejez\u00e9ssel, \u00e9des epercukorka \u00e9s az eper, m\u00e1lna \u00e9s cseresznye harmonikus h\u00e1rmas gy\u00fcm\u00f6lcskever\u00e9ke. Mindegyik \u00edzt hitelesen reproduk\u00e1lja az optimaliz\u00e1lt 0,9\u03a9-os h\u00e1l\u00f3s technol\u00f3gia.<\/p>\n<p class=\"whitespace-normal break-words\">A nagy teljes\u00edtm\u00e9ny\u0171 650mAh-s akkumul\u00e1tor C-t\u00edpus\u00fa gyorst\u00f6lt\u00e9si funkci\u00f3val garant\u00e1lja az \u00e1lland\u00f3 teljes\u00edtm\u00e9nyt minden klasszikus \u00edzl\u00e9s eset\u00e9n. A digit\u00e1lis kijelz\u0151 pontosan nyomon k\u00f6veti az akkumul\u00e1tor \u00e9lettartam\u00e1t \u00e9s mindh\u00e1rom \u00edztart\u00e1ly t\u00f6lt\u00f6tts\u00e9gi szintj\u00e9t.<\/p>\n<h3 class=\"text-lg font-bold text-text-100 mt-1 -mb-1.5\">Fedezzen fel t\u00f6bb WASPE VAPE-t a vozolpuff-on<\/h3>\n<p class=\"whitespace-normal break-words\">Fedezzen fel t\u00f6bb kipr\u00f3b\u00e1lt \u00e9s tesztelt vape term\u00e9ket a mi <strong><a class=\"underline\" href=\"https:\/\/vozolpuff.de\/hu\/\">G\u0151zk\u00e9sz\u00fcl\u00e9k bolt<\/a><\/strong>fedezze fel a <strong><a class=\"underline\" href=\"https:\/\/vozolpuff.de\/hu\/product-category\/waspe-vape\/\">WASPE VAPE term\u00e9kcsal\u00e1d<\/a><\/strong> vagy v\u00e1lasszon az \u00f6sszes <strong><a class=\"underline\" href=\"https:\/\/vozolpuff.de\/hu\/product-category\/waspe-vape\/waspe-aiviou-60000\/\">WASPE AIVIOU 60000 \u00edzprofilok<\/a><\/strong>.<\/p>","protected":false},"excerpt":{"rendered":"<div>\n<div class=\"grid-cols-1 grid gap-2.5 [&amp;_&gt;_*]:min-w-0 !gap-3.5\">\n<p class=\"whitespace-normal break-words\">Die WASPE AIVIOU 60000 Grape Ice\/Strawberry Candy\/Strawberry Raspberry Cherry Einweg-Vape kombiniert drei klassische Fruchtaromen. 60.000 Z\u00fcge, schaltbare Modi, 54ml Tank, 0-5% Nikotin und 650mAh Akku f\u00fcr authentischen Genuss.<\/p>\n<\/div>\n<\/div>\n<div class=\"h-8\"><\/div>\n","protected":false},"featured_media":4310,"comment_status":"open","ping_status":"closed","template":"","meta":{"_acf_changed":false},"product_brand":[],"product_cat":[53],"product_tag":[],"class_list":{"0":"post-4308","1":"product","2":"type-product","3":"status-publish","4":"has-post-thumbnail","6":"product_cat-waspe-aiviou-60000","8":"first","9":"instock","10":"shipping-taxable","11":"purchasable","12":"product-type-variable"},"acf":[],"_links":{"self":[{"href":"https:\/\/vozolpuff.de\/hu\/wp-json\/wp\/v2\/product\/4308","targetHints":{"allow":["GET"]}}],"collection":[{"href":"https:\/\/vozolpuff.de\/hu\/wp-json\/wp\/v2\/product"}],"about":[{"href":"https:\/\/vozolpuff.de\/hu\/wp-json\/wp\/v2\/types\/product"}],"replies":[{"embeddable":true,"href":"https:\/\/vozolpuff.de\/hu\/wp-json\/wp\/v2\/comments?post=4308"}],"wp:featuredmedia":[{"embeddable":true,"href":"https:\/\/vozolpuff.de\/hu\/wp-json\/wp\/v2\/media\/4310"}],"wp:attachment":[{"href":"https:\/\/vozolpuff.de\/hu\/wp-json\/wp\/v2\/media?parent=4308"}],"wp:term":[{"taxonomy":"product_brand","embeddable":true,"href":"https:\/\/vozolpuff.de\/hu\/wp-json\/wp\/v2\/product_brand?post=4308"},{"taxonomy":"product_cat","embeddable":true,"href":"https:\/\/vozolpuff.de\/hu\/wp-json\/wp\/v2\/product_cat?post=4308"},{"taxonomy":"product_tag","embeddable":true,"href":"https:\/\/vozolpuff.de\/hu\/wp-json\/wp\/v2\/product_tag?post=4308"}],"curies":[{"name":"wp","href":"https:\/\/api.w.org\/{rel}","templated":true}]}}