{"id":4324,"date":"2025-09-12T04:39:19","date_gmt":"2025-09-12T02:39:19","guid":{"rendered":"https:\/\/vozolpuff.de\/?post_type=product&#038;p=4324"},"modified":"2025-09-29T12:50:56","modified_gmt":"2025-09-29T10:50:56","slug":"waspe-aiviou-60000-cherry-cola-ice-strawberry-cola-cola-ice","status":"publish","type":"product","link":"https:\/\/vozolpuff.de\/hu\/termek\/waspe-aiviou-60000-cherry-cola-ice-strawberry-cola-cola-ice\/","title":{"rendered":"WASPE AIVIOU 60000 Cherry Cola Ice\/Eper Cola\/Eper Cola\/Cola Ice"},"content":{"rendered":"<h2 class=\"text-xl font-bold text-text-100 mt-1 -mb-0.5\">WASPE AIVIOU 60000 Cherry Cola Ice\/Strawberry Cola\/Cola Ice eldobhat\u00f3 vape<\/h2>\n<p class=\"whitespace-normal break-words\">A WASPE AIVIOU 60000 Cherry Cola Ice, Strawberry Cola \u00e9s Cola Ice h\u00e1rom friss\u00edt\u0151 k\u00f3la \u00edzt k\u00edn\u00e1l az egyed\u00fcl\u00e1ll\u00f3 p\u00e1rologtat\u00e1si \u00e9lvezet\u00e9rt. Ez az innovat\u00edv eldobhat\u00f3 cigaretta 60.000 slukk kapacit\u00e1ssal \u00e9s h\u00e1rom kapcsolhat\u00f3 \u00edzm\u00f3ddal a nosztalgikus \u00edzeket a modern technol\u00f3gi\u00e1val \u00f6tv\u00f6zi 0% \u00e9s 5% k\u00f6z\u00f6tti nikotin koncentr\u00e1ci\u00f3ban. A nagyvonal\u00fa 54 ml-es e-folyad\u00e9k tart\u00e1ly \u00e9s az intelligens digit\u00e1lis kijelz\u0151 biztos\u00edtja a hosszan tart\u00f3 \u00e9lvezetet.<\/p>\n<h3 class=\"text-lg font-bold text-text-100 mt-1 -mb-1.5\">Cola \u00edzvari\u00e1ci\u00f3<\/h3>\n<p class=\"whitespace-normal break-words\">Ez a legmodernebb eldobhat\u00f3 e-cigaretta lehet\u0151v\u00e9 teszi, hogy szabadon v\u00e1ltson h\u00e1rom k\u00f3la ihlette profil k\u00f6z\u00f6tt: klasszikus csereszny\u00e9s k\u00f3la h\u0171s\u00edt\u0151 befejez\u00e9ssel, gy\u00fcm\u00f6lcs\u00f6s epres k\u00f3la kombin\u00e1ci\u00f3 \u00e9s tiszta k\u00f3la friss\u00edt\u0151 hat\u00e1ssal. Mindegyik \u00edzt hitelesen reproduk\u00e1lj\u00e1k a speci\u00e1lis 0,9\u03a9-os h\u00e1l\u00f3s p\u00e1rologtat\u00f3k, \u00e9s nosztalgikus p\u00e1rologtat\u00e1si \u00e9lm\u00e9nyt ny\u00fajtanak.<\/p>\n<p class=\"whitespace-normal break-words\">A robusztus 650mAh-s akkumul\u00e1tor C t\u00edpus\u00fa gyorst\u00f6lt\u00e9si technol\u00f3gi\u00e1val biztos\u00edtja a megb\u00edzhat\u00f3 teljes\u00edtm\u00e9nyt minden k\u00f3la \u00edzben. Az intelligens kijelz\u0151 val\u00f3s idej\u0171 ellen\u0151rz\u00e9st biztos\u00edt az akkumul\u00e1tor \u00e9lettartam\u00e1r\u00f3l \u00e9s az egyes \u00edzes\u00edt\u0151 tart\u00e1lyok t\u00f6lt\u00f6tts\u00e9gi szintj\u00e9r\u0151l.<\/p>\n<h3 class=\"text-lg font-bold text-text-100 mt-1 -mb-1.5\">Fedezzen fel t\u00f6bb WASPE VAPE-t a vozolpuff-on<\/h3>\n<p class=\"whitespace-normal break-words\">L\u00e1togasson el a <strong><a class=\"underline\" href=\"https:\/\/vozolpuff.de\/hu\/\">Specialista eldobhat\u00f3 vape bolt<\/a><\/strong> tov\u00e1bbi nosztalgikus term\u00e9kek\u00e9rt, fedezze fel a <strong><a class=\"underline\" href=\"https:\/\/vozolpuff.de\/hu\/product-category\/waspe-vape\/\">WASPE VAPE kollekci\u00f3<\/a><\/strong> vagy fedezze fel az \u00f6sszes <strong><a class=\"underline\" href=\"https:\/\/vozolpuff.de\/hu\/product-category\/waspe-vape\/waspe-aiviou-60000\/\">WASPE AIVIOU 60000 \u00edzvil\u00e1g<\/a><\/strong>.<\/p>","protected":false},"excerpt":{"rendered":"<div>\n<div class=\"grid-cols-1 grid gap-2.5 [&amp;_&gt;_*]:min-w-0 !gap-3.5\">\n<p class=\"whitespace-normal break-words\">Die WASPE AIVIOU 60000 Cherry Cola Ice\/Strawberry Cola\/Cola Ice Einweg-Vape bietet drei erfrischende Cola-Variationen. 60.000 Z\u00fcge, umschaltbare Aromamodi, 54ml Tank, 0-5% Nikotin und 650mAh Akku f\u00fcr nostalgischen Genuss.<\/p>\n<\/div>\n<\/div>\n<div class=\"h-8\"><\/div>\n","protected":false},"featured_media":4326,"comment_status":"open","ping_status":"closed","template":"","meta":{"_acf_changed":false},"product_brand":[],"product_cat":[53],"product_tag":[],"class_list":{"0":"post-4324","1":"product","2":"type-product","3":"status-publish","4":"has-post-thumbnail","6":"product_cat-waspe-aiviou-60000","8":"first","9":"instock","10":"shipping-taxable","11":"purchasable","12":"product-type-variable"},"acf":[],"_links":{"self":[{"href":"https:\/\/vozolpuff.de\/hu\/wp-json\/wp\/v2\/product\/4324","targetHints":{"allow":["GET"]}}],"collection":[{"href":"https:\/\/vozolpuff.de\/hu\/wp-json\/wp\/v2\/product"}],"about":[{"href":"https:\/\/vozolpuff.de\/hu\/wp-json\/wp\/v2\/types\/product"}],"replies":[{"embeddable":true,"href":"https:\/\/vozolpuff.de\/hu\/wp-json\/wp\/v2\/comments?post=4324"}],"wp:featuredmedia":[{"embeddable":true,"href":"https:\/\/vozolpuff.de\/hu\/wp-json\/wp\/v2\/media\/4326"}],"wp:attachment":[{"href":"https:\/\/vozolpuff.de\/hu\/wp-json\/wp\/v2\/media?parent=4324"}],"wp:term":[{"taxonomy":"product_brand","embeddable":true,"href":"https:\/\/vozolpuff.de\/hu\/wp-json\/wp\/v2\/product_brand?post=4324"},{"taxonomy":"product_cat","embeddable":true,"href":"https:\/\/vozolpuff.de\/hu\/wp-json\/wp\/v2\/product_cat?post=4324"},{"taxonomy":"product_tag","embeddable":true,"href":"https:\/\/vozolpuff.de\/hu\/wp-json\/wp\/v2\/product_tag?post=4324"}],"curies":[{"name":"wp","href":"https:\/\/api.w.org\/{rel}","templated":true}]}}