{"id":4332,"date":"2025-09-12T04:42:11","date_gmt":"2025-09-12T02:42:11","guid":{"rendered":"https:\/\/vozolpuff.de\/?post_type=product&#038;p=4332"},"modified":"2025-09-29T12:50:45","modified_gmt":"2025-09-29T10:50:45","slug":"waspe-aiviou-60000-blueberry-raspberry-blueberry-cotton-candy-double-apple-ice","status":"publish","type":"product","link":"https:\/\/vozolpuff.de\/hu\/termek\/waspe-aiviou-60000-blueberry-raspberry-blueberry-cotton-candy-double-apple-ice\/","title":{"rendered":"WASPE AIVIOU 60000 \u00c1fony\u00e1s m\u00e1lna\/\u00e1fony\u00e1s vattacukor\/dupla alma j\u00e9g"},"content":{"rendered":"<h2 class=\"text-xl font-bold text-text-100 mt-1 -mb-0.5\">WASPE AIVIOU 60000 \u00e1fonya m\u00e1lna\/\u00e1fonya vattacukor\/dupla alma j\u00e9g eldobhat\u00f3 vape<\/h2>\n<p class=\"whitespace-normal break-words\">Tapasztalja meg a h\u00e1rom kifinomult \u00edzkompoz\u00edci\u00f3t a WASPE AIVIOU 60000-zal, az \u00c1fony\u00e1s m\u00e1lna, az \u00c1fony\u00e1s vattacukor \u00e9s a Dupla alm\u00e1s j\u00e9g kombin\u00e1ci\u00f3ban. Ez a leny\u0171g\u00f6z\u0151 eldobhat\u00f3 e-cigaretta 60 000 \u00edzgazdag sz\u00edv\u00e1st k\u00edn\u00e1l a fejlett h\u00e1rmas tekercses technol\u00f3gi\u00e1nak \u00e9s a testreszabhat\u00f3 nikotinopci\u00f3knak k\u00f6sz\u00f6nhet\u0151en 0%-t\u0151l 5%-ig. A nagyvonal\u00fa 54 ml-es folyad\u00e9ktart\u00e1ly \u00e9s a felhaszn\u00e1l\u00f3bar\u00e1t LED rendszer lehet\u0151v\u00e9 teszi az egy\u00e9ni g\u0151z\u00f6l\u00e9s legmagasabb szint\u0171 \u00e9lvezet\u00e9t.<\/p>\n<h3 class=\"text-lg font-bold text-text-100 mt-1 -mb-1.5\">Finom\u00edtott aromakompoz\u00edci\u00f3k<\/h3>\n<p class=\"whitespace-normal break-words\">A forradalmi h\u00e1rmas \u00edzinnov\u00e1ci\u00f3 a harmonikus \u00e1fonya-m\u00e1lna kombin\u00e1ci\u00f3t, a nosztalgikus \u00e1fony\u00e1s cukorvir\u00e1got \u00e9s az intenz\u00edv dupla alm\u00e1t mutatja be h\u0171s\u00edt\u0151 befejez\u00e9ssel. Mindegyik profilt t\u00f6k\u00e9letesen kiegyens\u00falyozz\u00e1k az optimaliz\u00e1lt 0,9\u03a9-os h\u00e1l\u00f3s tekercsek, \u00e9s kifinomult g\u0151zkarakterisztik\u00e1t k\u00edn\u00e1lnak az ig\u00e9nyes \u00ednyenceknek.<\/p>\n<p class=\"whitespace-normal break-words\">A 650mAh kapacit\u00e1s\u00fa akkumul\u00e1torral \u00e9s Type-C gyorst\u00f6lt\u00e9ssel ez a k\u00e9sz\u00fcl\u00e9k maxim\u00e1lis megb\u00edzhat\u00f3s\u00e1got k\u00edn\u00e1l minden kifinomult \u00edzl\u00e9shez. Az intelligens fel\u00fcgyeleti rendszer folyamatos t\u00e1j\u00e9koztat\u00e1st ny\u00fajt minden egyes finom \u00edztart\u00e1ly \u00e1llapot\u00e1r\u00f3l \u00e9s t\u00f6lt\u00f6tts\u00e9gi szintj\u00e9r\u0151l.<\/p>\n<h3 class=\"text-lg font-bold text-text-100 mt-1 -mb-1.5\">Fedezzen fel t\u00f6bb WASPE VAPE-t a vozolpuff-on<\/h3>\n<p class=\"whitespace-normal break-words\">Tov\u00e1bbi kifinomult vape term\u00e9keket tal\u00e1l a <strong><a class=\"underline\" href=\"https:\/\/vozolpuff.de\/hu\/\">Pr\u00e9mium g\u0151z bolt<\/a><\/strong>, b\u00f6ng\u00e9sszen a <strong><a class=\"underline\" href=\"https:\/\/vozolpuff.de\/hu\/product-category\/waspe-vape\/\">WASPE VAPE pr\u00e9mium sorozat<\/a><\/strong> vagy v\u00e1lasszon a teljes <strong><a class=\"underline\" href=\"https:\/\/vozolpuff.de\/hu\/product-category\/waspe-vape\/waspe-aiviou-60000\/\">WASPE AIVIOU 60000 \u00edzkollekci\u00f3<\/a><\/strong>.<\/p>","protected":false},"excerpt":{"rendered":"<div>\n<div class=\"grid-cols-1 grid gap-2.5 [&amp;_&gt;_*]:min-w-0 !gap-3.5\">\n<p class=\"whitespace-normal break-words\">Die WASPE AIVIOU 60000 Blueberry Raspberry\/Blueberry Cotton Candy\/Double Apple Ice Einweg-Vape bietet drei raffinierte Geschmackskompositionen. 60.000 Z\u00fcge, Dreifach-Coil-Technologie, 54ml Tank, 0-5% Nikotin f\u00fcr individuellen Genuss.<\/p>\n<\/div>\n<\/div>\n<div class=\"h-8\"><\/div>\n","protected":false},"featured_media":4334,"comment_status":"open","ping_status":"closed","template":"","meta":{"_acf_changed":false},"product_brand":[],"product_cat":[53],"product_tag":[],"class_list":{"0":"post-4332","1":"product","2":"type-product","3":"status-publish","4":"has-post-thumbnail","6":"product_cat-waspe-aiviou-60000","8":"first","9":"instock","10":"shipping-taxable","11":"purchasable","12":"product-type-variable"},"acf":[],"_links":{"self":[{"href":"https:\/\/vozolpuff.de\/hu\/wp-json\/wp\/v2\/product\/4332","targetHints":{"allow":["GET"]}}],"collection":[{"href":"https:\/\/vozolpuff.de\/hu\/wp-json\/wp\/v2\/product"}],"about":[{"href":"https:\/\/vozolpuff.de\/hu\/wp-json\/wp\/v2\/types\/product"}],"replies":[{"embeddable":true,"href":"https:\/\/vozolpuff.de\/hu\/wp-json\/wp\/v2\/comments?post=4332"}],"wp:featuredmedia":[{"embeddable":true,"href":"https:\/\/vozolpuff.de\/hu\/wp-json\/wp\/v2\/media\/4334"}],"wp:attachment":[{"href":"https:\/\/vozolpuff.de\/hu\/wp-json\/wp\/v2\/media?parent=4332"}],"wp:term":[{"taxonomy":"product_brand","embeddable":true,"href":"https:\/\/vozolpuff.de\/hu\/wp-json\/wp\/v2\/product_brand?post=4332"},{"taxonomy":"product_cat","embeddable":true,"href":"https:\/\/vozolpuff.de\/hu\/wp-json\/wp\/v2\/product_cat?post=4332"},{"taxonomy":"product_tag","embeddable":true,"href":"https:\/\/vozolpuff.de\/hu\/wp-json\/wp\/v2\/product_tag?post=4332"}],"curies":[{"name":"wp","href":"https:\/\/api.w.org\/{rel}","templated":true}]}}