{"id":5382,"date":"2025-09-29T13:38:31","date_gmt":"2025-09-29T11:38:31","guid":{"rendered":"https:\/\/vozolpuff.de\/?post_type=product&#038;p=5382"},"modified":"2025-09-29T13:38:31","modified_gmt":"2025-09-29T11:38:31","slug":"bang-leader-85000-red-bull-blueberry-watermelon-strawberry-ice-cream","status":"publish","type":"product","link":"https:\/\/vozolpuff.de\/hu\/termek\/bang-leader-85000-red-bull-blueberry-watermelon-strawberry-ice-cream\/","title":{"rendered":"Bang Leader 85000 Red Bull\/\u00e1fonya g\u00f6r\u00f6gdinnye\/eper fagylalt"},"content":{"rendered":"<h2 class=\"text-xl font-bold text-text-100 mt-1 -mb-0.5\">Bang Leader 85000 Red Bull\/Blueberry Watermelon\/Strawberry Ice Cream eldobhat\u00f3 e-cigaretta<\/h2>\n<p class=\"whitespace-normal break-words\">A Bang Leader 85000 egyed\u00fcl\u00e1ll\u00f3 h\u00e1rom \u00edzes rendszer\u00e9vel az innov\u00e1ci\u00f3 \u00e9s a min\u0151s\u00e9g k\u00e9pvisel\u0151je az eldobhat\u00f3 e-cigaretta piacon. \u00c9lvezze az \u00e9l\u00e9nk\u00edt\u0151 energiaital \u00edz\u00e9t (Red Bull), a friss\u00edt\u0151 \u00e1fonya-g\u00f6r\u00f6gdinnye \u00edzt (Blueberry Watermelon) vagy a kr\u00e9mes eperj\u00e9gkr\u00e9m \u00edzt (Strawberry Ice Cream) \u2013 mindezt egy kompakt eszk\u00f6zben. Minden \u00edz egy k\u00fcl\u00f6n kapszul\u00e1ba van integr\u00e1lva, \u00e9s gombnyom\u00e1ssal v\u00e1laszthat\u00f3. A leny\u0171g\u00f6z\u0151 85 000 lehets\u00e9ges slukk teljes\u00edtm\u00e9nyt egy nagy teljes\u00edtm\u00e9ny\u0171 850 mAh-s akkumul\u00e1tor t\u00e1mogatja, amely a modern Type-C csatlakoz\u00f3n kereszt\u00fcl gyorsan felt\u00f6lthet\u0151. A megvil\u00e1g\u00edtott LED-kijelz\u0151 folyamatosan t\u00e1j\u00e9koztatja \u00d6nt az akkumul\u00e1tor \u00e1llapot\u00e1r\u00f3l \u00e9s haszn\u00e1lat\u00e1r\u00f3l, m\u00edg h\u00e1rom speci\u00e1lisan kifejlesztett 1,0 \u03a9-os h\u00e1l\u00f3s tekercs garant\u00e1lja a jellegzetes \u00edzeket.<\/p>\n<h3 class=\"text-lg font-bold text-text-100 mt-1 -mb-1.5\">Term\u00e9kel\u0151ny\u00f6k:<\/h3>\n<p class=\"whitespace-normal break-words\"><strong>P\u00e1ratlan \u00e1ll\u00f3k\u00e9pess\u00e9g<\/strong> \u2013 85 000 mozdulattal ide\u00e1lis azok sz\u00e1m\u00e1ra, akik nagyra \u00e9rt\u00e9kelik a tart\u00f3ss\u00e1got.<\/p>\n<p class=\"whitespace-normal break-words\"><strong>H\u00e1rom f\u00fcggetlen aromaprofil<\/strong> \u2013 V\u00e1ltson rugalmasan az energiz\u00e1l\u00f3 Red Bull, a gy\u00fcm\u00f6lcs\u00f6s \u00e1fonya-dinnye \u00e9s az \u00e9des eperj\u00e9g k\u00f6z\u00f6tt.<\/p>\n<p class=\"whitespace-normal break-words\"><strong>K\u00e9sz a haszn\u00e1latra<\/strong> \u2013 56 ml kiv\u00e1l\u00f3 min\u0151s\u00e9g\u0171 e-liquid h\u00e1rom kamr\u00e1ban elosztva az azonnali g\u0151z\u00e9lvezet\u00e9s \u00e9lvezet\u00e9\u00e9rt.<\/p>\n<p class=\"whitespace-normal break-words\"><strong>Pr\u00e9mium h\u00e1l\u00f3s tekercsek<\/strong> \u2013 H\u00e1rom 1,0 \u03a9-os h\u00e1l\u00f3s tekercs biztos\u00edtja a b\u0151s\u00e9ges g\u0151zmennyis\u00e9get \u00e9s az autentikus \u00edzprofilt.<\/p>\n<p class=\"whitespace-normal break-words\"><strong>Intelligens \u00e1llapotjelz\u0151<\/strong> \u2013 Az intelligens kijelz\u0151 t\u00e1j\u00e9koztatja \u00d6nt az akkumul\u00e1tor t\u00f6lt\u00f6tts\u00e9gi szintj\u00e9r\u0151l, a puff sz\u00e1m\u00e1r\u00f3l \u00e9s az \u00fczemm\u00f3dr\u00f3l.<\/p>\n<p class=\"whitespace-normal break-words\"><strong>C-t\u00edpus\u00fa gyors t\u00f6lt\u00e9s<\/strong> \u2013 A 850 mAh-s akkumul\u00e1tor a Type-C porton kereszt\u00fcl gyorsan \u00e9s hat\u00e9konyan t\u00f6lthet\u0151 fel.<\/p>\n<p class=\"whitespace-normal break-words\"><strong>V\u00e1ltoz\u00f3 nikotin er\u0151ss\u00e9g<\/strong> \u2013 0%, 2%, 3% \u00e9s 5% v\u00e1ltozatok k\u00f6z\u00fcl v\u00e1laszthat\u00f3, az ig\u00e9nyekt\u0151l f\u00fcgg\u0151en.<\/p>\n<h3 class=\"text-lg font-bold text-text-100 mt-1 -mb-1.5\">M\u0171szaki adatok:<\/h3>\n<p class=\"whitespace-normal break-words\"><strong>Foly\u00e9kony t\u00e9rfogat:<\/strong> 56ml<br \/>\n<strong>Maxim\u00e1lis mozg\u00e1sok:<\/strong> 85,000 Puff<br \/>\n<strong>Akkumul\u00e1tor kapacit\u00e1s:<\/strong> 850mAh<br \/>\n<strong>Nikotin tartalom:<\/strong> 0% \/ 2% \/ 3% \/ 5%<br \/>\n<strong>P\u00e1rologtat\u00f3:<\/strong> 1,0 Ohm \u00d7 3<br \/>\n<strong>K\u00fcl\u00f6nlegess\u00e9g:<\/strong> H\u00e1romszoros \u00edzrendszer<br \/>\n<strong>T\u00f6lt\u0151port:<\/strong> C-t\u00edpus\u00fa<\/p>\n<h3 class=\"text-lg font-bold text-text-100 mt-1 -mb-1.5\">Fedezzen fel t\u00f6bb BANG VAPE-t a vozolpuff-on<\/h3>\n<p class=\"whitespace-normal break-words\">L\u00e1togasson el a <strong><a class=\"underline\" href=\"https:\/\/vozolpuff.de\/hu\/\">E-cigaretta online bolt<\/a><\/strong> Tov\u00e1bbi kiv\u00e1l\u00f3 term\u00e9kek\u00e9rt fedezze fel a teljes <strong><a class=\"underline\" href=\"https:\/\/vozolpuff.de\/hu\/product-category\/bang-vape\/\">BANG VAPE term\u00e9kcsal\u00e1d<\/a><\/strong> vagy b\u00f6ng\u00e9szhet az \u00f6sszes <strong><a class=\"underline\" href=\"https:\/\/vozolpuff.de\/hu\/product-category\/bang-vape\/bang-leader-85000\/\">Bang Leader 85000 \u00edzv\u00e1ltozat<\/a><\/strong>.<\/p>","protected":false},"excerpt":{"rendered":"<p class=\"whitespace-normal break-words\">A Bang Leader 85000 Red Bull\/Blueberry Watermelon\/Strawberry Ice Cream h\u00e1rom rendk\u00edv\u00fcli \u00edzzel ny\u0171g\u00f6zi le a felhaszn\u00e1l\u00f3kat egyetlen eszk\u00f6zben. \u00c9lvezze az energiz\u00e1l\u00f3 Red Bull, a gy\u00fcm\u00f6lcs\u00f6s Blueberry Watermelon \u00e9s a kr\u00e9mes Strawberry Ice Cream \u00edzeket. Kiv\u00e1l\u00f3 85 000 sz\u00edv\u00e1ssal, intelligens LED-kijelz\u0151vel, 850 mAh-s akkumul\u00e1torral \u00e9s h\u00e1rom pr\u00e9mium h\u00e1l\u00f3s tekercsel, az intenz\u00edv g\u0151z\u00e9lm\u00e9ny\u00e9rt.<\/p>","protected":false},"featured_media":5385,"comment_status":"open","ping_status":"closed","template":"","meta":{"_acf_changed":false},"product_brand":[],"product_cat":[66],"product_tag":[],"class_list":{"0":"post-5382","1":"product","2":"type-product","3":"status-publish","4":"has-post-thumbnail","6":"product_cat-bang-leader-85000","8":"first","9":"instock","10":"shipping-taxable","11":"purchasable","12":"product-type-variable"},"acf":[],"_links":{"self":[{"href":"https:\/\/vozolpuff.de\/hu\/wp-json\/wp\/v2\/product\/5382","targetHints":{"allow":["GET"]}}],"collection":[{"href":"https:\/\/vozolpuff.de\/hu\/wp-json\/wp\/v2\/product"}],"about":[{"href":"https:\/\/vozolpuff.de\/hu\/wp-json\/wp\/v2\/types\/product"}],"replies":[{"embeddable":true,"href":"https:\/\/vozolpuff.de\/hu\/wp-json\/wp\/v2\/comments?post=5382"}],"wp:featuredmedia":[{"embeddable":true,"href":"https:\/\/vozolpuff.de\/hu\/wp-json\/wp\/v2\/media\/5385"}],"wp:attachment":[{"href":"https:\/\/vozolpuff.de\/hu\/wp-json\/wp\/v2\/media?parent=5382"}],"wp:term":[{"taxonomy":"product_brand","embeddable":true,"href":"https:\/\/vozolpuff.de\/hu\/wp-json\/wp\/v2\/product_brand?post=5382"},{"taxonomy":"product_cat","embeddable":true,"href":"https:\/\/vozolpuff.de\/hu\/wp-json\/wp\/v2\/product_cat?post=5382"},{"taxonomy":"product_tag","embeddable":true,"href":"https:\/\/vozolpuff.de\/hu\/wp-json\/wp\/v2\/product_tag?post=5382"}],"curies":[{"name":"wp","href":"https:\/\/api.w.org\/{rel}","templated":true}]}}