{"id":5414,"date":"2025-09-29T13:48:15","date_gmt":"2025-09-29T11:48:15","guid":{"rendered":"https:\/\/vozolpuff.de\/?post_type=product&#038;p=5414"},"modified":"2025-09-29T13:48:15","modified_gmt":"2025-09-29T11:48:15","slug":"bang-leader-85000-mixed-fruit-mojito-peach-blueberry-raspberry","status":"publish","type":"product","link":"https:\/\/vozolpuff.de\/hu\/termek\/bang-leader-85000-mixed-fruit-mojito-peach-blueberry-raspberry\/","title":{"rendered":"Bang Leader 85000 Vegyes gy\u00fcm\u00f6lcs\/Mojito Barack\/\u00e1fonya\/m\u00e1lna m\u00e1lna"},"content":{"rendered":"<h2 class=\"text-xl font-bold text-text-100 mt-1 -mb-0.5\">Bang Leader 85000 vegyes gy\u00fcm\u00f6lcs\/mojito \u0151szibarack\/\u00e1fonya-m\u00e1lna eldobhat\u00f3 e-cigaretta<\/h2>\n<p class=\"whitespace-normal break-words\">A Bang Leader 85000 egy sokoldal\u00fa, egyszer haszn\u00e1latos e-cigaretta, h\u00e1rom k\u00fcl\u00f6n-k\u00fcl\u00f6n aktiv\u00e1lhat\u00f3 \u00edzzel. Mer\u00fclj\u00f6n el a vegyes gy\u00fcm\u00f6lcs\u00f6k (Mixed Fruit) soksz\u00edn\u0171s\u00e9g\u00e9ben, \u00e9lvezze a friss\u00edt\u0151 \u0151szibarack-mojito (Mojito Peach) \u00edz\u00e9t, vagy k\u00f3stolja meg az \u00e1fonya-m\u00e1lna kombin\u00e1ci\u00f3t (Blueberry Raspberry). Minden aroma k\u00fcl\u00f6n kapszul\u00e1ban van t\u00e1rolva, \u00e9s tetsz\u00e9s szerint v\u00e1laszthat\u00f3. A leny\u0171g\u00f6z\u0151 85 000 sz\u00edv\u00e1s teljes\u00edtm\u00e9nyt egy \u00fajrat\u00f6lthet\u0151 850 mAh-s akkumul\u00e1tor biztos\u00edtja, amely a Type-C technol\u00f3gi\u00e1nak k\u00f6sz\u00f6nhet\u0151en gyorsan \u00fajrat\u00f6lthet\u0151. A j\u00f3l olvashat\u00f3 LED-kijelz\u0151 folyamatosan jelzi a k\u00e9sz\u00fcl\u00e9k \u00e1llapot\u00e1t, m\u00edg h\u00e1rom fejlett 1,0 \u03a9-os h\u00e1l\u00f3s tekercs biztos\u00edtja a folyamatosan kiv\u00e1l\u00f3 \u00edz\u00e9lm\u00e9nyt.<\/p>\n<h3 class=\"text-lg font-bold text-text-100 mt-1 -mb-1.5\">Term\u00e9kel\u0151ny\u00f6k:<\/h3>\n<p class=\"whitespace-normal break-words\"><strong>Rekordot d\u00f6nt\u0151 vonatsz\u00e1m<\/strong> \u2013 85 000 sz\u00edv\u00e1ssal t\u00f6k\u00e9letes a gyakori haszn\u00e1l\u00f3k \u00e9s a hossz\u00fa t\u00e1v\u00fa g\u0151z\u00f6l\u0151k sz\u00e1m\u00e1ra.<\/p>\n<p class=\"whitespace-normal break-words\"><strong>H\u00e1rom v\u00e1laszthat\u00f3 aroma<\/strong> \u2013 V\u00e1lasszon rugalmasan a gy\u00fcm\u00f6lcs\u00f6s v\u00e1ltozatoss\u00e1g, a friss\u00edt\u0151 mojito-\u0151szibarack \u00e9s a bogy\u00f3s gy\u00fcm\u00f6lcs\u00f6s du\u00f3 k\u00f6z\u00fcl.<\/p>\n<p class=\"whitespace-normal break-words\"><strong>Plug-and-Play k\u00e9sz<\/strong> \u2013 56 ml pr\u00e9mium e-liquid h\u00e1rom el\u0151re felt\u00f6lt\u00f6tt kapszul\u00e1ban azonnali \u00e9lvezethez, v\u00e1rakoz\u00e1s n\u00e9lk\u00fcl.<\/p>\n<p class=\"whitespace-normal break-words\"><strong>Kiv\u00e1l\u00f3 min\u0151s\u00e9g\u0171 h\u00e1l\u00f3s technol\u00f3gia<\/strong> \u2013 H\u00e1rom 1,0 \u03a9-os h\u00e1l\u00f3s tekercs biztos\u00edtja az egyenletes g\u0151ztermel\u00e9st \u00e9s a tiszta \u00edz\u00e9lm\u00e9nyt.<\/p>\n<p class=\"whitespace-normal break-words\"><strong>Informat\u00edv LED-kijelz\u0151<\/strong> \u2013 Mindig tartsa szemmel az akkumul\u00e1tor \u00e1llapot\u00e1t, a puff-sz\u00e1mot \u00e9s az \u00fczemm\u00f3dot.<\/p>\n<p class=\"whitespace-normal break-words\"><strong>Gyors t\u00f6lt\u00e9si funkci\u00f3<\/strong> \u2013 A Type-C csatlakoz\u00f3 biztos\u00edtja a 850 mAh-s akkumul\u00e1tor gyors \u00fajrat\u00f6lt\u00e9s\u00e9t.<\/p>\n<p class=\"whitespace-normal break-words\"><strong>Egy\u00e9ni nikotinv\u00e1laszt\u00e1s<\/strong> \u2013 0%, 2%, 3% \u00e9s 5% m\u00e9retekben kaphat\u00f3, \u00edgy szem\u00e9lyre szabott g\u0151z\u00f6l\u00e9si \u00e9lm\u00e9nyt biztos\u00edt.<\/p>\n<h3 class=\"text-lg font-bold text-text-100 mt-1 -mb-1.5\">M\u0171szaki adatok:<\/h3>\n<p class=\"whitespace-normal break-words\"><strong>Foly\u00e9kony t\u00e9rfogat:<\/strong> 56ml<br \/>\n<strong>Maxim\u00e1lis mozg\u00e1sok:<\/strong> 85,000 Puff<br \/>\n<strong>Akkumul\u00e1tor kapacit\u00e1s:<\/strong> 850mAh<br \/>\n<strong>Nikotin tartalom:<\/strong> 0% \/ 2% \/ 3% \/ 5%<br \/>\n<strong>P\u00e1rologtat\u00f3:<\/strong> 1,0 Ohm \u00d7 3<br \/>\n<strong>K\u00fcl\u00f6nlegess\u00e9g:<\/strong> H\u00e1romszoros \u00edzrendszer<br \/>\n<strong>T\u00f6lt\u0151port:<\/strong> C-t\u00edpus\u00fa<\/p>\n<h3 class=\"text-lg font-bold text-text-100 mt-1 -mb-1.5\">Fedezzen fel t\u00f6bb BANG VAPE-t a vozolpuff-on<\/h3>\n<p class=\"whitespace-normal break-words\">Fedezze fel sz\u00e9les v\u00e1laszt\u00e9kunkat a <strong><a class=\"underline\" href=\"https:\/\/vozolpuff.de\/hu\/\">E-cigaretta online bolt<\/a><\/strong>, n\u00e9zze meg a teljes <strong><a class=\"underline\" href=\"https:\/\/vozolpuff.de\/hu\/product-category\/bang-vape\/\">BANG VAPE v\u00e1laszt\u00e9k<\/a><\/strong> vagy v\u00e1lasszon az \u00f6sszes <strong><a class=\"underline\" href=\"https:\/\/vozolpuff.de\/hu\/product-category\/bang-vape\/bang-leader-85000\/\">Bang Leader 85000 \u00edzv\u00e1ltozat<\/a><\/strong>.<\/p>","protected":false},"excerpt":{"rendered":"<p class=\"whitespace-normal break-words\">A Bang Leader 85000 Mixed Fruit\/Mojito Peach\/Blueberry Raspberry h\u00e1rom rendk\u00edv\u00fcli \u00edzzel ny\u0171g\u00f6zi le a felhaszn\u00e1l\u00f3kat egy pr\u00e9mium eszk\u00f6zben. \u00c9lvezze a soksz\u00edn\u0171 Mixed Fruit, a friss\u00edt\u0151 Mojito Peach \u00e9s a bogy\u00f3s Blueberry Raspberry \u00edzeket. Kiv\u00e1l\u00f3 85 000 sz\u00edv\u00e1ssal, intelligens LED-kijelz\u0151vel, 850 mAh-s akkumul\u00e1torral \u00e9s h\u00e1rom kiv\u00e1l\u00f3 min\u0151s\u00e9g\u0171 h\u00e1l\u00f3s tekercsel, az intenz\u00edv g\u0151z\u00e9lvezet\u00e9s \u00e9lm\u00e9ny\u00e9\u00e9rt.<\/p>","protected":false},"featured_media":5417,"comment_status":"open","ping_status":"closed","template":"","meta":{"_acf_changed":false},"product_brand":[],"product_cat":[66],"product_tag":[],"class_list":{"0":"post-5414","1":"product","2":"type-product","3":"status-publish","4":"has-post-thumbnail","6":"product_cat-bang-leader-85000","8":"first","9":"instock","10":"shipping-taxable","11":"purchasable","12":"product-type-variable"},"acf":[],"_links":{"self":[{"href":"https:\/\/vozolpuff.de\/hu\/wp-json\/wp\/v2\/product\/5414","targetHints":{"allow":["GET"]}}],"collection":[{"href":"https:\/\/vozolpuff.de\/hu\/wp-json\/wp\/v2\/product"}],"about":[{"href":"https:\/\/vozolpuff.de\/hu\/wp-json\/wp\/v2\/types\/product"}],"replies":[{"embeddable":true,"href":"https:\/\/vozolpuff.de\/hu\/wp-json\/wp\/v2\/comments?post=5414"}],"wp:featuredmedia":[{"embeddable":true,"href":"https:\/\/vozolpuff.de\/hu\/wp-json\/wp\/v2\/media\/5417"}],"wp:attachment":[{"href":"https:\/\/vozolpuff.de\/hu\/wp-json\/wp\/v2\/media?parent=5414"}],"wp:term":[{"taxonomy":"product_brand","embeddable":true,"href":"https:\/\/vozolpuff.de\/hu\/wp-json\/wp\/v2\/product_brand?post=5414"},{"taxonomy":"product_cat","embeddable":true,"href":"https:\/\/vozolpuff.de\/hu\/wp-json\/wp\/v2\/product_cat?post=5414"},{"taxonomy":"product_tag","embeddable":true,"href":"https:\/\/vozolpuff.de\/hu\/wp-json\/wp\/v2\/product_tag?post=5414"}],"curies":[{"name":"wp","href":"https:\/\/api.w.org\/{rel}","templated":true}]}}