{"id":5430,"date":"2025-09-29T13:54:30","date_gmt":"2025-09-29T11:54:30","guid":{"rendered":"https:\/\/vozolpuff.de\/?post_type=product&#038;p=5430"},"modified":"2025-09-29T13:54:30","modified_gmt":"2025-09-29T11:54:30","slug":"bang-leader-85000-strawberry-raspberry-black-currant-strawberry-banana","status":"publish","type":"product","link":"https:\/\/vozolpuff.de\/hu\/termek\/bang-leader-85000-strawberry-raspberry-black-currant-strawberry-banana\/","title":{"rendered":"Bang Leader 85000 Eper m\u00e1lna\/fekete ribizli\/eper ban\u00e1n"},"content":{"rendered":"<h2 class=\"text-xl font-bold text-text-100 mt-1 -mb-0.5\">Bang Leader 85000 Eper-m\u00e1lna\/fekete ribizli\/eper-ban\u00e1n eldobhat\u00f3 e-cigaretta<\/h2>\n<p class=\"whitespace-normal break-words\">A Bang Leader 85000 kifinomult h\u00e1rmas \u00edzrendszer\u00e9vel \u00faj m\u00e9rc\u00e9t \u00e1ll\u00edt a pr\u00e9mium eldobhat\u00f3 e-cigaretta szegmensben. \u00c9lvezze a szam\u00f3ca-m\u00e1lna kombin\u00e1ci\u00f3t (Strawberry Raspberry), az intenz\u00edv feketeribizlit (Black Currant) vagy a klasszikus szam\u00f3ca-ban\u00e1n (Strawberry Banana) \u00edzeket \u2013 h\u00e1rom k\u00fcl\u00f6n\u00e1ll\u00f3 aroma egy kompakt eszk\u00f6zben. Minden \u00edz egy k\u00fcl\u00f6n, el\u0151re felt\u00f6lt\u00f6tt kapszul\u00e1ban tal\u00e1lhat\u00f3, \u00e9s gombnyom\u00e1ssal v\u00e1laszthat\u00f3 ki. Kiv\u00e9teles, 85 000 sz\u00edv\u00e1sra elegend\u0151 kapacit\u00e1s\u00e1val \u00e9s nagy teljes\u00edtm\u00e9ny\u0171, 850 mAh-s akkumul\u00e1tor\u00e1val, Type-C t\u00f6lt\u0151csatlakoz\u00f3val ez a k\u00e9sz\u00fcl\u00e9k hossz\u00fa t\u00e1v\u00fa teljes\u00edtm\u00e9nyt garant\u00e1l. A megvil\u00e1g\u00edtott LED-kijelz\u0151 folyamatosan t\u00e1j\u00e9koztatja \u00d6nt az akkumul\u00e1tor \u00e1llapot\u00e1r\u00f3l \u00e9s a haszn\u00e1lati statisztik\u00e1kr\u00f3l, m\u00edg a h\u00e1rom kiv\u00e1l\u00f3 min\u0151s\u00e9g\u0171, 1,0 \u03a9-os h\u00e1l\u00f3s tekercs folyamatosan intenz\u00edv \u00edz\u00e9lm\u00e9nyt biztos\u00edt.<\/p>\n<h3 class=\"text-lg font-bold text-text-100 mt-1 -mb-1.5\">Term\u00e9kel\u0151ny\u00f6k:<\/h3>\n<p class=\"whitespace-normal break-words\"><strong>Maxim\u00e1lis puff kapacit\u00e1s<\/strong> \u2013 85 000 h\u00faz\u00e1s rendk\u00edv\u00fcl hossz\u00fa \u00e9lettartamhoz, \u00fajrav\u00e1s\u00e1rl\u00e1s n\u00e9lk\u00fcl.<\/p>\n<p class=\"whitespace-normal break-words\"><strong>H\u00e1rom f\u00fcggetlen \u00edzes\u00edt\u00e9s<\/strong> \u2013 V\u00e1lasszon szabadon a bogy\u00f3s eper-m\u00e1lna kever\u00e9k, a fanyar fekete ribizli \u00e9s a kr\u00e9mes eper-ban\u00e1n \u00edzek k\u00f6z\u00fcl.<\/p>\n<p class=\"whitespace-normal break-words\"><strong>Azonnal indul\u00e1sra k\u00e9sz<\/strong> \u2013 56 ml kiv\u00e1l\u00f3 min\u0151s\u00e9g\u0171 e-liquid h\u00e1rom k\u00fcl\u00f6n\u00e1ll\u00f3 kamr\u00e1ban a k\u00f6zvetlen g\u0151z\u00e9lvezet\u00e9s \u00e9lm\u00e9ny\u00e9\u00e9rt.<\/p>\n<p class=\"whitespace-normal break-words\"><strong>Pr\u00e9mium h\u00e1l\u00f3s p\u00e1rologtat\u00f3<\/strong> \u2013 H\u00e1rom 1,0 \u03a9-os h\u00e1l\u00f3s tekercs s\u0171r\u0171 g\u0151zt hoz l\u00e9tre, amelynek \u00edzprofilja nem torzul.<\/p>\n<p class=\"whitespace-normal break-words\"><strong>\u00c1ttekinthet\u0151 intelligens kijelz\u0151<\/strong> \u2013 Az informat\u00edv kijelz\u0151n k\u00f6vetheti nyomon az akkumul\u00e1tor t\u00f6lt\u00f6tts\u00e9gi szintj\u00e9t, a puffok sz\u00e1m\u00e1t \u00e9s a k\u00e9sz\u00fcl\u00e9k \u00e1llapot\u00e1t.<\/p>\n<p class=\"whitespace-normal break-words\"><strong>Modern t\u00f6lt\u00e9si technol\u00f3gia<\/strong> \u2013 A Type-C port lehet\u0151v\u00e9 teszi a 850 mAh-s akkumul\u00e1tor gyors \u00e9s hat\u00e9kony \u00fajrat\u00f6lt\u00e9s\u00e9t.<\/p>\n<p class=\"whitespace-normal break-words\"><strong>V\u00e1ltoz\u00f3 nikotind\u00f3zis<\/strong> \u2013 0%, 2%, 3% \u00e9s 5% m\u00e9retekben kaphat\u00f3, az egy\u00e9ni ig\u00e9nyeknek megfelel\u0151en.<\/p>\n<h3 class=\"text-lg font-bold text-text-100 mt-1 -mb-1.5\">M\u0171szaki adatok:<\/h3>\n<p class=\"whitespace-normal break-words\"><strong>Foly\u00e9kony t\u00e9rfogat:<\/strong> 56ml<br \/>\n<strong>Maxim\u00e1lis mozg\u00e1sok:<\/strong> 85,000 Puff<br \/>\n<strong>Akkumul\u00e1tor kapacit\u00e1s:<\/strong> 850mAh<br \/>\n<strong>Nikotin tartalom:<\/strong> 0% \/ 2% \/ 3% \/ 5%<br \/>\n<strong>P\u00e1rologtat\u00f3:<\/strong> 1,0 Ohm \u00d7 3<br \/>\n<strong>K\u00fcl\u00f6nlegess\u00e9g:<\/strong> H\u00e1romszoros \u00edzrendszer<br \/>\n<strong>T\u00f6lt\u0151port:<\/strong> C-t\u00edpus\u00fa<\/p>\n<h3 class=\"text-lg font-bold text-text-100 mt-1 -mb-1.5\">Fedezzen fel t\u00f6bb BANG VAPE-t a vozolpuff-on<\/h3>\n<p class=\"whitespace-normal break-words\">L\u00e1togasson el a <strong><a class=\"underline\" href=\"https:\/\/vozolpuff.de\/hu\/\">E-cigaretta online bolt<\/a><\/strong> Tov\u00e1bbi kiv\u00e1l\u00f3 term\u00e9kek\u00e9rt b\u00f6ng\u00e9sszen az eg\u00e9sz k\u00edn\u00e1latban! <strong><a class=\"underline\" href=\"https:\/\/vozolpuff.de\/hu\/product-category\/bang-vape\/\">BANG VAPE term\u00e9kv\u00e1laszt\u00e9k<\/a><\/strong> vagy tal\u00e1lja meg kedvenc fajt\u00e1j\u00e1t a <strong><a class=\"underline\" href=\"https:\/\/vozolpuff.de\/hu\/product-category\/bang-vape\/bang-leader-85000\/\">Bang Leader 85000 \u00edzes\u00edt\u00e9s<\/a><\/strong>.<\/p>","protected":false},"excerpt":{"rendered":"<p class=\"whitespace-normal break-words\">A Bang Leader 85000 Strawberry Raspberry\/Black Currant\/Strawberry Banana h\u00e1rom kiv\u00e1l\u00f3 \u00edzzel cs\u00e1b\u00edt egy pr\u00e9mium eszk\u00f6zben. \u00c9lvezze a gy\u00fcm\u00f6lcs\u00f6s Strawberry Raspberry, az intenz\u00edv Black Currant \u00e9s a kr\u00e9mes Strawberry Banana \u00edzeket. Leny\u0171g\u00f6z\u0151 85 000 sz\u00edv\u00e1ssal, intelligens LED-kijelz\u0151vel, 850 mAh-s akkumul\u00e1torral \u00e9s h\u00e1rom kiv\u00e1l\u00f3 min\u0151s\u00e9g\u0171 h\u00e1l\u00f3s tekercsel\u00e9ssel a maxim\u00e1lis g\u0151z\u00e9lvezet\u00e9s\u00e9rt.<\/p>","protected":false},"featured_media":5433,"comment_status":"open","ping_status":"closed","template":"","meta":{"_acf_changed":false},"product_brand":[],"product_cat":[66],"product_tag":[],"class_list":{"0":"post-5430","1":"product","2":"type-product","3":"status-publish","4":"has-post-thumbnail","6":"product_cat-bang-leader-85000","8":"first","9":"instock","10":"shipping-taxable","11":"purchasable","12":"product-type-variable"},"acf":[],"_links":{"self":[{"href":"https:\/\/vozolpuff.de\/hu\/wp-json\/wp\/v2\/product\/5430","targetHints":{"allow":["GET"]}}],"collection":[{"href":"https:\/\/vozolpuff.de\/hu\/wp-json\/wp\/v2\/product"}],"about":[{"href":"https:\/\/vozolpuff.de\/hu\/wp-json\/wp\/v2\/types\/product"}],"replies":[{"embeddable":true,"href":"https:\/\/vozolpuff.de\/hu\/wp-json\/wp\/v2\/comments?post=5430"}],"wp:featuredmedia":[{"embeddable":true,"href":"https:\/\/vozolpuff.de\/hu\/wp-json\/wp\/v2\/media\/5433"}],"wp:attachment":[{"href":"https:\/\/vozolpuff.de\/hu\/wp-json\/wp\/v2\/media?parent=5430"}],"wp:term":[{"taxonomy":"product_brand","embeddable":true,"href":"https:\/\/vozolpuff.de\/hu\/wp-json\/wp\/v2\/product_brand?post=5430"},{"taxonomy":"product_cat","embeddable":true,"href":"https:\/\/vozolpuff.de\/hu\/wp-json\/wp\/v2\/product_cat?post=5430"},{"taxonomy":"product_tag","embeddable":true,"href":"https:\/\/vozolpuff.de\/hu\/wp-json\/wp\/v2\/product_tag?post=5430"}],"curies":[{"name":"wp","href":"https:\/\/api.w.org\/{rel}","templated":true}]}}