{"id":5438,"date":"2025-09-29T13:57:06","date_gmt":"2025-09-29T11:57:06","guid":{"rendered":"https:\/\/vozolpuff.de\/?post_type=product&#038;p=5438"},"modified":"2025-09-29T13:57:06","modified_gmt":"2025-09-29T11:57:06","slug":"bang-leader-85000-strawberry-watermelon-cherry-coke-strawberry-cream","status":"publish","type":"product","link":"https:\/\/vozolpuff.de\/hu\/termek\/bang-leader-85000-strawberry-watermelon-cherry-coke-strawberry-cream\/","title":{"rendered":"Bang Leader 85000 Eper g\u00f6r\u00f6gdinnye\/csereszny\u00e9s k\u00f3la\/eperkr\u00e9m"},"content":{"rendered":"<h2 class=\"text-xl font-bold text-text-100 mt-1 -mb-0.5\">Bang Leader 85000 Eper-g\u00f6r\u00f6gdinnye\/Csereszny\u00e9s k\u00f3la\/Eperkr\u00e9m eldobhat\u00f3 e-cigaretta<\/h2>\n<p class=\"whitespace-normal break-words\">A Bang Leader 85000 egyed\u00fcl\u00e1ll\u00f3 h\u00e1rom arom\u00e1s koncepci\u00f3j\u00e1val az innov\u00e1ci\u00f3t \u00e9s a min\u0151s\u00e9get k\u00e9pviseli. Mer\u00fclj\u00f6n el az eper-g\u00f6r\u00f6gdinnye kombin\u00e1ci\u00f3ban (Strawberry Watermelon), \u00e9lvezze a csillog\u00f3 csereszny\u00e9s k\u00f3l\u00e1t (Cherry Coke) vagy k\u00f3stolja meg a kr\u00e9mes eper \u00edz\u00e9t (Strawberry Cream) \u2013 mindh\u00e1rom \u00edz egy eleg\u00e1ns eszk\u00f6zben. Minden aroma egy k\u00fcl\u00f6n kapszul\u00e1ban tal\u00e1lhat\u00f3, \u00e9s k\u00fcl\u00f6n-k\u00fcl\u00f6n aktiv\u00e1lhat\u00f3. A kiemelked\u0151, 85 000 lehets\u00e9ges sz\u00edv\u00e1s teljes\u00edtm\u00e9nyt egy robusztus, 850 mAh-s akkumul\u00e1tor t\u00e1mogatja, amely Type-C-n kereszt\u00fcl gyorsan felt\u00f6lthet\u0151. A be\u00e9p\u00edtett LED-kijelz\u0151 minden relev\u00e1ns inform\u00e1ci\u00f3t \u00e1ttekinthet\u0151en megjelen\u00edti, m\u00edg h\u00e1rom prec\u00edzen hangolt 1,0 \u03a9-os h\u00e1l\u00f3s tekercs biztos\u00edtja a folyamatosan kiv\u00e1l\u00f3 g\u0151zmin\u0151s\u00e9get.<\/p>\n<h3 class=\"text-lg font-bold text-text-100 mt-1 -mb-1.5\">Term\u00e9kel\u0151ny\u00f6k:<\/h3>\n<p class=\"whitespace-normal break-words\"><strong>P\u00e1ratlan vonatsz\u00e1m<\/strong> \u2013 85 000 vonattal ide\u00e1lis azok sz\u00e1m\u00e1ra, akik maxim\u00e1lis hat\u00f3t\u00e1vols\u00e1got ig\u00e9nyelnek.<\/p>\n<p class=\"whitespace-normal break-words\"><strong>H\u00e1rom v\u00e1laszthat\u00f3 \u00edzvil\u00e1g<\/strong> \u2013 V\u00e1ltson k\u00f6nnyed\u00e9n a gy\u00fcm\u00f6lcs\u00f6s eper-dinnye, a friss\u00edt\u0151 Cherry Coke \u00e9s a kr\u00e9mes eper \u00edzek k\u00f6z\u00f6tt.<\/p>\n<p class=\"whitespace-normal break-words\"><strong>K\u00e9sz a haszn\u00e1latra<\/strong> \u2013 56 ml pr\u00e9mium e-liquid h\u00e1rom el\u0151re felt\u00f6lt\u00f6tt tart\u00e1lyban garant\u00e1lja az azonnali \u00e9lvezetet el\u0151k\u00e9sz\u00edt\u00e9s n\u00e9lk\u00fcl.<\/p>\n<p class=\"whitespace-normal break-words\"><strong>Fejlett tekercstechnol\u00f3gia<\/strong> \u2013 H\u00e1rom 1,0 \u03a9-os h\u00e1l\u00f3s tekercs biztos\u00edtja a b\u0151s\u00e9ges g\u0151zmennyis\u00e9get \u00e9s a tiszta \u00edzhat\u00e1st.<\/p>\n<p class=\"whitespace-normal break-words\"><strong>Intelligens kijelz\u0151 interf\u00e9sz<\/strong> - Minden fontos adat, p\u00e9ld\u00e1ul az akkumul\u00e1tor \u00e1llapota \u00e9s a haszn\u00e1lati statisztik\u00e1k egy pillant\u00e1sra.<\/p>\n<p class=\"whitespace-normal break-words\"><strong>Gyorsan t\u00f6lthet\u0151 akkumul\u00e1tor<\/strong> \u2013 850 mAh akkumul\u00e1tor kapacit\u00e1s Type-C porttal a gyors \u00fajrat\u00f6lt\u00e9shez.<\/p>\n<p class=\"whitespace-normal break-words\"><strong>Be\u00e1ll\u00edthat\u00f3 nikotintartalom<\/strong> \u2013 0%, 2%, 3% \u00e9s 5% v\u00e1ltozatokban kaphat\u00f3, az egy\u00e9ni g\u0151z\u00e9lm\u00e9nyhez.<\/p>\n<h3 class=\"text-lg font-bold text-text-100 mt-1 -mb-1.5\">M\u0171szaki adatok:<\/h3>\n<p class=\"whitespace-normal break-words\"><strong>Foly\u00e9kony t\u00e9rfogat:<\/strong> 56ml<br \/>\n<strong>Maxim\u00e1lis mozg\u00e1sok:<\/strong> 85,000 Puff<br \/>\n<strong>Akkumul\u00e1tor kapacit\u00e1s:<\/strong> 850mAh<br \/>\n<strong>Nikotin tartalom:<\/strong> 0% \/ 2% \/ 3% \/ 5%<br \/>\n<strong>P\u00e1rologtat\u00f3:<\/strong> 1,0 Ohm \u00d7 3<br \/>\n<strong>K\u00fcl\u00f6nlegess\u00e9g:<\/strong> H\u00e1romszoros \u00edzrendszer<br \/>\n<strong>T\u00f6lt\u0151port:<\/strong> C-t\u00edpus\u00fa<\/p>\n<h3 class=\"text-lg font-bold text-text-100 mt-1 -mb-1.5\">Fedezzen fel t\u00f6bb BANG VAPE-t a vozolpuff-on<\/h3>\n<p class=\"whitespace-normal break-words\">Fedezzen fel t\u00f6bb els\u0151 oszt\u00e1ly\u00fa term\u00e9ket a <strong><a class=\"underline\" href=\"https:\/\/vozolpuff.de\/hu\/\">E-cigaretta online bolt<\/a><\/strong>, fedezze fel a teljes <strong><a class=\"underline\" href=\"https:\/\/vozolpuff.de\/hu\/product-category\/bang-vape\/\">BANG VAPE tartom\u00e1ny<\/a><\/strong> vagy n\u00e9zze meg az \u00f6sszes <strong><a class=\"underline\" href=\"https:\/\/vozolpuff.de\/hu\/product-category\/bang-vape\/bang-leader-85000\/\">Bang Leader 85000 \u00edzv\u00e1laszt\u00e9k<\/a><\/strong> to.<\/p>","protected":false},"excerpt":{"rendered":"<p class=\"whitespace-normal break-words\">A Bang Leader 85000 Strawberry Watermelon\/Cherry Coke\/Strawberry Cream h\u00e1rom els\u0151 oszt\u00e1ly\u00fa \u00edzzel gy\u0151zi meg a felhaszn\u00e1l\u00f3kat egy pr\u00e9mium eszk\u00f6zben. K\u00f3stolja meg a gy\u00fcm\u00f6lcs\u00f6s eper-g\u00f6r\u00f6gdinny\u00e9t, a pezsg\u0151 csereszny\u00e9s k\u00f3l\u00e1t \u00e9s a kr\u00e9mes eperkr\u00e9met. Kiv\u00e1l\u00f3 85 000 sz\u00edv\u00e1ssal, intelligens LED-kijelz\u0151vel, 850 mAh-s akkumul\u00e1torral \u00e9s h\u00e1rom nagy teljes\u00edtm\u00e9ny\u0171 h\u00e1l\u00f3s tekercsel, intenz\u00edv g\u0151z\u00e9lvezet\u00e9s\u00e9rt.<\/p>","protected":false},"featured_media":5441,"comment_status":"open","ping_status":"closed","template":"","meta":{"_acf_changed":false},"product_brand":[],"product_cat":[66],"product_tag":[],"class_list":{"0":"post-5438","1":"product","2":"type-product","3":"status-publish","4":"has-post-thumbnail","6":"product_cat-bang-leader-85000","8":"first","9":"instock","10":"shipping-taxable","11":"purchasable","12":"product-type-variable"},"acf":[],"_links":{"self":[{"href":"https:\/\/vozolpuff.de\/hu\/wp-json\/wp\/v2\/product\/5438","targetHints":{"allow":["GET"]}}],"collection":[{"href":"https:\/\/vozolpuff.de\/hu\/wp-json\/wp\/v2\/product"}],"about":[{"href":"https:\/\/vozolpuff.de\/hu\/wp-json\/wp\/v2\/types\/product"}],"replies":[{"embeddable":true,"href":"https:\/\/vozolpuff.de\/hu\/wp-json\/wp\/v2\/comments?post=5438"}],"wp:featuredmedia":[{"embeddable":true,"href":"https:\/\/vozolpuff.de\/hu\/wp-json\/wp\/v2\/media\/5441"}],"wp:attachment":[{"href":"https:\/\/vozolpuff.de\/hu\/wp-json\/wp\/v2\/media?parent=5438"}],"wp:term":[{"taxonomy":"product_brand","embeddable":true,"href":"https:\/\/vozolpuff.de\/hu\/wp-json\/wp\/v2\/product_brand?post=5438"},{"taxonomy":"product_cat","embeddable":true,"href":"https:\/\/vozolpuff.de\/hu\/wp-json\/wp\/v2\/product_cat?post=5438"},{"taxonomy":"product_tag","embeddable":true,"href":"https:\/\/vozolpuff.de\/hu\/wp-json\/wp\/v2\/product_tag?post=5438"}],"curies":[{"name":"wp","href":"https:\/\/api.w.org\/{rel}","templated":true}]}}