{"id":5462,"date":"2025-09-29T14:06:27","date_gmt":"2025-09-29T12:06:27","guid":{"rendered":"https:\/\/vozolpuff.de\/?post_type=product&#038;p=5462"},"modified":"2025-09-29T14:06:27","modified_gmt":"2025-09-29T12:06:27","slug":"bang-leader-85000-love-666-blueberry-raspberry-vimto","status":"publish","type":"product","link":"https:\/\/vozolpuff.de\/hu\/termek\/bang-leader-85000-love-666-blueberry-raspberry-vimto\/","title":{"rendered":"Bang Leader 85000 Love 666\/Blueberry Raspberry\/Vimto"},"content":{"rendered":"<h2 class=\"text-xl font-bold text-text-100 mt-1 -mb-0.5\">Bang Leader 85000 Love 666\/Blueberry Raspberry\/Vimto eldobhat\u00f3 e-cigaretta<\/h2>\n<p class=\"whitespace-normal break-words\">A Bang Leader 85000 innovat\u00edv eldobhat\u00f3 e-cigaretta egyed\u00fcl\u00e1ll\u00f3 h\u00e1rom \u00edzes\u00edt\u00e9s\u0171 rendszer\u00e9vel \u00e9s rendk\u00edv\u00fcli arom\u00e1ival gy\u0151zi meg a fogyaszt\u00f3kat. K\u00f3stolja meg a titokzatos Love 666-ot, a klasszikus \u00e1fonya-m\u00e1lna kombin\u00e1ci\u00f3t (Blueberry Raspberry) vagy a n\u00e9pszer\u0171 Vimto \u00edzt \u2013 h\u00e1rom k\u00fcl\u00f6n\u00e1ll\u00f3 aroma egy eleg\u00e1ns eszk\u00f6zben. Minden \u00edz egy k\u00fcl\u00f6n, el\u0151re felt\u00f6lt\u00f6tt kapszul\u00e1ban tal\u00e1lhat\u00f3, \u00e9s k\u00fcl\u00f6n-k\u00fcl\u00f6n v\u00e1laszthat\u00f3. A kiemelked\u0151 85 000 sz\u00edv\u00e1s kapacit\u00e1st egy robusztus 850 mAh-s akkumul\u00e1tor teszi lehet\u0151v\u00e9, amely a Type-C technol\u00f3gi\u00e1nak k\u00f6sz\u00f6nhet\u0151en gyorsan \u00fajrat\u00f6lthet\u0151. A modern LED-kijelz\u0151 folyamatosan megjelen\u00edti az \u00f6sszes fontos k\u00e9sz\u00fcl\u00e9kinform\u00e1ci\u00f3t, m\u00edg h\u00e1rom speci\u00e1lisan kifejlesztett 1,0 \u03a9-os h\u00e1l\u00f3s tekercs gondoskodik a folyamatosan intenz\u00edv \u00edz\u00e9lm\u00e9nyr\u0151l.<\/p>\n<h3 class=\"text-lg font-bold text-text-100 mt-1 -mb-1.5\">Term\u00e9kel\u0151ny\u00f6k:<\/h3>\n<p class=\"whitespace-normal break-words\"><strong>Rendk\u00edv\u00fcli h\u00faz\u00f3er\u0151<\/strong> \u2013 85 000 h\u00faz\u00e1ssal t\u00f6k\u00e9letes azoknak a gyakori felhaszn\u00e1l\u00f3knak, akik maxim\u00e1lis tart\u00f3ss\u00e1got v\u00e1rnak el.<\/p>\n<p class=\"whitespace-normal break-words\"><strong>H\u00e1rom exkluz\u00edv \u00edzprofil<\/strong> \u2013 V\u00e1lasszon kedve szerint az egyed\u00fcl\u00e1ll\u00f3 Love 666, a gy\u00fcm\u00f6lcs\u00f6s \u00e1fonya-m\u00e1lna \u00e9s a klasszikus Vimto \u00edzek k\u00f6z\u00fcl.<\/p>\n<p class=\"whitespace-normal break-words\"><strong>Azonnali haszn\u00e1latra k\u00e9sz<\/strong> \u2013 56 ml pr\u00e9mium e-liquid h\u00e1rom kapszul\u00e1ban garant\u00e1lja a k\u00f6zvetlen g\u0151zk\u00e9pz\u0151d\u00e9st v\u00e1rakoz\u00e1si id\u0151 n\u00e9lk\u00fcl.<\/p>\n<p class=\"whitespace-normal break-words\"><strong>Nagy teljes\u00edtm\u00e9ny\u0171 h\u00e1l\u00f3s p\u00e1rologtat\u00f3<\/strong> \u2013 H\u00e1rom 1,0 \u03a9-os h\u00e1l\u00f3s tekercs biztos\u00edtja a b\u0151s\u00e9ges g\u0151zmennyis\u00e9get \u00e9s a tiszta \u00edzhat\u00e1sokat.<\/p>\n<p class=\"whitespace-normal break-words\"><strong>Intelligens kijelz\u0151technol\u00f3gia<\/strong> \u2013 Az akkumul\u00e1tor t\u00f6lt\u00f6tts\u00e9gi szintj\u00e9t, a h\u00faz\u00e1sok sz\u00e1m\u00e1t \u00e9s az \u00fczem\u00e1llapotot a \u00e1ttekinthet\u0151 Smart-Screen kijelz\u0151n k\u00f6vetheti nyomon.<\/p>\n<p class=\"whitespace-normal break-words\"><strong>Gyors t\u00f6lt\u00e9s funkci\u00f3<\/strong> \u2013 A 850 mAh-s akkumul\u00e1tor a Type-C porton kereszt\u00fcl gyorsan \u00e9s hat\u00e9konyan t\u00f6lthet\u0151 fel.<\/p>\n<p class=\"whitespace-normal break-words\"><strong>Rugalmas nikotin er\u0151ss\u00e9g<\/strong> \u2013 Az egy\u00e9ni ig\u00e9nyeknek megfelel\u0151en 0%, 2%, 3% \u00e9s 5% v\u00e1ltozatokban kaphat\u00f3.<\/p>\n<h3 class=\"text-lg font-bold text-text-100 mt-1 -mb-1.5\">M\u0171szaki adatok:<\/h3>\n<p class=\"whitespace-normal break-words\"><strong>Foly\u00e9kony t\u00e9rfogat:<\/strong> 56ml<br \/>\n<strong>Maxim\u00e1lis mozg\u00e1sok:<\/strong> 85,000 Puff<br \/>\n<strong>Akkumul\u00e1tor kapacit\u00e1s:<\/strong> 850mAh<br \/>\n<strong>Nikotin tartalom:<\/strong> 0% \/ 2% \/ 3% \/ 5%<br \/>\n<strong>P\u00e1rologtat\u00f3:<\/strong> 1,0 Ohm \u00d7 3<br \/>\n<strong>K\u00fcl\u00f6nlegess\u00e9g:<\/strong> H\u00e1romszoros \u00edzrendszer<br \/>\n<strong>T\u00f6lt\u0151port:<\/strong> C-t\u00edpus\u00fa<\/p>\n<h3 class=\"text-lg font-bold text-text-100 mt-1 -mb-1.5\">Fedezzen fel t\u00f6bb BANG VAPE-t a vozolpuff-on<\/h3>\n<p class=\"whitespace-normal break-words\">Fedezze fel tov\u00e1bbi cs\u00facsmin\u0151s\u00e9g\u0171 term\u00e9keinket a <strong><a class=\"underline\" href=\"https:\/\/vozolpuff.de\/hu\/\">E-cigaretta online bolt<\/a><\/strong>, fedezze fel a teljes <strong><a class=\"underline\" href=\"https:\/\/vozolpuff.de\/hu\/product-category\/bang-vape\/\">BANG VAPE term\u00e9kcsal\u00e1d<\/a><\/strong> vagy tekintse meg az \u00f6sszeset <strong><a class=\"underline\" href=\"https:\/\/vozolpuff.de\/hu\/product-category\/bang-vape\/bang-leader-85000\/\">Bang Leader 85000 aromav\u00e1ltozat<\/a><\/strong> to.<\/p>","protected":false},"excerpt":{"rendered":"<p class=\"whitespace-normal break-words\">A Bang Leader 85000 Love 666\/Blueberry Raspberry\/Vimto h\u00e1rom egyed\u00fcl\u00e1ll\u00f3 \u00edzzel ny\u0171g\u00f6zi le a felhaszn\u00e1l\u00f3kat egy pr\u00e9mium eszk\u00f6zben. K\u00f3stolja meg a misztikus Love 666, a gy\u00fcm\u00f6lcs\u00f6s Blueberry Raspberry \u00e9s a klasszikus Vimto \u00edzeket. Leny\u0171g\u00f6z\u0151 85 000 sz\u00edv\u00e1ssal, intelligens LED-kijelz\u0151vel, 850 mAh-s akkumul\u00e1torral \u00e9s h\u00e1rom nagy teljes\u00edtm\u00e9ny\u0171 h\u00e1l\u00f3s tekercsel, a maxim\u00e1lis g\u0151z\u00e9lvezet\u00e9s\u00e9rt a legmagasabb szinten.<\/p>","protected":false},"featured_media":5465,"comment_status":"open","ping_status":"closed","template":"","meta":{"_acf_changed":false},"product_brand":[],"product_cat":[66],"product_tag":[],"class_list":{"0":"post-5462","1":"product","2":"type-product","3":"status-publish","4":"has-post-thumbnail","6":"product_cat-bang-leader-85000","8":"first","9":"instock","10":"shipping-taxable","11":"purchasable","12":"product-type-variable"},"acf":[],"_links":{"self":[{"href":"https:\/\/vozolpuff.de\/hu\/wp-json\/wp\/v2\/product\/5462","targetHints":{"allow":["GET"]}}],"collection":[{"href":"https:\/\/vozolpuff.de\/hu\/wp-json\/wp\/v2\/product"}],"about":[{"href":"https:\/\/vozolpuff.de\/hu\/wp-json\/wp\/v2\/types\/product"}],"replies":[{"embeddable":true,"href":"https:\/\/vozolpuff.de\/hu\/wp-json\/wp\/v2\/comments?post=5462"}],"wp:featuredmedia":[{"embeddable":true,"href":"https:\/\/vozolpuff.de\/hu\/wp-json\/wp\/v2\/media\/5465"}],"wp:attachment":[{"href":"https:\/\/vozolpuff.de\/hu\/wp-json\/wp\/v2\/media?parent=5462"}],"wp:term":[{"taxonomy":"product_brand","embeddable":true,"href":"https:\/\/vozolpuff.de\/hu\/wp-json\/wp\/v2\/product_brand?post=5462"},{"taxonomy":"product_cat","embeddable":true,"href":"https:\/\/vozolpuff.de\/hu\/wp-json\/wp\/v2\/product_cat?post=5462"},{"taxonomy":"product_tag","embeddable":true,"href":"https:\/\/vozolpuff.de\/hu\/wp-json\/wp\/v2\/product_tag?post=5462"}],"curies":[{"name":"wp","href":"https:\/\/api.w.org\/{rel}","templated":true}]}}