{"id":561,"date":"2025-08-23T11:56:01","date_gmt":"2025-08-23T09:56:01","guid":{"rendered":"https:\/\/vozolpuff.de\/?post_type=product&#038;p=561"},"modified":"2026-01-15T12:00:58","modified_gmt":"2026-01-15T11:00:58","slug":"vozol-star-40000-sour-apple-ice","status":"publish","type":"product","link":"https:\/\/vozolpuff.de\/hu\/termek\/vozol-star-40000-sour-apple-ice\/","title":{"rendered":"VOZOL STAR 40000 Savany\u00fa alm\u00e1s j\u00e9g"},"content":{"rendered":"<h2 class=\"text-xl font-bold text-text-100 mt-1 -mb-0.5\">VOZOL STAR 40000 Sour Apple Ice eldobhat\u00f3 vape<\/h2>\n<p class=\"whitespace-normal break-words\">Tapasztalja meg a friss\u00edt\u0151 savass\u00e1got a <strong>VOZOL STAR 40000 Savany\u00fa alm\u00e1s j\u00e9g<\/strong>. Ez a pr\u00e9mium eldobhat\u00f3 e-cigaretta a fanyar Granny Smith alm\u00e1t kombin\u00e1lja a j\u00e9ghideg h\u0171t\u0151hat\u00e1ssal, \u00edgy \u00e9l\u00e9nk\u00edt\u0151 g\u0151z\u00f6l\u00e9si \u00e9lm\u00e9nyt ny\u00fajt ak\u00e1r <strong>40,000 vonat<\/strong>.<\/p>\n<h3 class=\"text-xl font-bold text-text-100 mt-1 -mb-0.5\">\u00cdzprofil \u00e9s technol\u00f3gia<\/h3>\n<p class=\"whitespace-normal break-words\"><strong>\u00cdzek:<\/strong> Savany\u00fa alma j\u00e9ghideggel<br \/>\n<strong>Vonat kapacit\u00e1sa:<\/strong> Ak\u00e1r 40 000 vonat<br \/>\n<strong>Akkumul\u00e1tor:<\/strong> 1000mAh hossz\u00fa \u00e9lettartam\u00fa akkumul\u00e1tor<br \/>\n<strong>Nikotin er\u0151ss\u00e9g:<\/strong> 50mg\/ml<\/p>\n<p class=\"whitespace-normal break-words\">Az intenz\u00edv almasavat t\u00f6k\u00e9letesen kiegyens\u00falyozza a h\u0171s\u00edt\u0151 j\u00e9ghat\u00e1s. Az er\u0151teljes 1000mAh-s akkumul\u00e1tor garant\u00e1lja az \u00e1lland\u00f3 \u00edzkifejl\u0151d\u00e9st a haszn\u00e1lat teljes id\u0151tartama alatt. Minden egyes slukk hiteles, gy\u00fcm\u00f6lcs\u00f6s \u00edzt biztos\u00edt, friss\u00edt\u0151 hideg \u00e9rz\u00e9ssel.<\/p>\n<h3 class=\"text-xl font-bold text-text-100 mt-1 -mb-0.5\">P\u00e1r\u00e1s \u00e9lvezet \u00ednyenceknek<\/h3>\n<p class=\"whitespace-normal break-words\">Ezek a <strong>Sour Apple Ice eldobhat\u00f3 e-cigaretta<\/strong> a gy\u00fcm\u00f6lcs\u00f6s kombin\u00e1ci\u00f3k szerelmeseinek \u00f6r\u00f6met okoz. A karbantart\u00e1smentes kialak\u00edt\u00e1snak k\u00f6sz\u00f6nhet\u0151en t\u00f6k\u00e9letes t\u00e1rs mindazok sz\u00e1m\u00e1ra, akik \u00e9rt\u00e9kelik az intenz\u00edv alma\u00edzt h\u0171s\u00edt\u0151 hat\u00e1ssal.<\/p>\n<p class=\"whitespace-normal break-words\"><strong>K\u00fcl\u00f6nlegess\u00e9gek:<\/strong> Hiteles gy\u00fcm\u00f6lcs\u00edz, hosszan tart\u00f3 h\u0171v\u00f6ss\u00e9g, maxim\u00e1lis h\u00faz\u00e1s, megb\u00edzhat\u00f3 teljes\u00edtm\u00e9ny \u00e9s kiv\u00e1l\u00f3 VOZOL gy\u00e1rt\u00e1si min\u0151s\u00e9g a hamis\u00edtatlan \u00e9lvezet\u00e9rt.<\/p>\n<p class=\"whitespace-normal break-words\">Fedezzen fel t\u00f6bb pr\u00e9mium e-cigarett\u00e1t a <strong><a class=\"underline\" href=\"https:\/\/vozolpuff.de\/hu\/\">Online bolt<\/a><\/strong>b\u00f6ng\u00e9sszen a teljes <strong><a class=\"underline\" href=\"https:\/\/vozolpuff.de\/hu\/product-category\/vozol-vape\/\">VOZOL VAPE kollekci\u00f3<\/a><\/strong> vagy fedezze fel az \u00f6sszes \u00edz\u00e9t a <strong><a class=\"underline\" href=\"https:\/\/vozolpuff.de\/hu\/product-category\/vozol-vape\/vozol-star-40000\/\">VOZOL Star 40000 sorozat<\/a><\/strong>.<\/p>","protected":false},"excerpt":{"rendered":"<p>A VOZOL STAR 40000 Sour Apple Ice eldobhat\u00f3 vape egyes\u00edti a savany\u00fa alma \u00edz\u00e9t az intenz\u00edv j\u00e9gh\u0171t\u00e9ssel. Ez a kiv\u00e1l\u00f3 min\u0151s\u00e9g\u0171 eldobhat\u00f3 e-cigaretta ak\u00e1r 40.000 slukkot, nagy teljes\u00edtm\u00e9ny\u0171 1000mAh akkumul\u00e1tort \u00e9s 50mg\/ml nikotint k\u00edn\u00e1l. T\u00f6k\u00e9letes egyens\u00faly a gy\u00fcm\u00f6lcs\u00f6s savass\u00e1g \u00e9s a friss\u00edt\u0151 hidegs\u00e9g k\u00f6z\u00f6tt.<\/p>","protected":false},"featured_media":563,"comment_status":"open","ping_status":"closed","template":"","meta":{"_acf_changed":false},"product_brand":[],"product_cat":[29],"product_tag":[],"class_list":{"0":"post-561","1":"product","2":"type-product","3":"status-publish","4":"has-post-thumbnail","6":"product_cat-vozol-star-40000","8":"first","9":"instock","10":"shipping-taxable","11":"purchasable","12":"product-type-variable"},"acf":[],"_links":{"self":[{"href":"https:\/\/vozolpuff.de\/hu\/wp-json\/wp\/v2\/product\/561","targetHints":{"allow":["GET"]}}],"collection":[{"href":"https:\/\/vozolpuff.de\/hu\/wp-json\/wp\/v2\/product"}],"about":[{"href":"https:\/\/vozolpuff.de\/hu\/wp-json\/wp\/v2\/types\/product"}],"replies":[{"embeddable":true,"href":"https:\/\/vozolpuff.de\/hu\/wp-json\/wp\/v2\/comments?post=561"}],"wp:featuredmedia":[{"embeddable":true,"href":"https:\/\/vozolpuff.de\/hu\/wp-json\/wp\/v2\/media\/563"}],"wp:attachment":[{"href":"https:\/\/vozolpuff.de\/hu\/wp-json\/wp\/v2\/media?parent=561"}],"wp:term":[{"taxonomy":"product_brand","embeddable":true,"href":"https:\/\/vozolpuff.de\/hu\/wp-json\/wp\/v2\/product_brand?post=561"},{"taxonomy":"product_cat","embeddable":true,"href":"https:\/\/vozolpuff.de\/hu\/wp-json\/wp\/v2\/product_cat?post=561"},{"taxonomy":"product_tag","embeddable":true,"href":"https:\/\/vozolpuff.de\/hu\/wp-json\/wp\/v2\/product_tag?post=561"}],"curies":[{"name":"wp","href":"https:\/\/api.w.org\/{rel}","templated":true}]}}