{"id":592,"date":"2025-08-23T12:10:34","date_gmt":"2025-08-23T10:10:34","guid":{"rendered":"https:\/\/vozolpuff.de\/?post_type=product&#038;p=592"},"modified":"2026-01-15T11:59:54","modified_gmt":"2026-01-15T10:59:54","slug":"vozol-star-40000-vzbull","status":"publish","type":"product","link":"https:\/\/vozolpuff.de\/hu\/termek\/vozol-star-40000-vzbull\/","title":{"rendered":"VOZOL STAR 40000 Vzbull Vzbull"},"content":{"rendered":"<h2 class=\"text-xl font-bold text-text-100 mt-1 -mb-0.5\">VOZOL STAR 40000 Vzbull eldobhat\u00f3 vape<\/h2>\n<p class=\"whitespace-normal break-words\">Tapasztalja meg az energi\u00e1t a <strong>VOZOL STAR 40000 Vzbull Vzbull<\/strong>. Ez a nagy teljes\u00edtm\u00e9ny\u0171 eldobhat\u00f3 e-cigaretta a jellegzetes energiaital-arom\u00e1t k\u00edn\u00e1lja az energikus p\u00e1rologtat\u00e1s \u00e9lvezet\u00e9\u00e9rt, ak\u00e1r a <strong>40,000 vonat<\/strong>.<\/p>\n<h3 class=\"text-lg font-bold text-text-100 mt-1 -mb-1.5\">Energiaital Sensation<\/h3>\n<p class=\"whitespace-normal break-words\"><strong>\u00cdzek:<\/strong> Klasszikus energiaital<br \/>\n<strong>Teljes\u00edtm\u00e9ny:<\/strong> Ak\u00e1r 40 000 vonat<br \/>\n<strong>Akkumul\u00e1tor:<\/strong> 1000mAh teljes\u00edtm\u00e9ny\u0171 akkumul\u00e1tor<br \/>\n<strong>Nikotin er\u0151ss\u00e9g:<\/strong> 50mg\/ml<\/p>\n<p class=\"whitespace-normal break-words\">Az autentikus energiaital-aroma \u00e9l\u00e9nk\u00edt\u0151 pillanatok eml\u00e9k\u00e9t id\u00e9zi fel. Az er\u0151teljes 1000mAh-s akkumul\u00e1tor t\u00f6k\u00e9letesen illeszkedik ennek az \u00edznek az energikus jelleg\u00e9hez, \u00e9s az utols\u00f3 slukkig folyamatos energi\u00e1t biztos\u00edt.<\/p>\n<h3 class=\"text-lg font-bold text-text-100 mt-1 -mb-1.5\">\u00c9l\u00e9nk\u00edt\u0151 p\u00e1ra\u00e9lvezet<\/h3>\n<p class=\"whitespace-normal break-words\">Ezek a <strong>Vzbull eldobhat\u00f3 e-cigaretta<\/strong> mindazoknak sz\u00f3l, akik szeretik az \u00f6sszet\u00e9veszthetetlen energia \u00edz\u00e9t. Ide\u00e1lis az akt\u00edv vaperek sz\u00e1m\u00e1ra, akik a megszokott \u00e9s \u00e9l\u00e9nk\u00edt\u0151 \u00edzt r\u00e9szes\u00edtik el\u0151nyben.<\/p>\n<p class=\"whitespace-normal break-words\"><strong>Jellemz\u0151k:<\/strong> Hiteles energiaital jelleg, stimul\u00e1l\u00f3 \u00edz, kiv\u00e9teles eltarthat\u00f3s\u00e1g, k\u00f6nny\u0171 felhaszn\u00e1lhat\u00f3s\u00e1g \u00e9s a VOZOL bev\u00e1lt gy\u00e1rt\u00e1si szabv\u00e1nyai.<\/p>\n<p class=\"whitespace-normal break-words\">B\u00f6ng\u00e9sszen a <strong><a class=\"underline\" href=\"https:\/\/vozolpuff.de\/hu\/\">Online vape bolt<\/a><\/strong>, fedezze fel a teljes <strong><a class=\"underline\" href=\"https:\/\/vozolpuff.de\/hu\/product-category\/vozol-vape\/\">VOZOL VAPE kollekci\u00f3<\/a><\/strong> vagy v\u00e1lasszon a teljes <strong><a class=\"underline\" href=\"https:\/\/vozolpuff.de\/hu\/product-category\/vozol-vape\/vozol-star-40000\/\">VOZOL Star 40000 raklap<\/a><\/strong>.<\/p>","protected":false},"excerpt":{"rendered":"<p>A VOZOL STAR 40000 Vzbull eldobhat\u00f3 vape autentikus energiaital \u00edzt biztos\u00edt az energikus p\u00e1rolg\u00e1s \u00f6r\u00f6m\u00e9\u00e9rt. Ez a nagy teljes\u00edtm\u00e9ny\u0171 eldobhat\u00f3 e-cigaretta ak\u00e1r 40 000 slukkot, 1000mAh teljes\u00edtm\u00e9ny\u0171 akkumul\u00e1tort \u00e9s 50mg\/ml nikotint k\u00edn\u00e1l. \u00c9l\u00e9nk\u00edt\u0151 energia jelleg tal\u00e1lkozik a hosszan tart\u00f3 teljes\u00edtm\u00e9nnyel.<\/p>","protected":false},"featured_media":594,"comment_status":"open","ping_status":"closed","template":"","meta":{"_acf_changed":false},"product_brand":[],"product_cat":[29],"product_tag":[],"class_list":{"0":"post-592","1":"product","2":"type-product","3":"status-publish","4":"has-post-thumbnail","6":"product_cat-vozol-star-40000","8":"first","9":"instock","10":"shipping-taxable","11":"purchasable","12":"product-type-variable"},"acf":[],"_links":{"self":[{"href":"https:\/\/vozolpuff.de\/hu\/wp-json\/wp\/v2\/product\/592","targetHints":{"allow":["GET"]}}],"collection":[{"href":"https:\/\/vozolpuff.de\/hu\/wp-json\/wp\/v2\/product"}],"about":[{"href":"https:\/\/vozolpuff.de\/hu\/wp-json\/wp\/v2\/types\/product"}],"replies":[{"embeddable":true,"href":"https:\/\/vozolpuff.de\/hu\/wp-json\/wp\/v2\/comments?post=592"}],"wp:featuredmedia":[{"embeddable":true,"href":"https:\/\/vozolpuff.de\/hu\/wp-json\/wp\/v2\/media\/594"}],"wp:attachment":[{"href":"https:\/\/vozolpuff.de\/hu\/wp-json\/wp\/v2\/media?parent=592"}],"wp:term":[{"taxonomy":"product_brand","embeddable":true,"href":"https:\/\/vozolpuff.de\/hu\/wp-json\/wp\/v2\/product_brand?post=592"},{"taxonomy":"product_cat","embeddable":true,"href":"https:\/\/vozolpuff.de\/hu\/wp-json\/wp\/v2\/product_cat?post=592"},{"taxonomy":"product_tag","embeddable":true,"href":"https:\/\/vozolpuff.de\/hu\/wp-json\/wp\/v2\/product_tag?post=592"}],"curies":[{"name":"wp","href":"https:\/\/api.w.org\/{rel}","templated":true}]}}