{"id":610,"date":"2025-08-23T12:17:04","date_gmt":"2025-08-23T10:17:04","guid":{"rendered":"https:\/\/vozolpuff.de\/?post_type=product&#038;p=610"},"modified":"2026-01-15T11:59:17","modified_gmt":"2026-01-15T10:59:17","slug":"vozol-star-40000-watermelon-ice","status":"publish","type":"product","link":"https:\/\/vozolpuff.de\/hu\/termek\/vozol-star-40000-watermelon-ice\/","title":{"rendered":"VOZOL STAR 40000 g\u00f6r\u00f6gdinnye j\u00e9g"},"content":{"rendered":"<h2 class=\"text-xl font-bold text-text-100 mt-1 -mb-0.5\">VOZOL STAR 40000 g\u00f6r\u00f6gdinnye j\u00e9g eldobhat\u00f3 vape<\/h2>\n<p class=\"whitespace-normal break-words\">\u00c9lvezze a friss\u00edt\u0151 ny\u00e1ri h\u0171v\u00f6ss\u00e9get a <strong>VOZOL STAR 40000 g\u00f6r\u00f6gdinnye j\u00e9g<\/strong>. Ez az \u00e9l\u00e9nk\u00edt\u0151, eldobhat\u00f3 e-cigaretta a l\u00e9d\u00fas g\u00f6r\u00f6gdinny\u00e9t intenz\u00edv h\u0171t\u0151hat\u00e1ssal kombin\u00e1lja a friss\u00edt\u0151 g\u0151z \u00e9lvezete \u00e9rdek\u00e9ben, ak\u00e1r a <strong>40,000 vonat<\/strong>.<\/p>\n<h3 class=\"text-lg font-bold text-text-100 mt-1 -mb-1.5\">Friss\u00edt\u0151 ny\u00e1ri kombin\u00e1ci\u00f3<\/h3>\n<p class=\"whitespace-normal break-words\"><strong>\u00cdzek:<\/strong> G\u00f6r\u00f6gdinnye j\u00e9ghideggel<br \/>\n<strong>Vonatok:<\/strong> Ak\u00e1r 40,000 f\u00faj\u00e1s<br \/>\n<strong>Akkumul\u00e1tor kapacit\u00e1s:<\/strong> 1000mAh hidegv\u00e9delmi akkumul\u00e1tor<br \/>\n<strong>Nikotin er\u0151ss\u00e9g:<\/strong> 50mg\/ml<\/p>\n<p class=\"whitespace-normal break-words\">Az \u00e9des, vizes dinnye intenz\u00edv h\u0171s\u00edt\u0151 hat\u00e1s\u00e1nak k\u00f6sz\u00f6nhet\u0151en t\u00f6k\u00e9letes ny\u00e1ri t\u00e1rss\u00e1 v\u00e1lik. A robusztus akkumul\u00e1tor a haszn\u00e1lat teljes id\u0151tartama alatt \u00e1lland\u00f3 h\u0171t\u0151hat\u00e1st \u00e9s \u00edzintenzit\u00e1st biztos\u00edt.<\/p>\n<h3 class=\"text-lg font-bold text-text-100 mt-1 -mb-1.5\">V\u00e9gs\u0151 ny\u00e1ri friss\u00edt\u0151<\/h3>\n<p class=\"whitespace-normal break-words\">Ezek a <strong>Watermelon Ice eldobhat\u00f3 e-cigaretta<\/strong> ide\u00e1lis v\u00e1laszt\u00e1s a forr\u00f3 napokra \u00e9s mindazok sz\u00e1m\u00e1ra, akik az intenz\u00edv h\u0171t\u00e9st term\u00e9szetes gy\u00fcm\u00f6lcs\u00f6s \u00e9dess\u00e9ggel szeretn\u00e9k \u00f6tv\u00f6zni.<\/p>\n<p class=\"whitespace-normal break-words\"><strong>Term\u00e9kel\u0151ny\u00f6k:<\/strong> Intenz\u00edv h\u0171t\u0151hat\u00e1s, autentikus g\u00f6r\u00f6gdinnye \u00edz, kiv\u00e9teles kapacit\u00e1s, karbantart\u00e1smentes technol\u00f3gia \u00e9s megb\u00edzhat\u00f3 VOZOL min\u0151s\u00e9gi garancia.<\/p>\n<p class=\"whitespace-normal break-words\">Tal\u00e1lja meg kedvenc e-cigarett\u00e1j\u00e1t a <strong><a class=\"underline\" href=\"https:\/\/vozolpuff.de\/hu\/\">G\u0151zhaj\u00f3 port\u00e1l<\/a><\/strong>, fedezze fel a soksz\u00edn\u0171 <strong><a class=\"underline\" href=\"https:\/\/vozolpuff.de\/hu\/product-category\/vozol-vape\/\">VOZOL VAPE term\u00e9kvil\u00e1g<\/a><\/strong> vagy pr\u00f3b\u00e1ljon ki t\u00f6bbet <strong><a class=\"underline\" href=\"https:\/\/vozolpuff.de\/hu\/product-category\/vozol-vape\/vozol-star-40000\/\">VOZOL Star 40000 oszt\u00e1lyok<\/a><\/strong>.<\/p>","protected":false},"excerpt":{"rendered":"<p>A VOZOL STAR 40000 Watermelon Ice eldobhat\u00f3 vape egyes\u00edti a l\u00e9d\u00fas g\u00f6r\u00f6gdinny\u00e9t az intenz\u00edv h\u0171s\u00edt\u0151 hat\u00e1ssal a v\u00e9gs\u0151 ny\u00e1ri friss\u00edt\u0151\u00e9rt. Ez az \u00e9l\u00e9nk\u00edt\u0151 eldobhat\u00f3 e-cigaretta ak\u00e1r 40.000 slukkot, 1000mAh akkumul\u00e1tort \u00e9s 50mg\/ml nikotint k\u00edn\u00e1l. A gy\u00fcm\u00f6lcs\u00f6s \u00e9dess\u00e9g \u00e9s az intenz\u00edv h\u0171s\u00edt\u0151 hat\u00e1s t\u00f6k\u00e9letes egyens\u00falya.<\/p>","protected":false},"featured_media":612,"comment_status":"open","ping_status":"closed","template":"","meta":{"_acf_changed":false},"product_brand":[],"product_cat":[29],"product_tag":[],"class_list":{"0":"post-610","1":"product","2":"type-product","3":"status-publish","4":"has-post-thumbnail","6":"product_cat-vozol-star-40000","8":"first","9":"instock","10":"shipping-taxable","11":"purchasable","12":"product-type-variable"},"acf":[],"_links":{"self":[{"href":"https:\/\/vozolpuff.de\/hu\/wp-json\/wp\/v2\/product\/610","targetHints":{"allow":["GET"]}}],"collection":[{"href":"https:\/\/vozolpuff.de\/hu\/wp-json\/wp\/v2\/product"}],"about":[{"href":"https:\/\/vozolpuff.de\/hu\/wp-json\/wp\/v2\/types\/product"}],"replies":[{"embeddable":true,"href":"https:\/\/vozolpuff.de\/hu\/wp-json\/wp\/v2\/comments?post=610"}],"wp:featuredmedia":[{"embeddable":true,"href":"https:\/\/vozolpuff.de\/hu\/wp-json\/wp\/v2\/media\/612"}],"wp:attachment":[{"href":"https:\/\/vozolpuff.de\/hu\/wp-json\/wp\/v2\/media?parent=610"}],"wp:term":[{"taxonomy":"product_brand","embeddable":true,"href":"https:\/\/vozolpuff.de\/hu\/wp-json\/wp\/v2\/product_brand?post=610"},{"taxonomy":"product_cat","embeddable":true,"href":"https:\/\/vozolpuff.de\/hu\/wp-json\/wp\/v2\/product_cat?post=610"},{"taxonomy":"product_tag","embeddable":true,"href":"https:\/\/vozolpuff.de\/hu\/wp-json\/wp\/v2\/product_tag?post=610"}],"curies":[{"name":"wp","href":"https:\/\/api.w.org\/{rel}","templated":true}]}}