{"id":616,"date":"2025-08-23T12:22:56","date_gmt":"2025-08-23T10:22:56","guid":{"rendered":"https:\/\/vozolpuff.de\/?post_type=product&#038;p=616"},"modified":"2026-01-15T11:59:05","modified_gmt":"2026-01-15T10:59:05","slug":"vozol-star-40000-watermelon-sour-peach","status":"publish","type":"product","link":"https:\/\/vozolpuff.de\/hu\/termek\/vozol-star-40000-watermelon-sour-peach\/","title":{"rendered":"VOZOL STAR 40000 g\u00f6r\u00f6gdinnye savany\u00fa barack"},"content":{"rendered":"<h2 class=\"text-xl font-bold text-text-100 mt-1 -mb-0.5\">VOZOL STAR 40000 G\u00f6r\u00f6gdinnye-savany\u00fa \u0151szibarack eldobhat\u00f3 e-cigaretta<\/h2>\n<p class=\"whitespace-normal break-words\">\u00c9lvezze a t\u00f6k\u00e9letes egyens\u00falyt az \u00e9des \u00e9s a savany\u00fa k\u00f6z\u00f6tt a <strong>VOZOL STAR 40000 g\u00f6r\u00f6gdinnye savany\u00fa barack<\/strong>. Ez az \u00edzletes, eldobhat\u00f3 e-cigaretta \u00e9des g\u00f6r\u00f6gdinny\u00e9t \u00e9s savanyk\u00e1s \u0151szibarackot kombin\u00e1l, ak\u00e1r <strong>40 000 kiegyens\u00falyozott mozdulat<\/strong>.<\/p>\n<h3 class=\"text-lg font-bold text-text-100 mt-1 -mb-1.5\">\u00c9des-savany\u00fa \u00edzegyens\u00faly<\/h3>\n<p class=\"whitespace-normal break-words\"><strong>\u00cdzprofil:<\/strong> G\u00f6r\u00f6gdinnye savany\u00fa \u0151szibarackkal<br \/>\n<strong>K\u00f6tet:<\/strong> Ak\u00e1r 40 000 vonat<br \/>\n<strong>Energiaforr\u00e1s:<\/strong> 1000 mAh egyen\u00e1ram\u00fa akkumul\u00e1tor<br \/>\n<strong>Nikotin:<\/strong> 50mg\/ml<\/p>\n<p class=\"whitespace-normal break-words\">A g\u00f6r\u00f6gdinnye term\u00e9szetes \u00e9dess\u00e9g\u00e9t a savanyk\u00e1s \u0151szibarack \u00edzjegyek \u00e9rdekes kontrasztja eg\u00e9sz\u00edti ki. Ez a kiegyens\u00falyozott kombin\u00e1ci\u00f3 a nagy teljes\u00edtm\u00e9ny\u0171 akkumul\u00e1toroknak k\u00f6sz\u00f6nhet\u0151en a teljes haszn\u00e1lati id\u0151 alatt \u00e1lland\u00f3an rendelkez\u00e9sre \u00e1ll.<\/p>\n<h3 class=\"text-lg font-bold text-text-100 mt-1 -mb-1.5\">Kontrasztos g\u0151z\u00e9lvezet\u00e9s<\/h3>\n<p class=\"whitespace-normal break-words\">Ezek a <strong>Watermelon Sour Peach eldobhat\u00f3 e-cigaretta<\/strong> elragadja azokat a g\u0151z\u00f6lget\u0151ket, akik \u00e9rt\u00e9kelik az \u00edzek kontrasztj\u00e1t. Az \u00e9des-savany\u00fa egyens\u00faly garant\u00e1lja, hogy a g\u0151z\u00f6lget\u00e9s soha ne legyen unalmas \u00e9lm\u00e9ny.<\/p>\n<p class=\"whitespace-normal break-words\"><strong>Jellemz\u0151k:<\/strong> Kiegyens\u00falyozott \u00e9des-savany\u00fa ar\u00e1ny, \u00e9rdekes \u00edzvil\u00e1g, leny\u0171g\u00f6z\u0151 tart\u00f3ss\u00e1g, felhaszn\u00e1l\u00f3bar\u00e1t kialak\u00edt\u00e1s \u00e9s a VOZOL bev\u00e1lt gy\u00e1rt\u00e1si min\u0151s\u00e9ge.<\/p>\n<p class=\"whitespace-normal break-words\">B\u00f6ng\u00e9sszen a <strong><a class=\"underline\" href=\"https:\/\/vozolpuff.de\/hu\/\">E-cigaretta szak\u00fczlet<\/a><\/strong>fedezze fel a teljes <strong><a class=\"underline\" href=\"https:\/\/vozolpuff.de\/hu\/product-category\/vozol-vape\/\">VOZOL VAPE aj\u00e1nlat<\/a><\/strong> vagy v\u00e1lasszon az \u00f6sszes <strong><a class=\"underline\" href=\"https:\/\/vozolpuff.de\/hu\/product-category\/vozol-vape\/vozol-star-40000\/\">VOZOL Star 40000 vari\u00e1ci\u00f3k<\/a><\/strong>..<\/p>","protected":false},"excerpt":{"rendered":"<p>A VOZOL STAR 40000 Watermelon Sour Peach eldobhat\u00f3 e-cigaretta \u00e9des g\u00f6r\u00f6gdinny\u00e9t \u00e9s savanyk\u00e1s \u0151szibarackot kombin\u00e1l, \u00edgy t\u00f6k\u00e9letes \u00e9des-savany\u00fa egyens\u00falyt teremt. Ez az intenz\u00edv \u00edz\u0171 eldobhat\u00f3 e-cigaretta ak\u00e1r 40 000 slukkot, 1000 mAh-s akkumul\u00e1tort \u00e9s 50 mg\/ml nikotint tartalmaz. Kontrasztos \u00edzvil\u00e1g a v\u00e1ltozatos \u00e9lvezet\u00e9rt.<\/p>","protected":false},"featured_media":618,"comment_status":"open","ping_status":"closed","template":"","meta":{"_acf_changed":false},"product_brand":[],"product_cat":[29],"product_tag":[],"class_list":{"0":"post-616","1":"product","2":"type-product","3":"status-publish","4":"has-post-thumbnail","6":"product_cat-vozol-star-40000","8":"first","9":"instock","10":"shipping-taxable","11":"purchasable","12":"product-type-variable"},"acf":[],"_links":{"self":[{"href":"https:\/\/vozolpuff.de\/hu\/wp-json\/wp\/v2\/product\/616","targetHints":{"allow":["GET"]}}],"collection":[{"href":"https:\/\/vozolpuff.de\/hu\/wp-json\/wp\/v2\/product"}],"about":[{"href":"https:\/\/vozolpuff.de\/hu\/wp-json\/wp\/v2\/types\/product"}],"replies":[{"embeddable":true,"href":"https:\/\/vozolpuff.de\/hu\/wp-json\/wp\/v2\/comments?post=616"}],"wp:featuredmedia":[{"embeddable":true,"href":"https:\/\/vozolpuff.de\/hu\/wp-json\/wp\/v2\/media\/618"}],"wp:attachment":[{"href":"https:\/\/vozolpuff.de\/hu\/wp-json\/wp\/v2\/media?parent=616"}],"wp:term":[{"taxonomy":"product_brand","embeddable":true,"href":"https:\/\/vozolpuff.de\/hu\/wp-json\/wp\/v2\/product_brand?post=616"},{"taxonomy":"product_cat","embeddable":true,"href":"https:\/\/vozolpuff.de\/hu\/wp-json\/wp\/v2\/product_cat?post=616"},{"taxonomy":"product_tag","embeddable":true,"href":"https:\/\/vozolpuff.de\/hu\/wp-json\/wp\/v2\/product_tag?post=616"}],"curies":[{"name":"wp","href":"https:\/\/api.w.org\/{rel}","templated":true}]}}