{"id":6178,"date":"2025-10-09T09:17:27","date_gmt":"2025-10-09T07:17:27","guid":{"rendered":"https:\/\/vozolpuff.de\/?post_type=product&#038;p=6178"},"modified":"2025-10-09T09:17:27","modified_gmt":"2025-10-09T07:17:27","slug":"bang-king-30000-blueberry-ice-black-dragon-ice","status":"publish","type":"product","link":"https:\/\/vozolpuff.de\/hu\/termek\/bang-king-30000-blueberry-ice-black-dragon-ice\/","title":{"rendered":"Bang King 30000 \u00c1fony\u00e1s j\u00e9g\/fekete s\u00e1rk\u00e1ny j\u00e9g"},"content":{"rendered":"<h2 class=\"text-xl font-bold text-text-100 mt-1 -mb-0.5\">Bang King 30000 Blueberry Ice\/Black Dragon Ice eldobhat\u00f3 vape<\/h2>\n<p class=\"whitespace-normal break-words\">A Bang King 30000 Puffs eldobhat\u00f3 e-cigaretta k\u00e9t cser\u00e9lhet\u0151 \u00edzzel, Blueberry Ice \u00e9s Black Dragon Ice, ak\u00e1r 30 000 slukkot biztos\u00edt egy nagym\u00e9ret\u0171, 36 ml-es, el\u0151re felt\u00f6lt\u00f6tt e-liquid tart\u00e1lyb\u00f3l. V\u00e1lasszon a 0%, 2%, 3% vagy 5% nikotintartalmak k\u00f6z\u00fcl az egy\u00e9ni g\u0151z\u00f6l\u00e9si \u00e9lm\u00e9ny \u00e9rdek\u00e9ben. 550 mAh-s akkumul\u00e1torral, szab\u00e1lyozhat\u00f3 l\u00e9g\u00e1raml\u00e1ssal \u00e9s 1,0 \u03a9-os h\u00e1l\u00f3s tekercs f\u0171t\u0151elemmel m\u0171k\u00f6dik, intenz\u00edv \u00edzt \u00e9s maxim\u00e1lis rugalmass\u00e1got biztos\u00edt k\u00e9t k\u00fcl\u00f6n\u00e1ll\u00f3 \u00edzzel egy eszk\u00f6zben.<\/p>\n<h3 class=\"text-lg font-bold text-text-100 mt-1 -mb-1.5\">A Bang King 30000 Blueberry Ice\/Black Dragon Ice term\u00e9k legfontosabb jellemz\u0151i:<\/h3>\n<p class=\"whitespace-normal break-words\">A Bang King 30000 Puffs LCD kijelz\u0151vel \u00e9s Dual-Flavor technol\u00f3gi\u00e1val rendk\u00edv\u00fcli g\u0151z\u00e9lm\u00e9nyt ny\u00fajt leny\u0171g\u00f6z\u0151 30 000 sz\u00edv\u00e1s kapacit\u00e1s\u00e1val. 1,0 ohmos h\u00e1l\u00f3s tekercsel\u00e9ssel \u00e9s figyelemre m\u00e9lt\u00f3 36 ml-es e-liquid kapacit\u00e1ssal ell\u00e1tva, ez az eszk\u00f6z sima, egyenletes g\u0151ztermel\u00e9st \u00e9s hossz\u00fa \u00e9lettartamot biztos\u00edt, an\u00e9lk\u00fcl, hogy gyakran kellene ut\u00e1nt\u00f6lteni. A felhaszn\u00e1l\u00f3k 0%, 2%, 3% vagy 5% nikotinkoncentr\u00e1ci\u00f3k k\u00f6z\u00fcl v\u00e1laszthatnak.<\/p>\n<p class=\"whitespace-normal break-words\">A megb\u00edzhat\u00f3 550 mAh-s akkumul\u00e1torral \u00e9s Type-C gyors t\u00f6lt\u00e9si funkci\u00f3val m\u0171k\u00f6d\u0151 Bang King 30000 \u00e1lland\u00f3 teljes\u00edtm\u00e9nyt \u00e9s minim\u00e1lis le\u00e1ll\u00e1si id\u0151t garant\u00e1l. A fejlett digit\u00e1lis LCD-kijelz\u0151 praktikus m\u00f3don jelzi az akkumul\u00e1tor t\u00f6lt\u00f6tts\u00e9gi szintj\u00e9t \u00e9s az e-liquid szintj\u00e9t. A kiemelked\u0151 dupla gomb funkci\u00f3 lehet\u0151v\u00e9 teszi, hogy k\u00e9t k\u00fcl\u00f6nf\u00e9le \u00edz k\u00f6z\u00f6tt v\u00e1lasszon: friss\u00edt\u0151 Blueberry Ice h\u0171s mentolos ut\u00f3\u00edzzel vagy intenz\u00edv Black Dragon Ice misztikus g\u0151z\u00f6lg\u00e9si \u00e9lm\u00e9ny\u00e9rt.<\/p>\n<p class=\"whitespace-normal break-words\">A Bang King 30000 kezd\u0151k \u00e9s tapasztalt haszn\u00e1l\u00f3k sz\u00e1m\u00e1ra egyar\u00e1nt alkalmas, nagy kapacit\u00e1ssal, egyszer\u0171 kezelhet\u0151s\u00e9ggel \u00e9s fejlett technol\u00f3gi\u00e1val rendelkezik. A k\u00e9t teljesen k\u00fcl\u00f6nb\u00f6z\u0151 \u00edz k\u00f6z\u00f6tti v\u00e1lt\u00e1s lehet\u0151s\u00e9ge miatt ez a modell ide\u00e1lis v\u00e1laszt\u00e1s azok sz\u00e1m\u00e1ra, akik szeretik a v\u00e1ltozatoss\u00e1got.<\/p>\n<h3 class=\"text-lg font-bold text-text-100 mt-1 -mb-1.5\">M\u0171szaki adatok:<\/h3>\n<p class=\"whitespace-normal break-words\"><strong>Vonatok:<\/strong> Ak\u00e1r 30,000 f\u00faj\u00e1s<br \/>\n<strong>Folyad\u00e9ktartalom:<\/strong> 36ml<br \/>\n<strong>Nikotin:<\/strong> 0%, 2%, 3%, 5%<br \/>\n<strong>T\u00edpus:<\/strong> Eldobhat\u00f3<br \/>\n<strong>Akkumul\u00e1tor:<\/strong> 550mAh akkumul\u00e1tor<br \/>\n<strong>L\u00e9g\u00e1raml\u00e1s:<\/strong> \u00c1ll\u00edthat\u00f3<br \/>\n<strong>A f\u0171t\u0151tekercs ellen\u00e1ll\u00e1sa:<\/strong> 1.0\u03a9 Mesh tekercs<\/p>\n<h3 class=\"text-lg font-bold text-text-100 mt-1 -mb-1.5\">Fedezzen fel t\u00f6bb BANG VAPE-t a vozolpuff-on<\/h3>\n<p class=\"whitespace-normal break-words\">Fedezzen fel t\u00f6bb pr\u00e9mium term\u00e9ket a <strong><a class=\"underline\" href=\"https:\/\/vozolpuff.de\/hu\/\">E-cigaretta online bolt<\/a><\/strong>fedezze fel az eg\u00e9sz <strong><a class=\"underline\" href=\"https:\/\/vozolpuff.de\/hu\/product-category\/bang-vape\/\">BANG VAPE term\u00e9kv\u00e1laszt\u00e9k<\/a><\/strong> vagy b\u00f6ng\u00e9szhet az \u00f6sszes <strong><a class=\"underline\" href=\"https:\/\/vozolpuff.de\/hu\/product-category\/bang-vape\/bang-king-30000\/\">Bang King 30000 \u00edzv\u00e1ltozat<\/a><\/strong> a t\u00f6k\u00e9letes g\u0151z\u00f6l\u00e9si \u00e9lm\u00e9ny\u00e9rt.<\/p>","protected":false},"excerpt":{"rendered":"<p class=\"whitespace-normal break-words\">Kett\u0151s \u00edz egy eszk\u00f6zben a Bang King 30000 Blueberry Ice\/Black Dragon Ice eldobhat\u00f3 vape-val. Ak\u00e1r 30 000 slukk 36 ml-es tart\u00e1lyb\u00f3l \u2013 gombnyom\u00e1ssal v\u00e1lthat a friss\u00edt\u0151 Blueberry Ice \u00e9s az intenz\u00edv Black Dragon Ice k\u00f6z\u00f6tt. 550 mAh-s akkumul\u00e1tor Type-C gyors t\u00f6lt\u00e9ssel, LCD-kijelz\u0151 az akkumul\u00e1tor \u00e9s a folyad\u00e9k szintj\u00e9nek megjelen\u00edt\u00e9s\u00e9hez. 1,0 \u03a9-os h\u00e1l\u00f3s tekercs garant\u00e1lja az egyenletes \u00edzt. \u00c1ll\u00edthat\u00f3 l\u00e9g\u00e1raml\u00e1s \u00e9s n\u00e9gy nikotinszint \u00e1ll rendelkez\u00e9sre.<\/p>\n<p class=\"whitespace-normal break-words\">","protected":false},"featured_media":6180,"comment_status":"open","ping_status":"closed","template":"","meta":{"_acf_changed":false},"product_brand":[],"product_cat":[74],"product_tag":[],"class_list":{"0":"post-6178","1":"product","2":"type-product","3":"status-publish","4":"has-post-thumbnail","6":"product_cat-bang-king-30000","8":"first","9":"instock","10":"shipping-taxable","11":"purchasable","12":"product-type-variable"},"acf":[],"_links":{"self":[{"href":"https:\/\/vozolpuff.de\/hu\/wp-json\/wp\/v2\/product\/6178","targetHints":{"allow":["GET"]}}],"collection":[{"href":"https:\/\/vozolpuff.de\/hu\/wp-json\/wp\/v2\/product"}],"about":[{"href":"https:\/\/vozolpuff.de\/hu\/wp-json\/wp\/v2\/types\/product"}],"replies":[{"embeddable":true,"href":"https:\/\/vozolpuff.de\/hu\/wp-json\/wp\/v2\/comments?post=6178"}],"wp:featuredmedia":[{"embeddable":true,"href":"https:\/\/vozolpuff.de\/hu\/wp-json\/wp\/v2\/media\/6180"}],"wp:attachment":[{"href":"https:\/\/vozolpuff.de\/hu\/wp-json\/wp\/v2\/media?parent=6178"}],"wp:term":[{"taxonomy":"product_brand","embeddable":true,"href":"https:\/\/vozolpuff.de\/hu\/wp-json\/wp\/v2\/product_brand?post=6178"},{"taxonomy":"product_cat","embeddable":true,"href":"https:\/\/vozolpuff.de\/hu\/wp-json\/wp\/v2\/product_cat?post=6178"},{"taxonomy":"product_tag","embeddable":true,"href":"https:\/\/vozolpuff.de\/hu\/wp-json\/wp\/v2\/product_tag?post=6178"}],"curies":[{"name":"wp","href":"https:\/\/api.w.org\/{rel}","templated":true}]}}