{"id":6186,"date":"2025-10-09T09:20:01","date_gmt":"2025-10-09T07:20:01","guid":{"rendered":"https:\/\/vozolpuff.de\/?post_type=product&#038;p=6186"},"modified":"2025-10-09T09:20:01","modified_gmt":"2025-10-09T07:20:01","slug":"bang-king-30000-blueberry-ice-strawberry-and-banana","status":"publish","type":"product","link":"https:\/\/vozolpuff.de\/hu\/termek\/bang-king-30000-blueberry-ice-strawberry-and-banana\/","title":{"rendered":"Bang King 30000 \u00c1fony\u00e1s j\u00e9g\/Eper \u00e9s ban\u00e1n"},"content":{"rendered":"<h2 class=\"text-xl font-bold text-text-100 mt-1 -mb-0.5\">Bang King 30000 Blueberry Ice\/Eper \u00e9s ban\u00e1n eldobhat\u00f3 vape<\/h2>\n<p class=\"whitespace-normal break-words\">A Bang King 30000 eldobhat\u00f3 vape a cser\u00e9lhet\u0151 \u00edzekkel Blueberry Ice \u00e9s Strawberry and Banana egyes\u00edti a gy\u00fcm\u00f6lcs\u00f6s v\u00e1ltozatoss\u00e1got a legmodernebb technol\u00f3gi\u00e1val. Az ak\u00e1r 30 000 puffol\u00e1sra k\u00e9pes kapacit\u00e1ssal \u00e9s 36 ml-es e-folyad\u00e9ktart\u00e1llyal ez a k\u00e9sz\u00fcl\u00e9k hetekig tart\u00f3 \u00e9lvezetet k\u00edn\u00e1l \u00fajrat\u00f6lt\u00e9s n\u00e9lk\u00fcl. A 0%, 2%, 3% vagy 5% nikotiner\u0151ss\u00e9ggel kaphat\u00f3, az 550mAh-s akkumul\u00e1tor \u00e1ll\u00edthat\u00f3 l\u00e9g\u00e1raml\u00e1ssal \u00e9s 1,0\u03a9-os h\u00e1l\u00f3s tekerccsel lehet\u0151v\u00e9 teszi az optim\u00e1lis p\u00e1rologtat\u00e1si \u00e9lm\u00e9nyt k\u00e9t teljesen k\u00fcl\u00f6nb\u00f6z\u0151 \u00edzprofillal.<\/p>\n<h3 class=\"text-lg font-bold text-text-100 mt-1 -mb-1.5\">A Blueberry Ice\/Strawberry \u00e9s Banana Edition k\u00fcl\u00f6nleges tulajdons\u00e1gai:<\/h3>\n<p class=\"whitespace-normal break-words\">Ez az innovat\u00edv, eldobhat\u00f3 e-cigaretta 30 000 slukkol\u00e1ssal \u00faj m\u00e9rc\u00e9t \u00e1ll\u00edt fel a kett\u0151s \u00edz funkci\u00f3val \u00e9s a be\u00e9p\u00edtett LCD kijelz\u0151vel. A prec\u00edz 1,0 ohmos h\u00e1l\u00f3s tekercstechnol\u00f3gia mindk\u00e9t \u00edzt t\u00f6k\u00e9letesen kibontja - a jeges \u00e1fony\u00e1s frissess\u00e9gt\u0151l a kr\u00e9mes eper-ban\u00e1nos kompoz\u00edci\u00f3ig. A nagyvonal\u00fa 36 ml folyad\u00e9kmennyis\u00e9g garant\u00e1lja a hosszan tart\u00f3 \u00e9lvezetet, mik\u00f6zben szabadon v\u00e1laszthatja meg az \u00d6n \u00e1ltal prefer\u00e1lt nikotinkoncentr\u00e1ci\u00f3t.<\/p>\n<p class=\"whitespace-normal break-words\">Az er\u0151teljes 550mAh-s akkumul\u00e1tor C-t\u00edpus\u00fa gyorst\u00f6lt\u00e9si funkci\u00f3val megb\u00edzhat\u00f3 teljes\u00edtm\u00e9nyt biztos\u00edt hossz\u00fa v\u00e1rakoz\u00e1si id\u0151 n\u00e9lk\u00fcl. A modern LCD-kijelz\u0151 lehet\u0151v\u00e9 teszi, hogy mindig szemmel tarthassa az akkumul\u00e1tor \u00e1llapot\u00e1t \u00e9s t\u00f6lt\u00f6tts\u00e9gi szintj\u00e9t. Az igazi f\u00e9nypont a dupla gombos technol\u00f3gia: v\u00e1ltson tetsz\u00e9s szerint a friss\u00edt\u0151 Blueberry Ice \u00e9s az \u00e9des Strawberry Banana kre\u00e1ci\u00f3 k\u00f6z\u00f6tt - k\u00e9t teljesen k\u00fcl\u00f6n\u00e1ll\u00f3 \u00edzvil\u00e1g egy k\u00e9zre\u00e1ll\u00f3 k\u00e9sz\u00fcl\u00e9kben.<\/p>\n<p class=\"whitespace-normal break-words\">Ak\u00e1r \u00faj vagy a p\u00e1rol\u00e1s vil\u00e1g\u00e1ban, ak\u00e1r m\u00e1r van tapasztalata, a Bang King 30000 leny\u0171g\u00f6zi felhaszn\u00e1l\u00f3bar\u00e1ts\u00e1g\u00e1val, els\u0151 oszt\u00e1ly\u00fa kivitelez\u00e9s\u00e9vel \u00e9s kiv\u00e1l\u00f3 \u00edzmin\u0151s\u00e9g\u00e9vel. A kett\u0151s \u00edzfunkci\u00f3 maxim\u00e1lis rugalmass\u00e1got k\u00edn\u00e1l minden pillanatban.<\/p>\n<h3 class=\"text-lg font-bold text-text-100 mt-1 -mb-1.5\">M\u0171szaki adatok:<\/h3>\n<p class=\"whitespace-normal break-words\"><strong>Vonatok:<\/strong> Ak\u00e1r 30,000 f\u00faj\u00e1s<br \/>\n<strong>Folyad\u00e9ktartalom:<\/strong> 36ml<br \/>\n<strong>Nikotin:<\/strong> 0%, 2%, 3%, 5%<br \/>\n<strong>T\u00edpus:<\/strong> Eldobhat\u00f3<br \/>\n<strong>Akkumul\u00e1tor:<\/strong> 550mAh akkumul\u00e1tor<br \/>\n<strong>L\u00e9g\u00e1raml\u00e1s:<\/strong> \u00c1ll\u00edthat\u00f3<br \/>\n<strong>A f\u0171t\u0151tekercs ellen\u00e1ll\u00e1sa:<\/strong> 1.0\u03a9 Mesh tekercs<\/p>\n<h3 class=\"text-lg font-bold text-text-100 mt-1 -mb-1.5\">Fedezzen fel t\u00f6bb BANG VAPE-t a vozolpuff-on<\/h3>\n<p class=\"whitespace-normal break-words\">L\u00e1togasson el a <strong><a class=\"underline\" href=\"https:\/\/vozolpuff.de\/hu\/\">E-cigaretta online bolt<\/a><\/strong> tov\u00e1bbi kiv\u00e1l\u00f3 min\u0151s\u00e9g\u0171 term\u00e9kek\u00e9rt, fedezze fel a teljes <strong><a class=\"underline\" href=\"https:\/\/vozolpuff.de\/hu\/product-category\/bang-vape\/\">BANG VAPE kollekci\u00f3<\/a><\/strong> vagy b\u00f6ng\u00e9szhet az \u00f6sszes el\u00e9rhet\u0151 <strong><a class=\"underline\" href=\"https:\/\/vozolpuff.de\/hu\/product-category\/bang-vape\/bang-king-30000\/\">Bang King 30000 \u00edz<\/a><\/strong> a t\u00f6k\u00e9letes g\u0151zf\u00fcrd\u0151z\u00e9shez.<\/p>","protected":false},"excerpt":{"rendered":"<p class=\"whitespace-normal break-words\">Gy\u00fcm\u00f6lcs\u00f6s v\u00e1ltozatoss\u00e1g a Bang King 30000 Blueberry Ice\/Strawberry \u00e9s Banana eldobhat\u00f3 vape-vel. Ak\u00e1r 30 000 slukk 36 ml-es tart\u00e1lyb\u00f3l - v\u00e1ltson a jeges \u00e1fony\u00e1s frissess\u00e9g \u00e9s a kr\u00e9mes eper-ban\u00e1nos kompoz\u00edci\u00f3 k\u00f6z\u00f6tt. 550mAh akkumul\u00e1tor Type-C gyorst\u00f6lt\u00e9ssel, LCD kijelz\u0151n l\u00e1that\u00f3 az akkumul\u00e1tor \u00e9s a folyad\u00e9k szintje. Az 1,0\u03a9-os h\u00e1l\u00f3s tekercs mindk\u00e9t \u00edzt t\u00f6k\u00e9letesen kibontja. \u00c1ll\u00edthat\u00f3 l\u00e9g\u00e1raml\u00e1s \u00e9s n\u00e9gy nikotin er\u0151ss\u00e9g a szem\u00e9lyre szabott \u00e9lvezet\u00e9rt.<\/p>\n<p class=\"whitespace-normal break-words\">","protected":false},"featured_media":6188,"comment_status":"open","ping_status":"closed","template":"","meta":{"_acf_changed":false},"product_brand":[],"product_cat":[74],"product_tag":[],"class_list":{"0":"post-6186","1":"product","2":"type-product","3":"status-publish","4":"has-post-thumbnail","6":"product_cat-bang-king-30000","8":"first","9":"instock","10":"shipping-taxable","11":"purchasable","12":"product-type-variable"},"acf":[],"_links":{"self":[{"href":"https:\/\/vozolpuff.de\/hu\/wp-json\/wp\/v2\/product\/6186","targetHints":{"allow":["GET"]}}],"collection":[{"href":"https:\/\/vozolpuff.de\/hu\/wp-json\/wp\/v2\/product"}],"about":[{"href":"https:\/\/vozolpuff.de\/hu\/wp-json\/wp\/v2\/types\/product"}],"replies":[{"embeddable":true,"href":"https:\/\/vozolpuff.de\/hu\/wp-json\/wp\/v2\/comments?post=6186"}],"wp:featuredmedia":[{"embeddable":true,"href":"https:\/\/vozolpuff.de\/hu\/wp-json\/wp\/v2\/media\/6188"}],"wp:attachment":[{"href":"https:\/\/vozolpuff.de\/hu\/wp-json\/wp\/v2\/media?parent=6186"}],"wp:term":[{"taxonomy":"product_brand","embeddable":true,"href":"https:\/\/vozolpuff.de\/hu\/wp-json\/wp\/v2\/product_brand?post=6186"},{"taxonomy":"product_cat","embeddable":true,"href":"https:\/\/vozolpuff.de\/hu\/wp-json\/wp\/v2\/product_cat?post=6186"},{"taxonomy":"product_tag","embeddable":true,"href":"https:\/\/vozolpuff.de\/hu\/wp-json\/wp\/v2\/product_tag?post=6186"}],"curies":[{"name":"wp","href":"https:\/\/api.w.org\/{rel}","templated":true}]}}