{"id":6210,"date":"2025-10-09T09:27:07","date_gmt":"2025-10-09T07:27:07","guid":{"rendered":"https:\/\/vozolpuff.de\/?post_type=product&#038;p=6210"},"modified":"2025-10-09T09:27:07","modified_gmt":"2025-10-09T07:27:07","slug":"bang-king-30000-red-bull-blueberry-watermelon","status":"publish","type":"product","link":"https:\/\/vozolpuff.de\/hu\/termek\/bang-king-30000-red-bull-blueberry-watermelon\/","title":{"rendered":"Bang King 30000 Red Bull\/\u00e1fonya g\u00f6r\u00f6gdinnye"},"content":{"rendered":"<h2 class=\"text-xl font-bold text-text-100 mt-1 -mb-0.5\">Bang King 30000 Red Bull\/Blueberry Watermelon eldobhat\u00f3 vape<\/h2>\n<p class=\"whitespace-normal break-words\">Fedezze fel az energia \u00e9s a gy\u00fcm\u00f6lcs tal\u00e1lkoz\u00e1s\u00e1t a Bang King 30000 Red Bull\/Blueberry Watermelon eldobhat\u00f3 e-cigarett\u00e1val. Ez az innovat\u00edv eszk\u00f6z ak\u00e1r 30 000 slukkot biztos\u00edt egy 36 ml-es el\u0151re felt\u00f6lt\u00f6tt tart\u00e1lyb\u00f3l, \u00e9s k\u00e9t teljesen k\u00fcl\u00f6nb\u00f6z\u0151 \u00edzvil\u00e1g k\u00f6z\u00f6tt v\u00e1lthat. 0%, 2%, 3% vagy 5% nikotin opci\u00f3kkal, 550 mAh-s akkumul\u00e1torral, szab\u00e1lyozhat\u00f3 l\u00e9g\u00e1raml\u00e1ssal \u00e9s 1,0 \u03a9-os h\u00e1l\u00f3s tekercsel maxim\u00e1lis rugalmass\u00e1got kap: energikus Red Bull \u00edz vagy gy\u00fcm\u00f6lcs\u00f6s-friss Blueberry Watermelon kombin\u00e1ci\u00f3.<\/p>\n<h3 class=\"text-lg font-bold text-text-100 mt-1 -mb-1.5\">A Red Bull\/Blueberry Watermelon Edition term\u00e9k jellemz\u0151i:<\/h3>\n<p class=\"whitespace-normal break-words\">A Bang King 30000 LCD kijelz\u0151vel \u00e9s kett\u0151s \u00edzrendszerrel \u00faj m\u00e9rc\u00e9t \u00e1ll\u00edt az eldobhat\u00f3 e-cigarett\u00e1k ter\u00fclet\u00e9n. Hatalmas, 30 000 sz\u00edv\u00e1sra alkalmas kapacit\u00e1s\u00e1val \u00e9s a legmodernebb 1,0 ohmos h\u00e1l\u00f3s tekercs technol\u00f3gi\u00e1j\u00e1val \u00e1lland\u00f3an intenz\u00edv \u00edzeket biztos\u00edt. A b\u0151s\u00e9ges 36 ml-es folyad\u00e9kmennyis\u00e9g hossz\u00fa \u00e9lvezetet garant\u00e1l, mik\u00f6zben n\u00e9gy nikotinszint k\u00f6z\u00fcl v\u00e1laszthat.<\/p>\n<p class=\"whitespace-normal break-words\">A nagy teljes\u00edtm\u00e9ny\u0171, 550 mAh-s akkumul\u00e1tor Type-C gyorst\u00f6lt\u00e9si funkci\u00f3val megb\u00edzhat\u00f3 teljes\u00edtm\u00e9nyt biztos\u00edt hossz\u00fa sz\u00fcnetek n\u00e9lk\u00fcl. Az informat\u00edv LCD-kijelz\u0151n b\u00e1rmikor l\u00e1that\u00f3 az akkumul\u00e1tor kapacit\u00e1sa \u00e9s t\u00f6lt\u00f6tts\u00e9gi szintje. Az innovat\u00edv Double Taste technol\u00f3gia a k\u00f6z\u00e9ppontban \u00e1ll: v\u00e1ltson spont\u00e1n az ikonikus Red Bull Energy \u00edz \u00e9s a friss\u00edt\u0151 Blueberry Watermelon \u00edz k\u00f6z\u00f6tt \u2013 k\u00e9t k\u00fcl\u00f6n\u00e1ll\u00f3 aroma k\u00fcl\u00f6nb\u00f6z\u0151 pillanatokhoz.<\/p>\n<p class=\"whitespace-normal break-words\">A Bang King 30000-et ig\u00e9nyes g\u0151z\u00f6l\u0151k sz\u00e1m\u00e1ra fejlesztett\u00e9k ki, akik \u00e9rt\u00e9kelik a sokoldal\u00fas\u00e1got \u00e9s a pr\u00e9mium min\u0151s\u00e9get. A nagy kapacit\u00e1s, a modern technol\u00f3gia \u00e9s a k\u00e9t kontrasztos \u00edz kombin\u00e1ci\u00f3ja teszi t\u00f6k\u00e9letes eg\u00e9sz napos g\u0151z\u00f6l\u0151v\u00e9.<\/p>\n<h3 class=\"text-lg font-bold text-text-100 mt-1 -mb-1.5\">M\u0171szaki adatok:<\/h3>\n<p class=\"whitespace-normal break-words\"><strong>Vonatok:<\/strong> Ak\u00e1r 30,000 f\u00faj\u00e1s<br \/>\n<strong>Folyad\u00e9ktartalom:<\/strong> 36ml<br \/>\n<strong>Nikotin:<\/strong> 0%, 2%, 3%, 5%<br \/>\n<strong>T\u00edpus:<\/strong> Eldobhat\u00f3<br \/>\n<strong>Akkumul\u00e1tor:<\/strong> 550mAh akkumul\u00e1tor<br \/>\n<strong>L\u00e9g\u00e1raml\u00e1s:<\/strong> \u00c1ll\u00edthat\u00f3<br \/>\n<strong>A f\u0171t\u0151tekercs ellen\u00e1ll\u00e1sa:<\/strong> 1.0\u03a9 Mesh tekercs<\/p>\n<h3 class=\"text-lg font-bold text-text-100 mt-1 -mb-1.5\">Fedezzen fel t\u00f6bb BANG VAPE-t a vozolpuff-on<\/h3>\n<p class=\"whitespace-normal break-words\">L\u00e1togasson el a <strong><a class=\"underline\" href=\"https:\/\/vozolpuff.de\/hu\/\">E-cigaretta online bolt<\/a><\/strong> tov\u00e1bbi kiv\u00e1l\u00f3 min\u0151s\u00e9g\u0171 term\u00e9kek\u00e9rt, fedezze fel a teljes <strong><a class=\"underline\" href=\"https:\/\/vozolpuff.de\/hu\/product-category\/bang-vape\/\">BANG VAPE kollekci\u00f3<\/a><\/strong> vagy b\u00f6ng\u00e9szhet az \u00f6sszes el\u00e9rhet\u0151 <strong><a class=\"underline\" href=\"https:\/\/vozolpuff.de\/hu\/product-category\/bang-vape\/bang-king-30000\/\">Bang King 30000 \u00edz<\/a><\/strong> a t\u00f6k\u00e9letes g\u0151zf\u00fcrd\u0151z\u00e9shez.<\/p>","protected":false},"excerpt":{"rendered":"<p class=\"whitespace-normal break-words\">Az energia \u00e9s a gy\u00fcm\u00f6lcs tal\u00e1lkozik a Bang King 30000 Red Bull\/Blueberry Watermelon eldobhat\u00f3 vape-ban. Ak\u00e1r 30 000 slukk 36 ml-es tart\u00e1lyb\u00f3l \u2013 v\u00e1ltson az energiz\u00e1l\u00f3 Red Bull \u00edz \u00e9s a friss\u00edt\u0151 Blueberry Watermelon k\u00f6z\u00f6tt. 550 mAh-s akkumul\u00e1tor Type-C gyorst\u00f6lt\u00e9ssel, LCD-kijelz\u0151 az akkumul\u00e1tor kapacit\u00e1s\u00e1nak \u00e9s t\u00f6lt\u00f6tts\u00e9gi szintj\u00e9nek megjelen\u00edt\u00e9s\u00e9hez. 1,0 \u03a9-os h\u00e1l\u00f3s tekercs biztos\u00edtja az \u00e1lland\u00f3an intenz\u00edv \u00edzeket. \u00c1ll\u00edthat\u00f3 l\u00e9g\u00e1raml\u00e1s \u00e9s n\u00e9gy nikotinszint \u00e1ll rendelkez\u00e9sre.<\/p>\n<p class=\"whitespace-normal break-words\">","protected":false},"featured_media":6212,"comment_status":"open","ping_status":"closed","template":"","meta":{"_acf_changed":false},"product_brand":[],"product_cat":[74],"product_tag":[],"class_list":{"0":"post-6210","1":"product","2":"type-product","3":"status-publish","4":"has-post-thumbnail","6":"product_cat-bang-king-30000","8":"first","9":"instock","10":"shipping-taxable","11":"purchasable","12":"product-type-variable"},"acf":[],"_links":{"self":[{"href":"https:\/\/vozolpuff.de\/hu\/wp-json\/wp\/v2\/product\/6210","targetHints":{"allow":["GET"]}}],"collection":[{"href":"https:\/\/vozolpuff.de\/hu\/wp-json\/wp\/v2\/product"}],"about":[{"href":"https:\/\/vozolpuff.de\/hu\/wp-json\/wp\/v2\/types\/product"}],"replies":[{"embeddable":true,"href":"https:\/\/vozolpuff.de\/hu\/wp-json\/wp\/v2\/comments?post=6210"}],"wp:featuredmedia":[{"embeddable":true,"href":"https:\/\/vozolpuff.de\/hu\/wp-json\/wp\/v2\/media\/6212"}],"wp:attachment":[{"href":"https:\/\/vozolpuff.de\/hu\/wp-json\/wp\/v2\/media?parent=6210"}],"wp:term":[{"taxonomy":"product_brand","embeddable":true,"href":"https:\/\/vozolpuff.de\/hu\/wp-json\/wp\/v2\/product_brand?post=6210"},{"taxonomy":"product_cat","embeddable":true,"href":"https:\/\/vozolpuff.de\/hu\/wp-json\/wp\/v2\/product_cat?post=6210"},{"taxonomy":"product_tag","embeddable":true,"href":"https:\/\/vozolpuff.de\/hu\/wp-json\/wp\/v2\/product_tag?post=6210"}],"curies":[{"name":"wp","href":"https:\/\/api.w.org\/{rel}","templated":true}]}}