{"id":6218,"date":"2025-10-09T09:29:30","date_gmt":"2025-10-09T07:29:30","guid":{"rendered":"https:\/\/vozolpuff.de\/?post_type=product&#038;p=6218"},"modified":"2025-10-09T09:29:30","modified_gmt":"2025-10-09T07:29:30","slug":"bang-king-30000-red-bull-watermelon-bubble-candy","status":"publish","type":"product","link":"https:\/\/vozolpuff.de\/hu\/termek\/bang-king-30000-red-bull-watermelon-bubble-candy\/","title":{"rendered":"Bang King 30000 Red Bull\/ g\u00f6r\u00f6gdinnye bubor\u00e9kos cukorka"},"content":{"rendered":"<h2 class=\"text-xl font-bold text-text-100 mt-1 -mb-0.5\">Bang King 30000 Red Bull\/Watermelon Bubble Candy eldobhat\u00f3 vape<\/h2>\n<p class=\"whitespace-normal break-words\">A Bang King 30000 Red Bull\/Watermelon Bubble Candy eldobhat\u00f3 vape \u00f6tv\u00f6zi az energia-l\u00f6ketet \u00e9s az \u00e9des nosztalgi\u00e1t. Leny\u0171g\u00f6z\u0151 30 000 slukkot biztos\u00edt egy 36 ml-es, el\u0151re felt\u00f6lt\u00f6tt tart\u00e1lyb\u00f3l, \u00edgy ez a pr\u00e9mium eszk\u00f6z maxim\u00e1lis tart\u00f3ss\u00e1got k\u00edn\u00e1l. V\u00e1lasszon a 0%, 2%, 3% vagy 5% nikotin k\u00f6z\u00fcl, \u00e9s \u00e9lvezze az 550 mAh-s akkumul\u00e1tor, az \u00e1ll\u00edthat\u00f3 l\u00e9g\u00e1raml\u00e1s \u00e9s az 1,0 \u03a9-os h\u00e1l\u00f3s tekercs el\u0151nyeit. \u00c9lvezze a szabads\u00e1got, hogy v\u00e1lthasson a kifinomult Red Bull aroma \u00e9s a j\u00e1t\u00e9kos Watermelon Bubble Candy k\u00f6z\u00f6tt \u2013 k\u00e9t k\u00fcl\u00f6n\u00e1ll\u00f3 \u00edz egy eszk\u00f6zben.<\/p>\n<h3 class=\"text-lg font-bold text-text-100 mt-1 -mb-1.5\">A Red Bull\/Watermelon Bubble Candy v\u00e1ltozat legfontosabb jellemz\u0151i:<\/h3>\n<p class=\"whitespace-normal break-words\">Ez a rendk\u00edv\u00fcli, 30 000 slukkra k\u00e9pes, LCD kijelz\u0151vel ell\u00e1tott eldobhat\u00f3 e-cigaretta innovat\u00edv kett\u0151s \u00edztechnol\u00f3gi\u00e1j\u00e1val \u00e9s kiv\u00e1l\u00f3 kivitel\u00e9vel ny\u0171g\u00f6zi le a felhaszn\u00e1l\u00f3kat. A prec\u00edz 1,0 ohmos h\u00e1l\u00f3s tekercs mindk\u00e9t \u00edzt optim\u00e1lisan fejti ki \u2013 az \u00e9l\u00e9nk\u00edt\u0151 Red Bull-t\u00f3l az \u00e9des Watermelon Bubble Candy-ig. A 36 ml-es kapacit\u00e1snak k\u00f6sz\u00f6nhet\u0151en hetekig \u00e9lvezheti a g\u0151z\u00f6lg\u00e9s \u00f6r\u00f6m\u00e9t, mik\u00f6zben szabadon meghat\u00e1rozhatja a kedvenc nikotinszintj\u00e9t.<\/p>\n<p class=\"whitespace-normal break-words\">A megb\u00edzhat\u00f3 550 mAh-s akkumul\u00e1tor Type-C gyors t\u00f6lt\u0151csatlakoz\u00f3val biztos\u00edtja a folyamatos teljes\u00edtm\u00e9nyt \u00e9s a minim\u00e1lis t\u00f6lt\u00e9si id\u0151t. A modern LCD-kijelz\u0151 \u00e1tl\u00e1that\u00f3an t\u00e1j\u00e9koztatja \u00d6nt az akkumul\u00e1tor t\u00f6lt\u00f6tts\u00e9gi \u00e1llapot\u00e1r\u00f3l \u00e9s a marad\u00e9k folyad\u00e9k mennyis\u00e9g\u00e9r\u0151l. A kiemelked\u0151 kett\u0151s gomb funkci\u00f3 teszi a k\u00fcl\u00f6nbs\u00e9get: v\u00e1lasszon kedv\u00e9re az energiz\u00e1l\u00f3 Red Bull \u00edz \u00e9s a nosztalgikus, \u00e9des Watermelon Bubble Candy k\u00f6z\u00f6tt \u2013 t\u00f6k\u00e9letes minden napszakban.<\/p>\n<p class=\"whitespace-normal break-words\">Ak\u00e1r tapasztalt vaper vagy \u00fajonc \u2013 a Bang King 30000 maxim\u00e1lis kapacit\u00e1st \u00f6tv\u00f6z felhaszn\u00e1l\u00f3bar\u00e1t kezelhet\u0151s\u00e9ggel \u00e9s rendk\u00edv\u00fcli \u00edzv\u00e1laszt\u00e9kkal. Eleg\u00e1ns kialak\u00edt\u00e1sa \u00e9s technikai kifinomults\u00e1ga els\u0151 oszt\u00e1ly\u00fa v\u00e1laszt\u00e1ss\u00e1 teszi.<\/p>\n<h3 class=\"text-lg font-bold text-text-100 mt-1 -mb-1.5\">M\u0171szaki adatok:<\/h3>\n<p class=\"whitespace-normal break-words\"><strong>Vonatok:<\/strong> Ak\u00e1r 30,000 f\u00faj\u00e1s<br \/>\n<strong>Folyad\u00e9ktartalom:<\/strong> 36ml<br \/>\n<strong>Nikotin:<\/strong> 0%, 2%, 3%, 5%<br \/>\n<strong>T\u00edpus:<\/strong> Eldobhat\u00f3<br \/>\n<strong>Akkumul\u00e1tor:<\/strong> 550mAh akkumul\u00e1tor<br \/>\n<strong>L\u00e9g\u00e1raml\u00e1s:<\/strong> \u00c1ll\u00edthat\u00f3<br \/>\n<strong>A f\u0171t\u0151tekercs ellen\u00e1ll\u00e1sa:<\/strong> 1.0\u03a9 Mesh tekercs<\/p>\n<h3 class=\"text-lg font-bold text-text-100 mt-1 -mb-1.5\">Fedezzen fel t\u00f6bb BANG VAPE-t a vozolpuff-on<\/h3>\n<p class=\"whitespace-normal break-words\">B\u00f6ng\u00e9sszen a <strong><a class=\"underline\" href=\"https:\/\/vozolpuff.de\/hu\/\">E-cigaretta online bolt<\/a><\/strong> Tov\u00e1bbi kiemelt term\u00e9kek\u00e9rt fedezze fel a teljes term\u00e9kv\u00e1laszt\u00e9kot a <strong><a class=\"underline\" href=\"https:\/\/vozolpuff.de\/hu\/product-category\/bang-vape\/\">BANG VAPE sorozat<\/a><\/strong> vagy tal\u00e1lja meg kedvenc fajt\u00e1j\u00e1t az \u00f6sszes k\u00f6z\u00fcl <strong><a class=\"underline\" href=\"https:\/\/vozolpuff.de\/hu\/product-category\/bang-vape\/bang-king-30000\/\">Bang King 30000 \u00edz<\/a><\/strong>.<\/p>","protected":false},"excerpt":{"rendered":"<p class=\"whitespace-normal break-words\">Az energia \u00e9s az \u00e9dess\u00e9g tal\u00e1lkoz\u00e1sa a Bang King 30000 Red Bull\/Watermelon Bubble Candy eldobhat\u00f3 e-cigarett\u00e1val. Ak\u00e1r 30 000 slukk 36 ml-es tart\u00e1lyb\u00f3l \u2013 v\u00e1ltson az \u00e9l\u00e9nk\u00edt\u0151 Red Bull \u00e9s a nosztalgikus Watermelon Bubble Candy k\u00f6z\u00f6tt. 550 mAh-s akkumul\u00e1tor Type-C gyorst\u00f6lt\u00e9ssel, LCD-kijelz\u0151 az akkumul\u00e1tor t\u00f6lt\u00f6tts\u00e9gi \u00e1llapot\u00e1nak \u00e9s a folyad\u00e9kmennyis\u00e9gnek a megjelen\u00edt\u00e9s\u00e9hez. 1,0 \u03a9-os h\u00e1l\u00f3s tekercs mindk\u00e9t \u00edzt optim\u00e1lisan fejti ki. \u00c1ll\u00edthat\u00f3 l\u00e9g\u00e1raml\u00e1s \u00e9s n\u00e9gy nikotinszint k\u00f6z\u00fcl v\u00e1laszthat.<\/p>\n<p class=\"whitespace-normal break-words\">","protected":false},"featured_media":6220,"comment_status":"open","ping_status":"closed","template":"","meta":{"_acf_changed":false},"product_brand":[],"product_cat":[74],"product_tag":[],"class_list":{"0":"post-6218","1":"product","2":"type-product","3":"status-publish","4":"has-post-thumbnail","6":"product_cat-bang-king-30000","8":"first","9":"instock","10":"shipping-taxable","11":"purchasable","12":"product-type-variable"},"acf":[],"_links":{"self":[{"href":"https:\/\/vozolpuff.de\/hu\/wp-json\/wp\/v2\/product\/6218","targetHints":{"allow":["GET"]}}],"collection":[{"href":"https:\/\/vozolpuff.de\/hu\/wp-json\/wp\/v2\/product"}],"about":[{"href":"https:\/\/vozolpuff.de\/hu\/wp-json\/wp\/v2\/types\/product"}],"replies":[{"embeddable":true,"href":"https:\/\/vozolpuff.de\/hu\/wp-json\/wp\/v2\/comments?post=6218"}],"wp:featuredmedia":[{"embeddable":true,"href":"https:\/\/vozolpuff.de\/hu\/wp-json\/wp\/v2\/media\/6220"}],"wp:attachment":[{"href":"https:\/\/vozolpuff.de\/hu\/wp-json\/wp\/v2\/media?parent=6218"}],"wp:term":[{"taxonomy":"product_brand","embeddable":true,"href":"https:\/\/vozolpuff.de\/hu\/wp-json\/wp\/v2\/product_brand?post=6218"},{"taxonomy":"product_cat","embeddable":true,"href":"https:\/\/vozolpuff.de\/hu\/wp-json\/wp\/v2\/product_cat?post=6218"},{"taxonomy":"product_tag","embeddable":true,"href":"https:\/\/vozolpuff.de\/hu\/wp-json\/wp\/v2\/product_tag?post=6218"}],"curies":[{"name":"wp","href":"https:\/\/api.w.org\/{rel}","templated":true}]}}