{"id":6226,"date":"2025-10-09T09:31:48","date_gmt":"2025-10-09T07:31:48","guid":{"rendered":"https:\/\/vozolpuff.de\/?post_type=product&#038;p=6226"},"modified":"2025-10-09T09:31:48","modified_gmt":"2025-10-09T07:31:48","slug":"bang-king-30000-strawberry-and-watermelon-grape-ice","status":"publish","type":"product","link":"https:\/\/vozolpuff.de\/hu\/termek\/bang-king-30000-strawberry-and-watermelon-grape-ice\/","title":{"rendered":"Bang King 30000 Eper \u00e9s g\u00f6r\u00f6gdinnye\/sz\u0151l\u0151 j\u00e9g"},"content":{"rendered":"<h2 class=\"text-xl font-bold text-text-100 mt-1 -mb-0.5\">Bang King 30000 Eper \u00e9s g\u00f6r\u00f6gdinnye\/sz\u0151l\u0151 j\u00e9g egyszeri haszn\u00e1latos e-cigaretta<\/h2>\n<p class=\"whitespace-normal break-words\">A Bang King 30000 Strawberry And Watermelon\/Grape Ice eldobhat\u00f3 vape ny\u00e1ri gy\u00fcm\u00f6lcs\u00f6ss\u00e9get \u00e9s friss\u00edt\u0151 h\u0171v\u00f6ss\u00e9get \u00f6tv\u00f6z. \u00c9lvezze a nagylelk\u0171 36 ml-es e-liquid tart\u00e1lyb\u00f3l ak\u00e1r 30 000 slukkot, 0%, 2%, 3% vagy 5% nikotintartalommal, amelyeket egy\u00e9nileg v\u00e1laszthat ki. Er\u0151teljes 550 mAh-s akkumul\u00e1torral, \u00e1ll\u00edthat\u00f3 l\u00e9g\u00e1raml\u00e1ssal \u00e9s kiv\u00e1l\u00f3 min\u0151s\u00e9g\u0171 1,0 \u03a9-os h\u00e1l\u00f3s tekercsel ell\u00e1tott modell k\u00e9t k\u00fcl\u00f6n\u00e1ll\u00f3 \u00edz\u00e9lm\u00e9nyt ny\u00fajt: \u00e9des eper-g\u00f6r\u00f6gdinnye f\u00fazi\u00f3t \u00e9s j\u00e9ghideg sz\u0151l\u0151 jeget.<\/p>\n<h3 class=\"text-lg font-bold text-text-100 mt-1 -mb-1.5\">A Strawberry And Watermelon\/Grape Ice Edition k\u00fcl\u00f6nleges jellemz\u0151i:<\/h3>\n<p class=\"whitespace-normal break-words\">Ez a kiv\u00e1l\u00f3 min\u0151s\u00e9g\u0171, 30 000 sz\u00edv\u00e1sra alkalmas, be\u00e9p\u00edtett LCD-kijelz\u0151vel ell\u00e1tott eldobhat\u00f3 e-cigaretta p\u00e1ratlan g\u0151z\u00e9lm\u00e9nyt ny\u00fajt kett\u0151s \u00edz\u0171 innov\u00e1ci\u00f3j\u00e1nak k\u00f6sz\u00f6nhet\u0151en. Az optimaliz\u00e1lt 1,0 ohmos h\u00e1l\u00f3s tekercs technol\u00f3gia biztos\u00edtja mindk\u00e9t aroma hiteles \u00edz\u00e9t, m\u00edg a 36 ml-es tart\u00e1ly hossz\u00fa \u00e9lvezetet garant\u00e1l \u00fajrat\u00f6lt\u00e9s n\u00e9lk\u00fcl. A nikotin koncentr\u00e1ci\u00f3j\u00e1t saj\u00e1t ig\u00e9nyeihez igaz\u00edthatja.<\/p>\n<p class=\"whitespace-normal break-words\">A robusztus 550 mAh-s akkumul\u00e1tor modern Type-C gyors t\u00f6lt\u00e9si technol\u00f3gi\u00e1val biztos\u00edtja az \u00e1lland\u00f3 teljes\u00edtm\u00e9nyt \u00e9s a r\u00f6vid t\u00f6lt\u00e9si ciklusokat. A j\u00f3l \u00e1ttekinthet\u0151 LCD-kijelz\u0151 folyamatosan t\u00e1j\u00e9koztatja \u00d6nt az akkumul\u00e1tor \u00e1llapot\u00e1r\u00f3l \u00e9s a folyad\u00e9k mennyis\u00e9g\u00e9r\u0151l. K\u00fcl\u00f6nleges funkci\u00f3: a dupla gomb funkci\u00f3 lehet\u0151v\u00e9 teszi a k\u00f6nny\u0171 v\u00e1lt\u00e1st a ny\u00e1ri eper-g\u00f6r\u00f6gdinnye kombin\u00e1ci\u00f3 \u00e9s a friss\u00edt\u0151 sz\u0151l\u0151j\u00e9g k\u00f6z\u00f6tt \u2013 k\u00e9t teljesen k\u00fcl\u00f6nb\u00f6z\u0151 \u00edz a maxim\u00e1lis v\u00e1ltozatoss\u00e1g\u00e9rt.<\/p>\n<p class=\"whitespace-normal break-words\">A Bang King 30000-et azoknak a g\u0151z\u00f6l\u0151knek tervezt\u00e9k, akik pr\u00e9mium min\u0151s\u00e9get, nagy kapacit\u00e1st \u00e9s val\u00f3di \u00edzv\u00e1ltozatoss\u00e1got keresnek. A \u00e1tgondolt kialak\u00edt\u00e1s \u00e9s a kiv\u00e1l\u00f3 min\u0151s\u00e9g\u0171 kivitelez\u00e9s ide\u00e1lis t\u00e1rs\u00e1v\u00e1 teszi.<\/p>\n<h3 class=\"text-lg font-bold text-text-100 mt-1 -mb-1.5\">M\u0171szaki adatok:<\/h3>\n<p class=\"whitespace-normal break-words\"><strong>Vonatok:<\/strong> Ak\u00e1r 30,000 f\u00faj\u00e1s<br \/>\n<strong>Folyad\u00e9ktartalom:<\/strong> 36ml<br \/>\n<strong>Nikotin:<\/strong> 0%, 2%, 3%, 5%<br \/>\n<strong>T\u00edpus:<\/strong> Eldobhat\u00f3<br \/>\n<strong>Akkumul\u00e1tor:<\/strong> 550mAh akkumul\u00e1tor<br \/>\n<strong>L\u00e9g\u00e1raml\u00e1s:<\/strong> \u00c1ll\u00edthat\u00f3<br \/>\n<strong>A f\u0171t\u0151tekercs ellen\u00e1ll\u00e1sa:<\/strong> 1.0\u03a9 Mesh tekercs<\/p>\n<h3 class=\"text-lg font-bold text-text-100 mt-1 -mb-1.5\">Fedezzen fel t\u00f6bb BANG VAPE-t a vozolpuff-on<\/h3>\n<p class=\"whitespace-normal break-words\">Fedezzen fel t\u00f6bb pr\u00e9mium term\u00e9ket a <strong><a class=\"underline\" href=\"https:\/\/vozolpuff.de\/hu\/\">E-cigaretta online bolt<\/a><\/strong>fedezze fel az eg\u00e9sz <strong><a class=\"underline\" href=\"https:\/\/vozolpuff.de\/hu\/product-category\/bang-vape\/\">BANG VAPE term\u00e9kv\u00e1laszt\u00e9k<\/a><\/strong> vagy b\u00f6ng\u00e9szhet az \u00f6sszes <strong><a class=\"underline\" href=\"https:\/\/vozolpuff.de\/hu\/product-category\/bang-vape\/bang-king-30000\/\">Bang King 30000 \u00edzv\u00e1ltozat<\/a><\/strong> a t\u00f6k\u00e9letes g\u0151z\u00f6l\u00e9si \u00e9lm\u00e9ny\u00e9rt.<\/p>","protected":false},"excerpt":{"rendered":"<p class=\"whitespace-normal break-words\">A ny\u00e1ri gy\u00fcm\u00f6lcs\u00f6k \u00e9s a jeges h\u0171v\u00f6ss\u00e9g tal\u00e1lkozik a Bang King 30000 Strawberry And Watermelon\/Grape Ice eldobhat\u00f3 vape-ban. Ak\u00e1r 30 000 slukk 36 ml-es tart\u00e1lyb\u00f3l \u2013 v\u00e1ltson a \u00e9des eper-g\u00f6r\u00f6gdinnye f\u00fazi\u00f3 \u00e9s a friss\u00edt\u0151 Grape Ice k\u00f6z\u00f6tt. 550 mAh-s akkumul\u00e1tor Type-C gyorst\u00f6lt\u00e9ssel, LCD-kijelz\u0151 az akkumul\u00e1tor t\u00f6lt\u00f6tts\u00e9gi \u00e1llapot\u00e1nak \u00e9s a folyad\u00e9kmennyis\u00e9gnek a megjelen\u00edt\u00e9s\u00e9hez. 1,0 \u03a9-os h\u00e1l\u00f3s tekercs mindk\u00e9t \u00edzt hitelesen adja vissza. \u00c1ll\u00edthat\u00f3 l\u00e9g\u00e1raml\u00e1s \u00e9s n\u00e9gy nikotinszint \u00e1ll rendelkez\u00e9sre.<\/p>\n<p class=\"whitespace-normal break-words\">","protected":false},"featured_media":6228,"comment_status":"open","ping_status":"closed","template":"","meta":{"_acf_changed":false},"product_brand":[],"product_cat":[74],"product_tag":[],"class_list":{"0":"post-6226","1":"product","2":"type-product","3":"status-publish","4":"has-post-thumbnail","6":"product_cat-bang-king-30000","8":"first","9":"instock","10":"shipping-taxable","11":"purchasable","12":"product-type-variable"},"acf":[],"_links":{"self":[{"href":"https:\/\/vozolpuff.de\/hu\/wp-json\/wp\/v2\/product\/6226","targetHints":{"allow":["GET"]}}],"collection":[{"href":"https:\/\/vozolpuff.de\/hu\/wp-json\/wp\/v2\/product"}],"about":[{"href":"https:\/\/vozolpuff.de\/hu\/wp-json\/wp\/v2\/types\/product"}],"replies":[{"embeddable":true,"href":"https:\/\/vozolpuff.de\/hu\/wp-json\/wp\/v2\/comments?post=6226"}],"wp:featuredmedia":[{"embeddable":true,"href":"https:\/\/vozolpuff.de\/hu\/wp-json\/wp\/v2\/media\/6228"}],"wp:attachment":[{"href":"https:\/\/vozolpuff.de\/hu\/wp-json\/wp\/v2\/media?parent=6226"}],"wp:term":[{"taxonomy":"product_brand","embeddable":true,"href":"https:\/\/vozolpuff.de\/hu\/wp-json\/wp\/v2\/product_brand?post=6226"},{"taxonomy":"product_cat","embeddable":true,"href":"https:\/\/vozolpuff.de\/hu\/wp-json\/wp\/v2\/product_cat?post=6226"},{"taxonomy":"product_tag","embeddable":true,"href":"https:\/\/vozolpuff.de\/hu\/wp-json\/wp\/v2\/product_tag?post=6226"}],"curies":[{"name":"wp","href":"https:\/\/api.w.org\/{rel}","templated":true}]}}