{"id":6234,"date":"2025-10-09T09:34:07","date_gmt":"2025-10-09T07:34:07","guid":{"rendered":"https:\/\/vozolpuff.de\/?post_type=product&#038;p=6234"},"modified":"2025-10-09T09:34:07","modified_gmt":"2025-10-09T07:34:07","slug":"bang-king-30000-strawberry-kiwi-peach-ice","status":"publish","type":"product","link":"https:\/\/vozolpuff.de\/hu\/termek\/bang-king-30000-strawberry-kiwi-peach-ice\/","title":{"rendered":"Bang King 30000 Eper Kiwi\/barack j\u00e9g"},"content":{"rendered":"<h2 class=\"text-xl font-bold text-text-100 mt-1 -mb-0.5\">Bang King 30000 Eper-kiwi\/\u0150szibarack j\u00e9g egyszeri haszn\u00e1latos e-cigaretta<\/h2>\n<p class=\"whitespace-normal break-words\">Fedezze fel a tr\u00f3pusi arom\u00e1k soksz\u00edn\u0171s\u00e9g\u00e9t a Bang King 30000 Strawberry Kiwi\/Peach Ice eldobhat\u00f3 e-cigarett\u00e1val. Ez a nagy teljes\u00edtm\u00e9ny\u0171 eszk\u00f6z ak\u00e1r 30 000 slukkot is biztos\u00edt egy 36 ml-es el\u0151re felt\u00f6lt\u00f6tt tart\u00e1lyb\u00f3l, \u00e9s k\u00e9t k\u00fcl\u00f6n\u00e1ll\u00f3 \u00edz k\u00f6z\u00f6tt lehet v\u00e1ltani. A 0%, 2%, 3% vagy 5% nikotin opci\u00f3kkal, valamint az 550 mAh-s akkumul\u00e1torral, a szab\u00e1lyozhat\u00f3 l\u00e9g\u00e1raml\u00e1ssal \u00e9s az 1,0 \u03a9-os h\u00e1l\u00f3s tekercsel a legnagyobb rugalmass\u00e1got kapja: egzotikus eper-kiwi vagy friss\u00edt\u0151en h\u0171s\u00edt\u0151 \u0151szibarack-j\u00e9g.<\/p>\n<h3 class=\"text-lg font-bold text-text-100 mt-1 -mb-1.5\">A Strawberry Kiwi\/Peach Ice v\u00e1ltozat term\u00e9k\u00e9nek kiemelt jellemz\u0151i:<\/h3>\n<p class=\"whitespace-normal break-words\">A Bang King 30000 LCD kijelz\u0151vel \u00e9s kett\u0151s \u00edzrendszerrel rendelkezik, \u00e9s hatalmas, 30 000 sz\u00edv\u00e1s kapacit\u00e1s\u00e1val \u00e9s fejlett technol\u00f3gi\u00e1j\u00e1val t\u0171nik ki. A prec\u00edz 1,0 ohmos h\u00e1l\u00f3s tekercs mindk\u00e9t \u00edzt leny\u0171g\u00f6z\u0151 hiteless\u00e9ggel fejti ki, m\u00edg a b\u0151s\u00e9ges 36 ml-es folyad\u00e9kmennyis\u00e9g h\u00f3napokig tart\u00f3 \u00e9lvezetet biztos\u00edt. V\u00e1lassza ki a szem\u00e9lyes nikotintartalm\u00e1t az egy\u00e9ni g\u0151z\u00f6l\u00e9si \u00e9lm\u00e9ny \u00e9rdek\u00e9ben.<\/p>\n<p class=\"whitespace-normal break-words\">A nagy teljes\u00edtm\u00e9ny\u0171 550 mAh-s akkumul\u00e1tor Type-C gyors t\u00f6lt\u00e9si funkci\u00f3val garant\u00e1lja a megb\u00edzhat\u00f3 teljes\u00edtm\u00e9nyt zavar\u00f3 megszak\u00edt\u00e1sok n\u00e9lk\u00fcl. Az intuit\u00edv LCD-kijelz\u0151 mindig megjelen\u00edti az akkumul\u00e1tor kapacit\u00e1s\u00e1t \u00e9s t\u00f6lt\u00f6tts\u00e9gi szintj\u00e9t. Az innovat\u00edv Double Taste technol\u00f3gia lehet\u0151v\u00e9 teszi a spont\u00e1n v\u00e1lt\u00e1st a gy\u00fcm\u00f6lcs\u00f6s Strawberry Kiwi \u00e9s a j\u00e9ghideg Peach Ice k\u00f6z\u00f6tt \u2013 k\u00e9t k\u00fcl\u00f6n\u00e1ll\u00f3 \u00edzvil\u00e1g a k\u00fcl\u00f6nb\u00f6z\u0151 \u00edzl\u00e9svil\u00e1gokhoz.<\/p>\n<p class=\"whitespace-normal break-words\">Ak\u00e1r kezd\u0151, ak\u00e1r tapasztalt e-cigaretta-haszn\u00e1l\u00f3 vagy, a Bang King 30000 felhaszn\u00e1l\u00f3bar\u00e1t kialak\u00edt\u00e1s\u00e1val, kiv\u00e1l\u00f3 min\u0151s\u00e9g\u0171 kivitelez\u00e9s\u00e9vel \u00e9s kiemelked\u0151 \u00edzmin\u0151s\u00e9g\u00e9vel meggy\u0151z\u0151. A nagy kapacit\u00e1s \u00e9s a kett\u0151s \u00edz kombin\u00e1ci\u00f3ja miatt t\u00f6k\u00e9letes v\u00e1laszt\u00e1s ig\u00e9nyes felhaszn\u00e1l\u00f3k sz\u00e1m\u00e1ra.<\/p>\n<h3 class=\"text-lg font-bold text-text-100 mt-1 -mb-1.5\">M\u0171szaki adatok:<\/h3>\n<p class=\"whitespace-normal break-words\"><strong>Vonatok:<\/strong> Ak\u00e1r 30,000 f\u00faj\u00e1s<br \/>\n<strong>Folyad\u00e9ktartalom:<\/strong> 36ml<br \/>\n<strong>Nikotin:<\/strong> 0%, 2%, 3%, 5%<br \/>\n<strong>T\u00edpus:<\/strong> Eldobhat\u00f3<br \/>\n<strong>Akkumul\u00e1tor:<\/strong> 550mAh akkumul\u00e1tor<br \/>\n<strong>L\u00e9g\u00e1raml\u00e1s:<\/strong> \u00c1ll\u00edthat\u00f3<br \/>\n<strong>A f\u0171t\u0151tekercs ellen\u00e1ll\u00e1sa:<\/strong> 1.0\u03a9 Mesh tekercs<\/p>\n<h3 class=\"text-lg font-bold text-text-100 mt-1 -mb-1.5\">Fedezzen fel t\u00f6bb BANG VAPE-t a vozolpuff-on<\/h3>\n<p class=\"whitespace-normal break-words\">L\u00e1togasson el a <strong><a class=\"underline\" href=\"https:\/\/vozolpuff.de\/hu\/\">E-cigaretta online bolt<\/a><\/strong> tov\u00e1bbi kiv\u00e1l\u00f3 min\u0151s\u00e9g\u0171 term\u00e9kek\u00e9rt, fedezze fel a teljes <strong><a class=\"underline\" href=\"https:\/\/vozolpuff.de\/hu\/product-category\/bang-vape\/\">BANG VAPE kollekci\u00f3<\/a><\/strong> vagy b\u00f6ng\u00e9szhet az \u00f6sszes el\u00e9rhet\u0151 <strong><a class=\"underline\" href=\"https:\/\/vozolpuff.de\/hu\/product-category\/bang-vape\/bang-king-30000\/\">Bang King 30000 \u00edz<\/a><\/strong> a t\u00f6k\u00e9letes g\u0151zf\u00fcrd\u0151z\u00e9shez.<\/p>","protected":false},"excerpt":{"rendered":"<p class=\"whitespace-normal break-words\">Tr\u00f3pusi \u00edzvil\u00e1g a Bang King 30000 Strawberry Kiwi\/Peach Ice eldobhat\u00f3 e-cigarett\u00e1val. Ak\u00e1r 30 000 slukk 36 ml-es tart\u00e1lyb\u00f3l \u2013 v\u00e1lasszon az egzotikus Strawberry Kiwi \u00e9s a friss\u00edt\u0151 Peach Ice \u00edzek k\u00f6z\u00f6tt. 550 mAh-s akkumul\u00e1tor Type-C gyorst\u00f6lt\u00e9ssel, LCD-kijelz\u0151 az akkumul\u00e1tor kapacit\u00e1s\u00e1nak \u00e9s t\u00f6lt\u00f6tts\u00e9gi szintj\u00e9nek megjelen\u00edt\u00e9s\u00e9hez. 1,0 \u03a9-os h\u00e1l\u00f3s tekercs mindk\u00e9t arom\u00e1t hitelesen fejti ki. Be\u00e1ll\u00edthat\u00f3 l\u00e9g\u00e1raml\u00e1s \u00e9s n\u00e9gy nikotinszint k\u00f6z\u00fcl v\u00e1laszthat.<\/p>","protected":false},"featured_media":6236,"comment_status":"open","ping_status":"closed","template":"","meta":{"_acf_changed":false},"product_brand":[],"product_cat":[74],"product_tag":[],"class_list":{"0":"post-6234","1":"product","2":"type-product","3":"status-publish","4":"has-post-thumbnail","6":"product_cat-bang-king-30000","8":"first","9":"instock","10":"shipping-taxable","11":"purchasable","12":"product-type-variable"},"acf":[],"_links":{"self":[{"href":"https:\/\/vozolpuff.de\/hu\/wp-json\/wp\/v2\/product\/6234","targetHints":{"allow":["GET"]}}],"collection":[{"href":"https:\/\/vozolpuff.de\/hu\/wp-json\/wp\/v2\/product"}],"about":[{"href":"https:\/\/vozolpuff.de\/hu\/wp-json\/wp\/v2\/types\/product"}],"replies":[{"embeddable":true,"href":"https:\/\/vozolpuff.de\/hu\/wp-json\/wp\/v2\/comments?post=6234"}],"wp:featuredmedia":[{"embeddable":true,"href":"https:\/\/vozolpuff.de\/hu\/wp-json\/wp\/v2\/media\/6236"}],"wp:attachment":[{"href":"https:\/\/vozolpuff.de\/hu\/wp-json\/wp\/v2\/media?parent=6234"}],"wp:term":[{"taxonomy":"product_brand","embeddable":true,"href":"https:\/\/vozolpuff.de\/hu\/wp-json\/wp\/v2\/product_brand?post=6234"},{"taxonomy":"product_cat","embeddable":true,"href":"https:\/\/vozolpuff.de\/hu\/wp-json\/wp\/v2\/product_cat?post=6234"},{"taxonomy":"product_tag","embeddable":true,"href":"https:\/\/vozolpuff.de\/hu\/wp-json\/wp\/v2\/product_tag?post=6234"}],"curies":[{"name":"wp","href":"https:\/\/api.w.org\/{rel}","templated":true}]}}