{"id":6258,"date":"2025-10-09T09:40:58","date_gmt":"2025-10-09T07:40:58","guid":{"rendered":"https:\/\/vozolpuff.de\/?post_type=product&#038;p=6258"},"modified":"2025-10-09T09:40:58","modified_gmt":"2025-10-09T07:40:58","slug":"bang-king-30000-watermelon-ice-blueberry-mint","status":"publish","type":"product","link":"https:\/\/vozolpuff.de\/hu\/termek\/bang-king-30000-watermelon-ice-blueberry-mint\/","title":{"rendered":"Bang King 30000 g\u00f6r\u00f6gdinnye j\u00e9g\/\u00e1fonya menta"},"content":{"rendered":"<h2 class=\"text-xl font-bold text-text-100 mt-1 -mb-0.5\">Bang King 30000 g\u00f6r\u00f6gdinnye j\u00e9g \/ \u00e1fonya menta eldobhat\u00f3 Vape<\/h2>\n<p class=\"whitespace-normal break-words\">Tapasztalja meg a friss\u00edt\u0151 h\u0171v\u00f6ss\u00e9get a Bang King 30000 Watermelon Ice\/Blueberry Mint eldobhat\u00f3 vape-vel. A 36 ml-es, el\u0151re felt\u00f6lt\u00f6tt tart\u00e1lyb\u00f3l ak\u00e1r 30 000 slukkot is sz\u00edvhat, \u00edgy ez az innovat\u00edv eszk\u00f6z hosszan tart\u00f3 \u00e9lvezetet ny\u00fajt. V\u00e1lasszon a 0%, 2%, 3% vagy 5% nikotin er\u0151ss\u00e9g\u0171ek k\u00f6z\u00fcl, \u00e9s \u00e9lvezze az 550mAh-s akkumul\u00e1tor el\u0151nyeit az \u00e1ll\u00edthat\u00f3 l\u00e9g\u00e1raml\u00e1ssal \u00e9s az 1,0\u03a9-os h\u00e1l\u00f3s tekerccsel. A k\u00fcl\u00f6nlegess\u00e9g: K\u00e9t k\u00fcl\u00f6n mentolos \u00edz egy k\u00e9sz\u00fcl\u00e9kben - jeges g\u00f6r\u00f6gdinnye j\u00e9g \u00e9s friss\u00edt\u0151 \u00e1fony\u00e1s menta a maxim\u00e1lis sokoldal\u00fas\u00e1g \u00e9rdek\u00e9ben.<\/p>\n<h3 class=\"text-lg font-bold text-text-100 mt-1 -mb-1.5\">A Watermelon Ice\/Blueberry Mint Edition legfontosabb jellemz\u0151i:<\/h3>\n<p class=\"whitespace-normal break-words\">Ez a legmodernebb eldobhat\u00f3 vape 30.000 puffol\u00e1ssal \u00e9s LCD kijelz\u0151vel \u00faj m\u00e9rc\u00e9t \u00e1ll\u00edt fel a kett\u0151s \u00edzes\u00edt\u00e9s\u0171 technol\u00f3gi\u00e1val. A prec\u00edz 1,0 ohmos h\u00e1l\u00f3s tekercs mindk\u00e9t mentolos \u00edzt leny\u0171g\u00f6z\u0151 tisztas\u00e1ggal adja \u00e1t, m\u00edg a b\u0151s\u00e9ges 36 ml-es tart\u00e1ly garant\u00e1lja a h\u00f3napokig tart\u00f3, \u00fajrat\u00f6lt\u00e9s n\u00e9lk\u00fcli vaping-\u00e9lvezetet. \u00c1ll\u00edtsa be a nikotin er\u0151ss\u00e9g\u00e9t egy\u00e9ni preferenci\u00e1inak megfelel\u0151en.<\/p>\n<p class=\"whitespace-normal break-words\">A nagy teljes\u00edtm\u00e9ny\u0171 550mAh-s akkumul\u00e1tor C t\u00edpus\u00fa gyorst\u00f6lt\u00e9si funkci\u00f3val megb\u00edzhat\u00f3 teljes\u00edtm\u00e9nyt biztos\u00edt \u00e9s minimaliz\u00e1lja a t\u00f6lt\u00e9si id\u0151t. Az informat\u00edv LCD kijelz\u0151 folyamatosan t\u00e1j\u00e9koztat az akkumul\u00e1tor kapacit\u00e1s\u00e1r\u00f3l \u00e9s a marad\u00e9k folyad\u00e9kr\u00f3l. Az innovat\u00edv dupla gombfunkci\u00f3 mindent megv\u00e1ltoztat: v\u00e1ltson tetsz\u00e9s szerint a jeges Watermelon Ice \u00e9s a ment\u00e1s Blueberry Mint k\u00f6z\u00f6tt - k\u00e9t f\u00fcggetlen frissess\u00e9gr\u00fag\u00e1s minden helyzetre.<\/p>\n<p class=\"whitespace-normal break-words\">A Bang King 30000 a mentol szerelmeseinek k\u00e9sz\u00fclt, akik \u00e9rt\u00e9kelik a v\u00e1ltozatoss\u00e1got \u00e9s a pr\u00e9mium min\u0151s\u00e9get. A nagy kapacit\u00e1s, a modern technol\u00f3gia \u00e9s a k\u00e9t friss\u00edt\u0151 \u00edz kombin\u00e1ci\u00f3ja teszi t\u00f6k\u00e9letes eg\u00e9sz napos vape-v\u00e9.<\/p>\n<h3 class=\"text-lg font-bold text-text-100 mt-1 -mb-1.5\">M\u0171szaki adatok:<\/h3>\n<p class=\"whitespace-normal break-words\"><strong>Vonatok:<\/strong> Ak\u00e1r 30,000 f\u00faj\u00e1s<br \/>\n<strong>Folyad\u00e9ktartalom:<\/strong> 36ml<br \/>\n<strong>Nikotin:<\/strong> 0%, 2%, 3%, 5%<br \/>\n<strong>T\u00edpus:<\/strong> Eldobhat\u00f3<br \/>\n<strong>Akkumul\u00e1tor:<\/strong> 550mAh akkumul\u00e1tor<br \/>\n<strong>L\u00e9g\u00e1raml\u00e1s:<\/strong> \u00c1ll\u00edthat\u00f3<br \/>\n<strong>A f\u0171t\u0151tekercs ellen\u00e1ll\u00e1sa:<\/strong> 1.0\u03a9 Mesh tekercs<\/p>\n<h3 class=\"text-lg font-bold text-text-100 mt-1 -mb-1.5\">Fedezzen fel t\u00f6bb BANG VAPE-t a vozolpuff-on<\/h3>\n<p class=\"whitespace-normal break-words\">L\u00e1togasson el a <strong><a class=\"underline\" href=\"https:\/\/vozolpuff.de\/hu\/\">E-cigaretta online bolt<\/a><\/strong> tov\u00e1bbi kiv\u00e1l\u00f3 min\u0151s\u00e9g\u0171 term\u00e9kek\u00e9rt, fedezze fel a teljes <strong><a class=\"underline\" href=\"https:\/\/vozolpuff.de\/hu\/product-category\/bang-vape\/\">BANG VAPE kollekci\u00f3<\/a><\/strong> vagy b\u00f6ng\u00e9szhet az \u00f6sszes el\u00e9rhet\u0151 <strong><a class=\"underline\" href=\"https:\/\/vozolpuff.de\/hu\/product-category\/bang-vape\/bang-king-30000\/\">Bang King 30000 \u00edz<\/a><\/strong> a t\u00f6k\u00e9letes g\u0151zf\u00fcrd\u0151z\u00e9shez.<\/p>","protected":false},"excerpt":{"rendered":"<p class=\"whitespace-normal break-words\">Dupl\u00e1zza meg a frissess\u00e9get a Bang King 30000 Watermelon Ice\/Blueberry Mint eldobhat\u00f3 vape-vel. Ak\u00e1r 30 000 slukk 36 ml-es tart\u00e1lyb\u00f3l - v\u00e1ltson a jeges Watermelon Ice \u00e9s a friss\u00edt\u0151 Blueberry Mint k\u00f6z\u00f6tt. 550mAh akkumul\u00e1tor Type-C gyorst\u00f6lt\u00e9ssel, LCD kijelz\u0151n l\u00e1that\u00f3 az akkumul\u00e1tor kapacit\u00e1sa \u00e9s a folyad\u00e9k mennyis\u00e9ge. Az 1,0\u03a9-os h\u00e1l\u00f3s tekercs mindk\u00e9t mentolos \u00edzt tiszt\u00e1n kibontja. \u00c1ll\u00edthat\u00f3 l\u00e9g\u00e1raml\u00e1s \u00e9s n\u00e9gy nikotin er\u0151ss\u00e9g \u00e1ll rendelkez\u00e9sre.<\/p>\n<p class=\"whitespace-normal break-words\">","protected":false},"featured_media":6260,"comment_status":"open","ping_status":"closed","template":"","meta":{"_acf_changed":false},"product_brand":[],"product_cat":[74],"product_tag":[],"class_list":{"0":"post-6258","1":"product","2":"type-product","3":"status-publish","4":"has-post-thumbnail","6":"product_cat-bang-king-30000","8":"first","9":"instock","10":"shipping-taxable","11":"purchasable","12":"product-type-variable"},"acf":[],"_links":{"self":[{"href":"https:\/\/vozolpuff.de\/hu\/wp-json\/wp\/v2\/product\/6258","targetHints":{"allow":["GET"]}}],"collection":[{"href":"https:\/\/vozolpuff.de\/hu\/wp-json\/wp\/v2\/product"}],"about":[{"href":"https:\/\/vozolpuff.de\/hu\/wp-json\/wp\/v2\/types\/product"}],"replies":[{"embeddable":true,"href":"https:\/\/vozolpuff.de\/hu\/wp-json\/wp\/v2\/comments?post=6258"}],"wp:featuredmedia":[{"embeddable":true,"href":"https:\/\/vozolpuff.de\/hu\/wp-json\/wp\/v2\/media\/6260"}],"wp:attachment":[{"href":"https:\/\/vozolpuff.de\/hu\/wp-json\/wp\/v2\/media?parent=6258"}],"wp:term":[{"taxonomy":"product_brand","embeddable":true,"href":"https:\/\/vozolpuff.de\/hu\/wp-json\/wp\/v2\/product_brand?post=6258"},{"taxonomy":"product_cat","embeddable":true,"href":"https:\/\/vozolpuff.de\/hu\/wp-json\/wp\/v2\/product_cat?post=6258"},{"taxonomy":"product_tag","embeddable":true,"href":"https:\/\/vozolpuff.de\/hu\/wp-json\/wp\/v2\/product_tag?post=6258"}],"curies":[{"name":"wp","href":"https:\/\/api.w.org\/{rel}","templated":true}]}}