{"id":7068,"date":"2025-10-22T15:33:13","date_gmt":"2025-10-22T13:33:13","guid":{"rendered":"https:\/\/vozolpuff.de\/?post_type=product&#038;p=7068"},"modified":"2025-10-22T15:33:13","modified_gmt":"2025-10-22T13:33:13","slug":"jnr-falcon-pro-28000-blueberry-sour-raspberry","status":"publish","type":"product","link":"https:\/\/vozolpuff.de\/hu\/termek\/jnr-falcon-pro-28000-blueberry-sour-raspberry\/","title":{"rendered":"JNR Falcon Pro 28000 \u00e1fonya savany\u00fa m\u00e1lna"},"content":{"rendered":"<h2 class=\"text-xl font-bold text-text-100 mt-1 -mb-0.5\">JNR Falcon Pro 28000 Blueberry Sour Raspberry eldobhat\u00f3 vape<\/h2>\n<p class=\"whitespace-normal break-words\">A JNR Falcon Pro 28000 Blueberry Sour Raspberry izgalmas kombin\u00e1ci\u00f3j\u00e1val ny\u0171g\u00f6zi le a felhaszn\u00e1l\u00f3kat: \u00e9des \u00e1fonya \u00e9s savanyk\u00e1s m\u00e1lna. Ez a kiv\u00e1l\u00f3 min\u0151s\u00e9g\u0171 eldobhat\u00f3 eszk\u00f6z ak\u00e1r 28 000 slukkot is biztos\u00edt a b\u0151s\u00e9ges, 30 ml-es folyad\u00e9kkapacit\u00e1s\u00e1nak k\u00f6sz\u00f6nhet\u0151en. A fejlett Dual-Mesh-Coil technol\u00f3gia optim\u00e1lis \u00edz\u00e9lm\u00e9nyt \u00e9s egyenletes g\u0151zk\u00e9pz\u0151d\u00e9st biztos\u00edt. Azonnali aktiv\u00e1l\u00e1ssal ell\u00e1tva, a g\u0151z\u00f6l\u00e9s \u00e9lm\u00e9nye k\u00e9sedelem n\u00e9lk\u00fcl megkezd\u0151dik. A be\u00e9p\u00edtett 950 mAh-s akkumul\u00e1tor k\u00e9nyelmesen \u00fajrat\u00f6lthet\u0151 \u00e9s hossz\u00fa \u00e9lettartam\u00fa teljes\u00edtm\u00e9nyt garant\u00e1l, m\u00edg az intelligens kijelz\u0151 minden relev\u00e1ns adatot \u00e1ttekinthet\u0151en megjelen\u00edti.<\/p>\n<h3 class=\"text-xl font-bold text-text-100 mt-1 -mb-0.5\">Blueberry Sour Raspberry \u2013 \u00c9des-savany\u00fa bogy\u00f3s gy\u00fcm\u00f6lcs\u00f6k kever\u00e9ke:<\/h3>\n<p class=\"whitespace-normal break-words\">\u00c9lvezze a fekete \u00e1fonya enyhe \u00e9dess\u00e9g\u00e9nek \u00e9s a friss m\u00e1lna \u00e9l\u00e9nk savanyk\u00e1s \u00edz\u00e9nek t\u00f6k\u00e9letes kontrasztj\u00e1t. Ez a harmonikus \u00edzkombin\u00e1ci\u00f3 a Dual-Mesh rendszernek k\u00f6sz\u00f6nhet\u0151en optim\u00e1lisan \u00e9rv\u00e9nyes\u00fcl, \u00e9s az \u00f6sszes 28 000 slukk sor\u00e1n intenz\u00edv \u00e9s kiegyens\u00falyozott marad.<\/p>\n<p class=\"whitespace-normal break-words\">Az \u00fajrat\u00f6lthet\u0151 950 mAh-s akkumul\u00e1tor megb\u00edzhat\u00f3 energiaell\u00e1t\u00e1st biztos\u00edt minim\u00e1lis t\u00f6lt\u00e9si id\u0151k\u00f6z\u00f6kkel. A 2% nikotintartalom kellemes, kiel\u00e9g\u00edt\u0151 torok\u00e9rzetet biztos\u00edt, amely ide\u00e1lis mind a kezd\u0151k, mind a tapasztalt g\u0151z\u00f6l\u0151k sz\u00e1m\u00e1ra.<\/p>\n<p class=\"whitespace-normal break-words\">Az intelligens digit\u00e1lis kijelz\u0151 folyamatosan t\u00e1j\u00e9koztatja \u00d6nt az akkumul\u00e1tor \u00e1llapot\u00e1r\u00f3l \u00e9s a haszn\u00e1lati statisztik\u00e1kr\u00f3l, \u00edgy mindig \u00e1ttekintheti a helyzetet. A karcs\u00fa, ergon\u00f3mikus kialak\u00edt\u00e1s k\u00e9nyelmes kezelhet\u0151s\u00e9get biztos\u00edt, \u00e9s ez a k\u00e9sz\u00fcl\u00e9k t\u00f6k\u00e9letes t\u00e1rs\u00e1v\u00e1 teszi utaz\u00e1sai sor\u00e1n.<\/p>\n<h3 class=\"text-xl font-bold text-text-100 mt-1 -mb-0.5\">A term\u00e9k jellemz\u0151i:<\/h3>\n<p class=\"whitespace-normal break-words\"><strong>Vonat kapacit\u00e1sa:<\/strong> Legfeljebb 28 000 vonat<br \/>\n<strong>Nikotin tartalom:<\/strong> 2%<br \/>\n<strong>Tart\u00e1ly t\u00e9rfogata:<\/strong> 30 ml<br \/>\n<strong>Akkumul\u00e1tor kapacit\u00e1s:<\/strong> 950 mAh \u00fajrat\u00f6lthet\u0151<br \/>\n<strong>P\u00e1rologtat\u00f3 fej:<\/strong> Kett\u0151s h\u00e1l\u00f3s tekercs<br \/>\n<strong>Megjelen\u00edt\u00e9s:<\/strong> Digit\u00e1lis kijelz\u0151<\/p>\n<h3 class=\"text-xl font-bold text-text-100 mt-1 -mb-0.5\">Fedezzen fel t\u00f6bb JNR VAPE-t a vozolpuff-on<\/h3>\n<p class=\"whitespace-normal break-words\">L\u00e1togasson el a  oldalra. <strong><a class=\"underline\" href=\"https:\/\/vozolpuff.de\/hu\/\">vozolpuff.de<\/a><\/strong> kiterjedt v\u00e1laszt\u00e9kot k\u00edn\u00e1lunk kiv\u00e1l\u00f3 min\u0151s\u00e9g\u0171 e-cigarett\u00e1kb\u00f3l. Fedezze fel term\u00e9keinket! <strong><a class=\"underline\" href=\"https:\/\/vozolpuff.de\/hu\/product-category\/jnr-vape\/\">JNR VAPE kateg\u00f3ria<\/a><\/strong> innovat\u00edv g\u0151zk\u00e9sz\u00fcl\u00e9kekhez. Az \u00f6sszes \u00edzv\u00e1ltozatot megtal\u00e1lja a <strong><a class=\"underline\" href=\"https:\/\/vozolpuff.de\/hu\/product-category\/jnr-vape\/jnr-falcon-pro-28000\/\">Falcon Pro 28000 kollekci\u00f3<\/a><\/strong>.<\/p>","protected":false},"excerpt":{"rendered":"<p class=\"whitespace-normal break-words\">A JNR Falcon Pro 28000 Blueberry Sour Raspberry \u00e9des \u00e1fony\u00e1t \u00e9s savanyk\u00e1s m\u00e1ln\u00e1t kombin\u00e1l. Ak\u00e1r 28 000 slukk, 30 ml e-liquid \u00e9s kett\u0151s h\u00e1l\u00f3s tekercs technol\u00f3gia az intenz\u00edv \u00edzek\u00e9rt. 950 mAh-s akkumul\u00e1torral, intelligens kijelz\u0151vel \u00e9s 2% nikotinnal \u2013 t\u00f6k\u00e9letesen kiegyens\u00falyozott \u00e9des-savany\u00fa bogy\u00f3s gy\u00fcm\u00f6lcs\u00f6k kever\u00e9ke a tart\u00f3s \u00e9lvezet\u00e9rt.<\/p>","protected":false},"featured_media":7071,"comment_status":"open","ping_status":"closed","template":"","meta":{"_acf_changed":false},"product_brand":[],"product_cat":[83],"product_tag":[],"class_list":{"0":"post-7068","1":"product","2":"type-product","3":"status-publish","4":"has-post-thumbnail","6":"product_cat-jnr-falcon-pro-28000","8":"first","9":"instock","10":"shipping-taxable","11":"purchasable","12":"product-type-variable"},"acf":[],"_links":{"self":[{"href":"https:\/\/vozolpuff.de\/hu\/wp-json\/wp\/v2\/product\/7068","targetHints":{"allow":["GET"]}}],"collection":[{"href":"https:\/\/vozolpuff.de\/hu\/wp-json\/wp\/v2\/product"}],"about":[{"href":"https:\/\/vozolpuff.de\/hu\/wp-json\/wp\/v2\/types\/product"}],"replies":[{"embeddable":true,"href":"https:\/\/vozolpuff.de\/hu\/wp-json\/wp\/v2\/comments?post=7068"}],"wp:featuredmedia":[{"embeddable":true,"href":"https:\/\/vozolpuff.de\/hu\/wp-json\/wp\/v2\/media\/7071"}],"wp:attachment":[{"href":"https:\/\/vozolpuff.de\/hu\/wp-json\/wp\/v2\/media?parent=7068"}],"wp:term":[{"taxonomy":"product_brand","embeddable":true,"href":"https:\/\/vozolpuff.de\/hu\/wp-json\/wp\/v2\/product_brand?post=7068"},{"taxonomy":"product_cat","embeddable":true,"href":"https:\/\/vozolpuff.de\/hu\/wp-json\/wp\/v2\/product_cat?post=7068"},{"taxonomy":"product_tag","embeddable":true,"href":"https:\/\/vozolpuff.de\/hu\/wp-json\/wp\/v2\/product_tag?post=7068"}],"curies":[{"name":"wp","href":"https:\/\/api.w.org\/{rel}","templated":true}]}}