{"id":707,"date":"2025-08-23T17:55:13","date_gmt":"2025-08-23T15:55:13","guid":{"rendered":"https:\/\/vozolpuff.de\/?post_type=product&#038;p=707"},"modified":"2026-04-15T17:33:25","modified_gmt":"2026-04-15T15:33:25","slug":"vozol-vista-20000-mango-ice","status":"publish","type":"product","link":"https:\/\/vozolpuff.de\/hu\/termek\/vozol-vista-20000-mango-ice\/","title":{"rendered":"Vozol Vista 20000 Mango Ice"},"content":{"rendered":"<h2 class=\"text-xl font-bold text-text-100 mt-1 -mb-0.5\">Vozol Vista 20000 Mango Ice eldobhat\u00f3 vape<\/h2>\n<p class=\"whitespace-normal break-words\">Tapasztalja meg a tr\u00f3pusi h\u0171v\u00f6ss\u00e9get a Vozol VISTA 20000 Mango Ice-val - az \u00e9des, \u00e9rett mang\u00f3 \u00e9s az \u00e9l\u00e9nk\u00edt\u0151 hideg elemek friss\u00edt\u0151 f\u00fazi\u00f3j\u00e1val. Ez a nagy kapacit\u00e1s\u00fa eldobhat\u00f3 e-cigaretta ak\u00e1r 20 000 friss\u00edt\u0151 sz\u00edv\u00e1st \u00edg\u00e9r a v\u00e9gs\u0151 p\u00e1rologtat\u00e1si \u00e9lvezet\u00e9rt.<\/p>\n<h3 class=\"text-lg font-bold text-text-100 mt-1 -mb-1.5\">A Mango Ice Edition k\u00fcl\u00f6nleges jellemz\u0151i:<\/h3>\n<p class=\"whitespace-normal break-words\"><strong>Prec\u00edzi\u00f3s teljes\u00edtm\u00e9nyrendszer:<\/strong> A hatfokozat\u00fa teljes\u00edtm\u00e9nyszab\u00e1lyoz\u00e1s teljes kontrollt biztos\u00edt a g\u0151z\u00f6l\u00e9s felett. V\u00e1lasszon a gyeng\u00e9d \u00e9s az er\u0151teljes sz\u00edv\u00e1sok k\u00f6z\u00f6tt, hogy szem\u00e9lyes \u00edzl\u00e9s\u00e9nek megfeleljen.<\/p>\n<p class=\"whitespace-normal break-words\"><strong>Fejlett h\u00e1l\u00f3s technol\u00f3gia:<\/strong> A h\u00e1l\u00f3s szerkezet\u0171 kett\u0151s tekercsrendszer egyenletes f\u0171t\u00e9st biztos\u00edt, \u00e9s maximaliz\u00e1lja a tr\u00f3pusi mang\u00f3 \u00edz\u00e9t \u00e9s a h\u0171t\u0151hat\u00e1st.<\/p>\n<p class=\"whitespace-normal break-words\"><strong>Felhaszn\u00e1l\u00f3bar\u00e1t sz\u00ednes kijelz\u0151:<\/strong> K\u00f6nnyed\u00e9n nyomon k\u00f6vethet minden funkci\u00f3t a vibr\u00e1l\u00f3 kijelz\u0151n, amely vil\u00e1gosan megjelen\u00edti az \u00f6sszes l\u00e9nyeges inform\u00e1ci\u00f3t.<\/p>\n<p class=\"whitespace-normal break-words\"><strong>Teljesen \u00e1tl\u00e1that\u00f3 kialak\u00edt\u00e1s:<\/strong> Az \u00e1tl\u00e1tsz\u00f3 kialak\u00edt\u00e1s eleg\u00e1ns megjelen\u00e9st k\u00f6lcs\u00f6n\u00f6z a k\u00e9sz\u00fcl\u00e9knek, \u00e9s lehet\u0151v\u00e9 teszi a folyad\u00e9kszint ellen\u0151rz\u00e9s\u00e9t.<\/p>\n<p class=\"whitespace-normal break-words\"><strong>Tart\u00f3s teljes\u00edtm\u00e9ny:<\/strong> Ez a v\u00e1ltozat ak\u00e1r 20 000 slukkol\u00e1ssal hetekig tart\u00f3 p\u00e1rologtat\u00e1si \u00e9lm\u00e9nyt k\u00edn\u00e1l an\u00e9lk\u00fcl, hogy k\u00e9sz\u00fcl\u00e9ket kellene cser\u00e9lni.<\/p>\n<p class=\"whitespace-normal break-words\"><strong>Kiegyens\u00falyozott nikotin\u00e9rt\u00e9k:<\/strong> Az 5% nikotin optim\u00e1lis kiel\u00e9g\u00fcl\u00e9st biztos\u00edt kellemes torok\u00fct\u00e9ssel.<\/p>\n<p class=\"whitespace-normal break-words\"><strong>Hat\u00e9kony t\u00f6lt\u00e9si technol\u00f3gia:<\/strong> A 650mAh-s akkumul\u00e1tor C-t\u00edpus\u00fa gyorst\u00f6lt\u00e9ssel biztos\u00edtja a minim\u00e1lis \u00e1ll\u00e1sid\u0151t.<\/p>\n<p class=\"whitespace-normal break-words\"><strong>Nagy folyad\u00e9kkapacit\u00e1s:<\/strong> A 24ml pr\u00e9mium e-folyad\u00e9k hosszan tart\u00f3 \u00edzt \u00e9s h\u0171v\u00f6ss\u00e9get biztos\u00edt.<\/p>\n<h3 class=\"text-lg font-bold text-text-100 mt-1 -mb-1.5\">Fedezzen fel t\u00f6bb VOZOL VAPE-t a vozolpuff-on<\/h3>\n<p class=\"whitespace-normal break-words\">Fedezzen fel t\u00f6bb pr\u00e9mium g\u0151z\u00f6lg\u0151 term\u00e9ket a <strong><a class=\"underline\" href=\"https:\/\/vozolpuff.de\/hu\/\">Vozol Puff online bolt<\/a><\/strong>b\u00f6ng\u00e9sszen a teljes k\u00edn\u00e1latunkban <strong><a class=\"underline\" href=\"https:\/\/vozolpuff.de\/hu\/product-category\/vozol-vape\/\">VOZOL VAPE kollekci\u00f3<\/a><\/strong> vagy fedezze fel az \u00f6sszes el\u00e9rhet\u0151 <strong><a class=\"underline\" href=\"https:\/\/vozolpuff.de\/hu\/product-category\/vozol-vape\/vozol-vista-20000\/\">Vozol Vista 20000 \u00edzek<\/a><\/strong>.<\/p>","protected":false},"excerpt":{"rendered":"<p>A Vozol Vista 20000 Mango Ice eldobhat\u00f3 vape egyes\u00edti az \u00e9des, \u00e9rett mang\u00f3t az \u00e9l\u00e9nk\u00edt\u0151 hideg elemekkel a tr\u00f3pusi friss\u00edt\u00e9s \u00e9rdek\u00e9ben. Ez a nagy kapacit\u00e1s\u00fa eldobhat\u00f3 e-cigaretta 20 000 slukkot, 650mAh akkumul\u00e1tort \u00e9s 5% nikotint k\u00edn\u00e1l. Hatfokozat\u00fa teljes\u00edtm\u00e9nyszab\u00e1lyoz\u00e1s kett\u0151s h\u00e1l\u00f3s technol\u00f3gi\u00e1val \u00e9s sz\u00ednes kijelz\u0151vel a v\u00e9gs\u0151 p\u00e1rologtat\u00e1si \u00e9lvezet\u00e9rt.<\/p>","protected":false},"featured_media":709,"comment_status":"open","ping_status":"closed","template":"","meta":{"_acf_changed":false},"product_brand":[],"product_cat":[30],"product_tag":[],"class_list":{"0":"post-707","1":"product","2":"type-product","3":"status-publish","4":"has-post-thumbnail","6":"product_cat-vozol-vista-20000","8":"first","9":"instock","10":"shipping-taxable","11":"purchasable","12":"product-type-variable"},"acf":[],"_links":{"self":[{"href":"https:\/\/vozolpuff.de\/hu\/wp-json\/wp\/v2\/product\/707","targetHints":{"allow":["GET"]}}],"collection":[{"href":"https:\/\/vozolpuff.de\/hu\/wp-json\/wp\/v2\/product"}],"about":[{"href":"https:\/\/vozolpuff.de\/hu\/wp-json\/wp\/v2\/types\/product"}],"replies":[{"embeddable":true,"href":"https:\/\/vozolpuff.de\/hu\/wp-json\/wp\/v2\/comments?post=707"}],"wp:featuredmedia":[{"embeddable":true,"href":"https:\/\/vozolpuff.de\/hu\/wp-json\/wp\/v2\/media\/709"}],"wp:attachment":[{"href":"https:\/\/vozolpuff.de\/hu\/wp-json\/wp\/v2\/media?parent=707"}],"wp:term":[{"taxonomy":"product_brand","embeddable":true,"href":"https:\/\/vozolpuff.de\/hu\/wp-json\/wp\/v2\/product_brand?post=707"},{"taxonomy":"product_cat","embeddable":true,"href":"https:\/\/vozolpuff.de\/hu\/wp-json\/wp\/v2\/product_cat?post=707"},{"taxonomy":"product_tag","embeddable":true,"href":"https:\/\/vozolpuff.de\/hu\/wp-json\/wp\/v2\/product_tag?post=707"}],"curies":[{"name":"wp","href":"https:\/\/api.w.org\/{rel}","templated":true}]}}