{"id":7073,"date":"2025-10-22T15:35:58","date_gmt":"2025-10-22T13:35:58","guid":{"rendered":"https:\/\/vozolpuff.de\/?post_type=product&#038;p=7073"},"modified":"2025-10-22T15:35:58","modified_gmt":"2025-10-22T13:35:58","slug":"jnr-falcon-pro-28000-white-peach-razz","status":"publish","type":"product","link":"https:\/\/vozolpuff.de\/hu\/termek\/jnr-falcon-pro-28000-white-peach-razz\/","title":{"rendered":"JNR Falcon Pro 28000 Feh\u00e9r Barack Razz"},"content":{"rendered":"<h2 class=\"text-xl font-bold text-text-100 mt-1 -mb-0.5\">JNR Falcon Pro 28000 Feh\u00e9r \u0151szibarack Razz eldobhat\u00f3 e-cigaretta<\/h2>\n<p class=\"whitespace-normal break-words\">A JNR Falcon Pro 28000 White Peach Razz \u00f6tv\u00f6zi a feh\u00e9r \u0151szibarack finom \u00e9dess\u00e9g\u00e9t a m\u00e1lna \u00e9l\u00e9nk frissess\u00e9g\u00e9vel. Kiv\u00e9teles 28 000 sz\u00edv\u00e1s kapacit\u00e1ssal \u00e9s 30 ml el\u0151re felt\u00f6lt\u00f6tt, kiv\u00e1l\u00f3 min\u0151s\u00e9g\u0171 e-liquiddel ez a pr\u00e9mium eldobhat\u00f3 eszk\u00f6z hossz\u00fa t\u00e1v\u00fa g\u0151z\u00e9lvezet\u00e9st biztos\u00edt. A kett\u0151s h\u00e1l\u00f3s tekercsrendszer pontosan kivonja az \u00edzek minden \u00e1rnyalat\u00e1t \u00e9s \u00e1lland\u00f3 g\u0151zmin\u0151s\u00e9get biztos\u00edt. Az azonnali aktiv\u00e1l\u00e1s gombnyom\u00e1s n\u00e9lk\u00fcl lehet\u0151v\u00e9 teszi az azonnali g\u0151z\u00f6l\u00e9st. A nagy teljes\u00edtm\u00e9ny\u0171, 950 mAh-s akkumul\u00e1tor t\u00f6lt\u00e9si funkci\u00f3val biztos\u00edtja a folyamatos rendelkez\u00e9sre \u00e1ll\u00e1st, a modern intelligens kijelz\u0151 pedig minden param\u00e9terr\u0151l t\u00e1j\u00e9koztat.<\/p>\n<h3 class=\"text-lg font-bold text-text-100 mt-1 -mb-1.5\">White Peach Razz \u2013 Ny\u00e1ri gy\u00fcm\u00f6lcs\u00f6s harm\u00f3nia:<\/h3>\n<p class=\"whitespace-normal break-words\">Mer\u00fclj\u00f6n el a feh\u00e9r \u0151szibarack finom vil\u00e1g\u00e1ban, amelynek l\u00e1gy \u00e9dess\u00e9ge t\u00f6k\u00e9letesen harmoniz\u00e1l a m\u00e1lna gy\u00fcm\u00f6lcs\u00f6s \u00e9l\u00e9nks\u00e9g\u00e9vel. A fejlett kett\u0151s h\u00e1l\u00f3s rendszer meg\u0151rzi az autentikus gy\u00fcm\u00f6lcs\u00f6s \u00edzeket \u00e9s garant\u00e1lja a kiv\u00e1l\u00f3 \u00edz\u00e9lm\u00e9nyt a k\u00e9sz\u00fcl\u00e9k teljes \u00e9lettartama alatt.<\/p>\n<p class=\"whitespace-normal break-words\">A 950 mAh-s akkumul\u00e1tor gyors t\u00f6lt\u00e9si funkci\u00f3val minim\u00e1lisra cs\u00f6kkenti a v\u00e1rakoz\u00e1si id\u0151t \u00e9s maximaliz\u00e1lja a g\u0151z\u00f6l\u00e9si id\u0151t. A 2% nikotintartalom kiegyens\u00falyozott torok\u00e9rzetet biztos\u00edt, amely ide\u00e1lisan \u00f6tv\u00f6zi az \u00e9lvezetet \u00e9s az el\u00e9gedetts\u00e9get.<\/p>\n<p class=\"whitespace-normal break-words\">A j\u00f3l \u00e1ttekinthet\u0151 digit\u00e1lis kijelz\u0151 val\u00f3s idej\u0171 inform\u00e1ci\u00f3kat ny\u00fajt az akkumul\u00e1tor t\u00f6lt\u00f6tts\u00e9gi \u00e1llapot\u00e1r\u00f3l \u00e9s a sz\u00edv\u00e1sok sz\u00e1m\u00e1r\u00f3l, \u00edgy mindig t\u00e1j\u00e9kozott maradhat. A st\u00edlusos, k\u00e9zbar\u00e1t kialak\u00edt\u00e1snak k\u00f6sz\u00f6nhet\u0151en a White Peach Razz eleg\u00e1ns t\u00e1rs minden alkalomra.<\/p>\n<h3 class=\"text-lg font-bold text-text-100 mt-1 -mb-1.5\">A term\u00e9k jellemz\u0151i:<\/h3>\n<p class=\"whitespace-normal break-words\"><strong>Vonat kapacit\u00e1sa:<\/strong> Legfeljebb 28 000 vonat<br \/>\n<strong>Nikotin tartalom:<\/strong> 2%<br \/>\n<strong>Tart\u00e1ly t\u00e9rfogata:<\/strong> 30 ml<br \/>\n<strong>Akkumul\u00e1tor kapacit\u00e1s:<\/strong> 950 mAh \u00fajrat\u00f6lthet\u0151<br \/>\n<strong>P\u00e1rologtat\u00f3 fej:<\/strong> Kett\u0151s h\u00e1l\u00f3s tekercs<br \/>\n<strong>Megjelen\u00edt\u00e9s:<\/strong> Digit\u00e1lis kijelz\u0151<\/p>\n<h3 class=\"text-lg font-bold text-text-100 mt-1 -mb-1.5\">Fedezzen fel t\u00f6bb JNR VAPE-t a vozolpuff-on<\/h3>\n<p class=\"whitespace-normal break-words\">Fedezze fel a pr\u00e9mium min\u0151s\u00e9get a <strong><a class=\"underline\" href=\"https:\/\/vozolpuff.de\/hu\/\">vozolpuff.de<\/a><\/strong> sz\u00e9les term\u00e9kpalett\u00e1val. A mi <strong><a class=\"underline\" href=\"https:\/\/vozolpuff.de\/hu\/product-category\/jnr-vape\/\">JNR VAPE kateg\u00f3ria<\/a><\/strong> a leg\u00fajabb innov\u00e1ci\u00f3kat k\u00edn\u00e1lja. Tov\u00e1bbi \u00edzek v\u00e1rnak a <strong><a class=\"underline\" href=\"https:\/\/vozolpuff.de\/hu\/product-category\/jnr-vape\/jnr-falcon-pro-28000\/\">Falcon Pro 28000 kollekci\u00f3<\/a><\/strong>.<\/p>","protected":false},"excerpt":{"rendered":"<p class=\"whitespace-normal break-words\">A JNR Falcon Pro 28000 White Peach Razz finom feh\u00e9r \u0151szibarackot \u00e9s gy\u00fcm\u00f6lcs\u00f6s m\u00e1ln\u00e1t \u00f6tv\u00f6z. Ak\u00e1r 28 000 slukk, 30 ml e-liquid \u00e9s Dual-Mesh-Coil technol\u00f3gia az autentikus gy\u00fcm\u00f6lcs\u00f6s \u00edzek\u00e9rt. 950 mAh-s akkumul\u00e1torral, intelligens kijelz\u0151vel \u00e9s 2% nikotinnal \u2013 ny\u00e1ri gy\u00fcm\u00f6lcs\u00f6s harm\u00f3nia az eleg\u00e1ns g\u0151z\u00f6l\u00e9s \u00e9lvezet\u00e9hez.<\/p>","protected":false},"featured_media":7076,"comment_status":"open","ping_status":"closed","template":"","meta":{"_acf_changed":false},"product_brand":[],"product_cat":[83],"product_tag":[],"class_list":{"0":"post-7073","1":"product","2":"type-product","3":"status-publish","4":"has-post-thumbnail","6":"product_cat-jnr-falcon-pro-28000","8":"first","9":"instock","10":"shipping-taxable","11":"purchasable","12":"product-type-variable"},"acf":[],"_links":{"self":[{"href":"https:\/\/vozolpuff.de\/hu\/wp-json\/wp\/v2\/product\/7073","targetHints":{"allow":["GET"]}}],"collection":[{"href":"https:\/\/vozolpuff.de\/hu\/wp-json\/wp\/v2\/product"}],"about":[{"href":"https:\/\/vozolpuff.de\/hu\/wp-json\/wp\/v2\/types\/product"}],"replies":[{"embeddable":true,"href":"https:\/\/vozolpuff.de\/hu\/wp-json\/wp\/v2\/comments?post=7073"}],"wp:featuredmedia":[{"embeddable":true,"href":"https:\/\/vozolpuff.de\/hu\/wp-json\/wp\/v2\/media\/7076"}],"wp:attachment":[{"href":"https:\/\/vozolpuff.de\/hu\/wp-json\/wp\/v2\/media?parent=7073"}],"wp:term":[{"taxonomy":"product_brand","embeddable":true,"href":"https:\/\/vozolpuff.de\/hu\/wp-json\/wp\/v2\/product_brand?post=7073"},{"taxonomy":"product_cat","embeddable":true,"href":"https:\/\/vozolpuff.de\/hu\/wp-json\/wp\/v2\/product_cat?post=7073"},{"taxonomy":"product_tag","embeddable":true,"href":"https:\/\/vozolpuff.de\/hu\/wp-json\/wp\/v2\/product_tag?post=7073"}],"curies":[{"name":"wp","href":"https:\/\/api.w.org\/{rel}","templated":true}]}}