{"id":7083,"date":"2025-10-22T15:41:00","date_gmt":"2025-10-22T13:41:00","guid":{"rendered":"https:\/\/vozolpuff.de\/?post_type=product&#038;p=7083"},"modified":"2025-10-22T15:41:00","modified_gmt":"2025-10-22T13:41:00","slug":"jnr-falcon-pro-28000-peach-mango-watermelon","status":"publish","type":"product","link":"https:\/\/vozolpuff.de\/hu\/termek\/jnr-falcon-pro-28000-peach-mango-watermelon\/","title":{"rendered":"JNR Falcon Pro 28000 Barack mang\u00f3 g\u00f6r\u00f6gdinnye"},"content":{"rendered":"<h2 class=\"text-xl font-bold text-text-100 mt-1 -mb-0.5\">JNR Falcon Pro 28000 \u0151szibarack-mang\u00f3-g\u00f6r\u00f6gdinnye eldobhat\u00f3 e-cigaretta<\/h2>\n<p class=\"whitespace-normal break-words\">A JNR Falcon Pro 28000 Peach Mango Watermelon h\u00e1rom n\u00e9pszer\u0171 gy\u00fcm\u00f6lcs\u00f6t \u00f6tv\u00f6z egy friss\u00edt\u0151 \u00edz\u00e9lm\u00e9nyben. Nagylelk\u0171 28 000 sz\u00edv\u00e1s kapacit\u00e1ssal \u00e9s 30 ml el\u0151re felt\u00f6lt\u00f6tt, kiv\u00e1l\u00f3 min\u0151s\u00e9g\u0171 e-liquiddel ez a pr\u00e9mium eszk\u00f6z hossz\u00fa \u00e9lvezetet garant\u00e1l. A fejlett Dual-Mesh-Coil rendszer pontosan kivonja a komplex gy\u00fcm\u00f6lcsarom\u00e1kat \u00e9s egyenletes g\u0151zmin\u0151s\u00e9get biztos\u00edt. A praktikus azonnali aktiv\u00e1l\u00e1s egyszer\u0171 g\u0151z\u00f6l\u00e9st tesz lehet\u0151v\u00e9 v\u00e1rakoz\u00e1si id\u0151 n\u00e9lk\u00fcl. A robusztus, \u00fajrat\u00f6lthet\u0151 950 mAh-s akkumul\u00e1tor megb\u00edzhat\u00f3 teljes\u00edtm\u00e9nyt ny\u00fajt, m\u00edg a be\u00e9p\u00edtett intelligens kijelz\u0151 minden fontos inform\u00e1ci\u00f3t megjelen\u00edti.<\/p>\n<h3 class=\"text-lg font-bold text-text-100 mt-1 -mb-1.5\">Peach Mango Watermelon \u2013 H\u00e1rmas gy\u00fcm\u00f6lcsrobban\u00e1s:<\/h3>\n<p class=\"whitespace-normal break-words\">\u00c9lvezze a zamatos \u0151szibarack, a tr\u00f3pusi mang\u00f3 \u00e9s a friss\u00edt\u0151 g\u00f6r\u00f6gdinnye harmonikus \u00f6sszhangj\u00e1t egyetlen slukkban. Ez a sokoldal\u00fa gy\u00fcm\u00f6lcskombin\u00e1ci\u00f3 a Dual-Mesh technol\u00f3gi\u00e1nak k\u00f6sz\u00f6nhet\u0151en optim\u00e1lisan \u00e9rv\u00e9nyes\u00fcl, \u00e9s garant\u00e1lja az \u00e1lland\u00f3 \u00edzt a teljes haszn\u00e1lati id\u0151 alatt.<\/p>\n<p class=\"whitespace-normal break-words\">Az \u00fajrat\u00f6lthet\u0151 950 mAh-s akkumul\u00e1tor megb\u00edzhat\u00f3 energi\u00e1t biztos\u00edt hat\u00e9kony t\u00f6lt\u00e9si ciklusokkal. A kiegyens\u00falyozott 2% nikotintartalom kellemes torok\u00e9rzetet biztos\u00edt, amely t\u00f6k\u00e9letes egyens\u00falyt teremt a k\u00e9nyelem \u00e9s az el\u00e9gedetts\u00e9g k\u00f6z\u00f6tt \u2013 ide\u00e1lis a sokoldal\u00fa g\u0151z\u00f6l\u0151k sz\u00e1m\u00e1ra.<\/p>\n<p class=\"whitespace-normal break-words\">A j\u00f3l \u00e1ttekinthet\u0151 digit\u00e1lis kijelz\u0151 val\u00f3s id\u0151ben mutatja az akkumul\u00e1tor kapacit\u00e1s\u00e1t \u00e9s a sz\u00edv\u00e1si statisztik\u00e1kat, \u00edgy mindig t\u00e1j\u00e9kozott maradhat. A karcs\u00fa, ergon\u00f3mikus kialak\u00edt\u00e1s t\u00f6k\u00e9letesen illeszkedik a k\u00e9zbe, \u00edgy ez a k\u00e9sz\u00fcl\u00e9k ide\u00e1lis t\u00e1rs a gy\u00fcm\u00f6lcs\u00f6s g\u0151z\u00e9lvezet\u00e9shez.<\/p>\n<h3 class=\"text-lg font-bold text-text-100 mt-1 -mb-1.5\">A term\u00e9k jellemz\u0151i:<\/h3>\n<p class=\"whitespace-normal break-words\"><strong>Vonat kapacit\u00e1sa:<\/strong> Legfeljebb 28 000 vonat<br \/>\n<strong>Nikotin tartalom:<\/strong> 2%<br \/>\n<strong>Tart\u00e1ly t\u00e9rfogata:<\/strong> 30 ml<br \/>\n<strong>Akkumul\u00e1tor kapacit\u00e1s:<\/strong> 950 mAh \u00fajrat\u00f6lthet\u0151<br \/>\n<strong>P\u00e1rologtat\u00f3 fej:<\/strong> Kett\u0151s h\u00e1l\u00f3s tekercs<br \/>\n<strong>Megjelen\u00edt\u00e9s:<\/strong> Digit\u00e1lis kijelz\u0151<\/p>\n<h3 class=\"text-lg font-bold text-text-100 mt-1 -mb-1.5\">Fedezzen fel t\u00f6bb JNR VAPE-t a vozolpuff-on<\/h3>\n<p class=\"whitespace-normal break-words\">L\u00e1togasson el a  oldalra. <strong><a class=\"underline\" href=\"https:\/\/vozolpuff.de\/hu\/\">vozolpuff.de<\/a><\/strong> \u00e9s fedezze fel teljes v\u00e1laszt\u00e9kunkat. A mi <strong><a class=\"underline\" href=\"https:\/\/vozolpuff.de\/hu\/product-category\/jnr-vape\/\">JNR VAPE kateg\u00f3ria<\/a><\/strong> innovat\u00edv g\u0151zold\u00e1sokat tal\u00e1l. Fedezze fel az \u00f6sszes v\u00e1ltozatot a <strong><a class=\"underline\" href=\"https:\/\/vozolpuff.de\/hu\/product-category\/jnr-vape\/jnr-falcon-pro-28000\/\">Falcon Pro 28000 kollekci\u00f3<\/a><\/strong>.<\/p>","protected":false},"excerpt":{"rendered":"<p class=\"whitespace-normal break-words\">A JNR Falcon Pro 28000 Peach Mango Watermelon \u00f6tv\u00f6zi a l\u00e9d\u00fas \u0151szibarackot, a tr\u00f3pusi mang\u00f3t \u00e9s a friss\u00edt\u0151 g\u00f6r\u00f6gdinny\u00e9t. Ak\u00e1r 28 000 slukk, 30 ml e-liquid \u00e9s kett\u0151s h\u00e1l\u00f3s tekercs technol\u00f3gia a komplex gy\u00fcm\u00f6lcs\u00f6s \u00edzek\u00e9rt. 950 mAh-s akkumul\u00e1torral, intelligens kijelz\u0151vel \u00e9s 2% nikotinnal \u2013 h\u00e1rmas gy\u00fcm\u00f6lcsrobban\u00e1s sokoldal\u00fa \u00e9lvezet\u00e9rt.<\/p>","protected":false},"featured_media":7086,"comment_status":"open","ping_status":"closed","template":"","meta":{"_acf_changed":false},"product_brand":[],"product_cat":[83],"product_tag":[],"class_list":{"0":"post-7083","1":"product","2":"type-product","3":"status-publish","4":"has-post-thumbnail","6":"product_cat-jnr-falcon-pro-28000","8":"first","9":"instock","10":"shipping-taxable","11":"purchasable","12":"product-type-variable"},"acf":[],"_links":{"self":[{"href":"https:\/\/vozolpuff.de\/hu\/wp-json\/wp\/v2\/product\/7083","targetHints":{"allow":["GET"]}}],"collection":[{"href":"https:\/\/vozolpuff.de\/hu\/wp-json\/wp\/v2\/product"}],"about":[{"href":"https:\/\/vozolpuff.de\/hu\/wp-json\/wp\/v2\/types\/product"}],"replies":[{"embeddable":true,"href":"https:\/\/vozolpuff.de\/hu\/wp-json\/wp\/v2\/comments?post=7083"}],"wp:featuredmedia":[{"embeddable":true,"href":"https:\/\/vozolpuff.de\/hu\/wp-json\/wp\/v2\/media\/7086"}],"wp:attachment":[{"href":"https:\/\/vozolpuff.de\/hu\/wp-json\/wp\/v2\/media?parent=7083"}],"wp:term":[{"taxonomy":"product_brand","embeddable":true,"href":"https:\/\/vozolpuff.de\/hu\/wp-json\/wp\/v2\/product_brand?post=7083"},{"taxonomy":"product_cat","embeddable":true,"href":"https:\/\/vozolpuff.de\/hu\/wp-json\/wp\/v2\/product_cat?post=7083"},{"taxonomy":"product_tag","embeddable":true,"href":"https:\/\/vozolpuff.de\/hu\/wp-json\/wp\/v2\/product_tag?post=7083"}],"curies":[{"name":"wp","href":"https:\/\/api.w.org\/{rel}","templated":true}]}}