{"id":7108,"date":"2025-10-22T15:53:30","date_gmt":"2025-10-22T13:53:30","guid":{"rendered":"https:\/\/vozolpuff.de\/?post_type=product&#038;p=7108"},"modified":"2025-10-22T15:53:30","modified_gmt":"2025-10-22T13:53:30","slug":"jnr-falcon-pro-28000-cherry-berry","status":"publish","type":"product","link":"https:\/\/vozolpuff.de\/hu\/termek\/jnr-falcon-pro-28000-cherry-berry\/","title":{"rendered":"JNR Falcon Pro 28000 cseresznye bogy\u00f3"},"content":{"rendered":"<h2 class=\"text-xl font-bold text-text-100 mt-1 -mb-0.5\">JNR Falcon Pro 28000 Cherry Berry eldobhat\u00f3 vape<\/h2>\n<p class=\"whitespace-normal break-words\">A JNR Falcon Pro 28000 Cherry Berry a l\u00e9d\u00fas csereszny\u00e9t gy\u00fcm\u00f6lcs\u00f6s bogy\u00f3s gy\u00fcm\u00f6lcs\u00f6k kever\u00e9k\u00e9vel \u00f6tv\u00f6zi, hogy intenz\u00edv \u00edz\u00e9lm\u00e9nyt ny\u00fajtson. Ez a kiv\u00e1l\u00f3 min\u0151s\u00e9g\u0171 eldobhat\u00f3 k\u00e9sz\u00fcl\u00e9k kiv\u00e9teles 28 000 puffot k\u00edn\u00e1l 30 ml kiv\u00e1l\u00f3 min\u0151s\u00e9g\u0171 e-folyad\u00e9kkal el\u0151re felt\u00f6ltve. Az er\u0151teljes kett\u0151s h\u00e1l\u00f3s tekercs technol\u00f3gia prec\u00edz \u00edzkivon\u00e1st \u00e9s egyenletes g\u0151ztermel\u00e9st biztos\u00edt a teljes \u00e9lettartam alatt. A felhaszn\u00e1l\u00f3bar\u00e1t azonnali aktiv\u00e1l\u00e1s lehet\u0151v\u00e9 teszi a gombnyom\u00e1s n\u00e9lk\u00fcli, egyszer\u0171 p\u00e1rologtat\u00e1st. Az er\u0151teljes 950 mAh-s akkumul\u00e1tor \u00fajrat\u00f6lt\u00e9si funkci\u00f3val megb\u00edzhat\u00f3 energi\u00e1t biztos\u00edt, a praktikus intelligens kijelz\u0151 pedig minden fontos inform\u00e1ci\u00f3t val\u00f3s id\u0151ben mutat.<\/p>\n<h3 class=\"text-xl font-bold text-text-100 mt-1 -mb-0.5\">Cherry Berry - Intenz\u00edv bogy\u00f3s gy\u00fcm\u00f6lcsf\u00fazi\u00f3:<\/h3>\n<p class=\"whitespace-normal break-words\">\u00c9lvezze az \u00e9des cseresznye t\u00f6k\u00e9letes f\u00fazi\u00f3j\u00e1t egy v\u00e1ltozatos bogy\u00f3s gy\u00fcm\u00f6lcskever\u00e9kkel, amely minden slukkot gy\u00fcm\u00f6lcs\u00f6s \u00e9lm\u00e9nny\u00e9 var\u00e1zsol. Ezt a kiegyens\u00falyozott kombin\u00e1ci\u00f3t a fejlett kett\u0151s h\u00e1l\u00f3s technol\u00f3gia optim\u00e1lisan alak\u00edtja ki, \u00e9s garant\u00e1lja az \u00e1lland\u00f3 \u00edzintenzit\u00e1st mind a 28 000 slukkban.<\/p>\n<p class=\"whitespace-normal break-words\">A 950 mAh kapacit\u00e1s\u00fa \u00fajrat\u00f6lthet\u0151 akkumul\u00e1tor gyors t\u00f6lt\u00e9si ciklusok mellett biztos\u00edtja a megszak\u00edt\u00e1s n\u00e9lk\u00fcli p\u00e1rologtat\u00e1si \u00e9lm\u00e9nyt. A 2% kiegyens\u00falyozott nikotintartalma kellemes torok\u00fct\u00e9st biztos\u00edt, amely ide\u00e1lisan \u00f6tv\u00f6zi a k\u00e9nyelmet \u00e9s az el\u00e9gedetts\u00e9get - t\u00f6k\u00e9letes a bogy\u00f3s gy\u00fcm\u00f6lcs\u00f6k szerelmeseinek.<\/p>\n<p class=\"whitespace-normal break-words\">Az \u00e1ttekinthet\u0151 digit\u00e1lis kijelz\u0151 t\u00e1j\u00e9koztatja \u00d6nt az akkumul\u00e1tor \u00e1llapot\u00e1r\u00f3l \u00e9s a fogyaszt\u00e1si statisztik\u00e1kr\u00f3l, \u00edgy mindig \u00e1ttekintheti a helyzetet. Az ergonomikus, st\u00edlusos kialak\u00edt\u00e1s k\u00e9nyelmesen fekszik a k\u00e9zben, \u00e9s teszi ezt a k\u00e9sz\u00fcl\u00e9ket ide\u00e1lis t\u00e1rss\u00e1 a gy\u00fcm\u00f6lcs\u00f6s p\u00e1ra \u00e9lvezet\u00e9hez minden alkalommal.<\/p>\n<h3 class=\"text-xl font-bold text-text-100 mt-1 -mb-0.5\">A term\u00e9k jellemz\u0151i:<\/h3>\n<p class=\"whitespace-normal break-words\"><strong>Vonat kapacit\u00e1sa:<\/strong> Legfeljebb 28 000 vonat<br \/>\n<strong>Nikotin tartalom:<\/strong> 2%<br \/>\n<strong>Tart\u00e1ly t\u00e9rfogata:<\/strong> 30 ml<br \/>\n<strong>Akkumul\u00e1tor kapacit\u00e1s:<\/strong> 950 mAh \u00fajrat\u00f6lthet\u0151<br \/>\n<strong>P\u00e1rologtat\u00f3 fej:<\/strong> Kett\u0151s h\u00e1l\u00f3s tekercs<br \/>\n<strong>Megjelen\u00edt\u00e9s:<\/strong> Digit\u00e1lis kijelz\u0151<\/p>\n<h3 class=\"text-xl font-bold text-text-100 mt-1 -mb-0.5\">Fedezzen fel t\u00f6bb JNR VAPE-t a vozolpuff-on<\/h3>\n<p class=\"whitespace-normal break-words\">A  oldalon. <strong><a class=\"underline\" href=\"https:\/\/vozolpuff.de\/hu\/\">vozolpuff.de<\/a><\/strong> els\u0151 oszt\u00e1ly\u00fa g\u0151ztechnol\u00f3gi\u00e1ra sz\u00e1m\u00edthat, nagy v\u00e1laszt\u00e9kban. Fedezze fel <strong><a class=\"underline\" href=\"https:\/\/vozolpuff.de\/hu\/product-category\/jnr-vape\/\">JNR VAPE kateg\u00f3ria<\/a><\/strong> m\u00e1s pr\u00e9mium term\u00e9kek eset\u00e9ben. Az \u00f6sszes \u00edzt megtal\u00e1lja a <strong><a class=\"underline\" href=\"https:\/\/vozolpuff.de\/hu\/product-category\/jnr-vape\/jnr-falcon-pro-28000\/\">Falcon Pro 28000 kollekci\u00f3<\/a><\/strong>.<\/p>","protected":false},"excerpt":{"rendered":"<p class=\"whitespace-normal break-words\">A JNR Falcon Pro 28000 Cherry Berry a l\u00e9d\u00fas csereszny\u00e9t gy\u00fcm\u00f6lcs\u00f6s bogy\u00f3s gy\u00fcm\u00f6lcskever\u00e9kkel kombin\u00e1lja. Ak\u00e1r 28 000 slukk, 30 ml e-folyad\u00e9k \u00e9s kett\u0151s h\u00e1l\u00f3s tekercs technol\u00f3gia az intenz\u00edv bogy\u00f3s \u00edzek\u00e9rt. 950 mAh-s akkumul\u00e1torral, intelligens kijelz\u0151vel \u00e9s 2% nikotinnal - kiegyens\u00falyozott bogy\u00f3s gy\u00fcm\u00f6lcsf\u00fazi\u00f3 az \u00e1lland\u00f3 gy\u00fcm\u00f6lcs\u00edz\u00e9rt.<\/p>","protected":false},"featured_media":7111,"comment_status":"open","ping_status":"closed","template":"","meta":{"_acf_changed":false},"product_brand":[],"product_cat":[83],"product_tag":[],"class_list":{"0":"post-7108","1":"product","2":"type-product","3":"status-publish","4":"has-post-thumbnail","6":"product_cat-jnr-falcon-pro-28000","8":"first","9":"instock","10":"shipping-taxable","11":"purchasable","12":"product-type-variable"},"acf":[],"_links":{"self":[{"href":"https:\/\/vozolpuff.de\/hu\/wp-json\/wp\/v2\/product\/7108","targetHints":{"allow":["GET"]}}],"collection":[{"href":"https:\/\/vozolpuff.de\/hu\/wp-json\/wp\/v2\/product"}],"about":[{"href":"https:\/\/vozolpuff.de\/hu\/wp-json\/wp\/v2\/types\/product"}],"replies":[{"embeddable":true,"href":"https:\/\/vozolpuff.de\/hu\/wp-json\/wp\/v2\/comments?post=7108"}],"wp:featuredmedia":[{"embeddable":true,"href":"https:\/\/vozolpuff.de\/hu\/wp-json\/wp\/v2\/media\/7111"}],"wp:attachment":[{"href":"https:\/\/vozolpuff.de\/hu\/wp-json\/wp\/v2\/media?parent=7108"}],"wp:term":[{"taxonomy":"product_brand","embeddable":true,"href":"https:\/\/vozolpuff.de\/hu\/wp-json\/wp\/v2\/product_brand?post=7108"},{"taxonomy":"product_cat","embeddable":true,"href":"https:\/\/vozolpuff.de\/hu\/wp-json\/wp\/v2\/product_cat?post=7108"},{"taxonomy":"product_tag","embeddable":true,"href":"https:\/\/vozolpuff.de\/hu\/wp-json\/wp\/v2\/product_tag?post=7108"}],"curies":[{"name":"wp","href":"https:\/\/api.w.org\/{rel}","templated":true}]}}