{"id":718,"date":"2025-08-23T18:00:10","date_gmt":"2025-08-23T16:00:10","guid":{"rendered":"https:\/\/vozolpuff.de\/?post_type=product&#038;p=718"},"modified":"2026-04-15T17:33:21","modified_gmt":"2026-04-15T15:33:21","slug":"vozol-vista-20000-peach-mango-watermelon","status":"publish","type":"product","link":"https:\/\/vozolpuff.de\/hu\/termek\/vozol-vista-20000-peach-mango-watermelon\/","title":{"rendered":"Vozol Vista 20000 \u0150szibarack Mang\u00f3 G\u00f6r\u00f6gdinnye"},"content":{"rendered":"<h2 class=\"text-xl font-bold text-text-100 mt-1 -mb-0.5\">Vozol Vista 20000 Barack mang\u00f3 g\u00f6r\u00f6gdinnye eldobhat\u00f3 vape<\/h2>\n<p class=\"whitespace-normal break-words\">Mer\u00fclj\u00f6n el egy tr\u00f3pusi \u00edz\u00e9lm\u00e9nyben a Vozol VISTA 20000 Barack Mang\u00f3 G\u00f6r\u00f6gdinnye seg\u00edts\u00e9g\u00e9vel. Ez a kiv\u00e1l\u00f3 eldobhat\u00f3 e-cigaretta a l\u00e9d\u00fas barackot, a kr\u00e9mes mang\u00f3t \u00e9s a friss\u00edt\u0151 g\u00f6r\u00f6gdinny\u00e9t \u00f6tv\u00f6zi, hogy harmonikus h\u00e1rmas gy\u00fcm\u00f6lcsszimf\u00f3ni\u00e1t hozzon l\u00e9tre, ak\u00e1r 20.000 finom sz\u00edv\u00e1ssal.<\/p>\n<h3 class=\"text-lg font-bold text-text-100 mt-1 -mb-1.5\">A Peach Mango Watermelon v\u00e1ltozat specifik\u00e1ci\u00f3i:<\/h3>\n<p class=\"whitespace-normal break-words\"><strong>Sokoldal\u00fa teljes\u00edtm\u00e9nyszab\u00e1lyoz\u00e1s:<\/strong> A hat finomra hangolt wattfokozat lehet\u0151v\u00e9 teszi az \u00f6sszetett gy\u00fcm\u00f6lcs\u00edzek optim\u00e1lis kibontakoz\u00e1s\u00e1t. Mindegyik be\u00e1ll\u00edt\u00e1s m\u00e1s-m\u00e1s \u00edz\u00e1rnyalatot emel ki.<\/p>\n<p class=\"whitespace-normal break-words\"><strong>Innovat\u00edv dupla h\u00e1l\u00f3s tekercsek:<\/strong> A fejlett tekercstechnol\u00f3gia t\u00f6k\u00e9letes \u00edzegyens\u00falyt biztos\u00edt az \u0151szibarack, a mang\u00f3 \u00e9s a g\u00f6r\u00f6gdinnye k\u00f6z\u00f6tt minden egyes g\u0151zfelh\u0151ben.<\/p>\n<p class=\"whitespace-normal break-words\"><strong>Interakt\u00edv sz\u00ednes kijelz\u0151:<\/strong> Az \u00e9l\u00e9nk kijelz\u0151 teljes \u00e1ttekint\u00e9st ny\u00fajt az \u00f6sszes funkci\u00f3r\u00f3l, \u00e9s \u00e9lvezetess\u00e9 teszi a kezel\u00e9st.<\/p>\n<p class=\"whitespace-normal break-words\"><strong>Eleg\u00e1ns, \u00e1tl\u00e1tsz\u00f3 kialak\u00edt\u00e1s:<\/strong> Az \u00e1tl\u00e1tsz\u00f3 h\u00e1z kialak\u00edt\u00e1sa modern megjelen\u00e9st k\u00f6lcs\u00f6n\u00f6z a k\u00e9sz\u00fcl\u00e9knek, \u00e9s megmutatja a folyad\u00e9kszintet.<\/p>\n<p class=\"whitespace-normal break-words\"><strong>Leny\u0171g\u00f6z\u0151 sz\u00e1m\u00fa vonat:<\/strong> Ez a gy\u00fcm\u00f6lcskombin\u00e1ci\u00f3 20 000 puffan\u00e1ssal hetekig tart\u00f3 megszak\u00edt\u00e1s n\u00e9lk\u00fcli \u00e9lvezetet biztos\u00edt.<\/p>\n<p class=\"whitespace-normal break-words\"><strong>Optimaliz\u00e1lt nikotinkoncentr\u00e1ci\u00f3:<\/strong> Az 5% nikotin kiel\u00e9g\u00edt\u0151 hat\u00e1st biztos\u00edt enyhe torok\u00fct\u00e9ssel.<\/p>\n<p class=\"whitespace-normal break-words\"><strong>Nagy hat\u00e9konys\u00e1g\u00fa akkumul\u00e1tor:<\/strong> 650mAh akkumul\u00e1tor C t\u00edpus\u00fa gyorst\u00f6lt\u0151vel a minim\u00e1lis t\u00f6lt\u00e9si id\u0151 \u00e9rdek\u00e9ben.<\/p>\n<p class=\"whitespace-normal break-words\"><strong>Maxim\u00e1lis t\u00e9rfogat\u00fa tart\u00e1ly:<\/strong> 24ml els\u0151 oszt\u00e1ly\u00fa gy\u00fcm\u00f6lcs\u00f6s e-folyad\u00e9k garant\u00e1lja a tart\u00f3s \u00edzt.<\/p>\n<h3 class=\"text-lg font-bold text-text-100 mt-1 -mb-1.5\">Fedezzen fel t\u00f6bb VOZOL VAPE-t a vozolpuff-on<\/h3>\n<p class=\"whitespace-normal break-words\">Fedezzen fel t\u00f6bb pr\u00e9mium g\u0151z\u00f6lg\u0151 term\u00e9ket a <strong><a class=\"underline\" href=\"https:\/\/vozolpuff.de\/hu\/\">Vozol Puff online bolt<\/a><\/strong>b\u00f6ng\u00e9sszen a teljes k\u00edn\u00e1latunkban <strong><a class=\"underline\" href=\"https:\/\/vozolpuff.de\/hu\/product-category\/vozol-vape\/\">VOZOL VAPE kollekci\u00f3<\/a><\/strong> vagy fedezze fel az \u00f6sszes el\u00e9rhet\u0151 <strong><a class=\"underline\" href=\"https:\/\/vozolpuff.de\/hu\/product-category\/vozol-vape\/vozol-vista-20000\/\">Vozol Vista 20000 \u00edzek<\/a><\/strong>.<\/p>","protected":false},"excerpt":{"rendered":"<p>A Vozol Vista 20000 Peach Mango Watermelon eldobhat\u00f3 vape a l\u00e9d\u00fas \u0151szibarackot, a kr\u00e9mes mang\u00f3t \u00e9s a friss\u00edt\u0151 g\u00f6r\u00f6gdinny\u00e9t \u00f6tv\u00f6zi egy harmonikus h\u00e1rmas gy\u00fcm\u00f6lcsszimf\u00f3nia l\u00e9trehoz\u00e1s\u00e1hoz. Ez a kiv\u00e1l\u00f3 eldobhat\u00f3 e-cigaretta 20.000 slukkot, 650mAh akkumul\u00e1tort \u00e9s 5% nikotint k\u00edn\u00e1l. Hat wattfokozat dupla h\u00e1l\u00f3s technol\u00f3gi\u00e1val a komplex gy\u00fcm\u00f6lcs\u00edzek optim\u00e1lis kibontakoztat\u00e1sa \u00e9rdek\u00e9ben.<\/p>","protected":false},"featured_media":720,"comment_status":"open","ping_status":"closed","template":"","meta":{"_acf_changed":false},"product_brand":[],"product_cat":[30],"product_tag":[],"class_list":{"0":"post-718","1":"product","2":"type-product","3":"status-publish","4":"has-post-thumbnail","6":"product_cat-vozol-vista-20000","8":"first","9":"instock","10":"shipping-taxable","11":"purchasable","12":"product-type-variable"},"acf":[],"_links":{"self":[{"href":"https:\/\/vozolpuff.de\/hu\/wp-json\/wp\/v2\/product\/718","targetHints":{"allow":["GET"]}}],"collection":[{"href":"https:\/\/vozolpuff.de\/hu\/wp-json\/wp\/v2\/product"}],"about":[{"href":"https:\/\/vozolpuff.de\/hu\/wp-json\/wp\/v2\/types\/product"}],"replies":[{"embeddable":true,"href":"https:\/\/vozolpuff.de\/hu\/wp-json\/wp\/v2\/comments?post=718"}],"wp:featuredmedia":[{"embeddable":true,"href":"https:\/\/vozolpuff.de\/hu\/wp-json\/wp\/v2\/media\/720"}],"wp:attachment":[{"href":"https:\/\/vozolpuff.de\/hu\/wp-json\/wp\/v2\/media?parent=718"}],"wp:term":[{"taxonomy":"product_brand","embeddable":true,"href":"https:\/\/vozolpuff.de\/hu\/wp-json\/wp\/v2\/product_brand?post=718"},{"taxonomy":"product_cat","embeddable":true,"href":"https:\/\/vozolpuff.de\/hu\/wp-json\/wp\/v2\/product_cat?post=718"},{"taxonomy":"product_tag","embeddable":true,"href":"https:\/\/vozolpuff.de\/hu\/wp-json\/wp\/v2\/product_tag?post=718"}],"curies":[{"name":"wp","href":"https:\/\/api.w.org\/{rel}","templated":true}]}}