{"id":724,"date":"2025-08-23T18:02:32","date_gmt":"2025-08-23T16:02:32","guid":{"rendered":"https:\/\/vozolpuff.de\/?post_type=product&#038;p=724"},"modified":"2026-04-15T17:33:22","modified_gmt":"2026-04-15T15:33:22","slug":"vozol-vista-20000-strawberry-raspberry-cherry","status":"publish","type":"product","link":"https:\/\/vozolpuff.de\/hu\/termek\/vozol-vista-20000-strawberry-raspberry-cherry\/","title":{"rendered":"Vozol Vista 20000 eper m\u00e1lna meggy"},"content":{"rendered":"<h2 class=\"text-xl font-bold text-text-100 mt-1 -mb-0.5\">Vozol Vista 20000 Eper m\u00e1lna cseresznye eldobhat\u00f3 vape<\/h2>\n<p class=\"whitespace-normal break-words\">\u00c9lvezze az \u00ednycsikland\u00f3 bogy\u00f3s gy\u00fcm\u00f6lcs\u00f6kb\u0151l \u00e1ll\u00f3 kompoz\u00edci\u00f3t a Vozol VISTA 20000 Strawberry Raspberry Cherry-vel. Ez a pr\u00e9mium eldobhat\u00f3 e-cigaretta az \u00e9des epret, a fanyar m\u00e1ln\u00e1t \u00e9s a l\u00e9d\u00fas csereszny\u00e9t kombin\u00e1lja, hogy egy ellen\u00e1llhatatlan bogy\u00f3s gy\u00fcm\u00f6lcs\u00f6s csokrot hozzon l\u00e9tre, ak\u00e1r 20 000 gy\u00fcm\u00f6lcs\u00f6s sz\u00edv\u00e1ssal.<\/p>\n<h3 class=\"text-lg font-bold text-text-100 mt-1 -mb-1.5\">A Strawberry Raspberry Cherry Edition legfontosabb jellemz\u0151i:<\/h3>\n<p class=\"whitespace-normal break-words\"><strong>Testreszabhat\u00f3 teljes\u00edtm\u00e9nyszab\u00e1lyoz\u00e1s:<\/strong> A hat k\u00fcl\u00f6nb\u00f6z\u0151 teljes\u00edtm\u00e9nyszintnek k\u00f6sz\u00f6nhet\u0151en a bogy\u00f3s gy\u00fcm\u00f6lcs\u00f6k \u00edz\u00e9nek intenzit\u00e1s\u00e1t tetsz\u00e9s szerint szab\u00e1lyozhatja.<\/p>\n<p class=\"whitespace-normal break-words\"><strong>Kiv\u00e1l\u00f3 min\u0151s\u00e9g\u0171 dupla h\u00e1l\u00f3s tekercsek:<\/strong> A fejlett technol\u00f3gia biztos\u00edtja mindh\u00e1rom bogy\u00f3s gy\u00fcm\u00f6lcskomponens egyenletes eloszl\u00e1s\u00e1t minden egyes g\u0151zfelh\u0151ben.<\/p>\n<p class=\"whitespace-normal break-words\"><strong>\u00c9l\u00e9nk sz\u00ednmegjelen\u00edt\u00e9s:<\/strong> A felhaszn\u00e1l\u00f3bar\u00e1t fel\u00fclet vil\u00e1gosan megjelen\u00edti az \u00f6sszes fontos inform\u00e1ci\u00f3t, \u00e9s megk\u00f6nny\u00edti a kezel\u00e9st.<\/p>\n<p class=\"whitespace-normal break-words\"><strong>Teljesen \u00e1tl\u00e1that\u00f3 megjelen\u00e9s:<\/strong> A vil\u00e1gos kialak\u00edt\u00e1s betekint\u00e9st ny\u00fajt a technol\u00f3gi\u00e1ba \u00e9s az e-folyad\u00e9kok jelenlegi \u00e1llapot\u00e1ba.<\/p>\n<p class=\"whitespace-normal break-words\"><strong>Hossz\u00fa \u00e9lettartam:<\/strong> A 20 000 puffan\u00e1s heteken \u00e1t tart\u00f3, sz\u00e9lesk\u00f6r\u0171 bogy\u00f3sgy\u00fcm\u00f6lcs-\u00e9lvezetet \u00edg\u00e9r.<\/p>\n<p class=\"whitespace-normal break-words\"><strong>T\u00f6k\u00e9letes nikotintartalom:<\/strong> Az 5% nikotin ide\u00e1lis el\u00e9gedetts\u00e9get biztos\u00edt enyhe torok\u00fct\u00e9ssel.<\/p>\n<p class=\"whitespace-normal break-words\"><strong>Megb\u00edzhat\u00f3 energiaell\u00e1t\u00e1s:<\/strong> 650mAh-s akkumul\u00e1tor C-t\u00edpus\u00fa t\u00f6lt\u0151porttal a folyamatos rendelkez\u00e9sre \u00e1ll\u00e1s \u00e9rdek\u00e9ben.<\/p>\n<p class=\"whitespace-normal break-words\"><strong>Nagy t\u00e9rfogat\u00fa tart\u00e1ly:<\/strong> 24ml pr\u00e9mium bogy\u00f3s gy\u00fcm\u00f6lcs\u00f6s e-folyad\u00e9k hosszabb g\u0151z\u00f6l\u00e9sekhez.<\/p>\n<h3 class=\"text-lg font-bold text-text-100 mt-1 -mb-1.5\">Fedezzen fel t\u00f6bb VOZOL VAPE-t a vozolpuff-on<\/h3>\n<p class=\"whitespace-normal break-words\">Fedezzen fel t\u00f6bb pr\u00e9mium g\u0151z\u00f6lg\u0151 term\u00e9ket a <strong><a class=\"underline\" href=\"https:\/\/vozolpuff.de\/hu\/\">Vozol Puff online bolt<\/a><\/strong>b\u00f6ng\u00e9sszen a teljes k\u00edn\u00e1latunkban <strong><a class=\"underline\" href=\"https:\/\/vozolpuff.de\/hu\/product-category\/vozol-vape\/\">VOZOL VAPE kollekci\u00f3<\/a><\/strong> vagy fedezze fel az \u00f6sszes el\u00e9rhet\u0151 <strong><a class=\"underline\" href=\"https:\/\/vozolpuff.de\/hu\/product-category\/vozol-vape\/vozol-vista-20000\/\">Vozol Vista 20000 \u00edzek<\/a><\/strong>.<\/p>","protected":false},"excerpt":{"rendered":"<p>A Vozol Vista 20000 Strawberry Raspberry Cherry eldobhat\u00f3 vape az \u00e9des epret, a fanyar m\u00e1ln\u00e1t \u00e9s a l\u00e9d\u00fas csereszny\u00e9t \u00f6tv\u00f6zi, hogy egy ellen\u00e1llhatatlan bogy\u00f3s gy\u00fcm\u00f6lcs\u00f6s csokrot hozzon l\u00e9tre. Ez a pr\u00e9mium eldobhat\u00f3 e-cigaretta 20.000 slukkot, 650mAh akkumul\u00e1tort \u00e9s 5% nikotint k\u00edn\u00e1l. Hat teljes\u00edtm\u00e9nyszint h\u00e1l\u00f3s kett\u0151s tekercsekkel az \u00f6sszes bogy\u00f3s \u00f6sszetev\u0151 egyenletes eloszt\u00e1sa \u00e9rdek\u00e9ben.<\/p>","protected":false},"featured_media":726,"comment_status":"open","ping_status":"closed","template":"","meta":{"_acf_changed":false},"product_brand":[],"product_cat":[30],"product_tag":[],"class_list":{"0":"post-724","1":"product","2":"type-product","3":"status-publish","4":"has-post-thumbnail","6":"product_cat-vozol-vista-20000","8":"first","9":"instock","10":"shipping-taxable","11":"purchasable","12":"product-type-variable"},"acf":[],"_links":{"self":[{"href":"https:\/\/vozolpuff.de\/hu\/wp-json\/wp\/v2\/product\/724","targetHints":{"allow":["GET"]}}],"collection":[{"href":"https:\/\/vozolpuff.de\/hu\/wp-json\/wp\/v2\/product"}],"about":[{"href":"https:\/\/vozolpuff.de\/hu\/wp-json\/wp\/v2\/types\/product"}],"replies":[{"embeddable":true,"href":"https:\/\/vozolpuff.de\/hu\/wp-json\/wp\/v2\/comments?post=724"}],"wp:featuredmedia":[{"embeddable":true,"href":"https:\/\/vozolpuff.de\/hu\/wp-json\/wp\/v2\/media\/726"}],"wp:attachment":[{"href":"https:\/\/vozolpuff.de\/hu\/wp-json\/wp\/v2\/media?parent=724"}],"wp:term":[{"taxonomy":"product_brand","embeddable":true,"href":"https:\/\/vozolpuff.de\/hu\/wp-json\/wp\/v2\/product_brand?post=724"},{"taxonomy":"product_cat","embeddable":true,"href":"https:\/\/vozolpuff.de\/hu\/wp-json\/wp\/v2\/product_cat?post=724"},{"taxonomy":"product_tag","embeddable":true,"href":"https:\/\/vozolpuff.de\/hu\/wp-json\/wp\/v2\/product_tag?post=724"}],"curies":[{"name":"wp","href":"https:\/\/api.w.org\/{rel}","templated":true}]}}