{"id":7335,"date":"2025-10-27T11:06:23","date_gmt":"2025-10-27T10:06:23","guid":{"rendered":"https:\/\/vozolpuff.de\/?post_type=product&#038;p=7335"},"modified":"2025-10-27T11:06:23","modified_gmt":"2025-10-27T10:06:23","slug":"jnr-alien-10000-blue-razz-cherry","status":"publish","type":"product","link":"https:\/\/vozolpuff.de\/hu\/termek\/jnr-alien-10000-blue-razz-cherry\/","title":{"rendered":"JNR Alien 10000 K\u00e9k Razz Cherry"},"content":{"rendered":"<h2 class=\"text-xl font-bold text-text-100 mt-1 -mb-0.5\">JNR Alien 10000 Blue Razz Cherry eldobhat\u00f3 e-cigaretta<\/h2>\n<p class=\"whitespace-normal break-words\">A JNR Alien 10000 Blue Razz Cherry \u00f6tv\u00f6zi az \u00e9rett cseresznye \u00e9des intenzit\u00e1s\u00e1t a k\u00e9k m\u00e1lna frissess\u00e9g\u00e9vel, \u00edgy ellen\u00e1llhatatlan \u00edz\u00e9lm\u00e9nyt ny\u00fajt. Leny\u0171g\u00f6z\u0151, k\u00f6r\u00fclbel\u00fcl 10 000 sz\u00edv\u00e1s teljes\u00edtm\u00e9ny\u00e9vel \u00e9s fejlett 1,2 \u03a9-os tekercs\u00e9vel ez az eldobhat\u00f3 e-cigaretta \u00e1lland\u00f3an tel\u00edtett g\u0151zt biztos\u00edt. A robusztus 850 mAh-s akkumul\u00e1tor \u00e9s a b\u0151s\u00e9ges 20 ml-es folyad\u00e9kkapacit\u00e1s t\u00f6bb h\u00e9tre is t\u00f6k\u00e9letes t\u00e1rs\u00e1v\u00e1 teszi. A Type-C t\u00f6lt\u00e9si technol\u00f3gi\u00e1nak k\u00f6sz\u00f6nhet\u0151en az akkumul\u00e1tor pillanatok alatt \u00fajra haszn\u00e1latra k\u00e9sz.<\/p>\n<h3 class=\"text-lg font-bold text-text-100 mt-1 -mb-1.5\">Blue Razz Cherry jellemz\u0151k \u00e9s tulajdons\u00e1gok:<\/h3>\n<p class=\"whitespace-normal break-words\"><strong>Nikotin er\u0151ss\u00e9g:<\/strong> 2% nikotin a kiel\u00e9g\u00edt\u0151 \u00e9s \u00edzletes g\u0151z\u00e9lm\u00e9ny\u00e9rt.<\/p>\n<p class=\"whitespace-normal break-words\"><strong>Puff-kapacit\u00e1s:<\/strong> \u00c9lvezze ak\u00e1r 10 000 arom\u00e1s slukkot an\u00e9lk\u00fcl, hogy folyamatosan cser\u00e9lnie kellene a k\u00e9sz\u00fcl\u00e9ket.<\/p>\n<p class=\"whitespace-normal break-words\"><strong>E-folyad\u00e9k t\u00e9rfogata:<\/strong> 20 ml kiv\u00e1l\u00f3 min\u0151s\u00e9g\u0171 e-liquid, autentikus Blue Razz Cherry arom\u00e1val.<\/p>\n<p class=\"whitespace-normal break-words\"><strong>RGB-megvil\u00e1g\u00edt\u00e1s:<\/strong> A dinamikus, t\u00f6bbsz\u00edn\u0171en v\u00e1ltoz\u00f3 LED-es vil\u00e1g\u00edt\u00e1s st\u00edlusos akcentusokat teremt.<\/p>\n<p class=\"whitespace-normal break-words\"><strong>\u00dajrat\u00f6lthet\u0151:<\/strong> 850 mAh-s akkumul\u00e1tor Type-C gyors t\u00f6lt\u0151csatlakoz\u00f3val a maxim\u00e1lis rendelkez\u00e9sre \u00e1ll\u00e1s \u00e9rdek\u00e9ben.<\/p>\n<p class=\"whitespace-normal break-words\"><strong>H\u00e1l\u00f3s tekercs rendszer:<\/strong> Az 1,2 \u03a9-os h\u00e1l\u00f3s tekercs intenz\u00edv \u00edz\u00e9lm\u00e9nyt \u00e9s nagy mennyis\u00e9g\u0171 g\u0151zfelh\u0151t biztos\u00edt.<\/p>\n<p class=\"whitespace-normal break-words\"><strong>Praktikus kialak\u00edt\u00e1s:<\/strong> Karcs\u00fa, k\u00e9zre es\u0151 m\u00e9ret, p\u00e1nttal a k\u00e9nyelmes sz\u00e1ll\u00edt\u00e1shoz.<\/p>\n<p class=\"whitespace-normal break-words\"><strong>Gy\u00fcm\u00f6lcs\u00f6s kever\u00e9k:<\/strong> A t\u00f6k\u00e9letes egyens\u00faly az \u00e9des cseresznye \u00e9s a savanyk\u00e1s k\u00e9k m\u00e1lna k\u00f6z\u00f6tt.<\/p>\n<h3 class=\"text-lg font-bold text-text-100 mt-1 -mb-1.5\">M\u0171szaki r\u00e9szletek:<\/h3>\n<p class=\"whitespace-normal break-words\">Vonatok: 10 000 vonat<br \/>\nFolyad\u00e9k mennyis\u00e9ge: 20ml<br \/>\nNikotin: 2%<br \/>\nAkkumul\u00e1tor: 1100 mAh<br \/>\nTekercs: 1,2 \u03a9 h\u00e1l\u00f3s tekercs<br \/>\nT\u00f6lt\u00e9s: C-t\u00edpus\u00fa<\/p>\n<h3 class=\"text-lg font-bold text-text-100 mt-1 -mb-1.5\">Fedezzen fel t\u00f6bb JNR VAPE-t a vozolpuff-on<\/h3>\n<p class=\"whitespace-normal break-words\">L\u00e1togasson el a <strong><a class=\"underline\" href=\"https:\/\/vozolpuff.de\/hu\/\">Honlap<\/a><\/strong> tov\u00e1bbi pr\u00e9mium e-cigarett\u00e1k\u00e9rt, \u00e9s fedezze fel a teljes <strong><a class=\"underline\" href=\"https:\/\/vozolpuff.de\/hu\/product-category\/jnr-vape\/\">JNR VAPE kateg\u00f3ria<\/a><\/strong> els\u0151 oszt\u00e1ly\u00fa vape term\u00e9kekkel. Mind a 14 \u00edz megtal\u00e1lhat\u00f3 a <strong><a class=\"underline\" href=\"https:\/\/vozolpuff.de\/hu\/product-category\/jnr-vape\/jnr-alien-10000\/\">JNR Alien 10000 kollekci\u00f3<\/a><\/strong>.<\/p>","protected":false},"excerpt":{"rendered":"<p class=\"whitespace-normal break-words\">A JNR Alien 10000 Blue Razz Cherry \u00e9des csereszny\u00e9t \u00e9s friss\u00edt\u0151 k\u00e9k m\u00e1ln\u00e1t kombin\u00e1l. 10 000 sz\u00edv\u00e1ssal, 20 ml e-liquiddel \u00e9s 1,2 \u03a9-os h\u00e1l\u00f3s tekercsel intenz\u00edv \u00edzt biztos\u00edt. A 850 mAh-s akkumul\u00e1tor Type-C-vel t\u00f6lthet\u0151, az RGB-megvil\u00e1g\u00edt\u00e1s pedig st\u00edlusos akcentusokat k\u00f6lcs\u00f6n\u00f6z neki. T\u00f6k\u00e9letes utaz\u00e1shoz!<\/p>","protected":false},"featured_media":7337,"comment_status":"open","ping_status":"closed","template":"","meta":{"_acf_changed":false},"product_brand":[],"product_cat":[87],"product_tag":[],"class_list":{"0":"post-7335","1":"product","2":"type-product","3":"status-publish","4":"has-post-thumbnail","6":"product_cat-jnr-alien-10000","8":"first","9":"instock","10":"shipping-taxable","11":"purchasable","12":"product-type-variable"},"acf":[],"_links":{"self":[{"href":"https:\/\/vozolpuff.de\/hu\/wp-json\/wp\/v2\/product\/7335","targetHints":{"allow":["GET"]}}],"collection":[{"href":"https:\/\/vozolpuff.de\/hu\/wp-json\/wp\/v2\/product"}],"about":[{"href":"https:\/\/vozolpuff.de\/hu\/wp-json\/wp\/v2\/types\/product"}],"replies":[{"embeddable":true,"href":"https:\/\/vozolpuff.de\/hu\/wp-json\/wp\/v2\/comments?post=7335"}],"wp:featuredmedia":[{"embeddable":true,"href":"https:\/\/vozolpuff.de\/hu\/wp-json\/wp\/v2\/media\/7337"}],"wp:attachment":[{"href":"https:\/\/vozolpuff.de\/hu\/wp-json\/wp\/v2\/media?parent=7335"}],"wp:term":[{"taxonomy":"product_brand","embeddable":true,"href":"https:\/\/vozolpuff.de\/hu\/wp-json\/wp\/v2\/product_brand?post=7335"},{"taxonomy":"product_cat","embeddable":true,"href":"https:\/\/vozolpuff.de\/hu\/wp-json\/wp\/v2\/product_cat?post=7335"},{"taxonomy":"product_tag","embeddable":true,"href":"https:\/\/vozolpuff.de\/hu\/wp-json\/wp\/v2\/product_tag?post=7335"}],"curies":[{"name":"wp","href":"https:\/\/api.w.org\/{rel}","templated":true}]}}