{"id":741,"date":"2025-08-23T18:09:21","date_gmt":"2025-08-23T16:09:21","guid":{"rendered":"https:\/\/vozolpuff.de\/?post_type=product&#038;p=741"},"modified":"2026-04-15T17:32:40","modified_gmt":"2026-04-15T15:32:40","slug":"vozol-vista-20000-sour-apple-ice","status":"publish","type":"product","link":"https:\/\/vozolpuff.de\/hu\/termek\/vozol-vista-20000-sour-apple-ice\/","title":{"rendered":"Vozol Vista 20000 Savany\u00fa alma j\u00e9g"},"content":{"rendered":"<h2 class=\"text-xl font-bold text-text-100 mt-1 -mb-0.5\">Vozol Vista 20000 Sour Apple Ice eldobhat\u00f3 vape<\/h2>\n<p class=\"whitespace-normal break-words\">Mer\u00fclj\u00f6n el egy intenz\u00edv \u00edzkombin\u00e1ci\u00f3ban a Vozol VISTA 20000 Sour Apple Ice-val. Ez az izgalmas eldobhat\u00f3 e-cigaretta a z\u00f6ld alma bizserget\u0151 savass\u00e1g\u00e1t a friss\u00edt\u0151 h\u0171v\u00f6ss\u00e9ggel \u00f6tv\u00f6zi, hogy \u00e9l\u00e9nk\u00edt\u0151 kontrasztot hozzon l\u00e9tre, amely ak\u00e1r 20 000 friss\u00edt\u0151 sz\u00edv\u00e1st \u00edg\u00e9r.<\/p>\n<h3 class=\"text-lg font-bold text-text-100 mt-1 -mb-1.5\">A Sour Apple Ice v\u00e1ltozat k\u00fcl\u00f6nleges jellemz\u0151i:<\/h3>\n<p class=\"whitespace-normal break-words\"><strong>Fokozatmentes teljes\u00edtm\u00e9nyszab\u00e1lyoz\u00e1s:<\/strong> Hat k\u00fcl\u00f6nb\u00f6z\u0151 teljes\u00edtm\u00e9ny be\u00e1ll\u00edt\u00e1sa lehet\u0151v\u00e9 teszi a t\u00f6k\u00e9letes adagol\u00e1st a savanyk\u00e1s alma intenzit\u00e1sa \u00e9s a h\u0171t\u0151hat\u00e1s k\u00f6z\u00f6tt.<\/p>\n<p class=\"whitespace-normal break-words\"><strong>Fejlett dupla h\u00e1l\u00f3s architekt\u00fara:<\/strong> Az innovat\u00edv tekercstechnol\u00f3gia maximaliz\u00e1lja mind a savanyk\u00e1s alm\u00e1s jegyeket, mind a friss\u00edt\u0151 hideg \u00f6sszetev\u0151t.<\/p>\n<p class=\"whitespace-normal break-words\"><strong>Intuit\u00edv sz\u00ednes kezel\u0151fel\u00fclet:<\/strong> A felhaszn\u00e1l\u00f3bar\u00e1t kijelz\u0151n az optim\u00e1lis vez\u00e9rl\u00e9s \u00e9rdek\u00e9ben minden l\u00e9nyeges param\u00e9ter vil\u00e1gosan l\u00e1that\u00f3.<\/p>\n<p class=\"whitespace-normal break-words\"><strong>Kifinomult, \u00e1ttetsz\u0151 eszt\u00e9tika:<\/strong> Az \u00e1tl\u00e1tsz\u00f3 h\u00e1z korszer\u0171 eleganci\u00e1t k\u00f6lcs\u00f6n\u00f6z a k\u00e9sz\u00fcl\u00e9knek, \u00e9s lehet\u0151v\u00e9 teszi a folyad\u00e9kok megfigyel\u00e9s\u00e9t.<\/p>\n<p class=\"whitespace-normal break-words\"><strong>Maxim\u00e1lis kihaszn\u00e1lts\u00e1gi id\u0151szak:<\/strong> Ez az intenz\u00edv \u00edzkever\u00e9k 20.000 puffol\u00e1ssal hetekig tart\u00f3 g\u0151z\u00f6l\u00e9si \u00e9lvezetet k\u00edn\u00e1l.<\/p>\n<p class=\"whitespace-normal break-words\"><strong>Optim\u00e1lis nikotin\u00e9rt\u00e9k:<\/strong> 5% nikotin biztos\u00edtja a kiel\u00e9g\u00edt\u0151 hat\u00e1st kellemes torok\u00e9rzet mellett.<\/p>\n<p class=\"whitespace-normal break-words\"><strong>Hat\u00e9kony t\u00e1pegys\u00e9g:<\/strong> 650mAh akkumul\u00e1tor C-t\u00edpus\u00fa gyorst\u00f6lt\u00e9si funkci\u00f3val a minim\u00e1lis \u00e1ll\u00e1sid\u0151 \u00e9rdek\u00e9ben.<\/p>\n<p class=\"whitespace-normal break-words\"><strong>Nagy form\u00e1tum\u00fa tart\u00e1ly:<\/strong> 24ml kiv\u00e1l\u00f3 min\u0151s\u00e9g\u0171 e-folyad\u00e9k tart\u00f3s \u00edzintenzit\u00e1st biztos\u00edt.<\/p>\n<h3 class=\"text-lg font-bold text-text-100 mt-1 -mb-1.5\">Fedezzen fel t\u00f6bb VOZOL VAPE-t a vozolpuff-on<\/h3>\n<p class=\"whitespace-normal break-words\">Fedezzen fel t\u00f6bb pr\u00e9mium g\u0151z\u00f6lg\u0151 term\u00e9ket a <strong><a class=\"underline\" href=\"https:\/\/vozolpuff.de\/hu\/\">Vozol Puff online bolt<\/a><\/strong>b\u00f6ng\u00e9sszen a teljes k\u00edn\u00e1latunkban <strong><a class=\"underline\" href=\"https:\/\/vozolpuff.de\/hu\/product-category\/vozol-vape\/\">VOZOL VAPE kollekci\u00f3<\/a><\/strong> vagy fedezze fel az \u00f6sszes el\u00e9rhet\u0151 <strong><a class=\"underline\" href=\"https:\/\/vozolpuff.de\/hu\/product-category\/vozol-vape\/vozol-vista-20000\/\">Vozol Vista 20000 \u00edzek<\/a><\/strong>.<\/p>","protected":false},"excerpt":{"rendered":"<p>A Vozol Vista 20000 Sour Apple Ice eldobhat\u00f3 vape a z\u00f6ld alma bizserget\u0151 savany\u00fas\u00e1g\u00e1t \u00e9s a friss\u00edt\u0151 h\u0171v\u00f6ss\u00e9get \u00f6tv\u00f6zi az \u00e9l\u00e9nk\u00edt\u0151 \u00edzkontraszt \u00e9rdek\u00e9ben. Ez az izgalmas eldobhat\u00f3 e-cigaretta 20 000 slukkot, 650mAh akkumul\u00e1tort \u00e9s 5% nikotint k\u00edn\u00e1l. Hat teljes\u00edtm\u00e9ny opci\u00f3 kett\u0151s h\u00e1l\u00f3s technol\u00f3gi\u00e1val a t\u00f6k\u00e9letes adagol\u00e1shoz az alma intenzit\u00e1s \u00e9s a hideg komponens k\u00f6z\u00f6tt.<\/p>","protected":false},"featured_media":743,"comment_status":"open","ping_status":"closed","template":"","meta":{"_acf_changed":false},"product_brand":[],"product_cat":[30],"product_tag":[],"class_list":{"0":"post-741","1":"product","2":"type-product","3":"status-publish","4":"has-post-thumbnail","6":"product_cat-vozol-vista-20000","8":"first","9":"instock","10":"shipping-taxable","11":"purchasable","12":"product-type-variable"},"acf":[],"_links":{"self":[{"href":"https:\/\/vozolpuff.de\/hu\/wp-json\/wp\/v2\/product\/741","targetHints":{"allow":["GET"]}}],"collection":[{"href":"https:\/\/vozolpuff.de\/hu\/wp-json\/wp\/v2\/product"}],"about":[{"href":"https:\/\/vozolpuff.de\/hu\/wp-json\/wp\/v2\/types\/product"}],"replies":[{"embeddable":true,"href":"https:\/\/vozolpuff.de\/hu\/wp-json\/wp\/v2\/comments?post=741"}],"wp:featuredmedia":[{"embeddable":true,"href":"https:\/\/vozolpuff.de\/hu\/wp-json\/wp\/v2\/media\/743"}],"wp:attachment":[{"href":"https:\/\/vozolpuff.de\/hu\/wp-json\/wp\/v2\/media?parent=741"}],"wp:term":[{"taxonomy":"product_brand","embeddable":true,"href":"https:\/\/vozolpuff.de\/hu\/wp-json\/wp\/v2\/product_brand?post=741"},{"taxonomy":"product_cat","embeddable":true,"href":"https:\/\/vozolpuff.de\/hu\/wp-json\/wp\/v2\/product_cat?post=741"},{"taxonomy":"product_tag","embeddable":true,"href":"https:\/\/vozolpuff.de\/hu\/wp-json\/wp\/v2\/product_tag?post=741"}],"curies":[{"name":"wp","href":"https:\/\/api.w.org\/{rel}","templated":true}]}}