{"id":747,"date":"2025-08-23T18:11:37","date_gmt":"2025-08-23T16:11:37","guid":{"rendered":"https:\/\/vozolpuff.de\/?post_type=product&#038;p=747"},"modified":"2026-04-15T17:32:29","modified_gmt":"2026-04-15T15:32:29","slug":"vozol-vista-20000-vzbull","status":"publish","type":"product","link":"https:\/\/vozolpuff.de\/hu\/termek\/vozol-vista-20000-vzbull\/","title":{"rendered":"Vozol Vista 20000 VZBULL"},"content":{"rendered":"<h2 class=\"text-xl font-bold text-text-100 mt-1 -mb-0.5\">Vozol Vista 20000 VZBULL eldobhat\u00f3 vape<\/h2>\n<p class=\"whitespace-normal break-words\">Fedezze fel a Vozol VISTA 20000 VZBULL Vozol VISTA 20000 VZBULL er\u0151teljes energia \u00edz\u00e9lm\u00e9ny\u00e9t. Ez az energikus eldobhat\u00f3 e-cigaretta a n\u00e9pszer\u0171 energiaitalok jellegzetes \u00edz\u00e9t k\u00edn\u00e1lja ak\u00e1r 20 000 \u00e9l\u00e9nk\u00edt\u0151 sz\u00edv\u00e1ssal azoknak, akik \u00e9rt\u00e9kelik az intenz\u00edv \u00edzeket.<\/p>\n<h3 class=\"text-lg font-bold text-text-100 mt-1 -mb-1.5\">A VZBULL Special Edition jellemz\u0151i:<\/h3>\n<p class=\"whitespace-normal break-words\"><strong>Adapt\u00edv teljes\u00edtm\u00e9ny-technol\u00f3gia:<\/strong> A hat \u00e1ll\u00edthat\u00f3 teljes\u00edtm\u00e9nyszint lehet\u0151v\u00e9 teszi, hogy az \u00f6sszetett energia-aromaprofil az egy\u00e9ni preferenci\u00e1knak megfelel\u0151en optim\u00e1lisan kialak\u00edthat\u00f3 legyen.<\/p>\n<p class=\"whitespace-normal break-words\"><strong>Professzion\u00e1lis h\u00e1l\u00f3s tekercs innov\u00e1ci\u00f3:<\/strong> A legmodernebb kett\u0151s tekercsrendszer garant\u00e1lja a hiteles energia \u00edzeket egyenletes g\u0151zmin\u0151s\u00e9ggel.<\/p>\n<p class=\"whitespace-normal break-words\"><strong>Korszer\u0171 sz\u00ednes kijelz\u0151:<\/strong> A nagy felbont\u00e1s\u00fa kezel\u0151fel\u00fclet felhaszn\u00e1l\u00f3bar\u00e1t navig\u00e1ci\u00f3val teljes \u00e1ttekint\u00e9st ny\u00fajt a k\u00e9sz\u00fcl\u00e9k \u00f6sszes funkci\u00f3j\u00e1r\u00f3l.<\/p>\n<p class=\"whitespace-normal break-words\"><strong>Id\u0151tlen, \u00e1tl\u00e1tsz\u00f3 kialak\u00edt\u00e1s:<\/strong> A krist\u00e1lytiszta kialak\u00edt\u00e1s kiemeli a modern technol\u00f3gi\u00e1t, \u00e9s lehet\u0151v\u00e9 teszi a folyad\u00e9k \u00e1lland\u00f3 ellen\u0151rz\u00e9s\u00e9t.<\/p>\n<p class=\"whitespace-normal break-words\"><strong>P\u00e1ratlan v\u00e1laszt\u00e9k:<\/strong> 20 000 f\u00faj\u00e1s garant\u00e1lja a hossz\u00fa t\u00e1v\u00fa energia\u00e9lvezetet gyakori k\u00e9sz\u00fcl\u00e9kcsere n\u00e9lk\u00fcl.<\/p>\n<p class=\"whitespace-normal break-words\"><strong>Bizony\u00edtott nikotintartalom:<\/strong> Az 5% nikotin optim\u00e1lis el\u00e9gedetts\u00e9get ny\u00fajt kiegyens\u00falyozott torokhat\u00e1ssal.<\/p>\n<p class=\"whitespace-normal break-words\"><strong>Nagy teljes\u00edtm\u00e9ny\u0171 energiat\u00e1rol\u00e1s:<\/strong> 650mAh akkumul\u00e1tor C t\u00edpus\u00fa ultragyors t\u00f6lt\u00e9ssel a folyamatos rendelkez\u00e9sre \u00e1ll\u00e1s \u00e9rdek\u00e9ben.<\/p>\n<p class=\"whitespace-normal break-words\"><strong>Pr\u00e9mium folyad\u00e9kmennyis\u00e9g:<\/strong> 24ml els\u0151 oszt\u00e1ly\u00fa energia e-folyad\u00e9k a hosszabb g\u0151z\u00f6l\u00e9sekhez.<\/p>\n<h3 class=\"text-lg font-bold text-text-100 mt-1 -mb-1.5\">Fedezzen fel t\u00f6bb VOZOL VAPE-t a vozolpuff-on<\/h3>\n<p class=\"whitespace-normal break-words\">Fedezzen fel t\u00f6bb pr\u00e9mium g\u0151z\u00f6lg\u0151 term\u00e9ket a <strong><a class=\"underline\" href=\"https:\/\/vozolpuff.de\/hu\/\">Vozol Puff online bolt<\/a><\/strong>b\u00f6ng\u00e9sszen a teljes k\u00edn\u00e1latunkban <strong><a class=\"underline\" href=\"https:\/\/vozolpuff.de\/hu\/product-category\/vozol-vape\/\">VOZOL VAPE kollekci\u00f3<\/a><\/strong> vagy fedezze fel az \u00f6sszes el\u00e9rhet\u0151 <strong><a class=\"underline\" href=\"https:\/\/vozolpuff.de\/hu\/product-category\/vozol-vape\/vozol-vista-20000\/\">Vozol Vista 20000 \u00edzek<\/a><\/strong>.<\/p>","protected":false},"excerpt":{"rendered":"<p>A Vozol Vista 20000 VZBULL eldobhat\u00f3 vape er\u0151teljes energia \u00edz\u00e9lm\u00e9nyt k\u00edn\u00e1l jellegzetes energiaital arom\u00e1val az \u00e9lvezet intenz\u00edv pillanatai\u00e9rt. Ez az energiz\u00e1l\u00f3 eldobhat\u00f3 e-cigaretta 20 000 slukkot, 650mAh akkumul\u00e1tort \u00e9s 5% nikotint biztos\u00edt. Hat teljes\u00edtm\u00e9nyszint kett\u0151s h\u00e1l\u00f3s rendszerrel a hiteles energia \u00edzek \u00e9s az egyenletes g\u0151zmin\u0151s\u00e9g \u00e9rdek\u00e9ben.<\/p>","protected":false},"featured_media":749,"comment_status":"open","ping_status":"closed","template":"","meta":{"_acf_changed":false},"product_brand":[],"product_cat":[30],"product_tag":[],"class_list":{"0":"post-747","1":"product","2":"type-product","3":"status-publish","4":"has-post-thumbnail","6":"product_cat-vozol-vista-20000","8":"first","9":"instock","10":"shipping-taxable","11":"purchasable","12":"product-type-variable"},"acf":[],"_links":{"self":[{"href":"https:\/\/vozolpuff.de\/hu\/wp-json\/wp\/v2\/product\/747","targetHints":{"allow":["GET"]}}],"collection":[{"href":"https:\/\/vozolpuff.de\/hu\/wp-json\/wp\/v2\/product"}],"about":[{"href":"https:\/\/vozolpuff.de\/hu\/wp-json\/wp\/v2\/types\/product"}],"replies":[{"embeddable":true,"href":"https:\/\/vozolpuff.de\/hu\/wp-json\/wp\/v2\/comments?post=747"}],"wp:featuredmedia":[{"embeddable":true,"href":"https:\/\/vozolpuff.de\/hu\/wp-json\/wp\/v2\/media\/749"}],"wp:attachment":[{"href":"https:\/\/vozolpuff.de\/hu\/wp-json\/wp\/v2\/media?parent=747"}],"wp:term":[{"taxonomy":"product_brand","embeddable":true,"href":"https:\/\/vozolpuff.de\/hu\/wp-json\/wp\/v2\/product_brand?post=747"},{"taxonomy":"product_cat","embeddable":true,"href":"https:\/\/vozolpuff.de\/hu\/wp-json\/wp\/v2\/product_cat?post=747"},{"taxonomy":"product_tag","embeddable":true,"href":"https:\/\/vozolpuff.de\/hu\/wp-json\/wp\/v2\/product_tag?post=747"}],"curies":[{"name":"wp","href":"https:\/\/api.w.org\/{rel}","templated":true}]}}