{"id":753,"date":"2025-08-23T18:13:50","date_gmt":"2025-08-23T16:13:50","guid":{"rendered":"https:\/\/vozolpuff.de\/?post_type=product&#038;p=753"},"modified":"2026-04-15T17:32:26","modified_gmt":"2026-04-15T15:32:26","slug":"vozol-vista-20000-watermelon-bubblegum","status":"publish","type":"product","link":"https:\/\/vozolpuff.de\/hu\/termek\/vozol-vista-20000-watermelon-bubblegum\/","title":{"rendered":"Vozol Vista 20000 g\u00f6r\u00f6gdinnye r\u00e1g\u00f3gumi"},"content":{"rendered":"<h2 class=\"text-xl font-bold text-text-100 mt-1 -mb-0.5\">Vozol Vista 20000 g\u00f6r\u00f6gdinnye Bubblegum eldobhat\u00f3 vape<\/h2>\n<p class=\"whitespace-normal break-words\">Tapasztalja meg a nosztalgikus \u00e9dess\u00e9get a Vozol VISTA 20000 Watermelon Bubblegummal. Ez a j\u00e1t\u00e9kos eldobhat\u00f3 e-cigaretta a g\u00f6r\u00f6gdinnye friss\u00edt\u0151 \u00e9dess\u00e9g\u00e9t a r\u00e1g\u00f3gumi jellegzetes \u00edz\u00e9vel \u00f6tv\u00f6zi, hogy egyed\u00fcl\u00e1ll\u00f3 \u00edz\u00e9lm\u00e9nyt ny\u00fajtson ak\u00e1r 20.000 \u00e9des sz\u00edv\u00e1ssal.<\/p>\n<h3 class=\"text-lg font-bold text-text-100 mt-1 -mb-1.5\">A Watermelon Bubblegum v\u00e1ltozat k\u00fcl\u00f6nlegess\u00e9gei:<\/h3>\n<p class=\"whitespace-normal break-words\"><strong>Sokoldal\u00fa teljes\u00edtm\u00e9nyszab\u00e1lyoz\u00e1s:<\/strong> A hat finomra \u00e1ll\u00edthat\u00f3 teljes\u00edtm\u00e9nyszint t\u00f6k\u00e9letes egyens\u00falyt biztos\u00edt a gy\u00fcm\u00f6lcs\u00f6s g\u00f6r\u00f6gdinnye frissess\u00e9ge \u00e9s az \u00e9des r\u00e1g\u00f3gumi \u00edz k\u00f6z\u00f6tt.<\/p>\n<p class=\"whitespace-normal break-words\"><strong>Forradalmi kett\u0151s h\u00e1l\u00f3s technol\u00f3gia:<\/strong> Az innovat\u00edv tekercskialak\u00edt\u00e1s biztos\u00edtja a kontrasztos \u00e9des \u00edzek harmonikus kombin\u00e1ci\u00f3j\u00e1t a maxim\u00e1lis g\u0151zfejl\u0151d\u00e9ssel.<\/p>\n<p class=\"whitespace-normal break-words\"><strong>Ragyog\u00f3 sz\u00ednmegjelen\u00edt\u00e9s:<\/strong> A megvil\u00e1g\u00edtott kezel\u0151fel\u00fclet vil\u00e1gosan megjelen\u00edti az \u00f6sszes l\u00e9nyeges inform\u00e1ci\u00f3t, \u00e9s a kezel\u00e9st gyerekj\u00e1t\u00e9kk\u00e1 teszi.<\/p>\n<p class=\"whitespace-normal break-words\"><strong>Eleg\u00e1ns \u00fcveg megjelen\u00e9s:<\/strong> A teljesen \u00e1tl\u00e1tsz\u00f3 h\u00e1z st\u00edlusos \u00e1tl\u00e1that\u00f3s\u00e1got biztos\u00edt, \u00e9s lehet\u0151v\u00e9 teszi az e-folyad\u00e9k szintj\u00e9nek folyamatos ellen\u0151rz\u00e9s\u00e9t.<\/p>\n<p class=\"whitespace-normal break-words\"><strong>Kiv\u00e9teles kapacit\u00e1s:<\/strong> Ez az \u00e9des kombin\u00e1ci\u00f3 20.000 slukkot tartalmaz, \u00e9s megszak\u00edt\u00e1s n\u00e9lk\u00fcli, hosszan tart\u00f3 \u00e9lvezetet \u00edg\u00e9r.<\/p>\n<p class=\"whitespace-normal break-words\"><strong>Kiegyens\u00falyozott nikotinkoncentr\u00e1ci\u00f3:<\/strong> 5% nikotin biztos\u00edtja a t\u00f6k\u00e9letes el\u00e9gedetts\u00e9get a sima torok \u00e9rz\u00e9ssel.<\/p>\n<p class=\"whitespace-normal break-words\"><strong>A legmodernebb akkumul\u00e1tor-technol\u00f3gia:<\/strong> 650mAh nagyteljes\u00edtm\u00e9ny\u0171 akkumul\u00e1tor C-t\u00edpus\u00fa gyorst\u00f6lt\u00e9ssel a megb\u00edzhat\u00f3 teljes\u00edtm\u00e9ny \u00e9rdek\u00e9ben.<\/p>\n<p class=\"whitespace-normal break-words\"><strong>Nagy t\u00e9rfogat\u00fa tart\u00e1ly:<\/strong> 24ml pr\u00e9mium Sweet-E-Liquid garant\u00e1lja a hosszan tart\u00f3 \u00edz\u00e9lvezetet.<\/p>\n<h3 class=\"text-lg font-bold text-text-100 mt-1 -mb-1.5\">Fedezzen fel t\u00f6bb VOZOL VAPE-t a vozolpuff-on<\/h3>\n<p class=\"whitespace-normal break-words\">Fedezzen fel t\u00f6bb pr\u00e9mium g\u0151z\u00f6lg\u0151 term\u00e9ket a <strong><a class=\"underline\" href=\"https:\/\/vozolpuff.de\/hu\/\">Vozol Puff online bolt<\/a><\/strong>b\u00f6ng\u00e9sszen a teljes k\u00edn\u00e1latunkban <strong><a class=\"underline\" href=\"https:\/\/vozolpuff.de\/hu\/product-category\/vozol-vape\/\">VOZOL VAPE kollekci\u00f3<\/a><\/strong> vagy fedezze fel az \u00f6sszes el\u00e9rhet\u0151 <strong><a class=\"underline\" href=\"https:\/\/vozolpuff.de\/hu\/product-category\/vozol-vape\/vozol-vista-20000\/\">Vozol Vista 20000 \u00edzek<\/a><\/strong>.<\/p>","protected":false},"excerpt":{"rendered":"<p>A Vozol Vista 20000 Watermelon Bubblegum eldobhat\u00f3 vape egyes\u00edti a friss\u00edt\u0151 g\u00f6r\u00f6gdinnye \u00e9dess\u00e9g\u00e9t a jellegzetes bubblegum \u00edzzel a nosztalgikus \u00edz\u00e9lm\u00e9ny \u00e9rdek\u00e9ben. Ez a j\u00e1t\u00e9kos eldobhat\u00f3 e-cigaretta 20 000 slukkot, 650mAh akkumul\u00e1tort \u00e9s 5% nikotint k\u00edn\u00e1l. Hat wattfokozat kett\u0151s h\u00e1l\u00f3s technol\u00f3gi\u00e1val a gy\u00fcm\u00f6lcs\u00f6s frissess\u00e9g \u00e9s az \u00e9des r\u00e1g\u00f3gumi \u00edz harmonikus egyens\u00faly\u00e1\u00e9rt.<\/p>","protected":false},"featured_media":755,"comment_status":"open","ping_status":"closed","template":"","meta":{"_acf_changed":false},"product_brand":[],"product_cat":[30],"product_tag":[],"class_list":{"0":"post-753","1":"product","2":"type-product","3":"status-publish","4":"has-post-thumbnail","6":"product_cat-vozol-vista-20000","8":"first","9":"instock","10":"shipping-taxable","11":"purchasable","12":"product-type-variable"},"acf":[],"_links":{"self":[{"href":"https:\/\/vozolpuff.de\/hu\/wp-json\/wp\/v2\/product\/753","targetHints":{"allow":["GET"]}}],"collection":[{"href":"https:\/\/vozolpuff.de\/hu\/wp-json\/wp\/v2\/product"}],"about":[{"href":"https:\/\/vozolpuff.de\/hu\/wp-json\/wp\/v2\/types\/product"}],"replies":[{"embeddable":true,"href":"https:\/\/vozolpuff.de\/hu\/wp-json\/wp\/v2\/comments?post=753"}],"wp:featuredmedia":[{"embeddable":true,"href":"https:\/\/vozolpuff.de\/hu\/wp-json\/wp\/v2\/media\/755"}],"wp:attachment":[{"href":"https:\/\/vozolpuff.de\/hu\/wp-json\/wp\/v2\/media?parent=753"}],"wp:term":[{"taxonomy":"product_brand","embeddable":true,"href":"https:\/\/vozolpuff.de\/hu\/wp-json\/wp\/v2\/product_brand?post=753"},{"taxonomy":"product_cat","embeddable":true,"href":"https:\/\/vozolpuff.de\/hu\/wp-json\/wp\/v2\/product_cat?post=753"},{"taxonomy":"product_tag","embeddable":true,"href":"https:\/\/vozolpuff.de\/hu\/wp-json\/wp\/v2\/product_tag?post=753"}],"curies":[{"name":"wp","href":"https:\/\/api.w.org\/{rel}","templated":true}]}}