{"id":762,"date":"2025-08-24T09:28:05","date_gmt":"2025-08-24T07:28:05","guid":{"rendered":"https:\/\/vozolpuff.de\/?post_type=product&#038;p=762"},"modified":"2026-01-15T12:17:49","modified_gmt":"2026-01-15T11:17:49","slug":"vozol-vista-40000-blue-razz-ice","status":"publish","type":"product","link":"https:\/\/vozolpuff.de\/hu\/termek\/vozol-vista-40000-blue-razz-ice\/","title":{"rendered":"Vozol Vista 40000 K\u00e9k Razz Ice"},"content":{"rendered":"<h2 class=\"text-2xl font-bold mt-1 text-text-100\">Vozol Vista 40000 Blue Razz Ice - eldobhat\u00f3 e-cigaretta<\/h2>\n<p class=\"whitespace-normal break-words\">Fedezze fel a <strong>Vozol Vista 40000 K\u00e9k Razz Ice<\/strong> - \u00fajrat\u00f6lthet\u0151 pr\u00e9mium e-cigaretta, amely az intenz\u00edv k\u00e9k m\u00e1ln\u00e1t friss\u00edt\u0151 h\u0171v\u00f6ss\u00e9ggel \u00f6tv\u00f6zi. Az er\u0151teljes 1000 mAh-s akkumul\u00e1torral \u00e9s USB-C gyorst\u00f6lt\u00e9ssel ez az innovat\u00edv vape ak\u00e1r <strong>40,000 \u00edzes\u00edtett puffancs<\/strong>. A fejlett kett\u0151s h\u00e1l\u00f3s tekercs S.i.L.C technol\u00f3gi\u00e1val biztos\u00edtja az egyenletes \u00edzeloszl\u00e1st, m\u00edg a 4 fokozat\u00fa teljes\u00edtm\u00e9nyszab\u00e1lyoz\u00e1s \u00e9s a 2 l\u00e9g\u00e1raml\u00e1si m\u00f3d egy\u00e9ni be\u00e1ll\u00edt\u00e1sokat tesz lehet\u0151v\u00e9.<\/p>\n<h3 class=\"text-xl font-bold text-text-100 mt-1 -mb-0.5\">K\u00e9k Razz Ice Vozol Vista 40000 Kiemelend\u0151:<\/h3>\n<p class=\"whitespace-normal break-words\"><strong>Er\u0151teljes 1000 mAh l\u00edtium akkumul\u00e1tor:<\/strong> Megb\u00edzhat\u00f3 t\u00e1pegys\u00e9g vill\u00e1mgyors Type-C t\u00f6lt\u0151porttal a megszak\u00edt\u00e1s n\u00e9lk\u00fcli p\u00e1rologtat\u00e1shoz<\/p>\n<p class=\"whitespace-normal break-words\"><strong>K\u00e9t\u00e1ram\u00fa huzatszab\u00e1lyoz\u00e1s:<\/strong> Rugalmas v\u00e1lt\u00e1s a sz\u0171k MTL-\u00e9lm\u00e9ny \u00e9s a nyitottabb h\u00faz\u00e1si viselked\u00e9s k\u00f6z\u00f6tt<\/p>\n<p class=\"whitespace-normal break-words\"><strong>N\u00e9gyfokozat\u00fa g\u0151zkibocs\u00e1t\u00e1s:<\/strong> A felh\u0151termel\u00e9s pontos ellen\u0151rz\u00e9se az optim\u00e1lis \u00edz\u00e9lm\u00e9ny \u00e9rdek\u00e9ben<\/p>\n<p class=\"whitespace-normal break-words\"><strong>Intelligens 270\u00b0-os LED panel:<\/strong> A puffad\u00e1ssz\u00e1ml\u00e1l\u00f3, az akkumul\u00e1tor \u00e1llapot\u00e1nak \u00e9s a m\u0171k\u00f6d\u00e9si m\u00f3dnak a val\u00f3s idej\u0171 megjelen\u00edt\u00e9se<\/p>\n<p class=\"whitespace-normal break-words\"><strong>S.i.L.C Dual-Mesh rendszer:<\/strong> Innovat\u00edv tekercs technol\u00f3gia az \u00e1lland\u00f3 h\u0151eloszl\u00e1s\u00e9rt \u00e9s az autentikus Blue Razz Ice \u00edz\u00e9rt.<\/p>\n<p class=\"whitespace-normal break-words\"><strong>Reakt\u00edv LED-vil\u00e1g\u00edt\u00e1s:<\/strong> A dinamikus f\u00e9nyj\u00e1t\u00e9k minden bel\u00e9gz\u00e9ssel aktiv\u00e1l\u00f3dik<\/p>\n<p class=\"whitespace-normal break-words\"><strong>Pr\u00e9mium nikotintartalom 50mg\/ml (5%):<\/strong> Kiegyens\u00falyozott nikotinsz\u00e1ll\u00edt\u00e1s az ig\u00e9nyes p\u00e1rol\u00f3k sz\u00e1m\u00e1ra<\/p>\n<h3 class=\"text-xl font-bold text-text-100 mt-1 -mb-0.5\">Fedezzen fel t\u00f6bb VOZOL VAPE-t a vozolpuff-on<\/h3>\n<p class=\"whitespace-normal break-words\">V\u00e1s\u00e1rolja meg a Vozol Vista 40000 Blue Razz Ice-t N\u00e9metorsz\u00e1g vezet\u0151 vape shopj\u00e1ban. L\u00e1togasson el hozz\u00e1nk <a class=\"underline\" href=\"https:\/\/vozolpuff.de\/hu\/\"><strong>Honlap<\/strong><\/a> tov\u00e1bbi pr\u00e9mium term\u00e9kek\u00e9rt, fedezze fel a teljes <a class=\"underline\" href=\"https:\/\/vozolpuff.de\/hu\/product-category\/vozol-vape\/\"><strong>VOZOL VAPE<\/strong><\/a> kollekci\u00f3t, vagy b\u00f6ng\u00e9szhet az \u00f6sszes <a class=\"underline\" href=\"https:\/\/vozolpuff.de\/hu\/product-category\/vozol-vape\/vozol-vista-40000\/\"><strong>Vozol Vista 40000<\/strong><\/a> \u00cdzek.<\/p>","protected":false},"excerpt":{"rendered":"<p>A <strong>Vozol Vista 40000 Blue Razz Ice eldobhat\u00f3 e-cigaretta<\/strong> kombin\u00e1lja az intenz\u00edv k\u00e9k m\u00e1ln\u00e1t a friss\u00edt\u0151 h\u0171v\u00f6ss\u00e9ggel, ak\u00e1r 40.000 slukkig. 1000mAh akkumul\u00e1torral, USB-C gyorst\u00f6lt\u00e9ssel \u00e9s kett\u0151s h\u00e1l\u00f3s S.i.L.C technol\u00f3gi\u00e1val. 4 fokozat\u00fa teljes\u00edtm\u00e9nyszab\u00e1lyoz\u00e1s, 2 l\u00e9g\u00e1raml\u00e1si m\u00f3d \u00e9s intelligens LED panel. Pr\u00e9mium nikotintartalom: 50mg\/ml (5%).<\/p>","protected":false},"featured_media":764,"comment_status":"open","ping_status":"closed","template":"","meta":{"_acf_changed":false},"product_brand":[],"product_cat":[31],"product_tag":[],"class_list":{"0":"post-762","1":"product","2":"type-product","3":"status-publish","4":"has-post-thumbnail","6":"product_cat-vozol-vista-40000","8":"first","9":"instock","10":"shipping-taxable","11":"purchasable","12":"product-type-variable"},"acf":[],"_links":{"self":[{"href":"https:\/\/vozolpuff.de\/hu\/wp-json\/wp\/v2\/product\/762","targetHints":{"allow":["GET"]}}],"collection":[{"href":"https:\/\/vozolpuff.de\/hu\/wp-json\/wp\/v2\/product"}],"about":[{"href":"https:\/\/vozolpuff.de\/hu\/wp-json\/wp\/v2\/types\/product"}],"replies":[{"embeddable":true,"href":"https:\/\/vozolpuff.de\/hu\/wp-json\/wp\/v2\/comments?post=762"}],"wp:featuredmedia":[{"embeddable":true,"href":"https:\/\/vozolpuff.de\/hu\/wp-json\/wp\/v2\/media\/764"}],"wp:attachment":[{"href":"https:\/\/vozolpuff.de\/hu\/wp-json\/wp\/v2\/media?parent=762"}],"wp:term":[{"taxonomy":"product_brand","embeddable":true,"href":"https:\/\/vozolpuff.de\/hu\/wp-json\/wp\/v2\/product_brand?post=762"},{"taxonomy":"product_cat","embeddable":true,"href":"https:\/\/vozolpuff.de\/hu\/wp-json\/wp\/v2\/product_cat?post=762"},{"taxonomy":"product_tag","embeddable":true,"href":"https:\/\/vozolpuff.de\/hu\/wp-json\/wp\/v2\/product_tag?post=762"}],"curies":[{"name":"wp","href":"https:\/\/api.w.org\/{rel}","templated":true}]}}