{"id":767,"date":"2025-08-24T09:33:43","date_gmt":"2025-08-24T07:33:43","guid":{"rendered":"https:\/\/vozolpuff.de\/?post_type=product&#038;p=767"},"modified":"2026-01-15T12:17:36","modified_gmt":"2026-01-15T11:17:36","slug":"vozol-vista-40000-blueberry-ice","status":"publish","type":"product","link":"https:\/\/vozolpuff.de\/hu\/termek\/vozol-vista-40000-blueberry-ice\/","title":{"rendered":"Vozol Vista 40000 \u00e1fonya j\u00e9g"},"content":{"rendered":"<h2 class=\"text-2xl font-bold mt-1 text-text-100\">Vozol Vista 40000 Blueberry Ice eldobhat\u00f3 vape<\/h2>\n<p class=\"whitespace-normal break-words\">A <strong>Vozol Vista 40000 \u00e1fonya j\u00e9g<\/strong> \u00fajradefini\u00e1lja a pr\u00e9mium g\u0151z\u00f6l\u00e9st autentikus \u00e1fonya \u00edzzel \u00e9s friss\u00edt\u0151 h\u0171t\u00e9ssel. Ez a legmodernebb \u00fajrat\u00f6lthet\u0151 eldobhat\u00f3 e-cigaretta robusztus 1000 mAh energiat\u00e1rol\u00f3val rendelkezik, USB-C gyorst\u00f6lt\u00e9si funkci\u00f3val. \u00c9lvezze ak\u00e1r <strong>40,000 \u00edzletes puffan\u00e1s<\/strong> a forradalmian \u00faj, S.i.L.C technol\u00f3gi\u00e1val ell\u00e1tott kett\u0151s h\u00e1l\u00f3s tekercsrendszernek k\u00f6sz\u00f6nhet\u0151en, 4 fokozat\u00fa teljes\u00edtm\u00e9nybe\u00e1ll\u00edt\u00e1ssal \u00e9s kett\u0151s l\u00e9g\u00e1raml\u00e1s-szab\u00e1lyoz\u00e1ssal kombin\u00e1lva.<\/p>\n<h3 class=\"text-xl font-bold text-text-100 mt-1 -mb-0.5\">Blueberry Ice Vista 40000 M\u0171szaki adatok:<\/h3>\n<p class=\"whitespace-normal break-words\"><strong>Nagy kapacit\u00e1s\u00fa 1000 mAh akkumul\u00e1tor:<\/strong> Hossz\u00fa \u00e9lettartam\u00fa teljes\u00edtm\u00e9ny gyors Type-C t\u00f6lt\u00e9ssel a maxim\u00e1lis \u00e9lettartam \u00e9rdek\u00e9ben<\/p>\n<p class=\"whitespace-normal break-words\"><strong>K\u00e9tfokozat\u00fa l\u00e9g\u00e1raml\u00e1s-szab\u00e1lyoz\u00f3:<\/strong> Z\u00f6kken\u0151mentes \u00e1tmenet a szoros MTL puffok \u00e9s a l\u00e9giesebb g\u0151zfelh\u0151k k\u00f6z\u00f6tt<\/p>\n<p class=\"whitespace-normal break-words\"><strong>Quattro teljes\u00edtm\u00e9nyszab\u00e1lyoz\u00e1s:<\/strong> A p\u00e1ra intenzit\u00e1s\u00e1nak egy\u00e9ni be\u00e1ll\u00edt\u00e1sa a szem\u00e9lyes preferenci\u00e1knak megfelel\u0151en<\/p>\n<p class=\"whitespace-normal break-words\"><strong>270\u00b0-os LED kijelz\u0151:<\/strong> Teljes \u00e1ttekint\u00e9s a vonatok sz\u00e1m\u00e1r\u00f3l, az akkumul\u00e1tor \u00e1llapot\u00e1r\u00f3l \u00e9s az \u00fczemm\u00f3dr\u00f3l<\/p>\n<p class=\"whitespace-normal break-words\"><strong>Dual-Mesh S.i.L.C.Tech:<\/strong> Fejlett f\u0171t\u00e9si technol\u00f3gia a k\u00f6vetkezetes \u00e1fony\u00e1s j\u00e9g \u00e9lvezet\u00e9\u00e9rt<\/p>\n<p class=\"whitespace-normal break-words\"><strong>Interakt\u00edv f\u00e9nyhat\u00e1sok:<\/strong> St\u00edlusos LED anim\u00e1ci\u00f3 reag\u00e1l minden mozdulatra<\/p>\n<p class=\"whitespace-normal break-words\"><strong>Nikotin er\u0151ss\u00e9g 50mg\/ml (5%):<\/strong> Optim\u00e1lis nikotinell\u00e1t\u00e1s a napi sz\u00fcks\u00e9gletekhez<\/p>\n<h3 class=\"text-xl font-bold text-text-100 mt-1 -mb-0.5\">Fedezzen fel t\u00f6bb VOZOL VAPE-t a vozolpuff-on<\/h3>\n<p class=\"whitespace-normal break-words\">V\u00e1s\u00e1rolja meg a Vozol Vista 40000 Blueberry Ice-t N\u00e9metorsz\u00e1g vezet\u0151 vape shopj\u00e1ban. L\u00e1togasson el hozz\u00e1nk <a class=\"underline\" href=\"https:\/\/vozolpuff.de\/hu\/\"><strong>Honlap<\/strong><\/a> tov\u00e1bbi pr\u00e9mium term\u00e9kek\u00e9rt, fedezze fel a teljes <a class=\"underline\" href=\"https:\/\/vozolpuff.de\/hu\/product-category\/vozol-vape\/\"><strong>VOZOL VAPE<\/strong><\/a> kollekci\u00f3t, vagy b\u00f6ng\u00e9szhet az \u00f6sszes <a class=\"underline\" href=\"https:\/\/vozolpuff.de\/hu\/product-category\/vozol-vape\/vozol-vista-40000\/\"><strong>Vozol Vista 40000<\/strong><\/a> \u00cdzek.<\/p>","protected":false},"excerpt":{"rendered":"<p>A <strong>Vozol Vista 40000 Blueberry Ice eldobhat\u00f3 vape<\/strong> autentikus \u00e1fonya \u00edzt k\u00edn\u00e1l friss\u00edt\u0151 h\u0171t\u00e9ssel, ak\u00e1r 40 000 \u00edzintenz\u00edv sz\u00edv\u00e1sig. Robusztus 1000mAh energiat\u00e1rol\u00f3val, USB-C gyorst\u00f6lt\u00e9ssel \u00e9s kett\u0151s h\u00e1l\u00f3s S.i.L.C technol\u00f3gi\u00e1val. 4 fokozat\u00fa wattfokozat-be\u00e1ll\u00edt\u00e1s, kett\u0151s l\u00e9g\u00e1raml\u00e1s \u00e9s 270\u00b0-os LED kijelz\u0151. Nikotin er\u0151ss\u00e9g: 50mg\/ml (5%).<\/p>","protected":false},"featured_media":770,"comment_status":"open","ping_status":"closed","template":"","meta":{"_acf_changed":false},"product_brand":[],"product_cat":[31],"product_tag":[],"class_list":{"0":"post-767","1":"product","2":"type-product","3":"status-publish","4":"has-post-thumbnail","6":"product_cat-vozol-vista-40000","8":"first","9":"instock","10":"shipping-taxable","11":"purchasable","12":"product-type-variable"},"acf":[],"_links":{"self":[{"href":"https:\/\/vozolpuff.de\/hu\/wp-json\/wp\/v2\/product\/767","targetHints":{"allow":["GET"]}}],"collection":[{"href":"https:\/\/vozolpuff.de\/hu\/wp-json\/wp\/v2\/product"}],"about":[{"href":"https:\/\/vozolpuff.de\/hu\/wp-json\/wp\/v2\/types\/product"}],"replies":[{"embeddable":true,"href":"https:\/\/vozolpuff.de\/hu\/wp-json\/wp\/v2\/comments?post=767"}],"wp:featuredmedia":[{"embeddable":true,"href":"https:\/\/vozolpuff.de\/hu\/wp-json\/wp\/v2\/media\/770"}],"wp:attachment":[{"href":"https:\/\/vozolpuff.de\/hu\/wp-json\/wp\/v2\/media?parent=767"}],"wp:term":[{"taxonomy":"product_brand","embeddable":true,"href":"https:\/\/vozolpuff.de\/hu\/wp-json\/wp\/v2\/product_brand?post=767"},{"taxonomy":"product_cat","embeddable":true,"href":"https:\/\/vozolpuff.de\/hu\/wp-json\/wp\/v2\/product_cat?post=767"},{"taxonomy":"product_tag","embeddable":true,"href":"https:\/\/vozolpuff.de\/hu\/wp-json\/wp\/v2\/product_tag?post=767"}],"curies":[{"name":"wp","href":"https:\/\/api.w.org\/{rel}","templated":true}]}}