{"id":774,"date":"2025-08-24T09:38:07","date_gmt":"2025-08-24T07:38:07","guid":{"rendered":"https:\/\/vozolpuff.de\/?post_type=product&#038;p=774"},"modified":"2026-01-15T12:17:25","modified_gmt":"2026-01-15T11:17:25","slug":"vozol-vista-40000-cherry-cola","status":"publish","type":"product","link":"https:\/\/vozolpuff.de\/hu\/termek\/vozol-vista-40000-cherry-cola\/","title":{"rendered":"Vozol Vista 40000 Cherry Cola"},"content":{"rendered":"<h2 class=\"text-2xl font-bold mt-1 text-text-100\">Vozol Vista 40000 Cherry Cola \u2013 E-cigaretta<\/h2>\n<p class=\"whitespace-normal break-words\">Tapasztalja meg a <strong>Vozol Vista 40000 Cherry Cola<\/strong> \u2013 egy rendk\u00edv\u00fcli \u00fajrat\u00f6lthet\u0151 eldobhat\u00f3 e-cigaretta, amely t\u00f6k\u00e9letes harm\u00f3ni\u00e1ban \u00f6tv\u00f6zi a nosztalgikus csereszny\u00e9s k\u00f3la \u00edzt. Er\u0151s 1000 mAh-s akkumul\u00e1torral \u00e9s USB-C gyors t\u00f6lt\u00e9si technol\u00f3gi\u00e1val ell\u00e1tva ez a pr\u00e9mium e-cigaretta ak\u00e1r <strong>40 000 hiteles vonat<\/strong>. Az innovat\u00edv Dual-Mesh tekercsrendszer S.i.L.C technol\u00f3gi\u00e1val biztos\u00edtja az aroma egyenletes kibontakoz\u00e1s\u00e1t, m\u00edg a n\u00e9gyfokozat\u00fa teljes\u00edtm\u00e9nyszab\u00e1lyoz\u00e1s \u00e9s a kett\u0151s l\u00e9g\u00e1raml\u00e1s-be\u00e1ll\u00edt\u00e1s maxim\u00e1lis rugalmass\u00e1got k\u00edn\u00e1l.<\/p>\n<h3 class=\"text-xl font-bold text-text-100 mt-1 -mb-0.5\">Cherry Cola Vista 40000 Tulajdons\u00e1gok:<\/h3>\n<p class=\"whitespace-normal break-words\"><strong>Er\u0151teljes 1000 mAh l\u00edtium-ion akkumul\u00e1tor:<\/strong> Megb\u00edzhat\u00f3 energiaell\u00e1t\u00e1s szupergyors Type-C t\u00f6lt\u0151csatlakoz\u00f3val<\/p>\n<p class=\"whitespace-normal break-words\"><strong>Kett\u0151s l\u00e9g\u00e1ram-szab\u00e1lyoz\u00e1s:<\/strong> K\u00f6nnyed v\u00e1lt\u00e1s az intenz\u00edv MTL-sz\u00edv\u00e1sok \u00e9s a nyugodtabb inhal\u00e1ci\u00f3k k\u00f6z\u00f6tt<\/p>\n<p class=\"whitespace-normal break-words\"><strong>4 szint\u0171 teljes\u00edtm\u00e9nybe\u00e1ll\u00edt\u00e1s:<\/strong> Pontos g\u0151ztermel\u00e9s-szab\u00e1lyoz\u00e1s az egyedi Cherry Cola \u00e9lm\u00e9ny\u00e9rt<\/p>\n<p class=\"whitespace-normal break-words\"><strong>270\u00b0 panor\u00e1m\u00e1s LED-kijelz\u0151:<\/strong> Teljes inform\u00e1ci\u00f3 a puff-sz\u00e1ml\u00e1l\u00f3r\u00f3l, az akkumul\u00e1tor t\u00f6lt\u00f6tts\u00e9gi szintj\u00e9r\u0151l \u00e9s a kimeneti m\u00f3dr\u00f3l<\/p>\n<p class=\"whitespace-normal break-words\"><strong>S.i.L.C Dual-Mesh technol\u00f3gia:<\/strong> Forradalmi tekercsarchitekt\u00fara az optim\u00e1lis Cherry Cola \u00edzhat\u00e1s el\u00e9r\u00e9se \u00e9rdek\u00e9ben<\/p>\n<p class=\"whitespace-normal break-words\"><strong>Intelligens LED-vil\u00e1g\u00edt\u00e1s:<\/strong> Eleg\u00e1ns f\u00e9nyeffektusok szinkroniz\u00e1l\u00f3dnak minden bel\u00e9gz\u00e9ssel<\/p>\n<p class=\"whitespace-normal break-words\"><strong>Professzion\u00e1lis nikotintartalom 50 mg\/ml (5%):<\/strong> Kiel\u00e9g\u00edt\u0151 nikotinszint tapasztalt felhaszn\u00e1l\u00f3k sz\u00e1m\u00e1ra<\/p>\n<h3 class=\"text-xl font-bold text-text-100 mt-1 -mb-0.5\">Fedezzen fel t\u00f6bb VOZOL VAPE-t a vozolpuff-on<\/h3>\n<p class=\"whitespace-normal break-words\">V\u00e1s\u00e1rolja meg a Vozol Vista 40000 Cherry Cola term\u00e9ket N\u00e9metorsz\u00e1g vezet\u0151 vape-boltj\u00e1ban. L\u00e1togasson el weboldalunkra! <a class=\"underline\" href=\"https:\/\/vozolpuff.de\/hu\/\"><strong>Honlap<\/strong><\/a> tov\u00e1bbi pr\u00e9mium term\u00e9kek\u00e9rt, fedezze fel a teljes <a class=\"underline\" href=\"https:\/\/vozolpuff.de\/hu\/product-category\/vozol-vape\/\"><strong>VOZOL VAPE<\/strong><\/a> kollekci\u00f3t, vagy b\u00f6ng\u00e9szhet az \u00f6sszes <a class=\"underline\" href=\"https:\/\/vozolpuff.de\/hu\/product-category\/vozol-vape\/vozol-vista-40000\/\"><strong>Vozol Vista 40000<\/strong><\/a> \u00cdzek.<\/p>","protected":false},"excerpt":{"rendered":"<p>A <strong>Vozol Vista 40000 Cherry Cola e-cigaretta<\/strong> Nostalgikus csereszny\u00e9s k\u00f3l\u00e1s \u00edzzel, t\u00f6k\u00e9letes harm\u00f3ni\u00e1ban, ak\u00e1r 40 000 hiteles slukkig. Er\u0151teljes 1000 mAh-s akkumul\u00e1torral, USB-C gyors t\u00f6lt\u00e9si technol\u00f3gi\u00e1val \u00e9s Dual-Mesh S.i.L.C technol\u00f3gi\u00e1val. 4 szint\u0171 teljes\u00edtm\u00e9nybe\u00e1ll\u00edt\u00e1s, kett\u0151s l\u00e9g\u00e1ram-szab\u00e1lyoz\u00e1s \u00e9s 270\u00b0-os LED-kijelz\u0151. Nikotintartalom: 50 mg\/ml (5%).<\/p>","protected":false},"featured_media":777,"comment_status":"open","ping_status":"closed","template":"","meta":{"_acf_changed":false},"product_brand":[],"product_cat":[31],"product_tag":[],"class_list":{"0":"post-774","1":"product","2":"type-product","3":"status-publish","4":"has-post-thumbnail","6":"product_cat-vozol-vista-40000","8":"first","9":"instock","10":"shipping-taxable","11":"purchasable","12":"product-type-variable"},"acf":[],"_links":{"self":[{"href":"https:\/\/vozolpuff.de\/hu\/wp-json\/wp\/v2\/product\/774","targetHints":{"allow":["GET"]}}],"collection":[{"href":"https:\/\/vozolpuff.de\/hu\/wp-json\/wp\/v2\/product"}],"about":[{"href":"https:\/\/vozolpuff.de\/hu\/wp-json\/wp\/v2\/types\/product"}],"replies":[{"embeddable":true,"href":"https:\/\/vozolpuff.de\/hu\/wp-json\/wp\/v2\/comments?post=774"}],"wp:featuredmedia":[{"embeddable":true,"href":"https:\/\/vozolpuff.de\/hu\/wp-json\/wp\/v2\/media\/777"}],"wp:attachment":[{"href":"https:\/\/vozolpuff.de\/hu\/wp-json\/wp\/v2\/media?parent=774"}],"wp:term":[{"taxonomy":"product_brand","embeddable":true,"href":"https:\/\/vozolpuff.de\/hu\/wp-json\/wp\/v2\/product_brand?post=774"},{"taxonomy":"product_cat","embeddable":true,"href":"https:\/\/vozolpuff.de\/hu\/wp-json\/wp\/v2\/product_cat?post=774"},{"taxonomy":"product_tag","embeddable":true,"href":"https:\/\/vozolpuff.de\/hu\/wp-json\/wp\/v2\/product_tag?post=774"}],"curies":[{"name":"wp","href":"https:\/\/api.w.org\/{rel}","templated":true}]}}