{"id":779,"date":"2025-08-24T09:41:19","date_gmt":"2025-08-24T07:41:19","guid":{"rendered":"https:\/\/vozolpuff.de\/?post_type=product&#038;p=779"},"modified":"2026-01-15T12:17:13","modified_gmt":"2026-01-15T11:17:13","slug":"vozol-vista-40000-cool-mint","status":"publish","type":"product","link":"https:\/\/vozolpuff.de\/hu\/termek\/vozol-vista-40000-cool-mint\/","title":{"rendered":"Vozol Vista 40000 Cool Mint"},"content":{"rendered":"<h2 class=\"text-2xl font-bold mt-1 text-text-100\">Vozol Vista 40000 Cool Menta eldobhat\u00f3 vape<\/h2>\n<p class=\"whitespace-normal break-words\">A <strong>Vozol Vista 40000 Cool Mint<\/strong> intenz\u00edv menta \u00edzzel \u00e9s h\u0171s\u00edt\u0151 hat\u00e1ssal biztos\u00edtja a v\u00e9gs\u0151 frissess\u00e9g \u00e9lm\u00e9ny\u00e9t. Ez a technol\u00f3giailag fejlett, \u00fajrat\u00f6lthet\u0151, eldobhat\u00f3 e-cigaretta nagy teljes\u00edtm\u00e9ny\u0171 1000 mAh-s akkumul\u00e1torral \u00e9s USB-C gyorst\u00f6lt\u00e9ssel rendelkezik. Tapasztalja meg az ak\u00e1r <strong>40,000 friss\u00edt\u0151 puffan\u00e1s<\/strong> a fejlett, S.i.L.C technol\u00f3gi\u00e1val ell\u00e1tott kett\u0151s h\u00e1l\u00f3s tekercsnek k\u00f6sz\u00f6nhet\u0151en, amelyet a 4-fokozat\u00fa teljes\u00edtm\u00e9nyszab\u00e1lyoz\u00e1s \u00e9s a kett\u0151s l\u00e9g\u00e1raml\u00e1si be\u00e1ll\u00edt\u00e1sok eg\u00e9sz\u00edtenek ki.<\/p>\n<h3 class=\"text-xl font-bold text-text-100 mt-1 -mb-0.5\">Cool Mint Vista 40000 Jellemz\u0151k:<\/h3>\n<p class=\"whitespace-normal break-words\"><strong>Robusztus 1000 mAh teljes\u00edtm\u00e9ny\u0171 akkumul\u00e1tor:<\/strong> Folyamatos energiaell\u00e1t\u00e1s expressz Type-C t\u00f6lt\u00e9si funkci\u00f3val a folyamatos p\u00e1rologtat\u00e1s \u00f6r\u00f6m\u00e9\u00e9rt<\/p>\n<p class=\"whitespace-normal break-words\"><strong>Bi-szint\u0171 h\u00faz\u00e1si ellen\u00e1ll\u00e1s:<\/strong> Rugalmas v\u00e1lt\u00e1s a koncentr\u00e1lt MTL puffok \u00e9s a nyitottabb p\u00e1rologtat\u00e1si \u00e9lm\u00e9nyek k\u00f6z\u00f6tt<\/p>\n<p class=\"whitespace-normal break-words\"><strong>N\u00e9gy teljes\u00edtm\u00e9ny\u0171 modul\u00e1ci\u00f3:<\/strong> A g\u0151zfejl\u0151d\u00e9s finomhangol\u00e1sa a t\u00f6k\u00e9letes h\u0171v\u00f6s mentaaroma \u00e9rdek\u00e9ben<\/p>\n<p class=\"whitespace-normal break-words\"><strong>Teljes k\u00f6r 270\u00b0-os LED monitor:<\/strong> A vonatstatisztik\u00e1k, az akkumul\u00e1tor t\u00f6lt\u00f6tts\u00e9gi szintje \u00e9s az \u00fczemm\u00f3d r\u00e9szletes megjelen\u00edt\u00e9se<\/p>\n<p class=\"whitespace-normal break-words\"><strong>S.i.L.C Dual-Mesh innov\u00e1ci\u00f3:<\/strong> A legmodernebb tekercs technol\u00f3gia az \u00e1lland\u00f3 h\u0171v\u00f6s menta \u00edz\u00e9rt<\/p>\n<p class=\"whitespace-normal break-words\"><strong>Reag\u00e1l\u00f3 LED-effektek:<\/strong> Vonz\u00f3 f\u00e9nyanim\u00e1ci\u00f3k aktiv\u00e1l\u00f3dnak minden haszn\u00e1lat sor\u00e1n<\/p>\n<p class=\"whitespace-normal break-words\"><strong>Standard nikotinkoncentr\u00e1ci\u00f3 50 mg\/ml (5%):<\/strong> Megfelel\u0151 nikotinell\u00e1t\u00e1s rendszeres felhaszn\u00e1l\u00f3k sz\u00e1m\u00e1ra<\/p>\n<h3 class=\"text-xl font-bold text-text-100 mt-1 -mb-0.5\">Fedezzen fel t\u00f6bb VOZOL VAPE-t a vozolpuff-on<\/h3>\n<p class=\"whitespace-normal break-words\">V\u00e1s\u00e1rolja meg a Vozol Vista 40000 Cool Mintet N\u00e9metorsz\u00e1g vezet\u0151 vape shopj\u00e1ban. L\u00e1togasson el hozz\u00e1nk <a class=\"underline\" href=\"https:\/\/vozolpuff.de\/hu\/\"><strong>Honlap<\/strong><\/a> tov\u00e1bbi pr\u00e9mium term\u00e9kek\u00e9rt, fedezze fel a teljes <a class=\"underline\" href=\"https:\/\/vozolpuff.de\/hu\/product-category\/vozol-vape\/\"><strong>VOZOL VAPE<\/strong><\/a> kollekci\u00f3t, vagy b\u00f6ng\u00e9szhet az \u00f6sszes <a class=\"underline\" href=\"https:\/\/vozolpuff.de\/hu\/product-category\/vozol-vape\/vozol-vista-40000\/\"><strong>Vozol Vista 40000<\/strong><\/a> \u00cdzek.<\/p>","protected":false},"excerpt":{"rendered":"<p>A <strong>Vozol Vista 40000 Cool Menta eldobhat\u00f3 vape<\/strong> a v\u00e9gs\u0151 frissess\u00e9g \u00e9lm\u00e9ny\u00e9t ny\u00fajtja intenz\u00edv menta \u00edzzel \u00e9s h\u0171s\u00edt\u0151 hat\u00e1ssal, ak\u00e1r 40 000 friss\u00edt\u0151 sz\u00edv\u00e1sig. Er\u0151teljes 1000mAh akkumul\u00e1torral, USB-C gyorst\u00f6lt\u00e9ssel \u00e9s kett\u0151s h\u00e1l\u00f3s S.i.L.C technol\u00f3gi\u00e1val. 4 fokozat\u00fa wattfokozat-szab\u00e1lyoz\u00e1s, kett\u0151s l\u00e9g\u00e1raml\u00e1si be\u00e1ll\u00edt\u00e1sok \u00e9s 270\u00b0-os LED monitor. Nikotinkoncentr\u00e1ci\u00f3: 50mg\/ml (5%).<\/p>","protected":false},"featured_media":782,"comment_status":"open","ping_status":"closed","template":"","meta":{"_acf_changed":false},"product_brand":[],"product_cat":[31],"product_tag":[],"class_list":{"0":"post-779","1":"product","2":"type-product","3":"status-publish","4":"has-post-thumbnail","6":"product_cat-vozol-vista-40000","8":"first","9":"instock","10":"shipping-taxable","11":"purchasable","12":"product-type-variable"},"acf":[],"_links":{"self":[{"href":"https:\/\/vozolpuff.de\/hu\/wp-json\/wp\/v2\/product\/779","targetHints":{"allow":["GET"]}}],"collection":[{"href":"https:\/\/vozolpuff.de\/hu\/wp-json\/wp\/v2\/product"}],"about":[{"href":"https:\/\/vozolpuff.de\/hu\/wp-json\/wp\/v2\/types\/product"}],"replies":[{"embeddable":true,"href":"https:\/\/vozolpuff.de\/hu\/wp-json\/wp\/v2\/comments?post=779"}],"wp:featuredmedia":[{"embeddable":true,"href":"https:\/\/vozolpuff.de\/hu\/wp-json\/wp\/v2\/media\/782"}],"wp:attachment":[{"href":"https:\/\/vozolpuff.de\/hu\/wp-json\/wp\/v2\/media?parent=779"}],"wp:term":[{"taxonomy":"product_brand","embeddable":true,"href":"https:\/\/vozolpuff.de\/hu\/wp-json\/wp\/v2\/product_brand?post=779"},{"taxonomy":"product_cat","embeddable":true,"href":"https:\/\/vozolpuff.de\/hu\/wp-json\/wp\/v2\/product_cat?post=779"},{"taxonomy":"product_tag","embeddable":true,"href":"https:\/\/vozolpuff.de\/hu\/wp-json\/wp\/v2\/product_tag?post=779"}],"curies":[{"name":"wp","href":"https:\/\/api.w.org\/{rel}","templated":true}]}}