{"id":786,"date":"2025-08-24T09:53:00","date_gmt":"2025-08-24T07:53:00","guid":{"rendered":"https:\/\/vozolpuff.de\/?post_type=product&#038;p=786"},"modified":"2026-01-15T12:17:01","modified_gmt":"2026-01-15T11:17:01","slug":"vozol-vista-40000-double-apple","status":"publish","type":"product","link":"https:\/\/vozolpuff.de\/hu\/termek\/vozol-vista-40000-double-apple\/","title":{"rendered":"Vozol Vista 40000 Dupla alma"},"content":{"rendered":"<h2 class=\"text-2xl font-bold mt-1 text-text-100\">Vozol Vista 40000 Dupla alma eldobhat\u00f3 vape<\/h2>\n<p class=\"whitespace-normal break-words\">Fedezze fel a <strong>Vozol Vista 40000 Dupla alma<\/strong> - egy kiv\u00e1l\u00f3, \u00fajrat\u00f6lthet\u0151, eldobhat\u00f3 e-cigaretta dupla alma\u00edzzel, \u00e9des \u00e9s savanyk\u00e1s alm\u00e1s jegyekkel. Ez az innovat\u00edv vape megb\u00edzhat\u00f3 1000 mAh-s akkumul\u00e1torral \u00e9s USB-C turb\u00f3t\u00f6lt\u0151vel felszerelve, ak\u00e1r <strong>40 000 gy\u00fcm\u00f6lcsintenz\u00edv vonat<\/strong>. A fejlett kett\u0151s h\u00e1l\u00f3s tekercs S.i.L.C technol\u00f3gi\u00e1val garant\u00e1lja az optim\u00e1lis \u00edz\u00e1tvitelt, m\u00edg a 4 fokozat\u00fa teljes\u00edtm\u00e9nyszab\u00e1lyoz\u00e1s \u00e9s a kett\u0151s l\u00e9g\u00e1raml\u00e1si m\u00f3d lehet\u0151v\u00e9 teszi az egy\u00e9ni preferenci\u00e1kat.<\/p>\n<h3 class=\"text-xl font-bold text-text-100 mt-1 -mb-0.5\">Dupla Apple Vista 40000 Jellemz\u0151k:<\/h3>\n<p class=\"whitespace-normal break-words\"><strong>Hossz\u00fa \u00e9lettartam\u00fa 1000 mAh nagyteljes\u00edtm\u00e9ny\u0171 akkumul\u00e1tor:<\/strong> Folyamatos energiaell\u00e1t\u00e1s ultragyors Type-C t\u00f6lt\u0151rendszerrel<\/p>\n<p class=\"whitespace-normal break-words\"><strong>Kett\u0151s l\u00e9g\u00e1raml\u00e1s-szab\u00e1lyoz\u00e1s:<\/strong> K\u00f6nny\u0171 \u00e1tmenet a szoros MTL puffok \u00e9s a laza g\u0151zfelh\u0151k k\u00f6z\u00f6tt<\/p>\n<p class=\"whitespace-normal break-words\"><strong>N\u00e9gy wattos vez\u00e9rl\u00e9s:<\/strong> Testre szabott g\u0151ztermel\u00e9s a hiteles dupla alma \u00edz\u00e9lm\u00e9ny\u00e9rt<\/p>\n<p class=\"whitespace-normal break-words\"><strong>270\u00b0-os LED-k\u00e9perny\u0151:<\/strong> A puffsz\u00e1m, az akkumul\u00e1tor \u00e1llapot\u00e1nak \u00e9s a t\u00e1pell\u00e1t\u00e1s be\u00e1ll\u00edt\u00e1s\u00e1nak \u00e1tfog\u00f3 kijelz\u0151je<\/p>\n<p class=\"whitespace-normal break-words\"><strong>S.i.L.C Dual-Mesh rendszer:<\/strong> A legmodernebb tekercstechnol\u00f3gia a k\u00f6vetkezetes dupla alma \u00e9lvezet\u00e9rt<\/p>\n<p class=\"whitespace-normal break-words\"><strong>Adapt\u00edv LED-vil\u00e1g\u00edt\u00e1s:<\/strong> A st\u00edlusos f\u00e9nyj\u00e1t\u00e9k minden g\u0151zmozdulatra reag\u00e1l<\/p>\n<p class=\"whitespace-normal break-words\"><strong>Bizony\u00edtott nikotin er\u0151ss\u00e9g 50mg\/ml (5%):<\/strong> Kiegyens\u00falyozott nikotinbevitel mindennapi haszn\u00e1latra<\/p>\n<h3 class=\"text-xl font-bold text-text-100 mt-1 -mb-0.5\">Fedezzen fel t\u00f6bb VOZOL VAPE-t a vozolpuff-on<\/h3>\n<p class=\"whitespace-normal break-words\">V\u00e1s\u00e1rolja meg a Vozol Vista 40000 Double Apple-t N\u00e9metorsz\u00e1g vezet\u0151 vape shopj\u00e1ban. L\u00e1togasson el hozz\u00e1nk <a class=\"underline\" href=\"https:\/\/vozolpuff.de\/hu\/\"><strong>Honlap<\/strong><\/a> tov\u00e1bbi pr\u00e9mium term\u00e9kek\u00e9rt, fedezze fel a teljes <a class=\"underline\" href=\"https:\/\/vozolpuff.de\/hu\/product-category\/vozol-vape\/\"><strong>VOZOL VAPE<\/strong><\/a> kollekci\u00f3t, vagy b\u00f6ng\u00e9szhet az \u00f6sszes <a class=\"underline\" href=\"https:\/\/vozolpuff.de\/hu\/product-category\/vozol-vape\/vozol-vista-40000\/\"><strong>Vozol Vista 40000<\/strong><\/a> \u00cdzek.<\/p>","protected":false},"excerpt":{"rendered":"<p>A <strong>Vozol Vista 40000 Dupla alma eldobhat\u00f3 vape<\/strong> az \u00e9des \u00e9s a savanyk\u00e1s alma \u00edzekb\u0151l \u00e1ll\u00f3, t\u00f6k\u00e9letes, dupla alm\u00e1s \u00e9lvezetet k\u00edn\u00e1l ak\u00e1r 40.000 gy\u00fcm\u00f6lcsintenz\u00edv puffan\u00e1s erej\u00e9ig. Megb\u00edzhat\u00f3 1000mAh akkumul\u00e1torral, USB-C turb\u00f3t\u00f6lt\u00e9ssel \u00e9s kett\u0151s h\u00e1l\u00f3s S.i.L.C technol\u00f3gi\u00e1val. 4 fokozat\u00fa wattfokozat-szab\u00e1lyoz\u00e1s, kett\u0151s l\u00e9g\u00e1raml\u00e1si m\u00f3d \u00e9s 270\u00b0-os LED-k\u00e9perny\u0151. Nikotin er\u0151ss\u00e9g: 50mg\/ml (5%).<\/p>","protected":false},"featured_media":789,"comment_status":"open","ping_status":"closed","template":"","meta":{"_acf_changed":false},"product_brand":[],"product_cat":[31],"product_tag":[],"class_list":{"0":"post-786","1":"product","2":"type-product","3":"status-publish","4":"has-post-thumbnail","6":"product_cat-vozol-vista-40000","8":"first","9":"instock","10":"shipping-taxable","11":"purchasable","12":"product-type-variable"},"acf":[],"_links":{"self":[{"href":"https:\/\/vozolpuff.de\/hu\/wp-json\/wp\/v2\/product\/786","targetHints":{"allow":["GET"]}}],"collection":[{"href":"https:\/\/vozolpuff.de\/hu\/wp-json\/wp\/v2\/product"}],"about":[{"href":"https:\/\/vozolpuff.de\/hu\/wp-json\/wp\/v2\/types\/product"}],"replies":[{"embeddable":true,"href":"https:\/\/vozolpuff.de\/hu\/wp-json\/wp\/v2\/comments?post=786"}],"wp:featuredmedia":[{"embeddable":true,"href":"https:\/\/vozolpuff.de\/hu\/wp-json\/wp\/v2\/media\/789"}],"wp:attachment":[{"href":"https:\/\/vozolpuff.de\/hu\/wp-json\/wp\/v2\/media?parent=786"}],"wp:term":[{"taxonomy":"product_brand","embeddable":true,"href":"https:\/\/vozolpuff.de\/hu\/wp-json\/wp\/v2\/product_brand?post=786"},{"taxonomy":"product_cat","embeddable":true,"href":"https:\/\/vozolpuff.de\/hu\/wp-json\/wp\/v2\/product_cat?post=786"},{"taxonomy":"product_tag","embeddable":true,"href":"https:\/\/vozolpuff.de\/hu\/wp-json\/wp\/v2\/product_tag?post=786"}],"curies":[{"name":"wp","href":"https:\/\/api.w.org\/{rel}","templated":true}]}}