{"id":791,"date":"2025-08-24T09:59:47","date_gmt":"2025-08-24T07:59:47","guid":{"rendered":"https:\/\/vozolpuff.de\/?post_type=product&#038;p=791"},"modified":"2026-01-15T12:16:50","modified_gmt":"2026-01-15T11:16:50","slug":"vozol-vista-40000-grape-ice","status":"publish","type":"product","link":"https:\/\/vozolpuff.de\/hu\/termek\/vozol-vista-40000-grape-ice\/","title":{"rendered":"Vozol Vista 40000 Grape Ice"},"content":{"rendered":"<h2 class=\"text-2xl font-bold mt-1 text-text-100\">Vozol Vista 40000 Grape Ice eldobhat\u00f3 vape<\/h2>\n<p class=\"whitespace-normal break-words\">A <strong>Vozol Vista 40000 Grape Ice<\/strong> egyes\u00edti a l\u00e9d\u00fas sz\u0151l\u0151 \u00edz\u00e9t a friss\u00edt\u0151 h\u0171t\u00e9ssel a p\u00e1ratlan p\u00e1rologtat\u00e1si \u00e9lm\u00e9ny\u00e9rt. Ez a kiv\u00e1l\u00f3 min\u0151s\u00e9g\u0171, \u00fajrat\u00f6lthet\u0151, eldobhat\u00f3 e-cigaretta nagy teljes\u00edtm\u00e9ny\u0171 1000 mAh-s akkumul\u00e1torral rendelkezik USB-C gyorst\u00f6lt\u00e9si funkci\u00f3val. \u00c9lvezze ak\u00e1r <strong>40,000 intenz\u00edven gy\u00fcm\u00f6lcs\u00f6s puffan\u00e1s<\/strong> a forradalmi Dual-Mesh-Coil-System S.i.L.C technol\u00f3gi\u00e1nak k\u00f6sz\u00f6nhet\u0151en, amelyet 4 fokozat\u00fa teljes\u00edtm\u00e9nyszab\u00e1lyoz\u00e1s \u00e9s rugalmas l\u00e9g\u00e1raml\u00e1s-szab\u00e1lyoz\u00e1s t\u00e1mogat.<\/p>\n<h3 class=\"text-xl font-bold text-text-100 mt-1 -mb-0.5\">Grape Ice Vista 40000 Kiemelend\u0151:<\/h3>\n<p class=\"whitespace-normal break-words\"><strong>Er\u0151teljes 1000 mAh \u00fajrat\u00f6lthet\u0151 akkumul\u00e1tor:<\/strong> Stabil t\u00e1pegys\u00e9g Blitz Type-C t\u00f6lt\u00e9si technol\u00f3gi\u00e1val<\/p>\n<p class=\"whitespace-normal break-words\"><strong>Dupla huzat be\u00e1ll\u00edt\u00e1sa:<\/strong> Z\u00f6kken\u0151mentes v\u00e1lt\u00e1s a koncentr\u00e1lt MTL-\u00e9lm\u00e9nyek \u00e9s a nyitottabb huzat t\u00edpusok k\u00f6z\u00f6tt<\/p>\n<p class=\"whitespace-normal break-words\"><strong>Quattro szint\u0171 p\u00e1raszab\u00e1lyoz\u00e1s:<\/strong> A g\u0151ztermel\u00e9s egy\u00e9ni be\u00e1ll\u00edt\u00e1sa az optim\u00e1lis sz\u0151l\u0151j\u00e9g-\u00e9lvezet \u00e9rdek\u00e9ben<\/p>\n<p class=\"whitespace-normal break-words\"><strong>Teljes n\u00e9zet 270\u00b0-os LED kijelz\u0151:<\/strong> Teljes k\u00f6r\u0171 inform\u00e1ci\u00f3 a vonatsz\u00e1mokr\u00f3l, az akkumul\u00e1tor kapacit\u00e1s\u00e1r\u00f3l \u00e9s az \u00fczemm\u00f3dr\u00f3l<\/p>\n<p class=\"whitespace-normal break-words\"><strong>S.i.L.C Dual-Mesh technol\u00f3gia:<\/strong> Innovat\u00edv f\u0171t\u0151elemek az egyenletes sz\u0151l\u0151j\u00e9g \u00edz\u00e9\u00e9rt<\/p>\n<p class=\"whitespace-normal break-words\"><strong>Interakt\u00edv vil\u00e1g\u00edt\u00e1si funkci\u00f3k:<\/strong> A dinamikus LED kijelz\u0151 minden egyes bel\u00e9gz\u00e9ssel aktiv\u00e1l\u00f3dik<\/p>\n<p class=\"whitespace-normal break-words\"><strong>Min\u0151s\u00e9gi nikotintartalom 50mg\/ml (5%):<\/strong> Megfelel\u0151 nikotinsz\u00e1ll\u00edt\u00e1s napi haszn\u00e1latra<\/p>\n<h3 class=\"text-xl font-bold text-text-100 mt-1 -mb-0.5\">Fedezzen fel t\u00f6bb VOZOL VAPE-t a vozolpuff-on<\/h3>\n<p class=\"whitespace-normal break-words\">V\u00e1s\u00e1rolja meg a Vozol Vista 40000 Grape Ice-t N\u00e9metorsz\u00e1g vezet\u0151 vape shopj\u00e1ban. L\u00e1togasson el hozz\u00e1nk <a class=\"underline\" href=\"https:\/\/vozolpuff.de\/hu\/\"><strong>Honlap<\/strong><\/a> tov\u00e1bbi pr\u00e9mium term\u00e9kek\u00e9rt, fedezze fel a teljes <a class=\"underline\" href=\"https:\/\/vozolpuff.de\/hu\/product-category\/vozol-vape\/\"><strong>VOZOL VAPE<\/strong><\/a> kollekci\u00f3t, vagy b\u00f6ng\u00e9szhet az \u00f6sszes <a class=\"underline\" href=\"https:\/\/vozolpuff.de\/hu\/product-category\/vozol-vape\/vozol-vista-40000\/\"><strong>Vozol Vista 40000<\/strong><\/a> \u00cdzek.<\/p>","protected":false},"excerpt":{"rendered":"<p>A <strong>Vozol Vista 40000 Grape Ice eldobhat\u00f3 vape<\/strong> kombin\u00e1lja a l\u00e9d\u00fas sz\u0151l\u0151 \u00edz\u00e9t a friss\u00edt\u0151 h\u0171t\u00e9ssel, ak\u00e1r 40 000 intenz\u00edven gy\u00fcm\u00f6lcs\u00f6s puffan\u00e1s erej\u00e9ig. Er\u0151teljes 1000mAh akkumul\u00e1torral, USB-C gyorst\u00f6lt\u00e9si funkci\u00f3val \u00e9s kett\u0151s h\u00e1l\u00f3s S.i.L.C technol\u00f3gi\u00e1val. 4 fokozat\u00fa teljes\u00edtm\u00e9nybe\u00e1ll\u00edt\u00e1s, rugalmas l\u00e9g\u00e1raml\u00e1s-szab\u00e1lyoz\u00e1s \u00e9s 270\u00b0-os LED kijelz\u0151. Nikotin tartalom: 50mg\/ml (5%).<\/p>","protected":false},"featured_media":794,"comment_status":"open","ping_status":"closed","template":"","meta":{"_acf_changed":false},"product_brand":[],"product_cat":[31],"product_tag":[],"class_list":{"0":"post-791","1":"product","2":"type-product","3":"status-publish","4":"has-post-thumbnail","6":"product_cat-vozol-vista-40000","8":"first","9":"instock","10":"shipping-taxable","11":"purchasable","12":"product-type-variable"},"acf":[],"_links":{"self":[{"href":"https:\/\/vozolpuff.de\/hu\/wp-json\/wp\/v2\/product\/791","targetHints":{"allow":["GET"]}}],"collection":[{"href":"https:\/\/vozolpuff.de\/hu\/wp-json\/wp\/v2\/product"}],"about":[{"href":"https:\/\/vozolpuff.de\/hu\/wp-json\/wp\/v2\/types\/product"}],"replies":[{"embeddable":true,"href":"https:\/\/vozolpuff.de\/hu\/wp-json\/wp\/v2\/comments?post=791"}],"wp:featuredmedia":[{"embeddable":true,"href":"https:\/\/vozolpuff.de\/hu\/wp-json\/wp\/v2\/media\/794"}],"wp:attachment":[{"href":"https:\/\/vozolpuff.de\/hu\/wp-json\/wp\/v2\/media?parent=791"}],"wp:term":[{"taxonomy":"product_brand","embeddable":true,"href":"https:\/\/vozolpuff.de\/hu\/wp-json\/wp\/v2\/product_brand?post=791"},{"taxonomy":"product_cat","embeddable":true,"href":"https:\/\/vozolpuff.de\/hu\/wp-json\/wp\/v2\/product_cat?post=791"},{"taxonomy":"product_tag","embeddable":true,"href":"https:\/\/vozolpuff.de\/hu\/wp-json\/wp\/v2\/product_tag?post=791"}],"curies":[{"name":"wp","href":"https:\/\/api.w.org\/{rel}","templated":true}]}}