{"id":798,"date":"2025-08-24T10:03:52","date_gmt":"2025-08-24T08:03:52","guid":{"rendered":"https:\/\/vozolpuff.de\/?post_type=product&#038;p=798"},"modified":"2026-01-15T12:16:37","modified_gmt":"2026-01-15T11:16:37","slug":"vozol-vista-40000-love-777","status":"publish","type":"product","link":"https:\/\/vozolpuff.de\/hu\/termek\/vozol-vista-40000-love-777\/","title":{"rendered":"Vozol Vista 40000 Szerelem 777"},"content":{"rendered":"<h2 class=\"text-2xl font-bold mt-1 text-text-100\">Vozol Vista 40000 Love 777 eldobhat\u00f3 vape<\/h2>\n<p class=\"whitespace-normal break-words\">Tapasztalja meg a <strong>Vozol Vista 40000 Szerelem 777<\/strong> - egy misztikus, \u00fajrat\u00f6lthet\u0151 e-cigaretta, amely egyedi \u00edzkompoz\u00edci\u00f3j\u00e1val gyorsabban veri a sz\u00edveket. Az USB-C gyors t\u00f6lt\u00e9ssel ell\u00e1tott, robusztus 1000 mAh kapacit\u00e1s\u00fa akkumul\u00e1torral m\u0171k\u00f6d\u0151 rendk\u00edv\u00fcli vape ak\u00e1r <strong>40,000 var\u00e1zslatos vonatok<\/strong>. A legmodernebb, S.i.L.C technol\u00f3gi\u00e1val ell\u00e1tott kett\u0151s h\u00e1l\u00f3s tekercsrendszer t\u00f6k\u00e9letes \u00edzharm\u00f3ni\u00e1t biztos\u00edt, m\u00edg a 4 fokozat\u00fa teljes\u00edtm\u00e9nyszab\u00e1lyoz\u00e1s \u00e9s a kett\u0151s l\u00e9g\u00e1raml\u00e1si lehet\u0151s\u00e9g t\u00f6k\u00e9letes testreszabhat\u00f3s\u00e1got biztos\u00edt.<\/p>\n<h3 class=\"text-xl font-bold text-text-100 mt-1 -mb-0.5\">Love 777 Vista 40000 K\u00fcl\u00f6nleges jellemz\u0151k:<\/h3>\n<p class=\"whitespace-normal break-words\"><strong>Er\u0151teljes 1000 mAh l\u00edtium akkumul\u00e1tor:<\/strong> Megb\u00edzhat\u00f3 energiaell\u00e1t\u00e1s szupergyors Type-C t\u00f6lt\u00e9si folyamattal<\/p>\n<p class=\"whitespace-normal break-words\"><strong>K\u00e9t\u00e1ram\u00fa leveg\u0151szab\u00e1lyoz\u00e1s:<\/strong> K\u00f6nnyed \u00e1tmenet a keskeny MTL-vonatok \u00e9s m\u00e1s g\u0151zmozdonyok k\u00f6z\u00f6tt<\/p>\n<p class=\"whitespace-normal break-words\"><strong>4 fokozat\u00fa teljes\u00edtm\u00e9nymodul\u00e1ci\u00f3:<\/strong> Pontos g\u0151zmennyis\u00e9g-szab\u00e1lyoz\u00e1s a t\u00f6k\u00e9letes Love 777 \u00edz\u00e9lm\u00e9ny \u00e9rdek\u00e9ben<\/p>\n<p class=\"whitespace-normal break-words\"><strong>270\u00b0-os panor\u00e1ma LED interf\u00e9sz:<\/strong> R\u00e9szletes \u00e1ttekint\u00e9s a puff \u00e1llapot\u00e1r\u00f3l, az akkumul\u00e1tor szintj\u00e9r\u0151l \u00e9s a kimeneti teljes\u00edtm\u00e9nyr\u0151l<\/p>\n<p class=\"whitespace-normal break-words\"><strong>S.i.L.C Dual-Mesh innov\u00e1ci\u00f3:<\/strong> \u00datt\u00f6r\u0151 tekercsarchitekt\u00fara a k\u00f6vetkezetes Love 777 \u00edz\u00e9rt<\/p>\n<p class=\"whitespace-normal break-words\"><strong>Smart Response LED rendszer:<\/strong> Eleg\u00e1ns f\u00e9nyhat\u00e1sok szinkroniz\u00e1lva minden g\u0151zmozdulattal<\/p>\n<p class=\"whitespace-normal break-words\"><strong>Pr\u00e9mium nikotinszint 50mg\/ml (5%):<\/strong> Optim\u00e1lis nikotinell\u00e1t\u00e1s az ig\u00e9nyes p\u00e1rol\u00f3k sz\u00e1m\u00e1ra<\/p>\n<h3 class=\"text-xl font-bold text-text-100 mt-1 -mb-0.5\">Fedezzen fel t\u00f6bb VOZOL VAPE-t a vozolpuff-on<\/h3>\n<p class=\"whitespace-normal break-words\">V\u00e1s\u00e1rolja meg a Vozol Vista 40000 Love 777-et N\u00e9metorsz\u00e1g vezet\u0151 vape shopj\u00e1ban. L\u00e1togasson el hozz\u00e1nk <a class=\"underline\" href=\"https:\/\/vozolpuff.de\/hu\/\"><strong>Honlap<\/strong><\/a> tov\u00e1bbi pr\u00e9mium term\u00e9kek\u00e9rt, fedezze fel a teljes <a class=\"underline\" href=\"https:\/\/vozolpuff.de\/hu\/product-category\/vozol-vape\/\"><strong>VOZOL VAPE<\/strong><\/a> kollekci\u00f3t, vagy b\u00f6ng\u00e9szhet az \u00f6sszes <a class=\"underline\" href=\"https:\/\/vozolpuff.de\/hu\/product-category\/vozol-vape\/vozol-vista-40000\/\"><strong>Vozol Vista 40000<\/strong><\/a> \u00cdzek.<\/p>","protected":false},"excerpt":{"rendered":"<p>A <strong>Vozol Vista 40000 Love 777 eldobhat\u00f3 vape<\/strong> misztikus \u00edzkompoz\u00edci\u00f3t k\u00edn\u00e1l az arom\u00e1k egyed\u00fcl\u00e1ll\u00f3 harm\u00f3ni\u00e1j\u00e1val, ak\u00e1r 40 000 var\u00e1zslatos sz\u00edv\u00e1sig. Robusztus 1000mAh akkumul\u00e1torral, USB-C gyors t\u00f6lt\u00e9ssel \u00e9s kett\u0151s h\u00e1l\u00f3s S.i.L.C technol\u00f3gi\u00e1val. 4 fokozat\u00fa wattfokozat-szab\u00e1lyoz\u00e1s, kett\u0151s l\u00e9g\u00e1raml\u00e1si lehet\u0151s\u00e9g \u00e9s 270\u00b0-os LED-es kezel\u0151fel\u00fclet. Nikotinszint: 50mg\/ml (5%).<\/p>","protected":false},"featured_media":800,"comment_status":"open","ping_status":"closed","template":"","meta":{"_acf_changed":false},"product_brand":[],"product_cat":[31],"product_tag":[],"class_list":{"0":"post-798","1":"product","2":"type-product","3":"status-publish","4":"has-post-thumbnail","6":"product_cat-vozol-vista-40000","8":"first","9":"instock","10":"shipping-taxable","11":"purchasable","12":"product-type-variable"},"acf":[],"_links":{"self":[{"href":"https:\/\/vozolpuff.de\/hu\/wp-json\/wp\/v2\/product\/798","targetHints":{"allow":["GET"]}}],"collection":[{"href":"https:\/\/vozolpuff.de\/hu\/wp-json\/wp\/v2\/product"}],"about":[{"href":"https:\/\/vozolpuff.de\/hu\/wp-json\/wp\/v2\/types\/product"}],"replies":[{"embeddable":true,"href":"https:\/\/vozolpuff.de\/hu\/wp-json\/wp\/v2\/comments?post=798"}],"wp:featuredmedia":[{"embeddable":true,"href":"https:\/\/vozolpuff.de\/hu\/wp-json\/wp\/v2\/media\/800"}],"wp:attachment":[{"href":"https:\/\/vozolpuff.de\/hu\/wp-json\/wp\/v2\/media?parent=798"}],"wp:term":[{"taxonomy":"product_brand","embeddable":true,"href":"https:\/\/vozolpuff.de\/hu\/wp-json\/wp\/v2\/product_brand?post=798"},{"taxonomy":"product_cat","embeddable":true,"href":"https:\/\/vozolpuff.de\/hu\/wp-json\/wp\/v2\/product_cat?post=798"},{"taxonomy":"product_tag","embeddable":true,"href":"https:\/\/vozolpuff.de\/hu\/wp-json\/wp\/v2\/product_tag?post=798"}],"curies":[{"name":"wp","href":"https:\/\/api.w.org\/{rel}","templated":true}]}}