{"id":803,"date":"2025-08-24T10:06:24","date_gmt":"2025-08-24T08:06:24","guid":{"rendered":"https:\/\/vozolpuff.de\/?post_type=product&#038;p=803"},"modified":"2026-01-15T12:16:26","modified_gmt":"2026-01-15T11:16:26","slug":"vozol-vista-40000-mango-ice","status":"publish","type":"product","link":"https:\/\/vozolpuff.de\/hu\/termek\/vozol-vista-40000-mango-ice\/","title":{"rendered":"Vozol Vista 40000 Mango Ice"},"content":{"rendered":"<h2 class=\"text-2xl font-bold mt-1 text-text-100\">Vozol Vista 40000 Mango Ice - E-cigaretta<\/h2>\n<p class=\"whitespace-normal break-words\">A <strong>Vozol Vista 40000 Mango Ice<\/strong> egyes\u00edti a tr\u00f3pusi mang\u00f3 \u00e9dess\u00e9g\u00e9t a friss\u00edt\u0151 h\u0171t\u00e9ssel, hogy ellen\u00e1llhatatlan p\u00e1rolg\u00e1si \u00e9lvezetet hozzon l\u00e9tre. Ez a technol\u00f3giailag fejlett, \u00fajrat\u00f6lthet\u0151 eldobhat\u00f3 vape nagy teljes\u00edtm\u00e9ny\u0171 1000 mAh-s akkumul\u00e1torral \u00e9s USB-C gyorst\u00f6lt\u00e9ssel rendelkezik. Tapasztalja meg az ak\u00e1r <strong>40 000 egzotikus friss vonat<\/strong> az innovat\u00edv, S.i.L.C technol\u00f3gi\u00e1val ell\u00e1tott kett\u0151s h\u00e1l\u00f3s tekercsnek k\u00f6sz\u00f6nhet\u0151en, amelyet 4 fokozat\u00fa wattfokozat-\u00e1ll\u00edt\u00e1s \u00e9s kett\u0151s l\u00e9g\u00e1raml\u00e1s-szab\u00e1lyoz\u00e1s eg\u00e9sz\u00edt ki.<\/p>\n<h3 class=\"text-xl font-bold text-text-100 mt-1 -mb-0.5\">Mango Ice Vista 40000 M\u0171szaki adatok:<\/h3>\n<p class=\"whitespace-normal break-words\"><strong>Nagy teljes\u00edtm\u00e9ny\u0171 1000 mAh-s akkumul\u00e1tor:<\/strong> Hosszan tart\u00f3 teljes\u00edtm\u00e9ny a Turbo Type-C t\u00f6lt\u00e9ssel a folyamatos p\u00e1rologtat\u00e1s \u00f6r\u00f6m\u00e9\u00e9rt<\/p>\n<p class=\"whitespace-normal break-words\"><strong>Bimod\u00e1lis h\u00faz\u00e1si ellen\u00e1ll\u00e1s:<\/strong> Rugalmas v\u00e1ltakoz\u00e1s az intenz\u00edv MTL f\u00faj\u00e1sok \u00e9s a nyugodt bel\u00e9gz\u00e9sek k\u00f6z\u00f6tt<\/p>\n<p class=\"whitespace-normal break-words\"><strong>N\u00e9gy wattos szab\u00e1lyoz\u00e1s:<\/strong> Egyedi g\u0151zintenzit\u00e1s a hiteles Mango Ice \u00edz\u00e9lm\u00e9ny\u00e9rt<\/p>\n<p class=\"whitespace-normal break-words\"><strong>Teljes 270\u00b0-os LED monitor:<\/strong> A vonatstatisztik\u00e1k, az akkumul\u00e1tor \u00e1llapot\u00e1nak \u00e9s az \u00fczemm\u00f3dnak a teljes k\u00f6r\u0171 megjelen\u00edt\u00e9se<\/p>\n<p class=\"whitespace-normal break-words\"><strong>S.i.L.C Dual-Mesh technol\u00f3gia:<\/strong> A legmodernebb tekercstechnol\u00f3gia a Mango Ice egyenletes \u00e9lvezete \u00e9rdek\u00e9ben<\/p>\n<p class=\"whitespace-normal break-words\"><strong>Reakt\u00edv vil\u00e1g\u00edt\u00e1si funkci\u00f3k:<\/strong> Vonz\u00f3 LED anim\u00e1ci\u00f3k, amelyek minden haszn\u00e1lat sor\u00e1n aktiv\u00e1l\u00f3dnak<\/p>\n<p class=\"whitespace-normal break-words\"><strong>Standardiz\u00e1lt nikotinkoncentr\u00e1ci\u00f3 50 mg\/ml (5%):<\/strong> Megfelel\u0151 nikotinell\u00e1t\u00e1s rendszeres felhaszn\u00e1l\u00f3k sz\u00e1m\u00e1ra<\/p>\n<h3 class=\"text-xl font-bold text-text-100 mt-1 -mb-0.5\">Fedezzen fel t\u00f6bb VOZOL VAPE-t a vozolpuff-on<\/h3>\n<p class=\"whitespace-normal break-words\">V\u00e1s\u00e1rolja meg a Vozol Vista 40000 Mango Ice-t N\u00e9metorsz\u00e1g vezet\u0151 vape shopj\u00e1ban. L\u00e1togasson el hozz\u00e1nk <a class=\"underline\" href=\"https:\/\/vozolpuff.de\/hu\/\"><strong>Honlap<\/strong><\/a> tov\u00e1bbi pr\u00e9mium term\u00e9kek\u00e9rt, fedezze fel a teljes <a class=\"underline\" href=\"https:\/\/vozolpuff.de\/hu\/product-category\/vozol-vape\/\"><strong>VOZOL VAPE<\/strong><\/a> kollekci\u00f3t, vagy b\u00f6ng\u00e9szhet az \u00f6sszes <a class=\"underline\" href=\"https:\/\/vozolpuff.de\/hu\/product-category\/vozol-vape\/vozol-vista-40000\/\"><strong>Vozol Vista 40000<\/strong><\/a> \u00cdzek.<\/p>","protected":false},"excerpt":{"rendered":"<p>A <strong>Vozol Vista 40000 Mango Ice e-cigaretta<\/strong> kombin\u00e1lja a tr\u00f3pusi mang\u00f3 \u00e9dess\u00e9g\u00e9t a friss\u00edt\u0151 h\u0171t\u00e9ssel, ak\u00e1r 40 000 egzotikus, friss puffan\u00e1s erej\u00e9ig. Er\u0151teljes 1000mAh-s akkumul\u00e1torral, USB-C gyorst\u00f6lt\u00e9ssel \u00e9s kett\u0151s h\u00e1l\u00f3s S.i.L.C technol\u00f3gi\u00e1val. 4 fokozat\u00fa wattfokozat-be\u00e1ll\u00edt\u00e1s, kett\u0151s l\u00e9g\u00e1raml\u00e1s-szab\u00e1lyoz\u00e1s \u00e9s 270\u00b0-os LED monitor. Nikotinkoncentr\u00e1ci\u00f3: 50mg\/ml (5%).<\/p>","protected":false},"featured_media":806,"comment_status":"open","ping_status":"closed","template":"","meta":{"_acf_changed":false},"product_brand":[],"product_cat":[31],"product_tag":[],"class_list":{"0":"post-803","1":"product","2":"type-product","3":"status-publish","4":"has-post-thumbnail","6":"product_cat-vozol-vista-40000","8":"first","9":"instock","10":"shipping-taxable","11":"purchasable","12":"product-type-variable"},"acf":[],"_links":{"self":[{"href":"https:\/\/vozolpuff.de\/hu\/wp-json\/wp\/v2\/product\/803","targetHints":{"allow":["GET"]}}],"collection":[{"href":"https:\/\/vozolpuff.de\/hu\/wp-json\/wp\/v2\/product"}],"about":[{"href":"https:\/\/vozolpuff.de\/hu\/wp-json\/wp\/v2\/types\/product"}],"replies":[{"embeddable":true,"href":"https:\/\/vozolpuff.de\/hu\/wp-json\/wp\/v2\/comments?post=803"}],"wp:featuredmedia":[{"embeddable":true,"href":"https:\/\/vozolpuff.de\/hu\/wp-json\/wp\/v2\/media\/806"}],"wp:attachment":[{"href":"https:\/\/vozolpuff.de\/hu\/wp-json\/wp\/v2\/media?parent=803"}],"wp:term":[{"taxonomy":"product_brand","embeddable":true,"href":"https:\/\/vozolpuff.de\/hu\/wp-json\/wp\/v2\/product_brand?post=803"},{"taxonomy":"product_cat","embeddable":true,"href":"https:\/\/vozolpuff.de\/hu\/wp-json\/wp\/v2\/product_cat?post=803"},{"taxonomy":"product_tag","embeddable":true,"href":"https:\/\/vozolpuff.de\/hu\/wp-json\/wp\/v2\/product_tag?post=803"}],"curies":[{"name":"wp","href":"https:\/\/api.w.org\/{rel}","templated":true}]}}