{"id":8300,"date":"2025-11-19T09:21:09","date_gmt":"2025-11-19T08:21:09","guid":{"rendered":"https:\/\/vozolpuff.de\/?post_type=product&#038;p=8300"},"modified":"2025-11-19T09:21:09","modified_gmt":"2025-11-19T08:21:09","slug":"bang-leader-120k-strawberry-cherry-kiwi-passion-fruit-guava","status":"publish","type":"product","link":"https:\/\/vozolpuff.de\/hu\/termek\/bang-leader-120k-strawberry-cherry-kiwi-passion-fruit-guava\/","title":{"rendered":"Bang Leader 120K Eper Cseresznye\/Kiwi Passi\u00f3gy\u00fcm\u00f6lcs Guava"},"content":{"rendered":"<h2 class=\"font-claude-response-heading text-text-100 mt-1 -mb-0.5\">Bang Leader 120K Eper-cseresznye\/kiwi-passi\u00f3gy\u00fcm\u00f6lcs-guava eldobhat\u00f3 e-cigaretta<\/h2>\n<p class=\"font-claude-response-body whitespace-normal break-words\">A Bang Leader 120K forradalmian \u00faj, 2 az 1-ben kett\u0151s kamr\u00e1s kialak\u00edt\u00e1s\u00e1nak k\u00f6sz\u00f6nhet\u0151en szenz\u00e1ci\u00f3s 120 000 slukkot biztos\u00edt. A k\u00fcl\u00f6n\u00e1ll\u00f3 tekercsrendszereknek k\u00f6sz\u00f6nhet\u0151en k\u00f6nnyed\u00e9n v\u00e1lthat a gy\u00fcm\u00f6lcs\u00f6s eper-cseresznye \u00e9s az egzotikus kiwi-passi\u00f3gy\u00fcm\u00f6lcs-guava \u00edzek k\u00f6z\u00f6tt, amelyek meg\u0151rzik a tiszta \u00edzprofilokat. A legmodernebb h\u00e1l\u00f3s tekercsek, az er\u0151teljes \u00fajrat\u00f6lthet\u0151 akkumul\u00e1tor \u00e9s a kompakt, ergon\u00f3mikus kialak\u00edt\u00e1s garant\u00e1lja a folyamatos g\u0151z teljes\u00edtm\u00e9nyt a meghosszabb\u00edtott \u00e9lettartam alatt. Az els\u0151 oszt\u00e1ly\u00fa, eldobhat\u00f3 vape-technika a legmagasabb szint\u0171 k\u00e9nyelmet \u00e9s \u00edzv\u00e1laszt\u00e9kot \u00f6tv\u00f6zi egy kifinomult eszk\u00f6zben.<\/p>\n<h3 class=\"font-claude-response-subheading text-text-100 mt-1 -mb-1.5\">Bang Leader 120K Strawberry Cherry\/Kiwi Passion Fruit Guava sz\u00edv\u00e1sok \u2013 A legfontosabb jellemz\u0151k:<\/h3>\n<p class=\"font-claude-response-body whitespace-normal break-words\">Ez a Bang Vape forradalmas\u00edtja az eldobhat\u00f3 e-cigarett\u00e1k \u00e9lettartam\u00e1t kiemelked\u0151 120 000 sz\u00edv\u00e1s kapacit\u00e1s\u00e1val. Ez a rendk\u00edv\u00fcli teljes\u00edtm\u00e9ny h\u00f3napokig tart\u00f3, \u00e1lland\u00f3 g\u0151z\u00e9lvezet\u00e9st biztos\u00edt min\u0151s\u00e9groml\u00e1s n\u00e9lk\u00fcl, \u00e9s kiv\u00e9teles \u00e1r-\u00e9rt\u00e9k ar\u00e1nyt k\u00edn\u00e1l azoknak a felhaszn\u00e1l\u00f3knak, akik hosszabb \u00e9lettartamot \u00e9s \u00e1lland\u00f3 \u00edzmin\u0151s\u00e9get ig\u00e9nyelnek a k\u00e9sz\u00fcl\u00e9k teljes \u00e9lettartama alatt.<\/p>\n<p class=\"font-claude-response-body whitespace-normal break-words\">A 2 az 1-ben vape technol\u00f3gia egy kifinomult, k\u00e9tkamr\u00e1s kialak\u00edt\u00e1son alapul, amely t\u00f6k\u00e9letes \u00edzsz\u00e9tv\u00e1laszt\u00e1st biztos\u00edt. Ez az \u00fatt\u00f6r\u0151 rendszer lehet\u0151v\u00e9 teszi a k\u00fcl\u00f6nb\u00f6z\u0151 \u00edzprofilok k\u00f6z\u00f6tti vill\u00e1mgyors v\u00e1lt\u00e1st, mik\u00f6zben az \u00edz integrit\u00e1sa teljes m\u00e9rt\u00e9kben megmarad. Mindk\u00e9t kamra f\u00fcggetlen\u00fcl m\u0171k\u00f6dik, \u00e9s minden slukk ut\u00e1n autentikus \u00edz\u00e9lm\u00e9nyt ny\u00fajt.<\/p>\n<p class=\"font-claude-response-body whitespace-normal break-words\">A fejlett Dual-Mesh-Coil technol\u00f3gi\u00e1val felszerelt 120k Vape optim\u00e1lis \u00edz\u00e9lm\u00e9nyt \u00e9s \u00e1lland\u00f3 g\u0151ztermel\u00e9st biztos\u00edt. A nagy kapacit\u00e1s\u00fa, Type-C gyors t\u00f6lt\u00e9s\u0171 akkumul\u00e1tor megb\u00edzhat\u00f3 energiaell\u00e1t\u00e1st biztos\u00edt, m\u00edg az intelligens chip technol\u00f3gia t\u00f6k\u00e9letes h\u0151m\u00e9rs\u00e9klet-szab\u00e1lyoz\u00e1st biztos\u00edt mindk\u00e9t \u00edzkamr\u00e1ban.<\/p>\n<p class=\"font-claude-response-body whitespace-normal break-words\">A Bang Leader 120K ergonomikus kialak\u00edt\u00e1s\u00e1val, az e-liquid j\u00f3l l\u00e1that\u00f3 tart\u00e1ly\u00e1val \u00e9s intuit\u00edv kezel\u00e9s\u00e9vel ny\u0171g\u00f6zi le a felhaszn\u00e1l\u00f3kat. A kifinomult l\u00e9g\u00e1raml\u00e1s-rendszer lehet\u0151v\u00e9 teszi az egy\u00e9ni g\u0151ztermel\u00e9st, m\u00edg a t\u00f6bbsz\u00f6r\u00f6s biztons\u00e1gi v\u00e9delmi mechanizmusok gondtalan haszn\u00e1latot biztos\u00edtanak a k\u00e9sz\u00fcl\u00e9k meghosszabb\u00edtott \u00e9lettartama alatt.<\/p>\n<h3 class=\"font-claude-response-subheading text-text-100 mt-1 -mb-1.5\">M\u0171szaki adatok:<\/h3>\n<p class=\"font-claude-response-body whitespace-normal break-words\">\u2611 VONATOK: 120 000 vonat<br \/>\n\u2611 Akkumul\u00e1tor: 650 mAh<br \/>\n\u2611 Ellen\u00e1ll\u00e1s: 1,0 ohm<br \/>\n\u2611 Type-C t\u00f6lt\u0151csatlakoz\u00f3<br \/>\n\u2611 Nikotin: 0% \/ 2% \/ 3% \/ 5%<\/p>\n<h3 class=\"font-claude-response-subheading text-text-100 mt-1 -mb-1.5\">Fedezzen fel t\u00f6bb BANG VAPE-t a vozolpuff-on<\/h3>\n<p class=\"font-claude-response-body whitespace-normal break-words\">L\u00e1togassa meg sz\u00e9lesk\u00f6r\u0171 k\u00edn\u00e1latunkat <strong><a class=\"underline\" href=\"https:\/\/vozolpuff.de\/hu\/\">Vape-aj\u00e1nlat<\/a><\/strong>. A mi <strong><a class=\"underline\" href=\"https:\/\/vozolpuff.de\/hu\/product-category\/bang-vape\/\">BANG VAPE kateg\u00f3ria<\/a><\/strong> tal\u00e1lhat tov\u00e1bbi cs\u00facsmodelleket, vagy b\u00f6ng\u00e9szhet a teljes <strong><a class=\"underline\" href=\"https:\/\/vozolpuff.de\/hu\/product-category\/bang-vape\/bang-leader-120k\/\">Bang Leader 120K \u00edzv\u00e1laszt\u00e9k<\/a><\/strong>.<\/p>","protected":false},"excerpt":{"rendered":"<p class=\"font-claude-response-body whitespace-normal break-words\">A Bang Leader 120K Strawberry Cherry\/Kiwi Passion Fruit Guava forradalmas\u00edtja az eldobhat\u00f3 e-cigarett\u00e1kat 120 000 sz\u00edv\u00e1ssal \u00e9s innovat\u00edv kett\u0151s kamr\u00e1s rendszerrel. A k\u00fcl\u00f6n\u00e1ll\u00f3 h\u00e1l\u00f3s tekercseknek k\u00f6sz\u00f6nhet\u0151en k\u00f6nnyed\u00e9n v\u00e1lthat a gy\u00fcm\u00f6lcs\u00f6s Strawberry Cherry \u00e9s az egzotikus Kiwi Passion Fruit Guava k\u00f6z\u00f6tt. 650 mAh-s akkumul\u00e1tor Type-C gyors t\u00f6lt\u00e9ssel, h\u00f3napokig tart\u00f3 pr\u00e9mium \u00e9lm\u00e9ny\u00e9rt.<\/p>","protected":false},"featured_media":8302,"comment_status":"open","ping_status":"closed","template":"","meta":{"_acf_changed":false},"product_brand":[],"product_cat":[93],"product_tag":[],"class_list":{"0":"post-8300","1":"product","2":"type-product","3":"status-publish","4":"has-post-thumbnail","6":"product_cat-bang-leader-120k","8":"first","9":"instock","10":"shipping-taxable","11":"purchasable","12":"product-type-variable"},"acf":[],"_links":{"self":[{"href":"https:\/\/vozolpuff.de\/hu\/wp-json\/wp\/v2\/product\/8300","targetHints":{"allow":["GET"]}}],"collection":[{"href":"https:\/\/vozolpuff.de\/hu\/wp-json\/wp\/v2\/product"}],"about":[{"href":"https:\/\/vozolpuff.de\/hu\/wp-json\/wp\/v2\/types\/product"}],"replies":[{"embeddable":true,"href":"https:\/\/vozolpuff.de\/hu\/wp-json\/wp\/v2\/comments?post=8300"}],"wp:featuredmedia":[{"embeddable":true,"href":"https:\/\/vozolpuff.de\/hu\/wp-json\/wp\/v2\/media\/8302"}],"wp:attachment":[{"href":"https:\/\/vozolpuff.de\/hu\/wp-json\/wp\/v2\/media?parent=8300"}],"wp:term":[{"taxonomy":"product_brand","embeddable":true,"href":"https:\/\/vozolpuff.de\/hu\/wp-json\/wp\/v2\/product_brand?post=8300"},{"taxonomy":"product_cat","embeddable":true,"href":"https:\/\/vozolpuff.de\/hu\/wp-json\/wp\/v2\/product_cat?post=8300"},{"taxonomy":"product_tag","embeddable":true,"href":"https:\/\/vozolpuff.de\/hu\/wp-json\/wp\/v2\/product_tag?post=8300"}],"curies":[{"name":"wp","href":"https:\/\/api.w.org\/{rel}","templated":true}]}}