{"id":8351,"date":"2025-11-19T09:46:34","date_gmt":"2025-11-19T08:46:34","guid":{"rendered":"https:\/\/vozolpuff.de\/?post_type=product&#038;p=8351"},"modified":"2025-11-19T09:46:34","modified_gmt":"2025-11-19T08:46:34","slug":"bang-leader-120k-strawberry-watermelon-orange-soda","status":"publish","type":"product","link":"https:\/\/vozolpuff.de\/hu\/termek\/bang-leader-120k-strawberry-watermelon-orange-soda\/","title":{"rendered":"Bang Leader 120K Eper-g\u00f6r\u00f6gdinnye\/narancs szoda"},"content":{"rendered":"<h2 class=\"font-claude-response-heading text-text-100 mt-1 -mb-0.5\">Bang Leader 120K Eper-g\u00f6r\u00f6gdinnye\/narancs sz\u00f3d\u00e1s eldobhat\u00f3 e-cigaretta<\/h2>\n<p class=\"font-claude-response-body whitespace-normal break-words\">A Bang Leader 120K szenz\u00e1ci\u00f3s 120 000 slukkot \u00f6tv\u00f6z innovat\u00edv 2 az 1-ben kett\u0151s kamr\u00e1s kialak\u00edt\u00e1ssal. \u00c9lvezze a gy\u00fcm\u00f6lcs\u00f6s eper-g\u00f6r\u00f6gdinnye \u00e9s a friss\u00edt\u0151 narancs sz\u00f3dav\u00edz k\u00f6z\u00f6tti z\u00f6kken\u0151mentes v\u00e1lt\u00e1st a k\u00fcl\u00f6n\u00e1ll\u00f3 tekercsrendszereknek k\u00f6sz\u00f6nhet\u0151en, amelyek meg\u0151rzik a tiszta \u00edzprofilokat. A fejlett h\u00e1l\u00f3s tekercsek, az er\u0151teljes \u00fajrat\u00f6lthet\u0151 akkumul\u00e1tor \u00e9s a kompakt, ergon\u00f3mikus kialak\u00edt\u00e1s \u00e1lland\u00f3 g\u0151ztermel\u00e9st biztos\u00edt az eg\u00e9sz hosszabb \u00e9lettartam alatt. A pr\u00e9mium eldobhat\u00f3 vape technol\u00f3gia \u00e9s a v\u00e9gs\u0151 k\u00e9nyelem \u00e9s \u00edzv\u00e1laszt\u00e9k tal\u00e1lkozik egy eleg\u00e1ns eszk\u00f6zben.<\/p>\n<h3 class=\"font-claude-response-subheading text-text-100 mt-1 -mb-1.5\">Bang Leader 120K Strawberry Watermelon\/Orange Soda sz\u00edv\u00e1sok \u2013 A legfontosabb jellemz\u0151k:<\/h3>\n<p class=\"font-claude-response-body whitespace-normal break-words\">A Bang Vape e-cigaretta forradalmas\u00edtja az eldobhat\u00f3 term\u00e9kek sz\u00ednvonal\u00e1t rendk\u00edv\u00fcli 120 000 sz\u00edv\u00e1s kapacit\u00e1s\u00e1val. Ez a figyelemre m\u00e9lt\u00f3 tart\u00f3ss\u00e1g h\u00f3napokig tart\u00f3, kompromisszumok n\u00e9lk\u00fcli, \u00e1lland\u00f3 g\u0151z\u00e9lvezet\u00e9st biztos\u00edt, \u00e9s verhetetlen \u00e1r-\u00e9rt\u00e9k ar\u00e1nyt k\u00edn\u00e1l azoknak a g\u0151z\u00f6l\u0151knek, akik a k\u00e9sz\u00fcl\u00e9k teljes \u00e9lettartama alatt tart\u00f3ss\u00e1got \u00e9s \u00e1lland\u00f3 \u00edzmin\u0151s\u00e9get v\u00e1rnak el.<\/p>\n<p class=\"font-claude-response-body whitespace-normal break-words\">A 2 az 1-ben vape technol\u00f3gia kifinomult, kett\u0151s kamr\u00e1s kialak\u00edt\u00e1ssal rendelkezik, amely t\u00f6k\u00e9letes \u00edzsz\u00e9tv\u00e1laszt\u00e1st biztos\u00edt. Ez az \u00fatt\u00f6r\u0151 rendszer vill\u00e1mgyors v\u00e1lt\u00e1st tesz lehet\u0151v\u00e9 a friss\u00edt\u0151 \u00edzprofilok k\u00f6z\u00f6tt, mik\u00f6zben az \u00edz integrit\u00e1sa teljes m\u00e9rt\u00e9kben megmarad. Mindk\u00e9t kamra f\u00fcggetlen\u00fcl m\u0171k\u00f6dik, \u00e9s minden slukk ut\u00e1n hiteles \u00edz\u00e9lm\u00e9nyt ny\u00fajt.<\/p>\n<p class=\"font-claude-response-body whitespace-normal break-words\">A fejlett Dual-Mesh-Coil technol\u00f3gi\u00e1val felszerelt 120k Vape kiv\u00e1l\u00f3 \u00edz\u00e9lm\u00e9nyt \u00e9s \u00e1lland\u00f3 g\u0151ztermel\u00e9st biztos\u00edt. A nagy kapacit\u00e1s\u00fa, Type-C gyors t\u00f6lt\u00e9s\u0171 akkumul\u00e1tor megb\u00edzhat\u00f3 energiaell\u00e1t\u00e1st biztos\u00edt, m\u00edg az intelligens chip technol\u00f3gia t\u00f6k\u00e9letes h\u0151m\u00e9rs\u00e9klet-szab\u00e1lyoz\u00e1st biztos\u00edt mindk\u00e9t \u00edzkamr\u00e1ban.<\/p>\n<p class=\"font-claude-response-body whitespace-normal break-words\">A Bang Leader 120K ergonomikus kialak\u00edt\u00e1s\u00e1val, az e-liquid j\u00f3l l\u00e1that\u00f3 tart\u00e1ly\u00e1val \u00e9s rendk\u00edv\u00fcl egyszer\u0171 kezelhet\u0151s\u00e9g\u00e9vel ny\u0171g\u00f6zi le a felhaszn\u00e1l\u00f3kat. A kifinomult l\u00e9g\u00e1raml\u00e1s-rendszer lehet\u0151v\u00e9 teszi az egy\u00e9ni g\u0151ztermel\u00e9st, m\u00edg a \u00e1tfog\u00f3 biztons\u00e1gi v\u00e9delmi mechanizmusok gondtalan haszn\u00e1latot biztos\u00edtanak a k\u00e9sz\u00fcl\u00e9k teljes \u00e9lettartama alatt.<\/p>\n<h3 class=\"font-claude-response-subheading text-text-100 mt-1 -mb-1.5\">M\u0171szaki adatok:<\/h3>\n<p class=\"font-claude-response-body whitespace-normal break-words\">\u2611 VONATOK: 120 000 vonat<br \/>\n\u2611 Akkumul\u00e1tor: 650 mAh<br \/>\n\u2611 Ellen\u00e1ll\u00e1s: 1,0 ohm<br \/>\n\u2611 Type-C t\u00f6lt\u0151csatlakoz\u00f3<br \/>\n\u2611 Nikotin: 0% \/ 2% \/ 3% \/ 5%<\/p>\n<h3 class=\"font-claude-response-subheading text-text-100 mt-1 -mb-1.5\">Fedezzen fel t\u00f6bb BANG VAPE-t a vozolpuff-on<\/h3>\n<p class=\"font-claude-response-body whitespace-normal break-words\">B\u00f6ng\u00e9sszen a <strong><a class=\"underline\" href=\"https:\/\/vozolpuff.de\/hu\/\">Teljes v\u00e1laszt\u00e9k<\/a><\/strong> pr\u00e9mium vaporizerekhez. Vessen egy pillant\u00e1st n\u00e9pszer\u0171 <strong><a class=\"underline\" href=\"https:\/\/vozolpuff.de\/hu\/product-category\/bang-vape\/\">BANG VAPE vonal<\/a><\/strong> vagy hasonl\u00edtsa \u00f6ssze az \u00f6sszes <strong><a class=\"underline\" href=\"https:\/\/vozolpuff.de\/hu\/product-category\/bang-vape\/bang-leader-120k\/\">Bang Leader 120K \u00edzek<\/a><\/strong>.<\/p>","protected":false},"excerpt":{"rendered":"<p class=\"font-claude-response-body whitespace-normal break-words\">A Bang Leader 120K Strawberry Watermelon\/Orange Soda forradalmas\u00edtja az eldobhat\u00f3 e-cigarett\u00e1kat 120 000 slukkj\u00e1val \u00e9s innovat\u00edv kett\u0151s kamr\u00e1s rendszer\u00e9vel. A k\u00fcl\u00f6n\u00e1ll\u00f3 h\u00e1l\u00f3s tekercseknek k\u00f6sz\u00f6nhet\u0151en k\u00f6nnyed\u00e9n v\u00e1lthat a gy\u00fcm\u00f6lcs\u00f6s eper-g\u00f6r\u00f6gdinnye \u00e9s a friss\u00edt\u0151 narancs szoda \u00edz k\u00f6z\u00f6tt. 650 mAh-s akkumul\u00e1tor Type-C gyorst\u00f6lt\u00e9ssel, h\u00f3napokig tart\u00f3 pr\u00e9mium g\u0151z\u00e9lm\u00e9ny\u00e9rt.<\/p>","protected":false},"featured_media":8353,"comment_status":"open","ping_status":"closed","template":"","meta":{"_acf_changed":false},"product_brand":[],"product_cat":[93],"product_tag":[],"class_list":{"0":"post-8351","1":"product","2":"type-product","3":"status-publish","4":"has-post-thumbnail","6":"product_cat-bang-leader-120k","8":"first","9":"instock","10":"shipping-taxable","11":"purchasable","12":"product-type-variable"},"acf":[],"_links":{"self":[{"href":"https:\/\/vozolpuff.de\/hu\/wp-json\/wp\/v2\/product\/8351","targetHints":{"allow":["GET"]}}],"collection":[{"href":"https:\/\/vozolpuff.de\/hu\/wp-json\/wp\/v2\/product"}],"about":[{"href":"https:\/\/vozolpuff.de\/hu\/wp-json\/wp\/v2\/types\/product"}],"replies":[{"embeddable":true,"href":"https:\/\/vozolpuff.de\/hu\/wp-json\/wp\/v2\/comments?post=8351"}],"wp:featuredmedia":[{"embeddable":true,"href":"https:\/\/vozolpuff.de\/hu\/wp-json\/wp\/v2\/media\/8353"}],"wp:attachment":[{"href":"https:\/\/vozolpuff.de\/hu\/wp-json\/wp\/v2\/media?parent=8351"}],"wp:term":[{"taxonomy":"product_brand","embeddable":true,"href":"https:\/\/vozolpuff.de\/hu\/wp-json\/wp\/v2\/product_brand?post=8351"},{"taxonomy":"product_cat","embeddable":true,"href":"https:\/\/vozolpuff.de\/hu\/wp-json\/wp\/v2\/product_cat?post=8351"},{"taxonomy":"product_tag","embeddable":true,"href":"https:\/\/vozolpuff.de\/hu\/wp-json\/wp\/v2\/product_tag?post=8351"}],"curies":[{"name":"wp","href":"https:\/\/api.w.org\/{rel}","templated":true}]}}