{"id":837,"date":"2025-08-24T10:25:00","date_gmt":"2025-08-24T08:25:00","guid":{"rendered":"https:\/\/vozolpuff.de\/?post_type=product&#038;p=837"},"modified":"2026-01-15T12:15:14","modified_gmt":"2026-01-15T11:15:14","slug":"vozol-vista-40000-strawberry-banana","status":"publish","type":"product","link":"https:\/\/vozolpuff.de\/hu\/termek\/vozol-vista-40000-strawberry-banana\/","title":{"rendered":"Vozol Vista 40000 Eper ban\u00e1n"},"content":{"rendered":"<h2 class=\"text-2xl font-bold mt-1 text-text-100\">Vozol Vista 40000 Eper Ban\u00e1n - E-cigaretta<\/h2>\n<p class=\"whitespace-normal break-words\">A <strong>Vozol Vista 40000 Eper ban\u00e1n<\/strong> az \u00e9des eper \u00e9s a kr\u00e9mes ban\u00e1n klasszikus gy\u00fcm\u00f6lcsf\u00fazi\u00f3ja a v\u00e9gs\u0151 \u00edz\u00e9lvezet \u00e9rdek\u00e9ben. Ez a technol\u00f3giailag fejlett, \u00fajrat\u00f6lthet\u0151 eldobhat\u00f3 vape egy er\u0151teljes 1000 mAh-s akkumul\u00e1torral rendelkezik, USB-C gyorst\u00f6lt\u00e9si technol\u00f3gi\u00e1val. \u00c9lvezze ak\u00e1r <strong>40,000 kr\u00e9mes, gy\u00fcm\u00f6lcs\u00f6s puffan\u00e1s<\/strong> a fejlett S.i.L.C technol\u00f3gi\u00e1val ell\u00e1tott kett\u0151s h\u00e1l\u00f3s tekercsnek k\u00f6sz\u00f6nhet\u0151en, amelyet 4 fokozat\u00fa teljes\u00edtm\u00e9nyszab\u00e1lyoz\u00e1s \u00e9s rugalmas l\u00e9g\u00e1raml\u00e1s-be\u00e1ll\u00edt\u00e1s t\u00e1mogat.<\/p>\n<h3 class=\"text-xl font-bold text-text-100 mt-1 -mb-0.5\">Eper Ban\u00e1n Vista 40000 Jellemz\u0151k:<\/h3>\n<p class=\"whitespace-normal break-words\"><strong>Robusztus 1000 mAh teljes\u00edtm\u00e9ny\u0171 akkumul\u00e1tor:<\/strong> Stabil t\u00e1pegys\u00e9g C t\u00edpus\u00fa flash t\u00f6lt\u00e9si folyamattal<\/p>\n<p class=\"whitespace-normal break-words\"><strong>K\u00e9tfokozat\u00fa l\u00e9g\u00e1raml\u00e1s-szab\u00e1lyoz\u00e1s:<\/strong> Z\u00f6kken\u0151mentes \u00e1tmenet a koncentr\u00e1lt MTL-\u00e9lm\u00e9nyek \u00e9s a nyitottabb h\u00faz\u00e1si st\u00edlusok k\u00f6z\u00f6tt<\/p>\n<p class=\"whitespace-normal break-words\"><strong>Quattro-szint\u0171 g\u0151zvez\u00e9rl\u00e9s:<\/strong> A g\u0151zfejleszt\u00e9s egy\u00e9ni be\u00e1ll\u00edt\u00e1sa az optim\u00e1lis Strawberry Banana \u00e9lvezet \u00e9rdek\u00e9ben<\/p>\n<p class=\"whitespace-normal break-words\"><strong>Teljes 270\u00b0-os LED kijelz\u0151:<\/strong> Teljes k\u00f6r\u0171 inform\u00e1ci\u00f3 a vonatok sz\u00e1m\u00e1r\u00f3l, az akkumul\u00e1tor kapacit\u00e1s\u00e1r\u00f3l \u00e9s a m\u0171k\u00f6d\u00e9si be\u00e1ll\u00edt\u00e1sokr\u00f3l<\/p>\n<p class=\"whitespace-normal break-words\"><strong>S.i.L.C Dual-Mesh technol\u00f3gia:<\/strong> Innovat\u00edv f\u0171t\u00e9si technol\u00f3gia az egyenletes eper- ban\u00e1n \u00edz \u00e9rdek\u00e9ben<\/p>\n<p class=\"whitespace-normal break-words\"><strong>Adapt\u00edv vil\u00e1g\u00edt\u00e1si funkci\u00f3k:<\/strong> Dinamikus LED anim\u00e1ci\u00f3k aktiv\u00e1l\u00f3dnak minden egyes bel\u00e9gz\u00e9skor<\/p>\n<p class=\"whitespace-normal break-words\"><strong>Min\u0151s\u00e9gi nikotin koncentr\u00e1ci\u00f3 50mg\/ml (5%):<\/strong> Megfelel\u0151 nikotinsz\u00e1ll\u00edt\u00e1s a napi ig\u00e9nyek kiel\u00e9g\u00edt\u00e9s\u00e9re<\/p>\n<h3 class=\"text-xl font-bold text-text-100 mt-1 -mb-0.5\">Fedezzen fel t\u00f6bb VOZOL VAPE-t a vozolpuff-on<\/h3>\n<p class=\"whitespace-normal break-words\">V\u00e1s\u00e1rolja meg a Vozol Vista 40000 Strawberry Banana-t N\u00e9metorsz\u00e1g vezet\u0151 vape shopj\u00e1ban. L\u00e1togasson el hozz\u00e1nk <a class=\"underline\" href=\"https:\/\/vozolpuff.de\/hu\/\"><strong>Honlap<\/strong><\/a> tov\u00e1bbi pr\u00e9mium term\u00e9kek\u00e9rt, fedezze fel a teljes <a class=\"underline\" href=\"https:\/\/vozolpuff.de\/hu\/product-category\/vozol-vape\/\"><strong>VOZOL VAPE<\/strong><\/a> kollekci\u00f3t, vagy b\u00f6ng\u00e9szhet az \u00f6sszes <a class=\"underline\" href=\"https:\/\/vozolpuff.de\/hu\/product-category\/vozol-vape\/vozol-vista-40000\/\"><strong>Vozol Vista 40000<\/strong><\/a> \u00cdzek.<\/p>","protected":false},"excerpt":{"rendered":"<p>A <strong>Vozol Vista 40000 Eper Ban\u00e1n e-cigaretta<\/strong> az \u00e9des eper \u00e9s a kr\u00e9mes ban\u00e1n klasszikus gy\u00fcm\u00f6lcsf\u00fazi\u00f3j\u00e1t mutatja be, ak\u00e1r 40 000 kr\u00e9mes, gy\u00fcm\u00f6lcs\u00f6s puffan\u00e1s erej\u00e9ig. Er\u0151teljes 1000mAh akkumul\u00e1torral, USB-C gyorst\u00f6lt\u00e9ssel \u00e9s kett\u0151s h\u00e1l\u00f3s S.i.L.C technol\u00f3gi\u00e1val. 4 fokozat\u00fa wattfokozat-szab\u00e1lyoz\u00e1s, rugalmas l\u00e9g\u00e1raml\u00e1s-be\u00e1ll\u00edt\u00e1s \u00e9s 270\u00b0-os LED kijelz\u0151. Nikotin koncentr\u00e1ci\u00f3: 50mg\/ml (5%).<\/p>","protected":false},"featured_media":840,"comment_status":"open","ping_status":"closed","template":"","meta":{"_acf_changed":false},"product_brand":[],"product_cat":[31],"product_tag":[],"class_list":{"0":"post-837","1":"product","2":"type-product","3":"status-publish","4":"has-post-thumbnail","6":"product_cat-vozol-vista-40000","8":"first","9":"instock","10":"shipping-taxable","11":"purchasable","12":"product-type-variable"},"acf":[],"_links":{"self":[{"href":"https:\/\/vozolpuff.de\/hu\/wp-json\/wp\/v2\/product\/837","targetHints":{"allow":["GET"]}}],"collection":[{"href":"https:\/\/vozolpuff.de\/hu\/wp-json\/wp\/v2\/product"}],"about":[{"href":"https:\/\/vozolpuff.de\/hu\/wp-json\/wp\/v2\/types\/product"}],"replies":[{"embeddable":true,"href":"https:\/\/vozolpuff.de\/hu\/wp-json\/wp\/v2\/comments?post=837"}],"wp:featuredmedia":[{"embeddable":true,"href":"https:\/\/vozolpuff.de\/hu\/wp-json\/wp\/v2\/media\/840"}],"wp:attachment":[{"href":"https:\/\/vozolpuff.de\/hu\/wp-json\/wp\/v2\/media?parent=837"}],"wp:term":[{"taxonomy":"product_brand","embeddable":true,"href":"https:\/\/vozolpuff.de\/hu\/wp-json\/wp\/v2\/product_brand?post=837"},{"taxonomy":"product_cat","embeddable":true,"href":"https:\/\/vozolpuff.de\/hu\/wp-json\/wp\/v2\/product_cat?post=837"},{"taxonomy":"product_tag","embeddable":true,"href":"https:\/\/vozolpuff.de\/hu\/wp-json\/wp\/v2\/product_tag?post=837"}],"curies":[{"name":"wp","href":"https:\/\/api.w.org\/{rel}","templated":true}]}}