{"id":852,"date":"2025-08-24T10:34:31","date_gmt":"2025-08-24T08:34:31","guid":{"rendered":"https:\/\/vozolpuff.de\/?post_type=product&#038;p=852"},"modified":"2026-01-15T12:14:35","modified_gmt":"2026-01-15T11:14:35","slug":"vozol-vista-40000-strawberry-mango","status":"publish","type":"product","link":"https:\/\/vozolpuff.de\/hu\/termek\/vozol-vista-40000-strawberry-mango\/","title":{"rendered":"Vozol Vista 40000 eper mang\u00f3"},"content":{"rendered":"<h2 class=\"text-2xl font-bold mt-1 text-text-100\">Vozol Vista 40000 Eper mang\u00f3 eldobhat\u00f3 vape<\/h2>\n<p class=\"whitespace-normal break-words\">Fedezze fel a <strong>Vozol Vista 40000 eper mang\u00f3<\/strong> - egy tr\u00f3pusi \u00fajrat\u00f6lthet\u0151 vape, amely az \u00e9des epret egzotikus mang\u00f3val \u00f6tv\u00f6zi a paradicsomi \u00edz\u00e9lm\u00e9ny\u00e9rt. Ez az innovat\u00edv e-cigaretta egy robusztus 1000 mAh-s akkumul\u00e1torral m\u0171k\u00f6dik, USB-C gyors t\u00f6lt\u00e9ssel, \u00e9s ak\u00e1r <strong>40,000 tr\u00f3pusi-\u00e9des puffan\u00e1s<\/strong>. A legmodernebb S.i.L.C technol\u00f3gi\u00e1val ell\u00e1tott kett\u0151s h\u00e1l\u00f3s tekercsrendszer optim\u00e1lis \u00edzkifejl\u0151d\u00e9st biztos\u00edt, m\u00edg a 4 fokozat\u00fa teljes\u00edtm\u00e9nyszab\u00e1lyoz\u00e1s \u00e9s a kett\u0151s l\u00e9g\u00e1raml\u00e1si m\u00f3d maxim\u00e1lis rugalmass\u00e1got biztos\u00edt.<\/p>\n<h3 class=\"text-xl font-bold text-text-100 mt-1 -mb-0.5\">Strawberry Mango Vista 40000 Jellemz\u0151k:<\/h3>\n<p class=\"whitespace-normal break-words\"><strong>Hossz\u00fa \u00e9lettartam\u00fa 1000 mAh nagy kapacit\u00e1s\u00fa akkumul\u00e1tor:<\/strong> Folyamatos energiaell\u00e1t\u00e1s ultragyors Type-C t\u00f6lt\u0151rendszerrel<\/p>\n<p class=\"whitespace-normal break-words\"><strong>Kett\u0151s l\u00e9g\u00e1raml\u00e1s\u00fa adagol\u00e1s:<\/strong> K\u00f6nnyed\u00e9n v\u00e1lthat a feszes MTL puffok \u00e9s a l\u00e9gies g\u0151zfelh\u0151k k\u00f6z\u00f6tt<\/p>\n<p class=\"whitespace-normal break-words\"><strong>N\u00e9gyutas teljes\u00edtm\u00e9nyszab\u00e1lyoz\u00e1s:<\/strong> Testre szabott g\u0151ztermel\u00e9s az autentikus Strawberry Mango aroma \u00e9rdek\u00e9ben<\/p>\n<p class=\"whitespace-normal break-words\"><strong>270\u00b0-os panor\u00e1ma LED k\u00e9perny\u0151:<\/strong> \u00c1tfog\u00f3 kijelz\u0151 a puffan\u00e1ssz\u00e1ml\u00e1l\u00f3, az akkumul\u00e1tor szintje \u00e9s az energiaell\u00e1t\u00e1s m\u00f3dj\u00e1r\u00f3l<\/p>\n<p class=\"whitespace-normal break-words\"><strong>S.i.L.C Dual-Mesh innov\u00e1ci\u00f3:<\/strong> A legmodernebb tekercs technol\u00f3gia az egyenletes Strawberry Mango \u00edz \u00e9rdek\u00e9ben<\/p>\n<p class=\"whitespace-normal break-words\"><strong>Intelligens LED-vil\u00e1g\u00edt\u00e1s:<\/strong> St\u00edlusos f\u00e9nyhat\u00e1sok reag\u00e1lnak minden p\u00e1rahat\u00e1sra<\/p>\n<p class=\"whitespace-normal break-words\"><strong>Bizony\u00edtott nikotinkoncentr\u00e1ci\u00f3 50mg\/ml (5%):<\/strong> Kiegyens\u00falyozott nikotinbevitel mindennapi haszn\u00e1latra<\/p>\n<h3 class=\"text-xl font-bold text-text-100 mt-1 -mb-0.5\">Fedezzen fel t\u00f6bb VOZOL VAPE-t a vozolpuff-on<\/h3>\n<p class=\"whitespace-normal break-words\">V\u00e1s\u00e1rolja meg a Vozol Vista 40000 Strawberry Mango-t N\u00e9metorsz\u00e1g vezet\u0151 vape shopj\u00e1ban. L\u00e1togasson el hozz\u00e1nk <a class=\"underline\" href=\"https:\/\/vozolpuff.de\/hu\/\"><strong>Honlap<\/strong><\/a> tov\u00e1bbi pr\u00e9mium term\u00e9kek\u00e9rt, fedezze fel a teljes <a class=\"underline\" href=\"https:\/\/vozolpuff.de\/hu\/product-category\/vozol-vape\/\"><strong>VOZOL VAPE<\/strong><\/a> kollekci\u00f3t, vagy b\u00f6ng\u00e9szhet az \u00f6sszes <a class=\"underline\" href=\"https:\/\/vozolpuff.de\/hu\/product-category\/vozol-vape\/vozol-vista-40000\/\"><strong>Vozol Vista 40000<\/strong><\/a> \u00cdzek.<\/p>","protected":false},"excerpt":{"rendered":"<p>A <strong>Vozol Vista 40000 Eper mang\u00f3 eldobhat\u00f3 vape<\/strong> az \u00e9des epret egzotikus mang\u00f3val \u00f6tv\u00f6zi, hogy mennyei \u00edz\u00e9lm\u00e9nyt ny\u00fajtson ak\u00e1r 40 000 tr\u00f3pusi-\u00e9des puffan\u00e1snyi mennyis\u00e9gben. Robusztus 1000mAh akkumul\u00e1torral, USB-C gyors t\u00f6lt\u00e9ssel \u00e9s kett\u0151s h\u00e1l\u00f3s S.i.L.C technol\u00f3gi\u00e1val. 4 fokozat\u00fa teljes\u00edtm\u00e9nyszab\u00e1lyoz\u00e1s, kett\u0151s l\u00e9g\u00e1raml\u00e1si m\u00f3d \u00e9s 270\u00b0-os LED kijelz\u0151. Nikotinkoncentr\u00e1ci\u00f3: 50mg\/ml (5%).<\/p>","protected":false},"featured_media":855,"comment_status":"open","ping_status":"closed","template":"","meta":{"_acf_changed":false},"product_brand":[],"product_cat":[31],"product_tag":[],"class_list":{"0":"post-852","1":"product","2":"type-product","3":"status-publish","4":"has-post-thumbnail","6":"product_cat-vozol-vista-40000","8":"first","9":"instock","10":"shipping-taxable","11":"purchasable","12":"product-type-variable"},"acf":[],"_links":{"self":[{"href":"https:\/\/vozolpuff.de\/hu\/wp-json\/wp\/v2\/product\/852","targetHints":{"allow":["GET"]}}],"collection":[{"href":"https:\/\/vozolpuff.de\/hu\/wp-json\/wp\/v2\/product"}],"about":[{"href":"https:\/\/vozolpuff.de\/hu\/wp-json\/wp\/v2\/types\/product"}],"replies":[{"embeddable":true,"href":"https:\/\/vozolpuff.de\/hu\/wp-json\/wp\/v2\/comments?post=852"}],"wp:featuredmedia":[{"embeddable":true,"href":"https:\/\/vozolpuff.de\/hu\/wp-json\/wp\/v2\/media\/855"}],"wp:attachment":[{"href":"https:\/\/vozolpuff.de\/hu\/wp-json\/wp\/v2\/media?parent=852"}],"wp:term":[{"taxonomy":"product_brand","embeddable":true,"href":"https:\/\/vozolpuff.de\/hu\/wp-json\/wp\/v2\/product_brand?post=852"},{"taxonomy":"product_cat","embeddable":true,"href":"https:\/\/vozolpuff.de\/hu\/wp-json\/wp\/v2\/product_cat?post=852"},{"taxonomy":"product_tag","embeddable":true,"href":"https:\/\/vozolpuff.de\/hu\/wp-json\/wp\/v2\/product_tag?post=852"}],"curies":[{"name":"wp","href":"https:\/\/api.w.org\/{rel}","templated":true}]}}