{"id":8596,"date":"2025-11-26T07:54:32","date_gmt":"2025-11-26T06:54:32","guid":{"rendered":"https:\/\/vozolpuff.de\/?post_type=product&#038;p=8596"},"modified":"2025-11-26T07:54:33","modified_gmt":"2025-11-26T06:54:33","slug":"jnr-rage-gorilla-55000-cherry-cola","status":"publish","type":"product","link":"https:\/\/vozolpuff.de\/hu\/termek\/jnr-rage-gorilla-55000-cherry-cola\/","title":{"rendered":"JNR Rage Gorilla 55000 Csereszny\u00e9s k\u00f3la"},"content":{"rendered":"<h2 class=\"font-claude-response-heading text-text-100 mt-1 -mb-0.5\">JNR Rage Gorilla 55000 Cherry Cola eldobhat\u00f3 e-cigaretta<\/h2>\n<p class=\"font-claude-response-body whitespace-normal break-words\">\u00c9lvezze a nosztalgikus frissess\u00e9get a JNR Rage Gorilla 55000 Cherry Cola-val \u2013 egy eldobhat\u00f3 e-cigarett\u00e1val, amely a klasszikus k\u00f3l\u00e1s \u00edzt \u00f6tv\u00f6zi a l\u00e9d\u00fas cseresznye \u00edzjegyekkel. Ezt az \u00edzrobban\u00e1st 42 ml e-liquid \u00e9s leny\u0171g\u00f6z\u0151 55 000 slukk teszi lehet\u0151v\u00e9. A fejlett kett\u0151s h\u00e1l\u00f3s tekercsek gondoskodnak az autentikus \u00edz\u00e9lm\u00e9nyr\u0151l, amely az els\u0151 korty j\u00e9ghideg csereszny\u00e9s k\u00f3l\u00e1ra eml\u00e9keztet. A praktikus intelligens kijelz\u0151 folyamatosan t\u00e1j\u00e9koztatja \u00d6nt az akkumul\u00e1tor kapacit\u00e1s\u00e1r\u00f3l \u00e9s a folyad\u00e9k szintj\u00e9r\u0151l, m\u00edg a robusztus 950 mAh-s akkumul\u00e1tor Type-C gyors t\u00f6lt\u00e9ssel biztos\u00edtja a folyamatos rendelkez\u00e9sre \u00e1ll\u00e1st.<\/p>\n<h3 class=\"font-claude-response-subheading text-text-100 mt-1 -mb-1.5\">A JNR Rage Gorilla 55000 Cherry Cola el\u0151nyei:<\/h3>\n<p class=\"font-claude-response-body whitespace-normal break-words\">Az EU-nak megfelel\u0151 2% nikotintartalom kellemes, soha nem tolakod\u00f3 g\u0151z\u00f6lg\u00e9si \u00e9lm\u00e9nyt ny\u00fajt \u2013 t\u00f6k\u00e9letes pihentet\u0151 sz\u00fcnetekhez vagy t\u00e1rsas\u00e1gi pillanatokhoz. A Cherry Cola az id\u0151tlen \u00e9dess\u00e9get \u00f6tv\u00f6zi a pezsg\u0151 frissess\u00e9ggel, \u00e9s az autentikus \u00edz kedv\u00e9\u00e9rt lemond a t\u00falzott g\u0151zfelh\u0151kr\u0151l.<\/p>\n<p class=\"font-claude-response-body whitespace-normal break-words\">A Dual Mesh Coil technol\u00f3gi\u00e1nak k\u00f6sz\u00f6nhet\u0151en a f\u0171t\u0151fel\u00fclet maxim\u00e1lisra n\u00f6velhet\u0151, ami pontosabb \u00edz\u00e1tad\u00e1st eredm\u00e9nyez. A cola aroma \u00e9s a cseresznye \u00e9dess\u00e9g\u00e9nek jellegzetes \u00f6sszhangja minden \u00e1rnyalat\u00e1ban kibontakozik \u2013 teljesk\u00f6r\u0171 \u00e9s kiegyens\u00falyozott.<\/p>\n<p class=\"font-claude-response-body whitespace-normal break-words\">A figyelemre m\u00e9lt\u00f3 55 000 sz\u00edv\u00e1s kapacit\u00e1snak k\u00f6sz\u00f6nhet\u0151en ez a k\u00e9sz\u00fcl\u00e9k hetekig h\u0171s\u00e9ges t\u00e1rsad lesz. A 42 ml-es folyad\u00e9kmennyis\u00e9gnek k\u00f6sz\u00f6nhet\u0151en nincs sz\u00fcks\u00e9g a bosszant\u00f3 ut\u00e1nt\u00f6lt\u00e9sre vagy gyakori \u00faj v\u00e1s\u00e1rl\u00e1sra \u2013 a folyamatos \u00e9lvezet garant\u00e1lt.<\/p>\n<p class=\"font-claude-response-body whitespace-normal break-words\">A nagy teljes\u00edtm\u00e9ny\u0171 950 mAh-s akkumul\u00e1tor m\u00e9g az intenz\u00edv haszn\u00e1lat\u00fa napokat is k\u00f6nnyed\u00e9n b\u00edrja. A Type-C gyors t\u00f6lt\u00e9si funkci\u00f3val a k\u00e9sz\u00fcl\u00e9k mind\u00f6ssze 30 perc alatt \u00fajra teljes teljes\u00edtm\u00e9nyre k\u00e9pes. A j\u00f3l \u00e1ttekinthet\u0151 LED-kijelz\u0151 megb\u00edzhat\u00f3an t\u00e1j\u00e9koztatja \u00d6nt a fennmarad\u00f3 akkumul\u00e1tor t\u00f6lt\u00f6tts\u00e9gi szintr\u0151l \u00e9s a folyad\u00e9kmennyis\u00e9gr\u0151l.<\/p>\n<p class=\"font-claude-response-body whitespace-normal break-words\">A kifinomult formatervez\u00e9s \u00e9s a csiszolt f\u00e9m d\u00edsz\u00edt\u00e9sek hangs\u00falyozz\u00e1k a pr\u00e9mium min\u0151s\u00e9get. A szil\u00e1rd kivitel \u00e9s a modern design tal\u00e1lkoz\u00e1sa \u2013 egy eszk\u00f6z, amely nemcsak m\u0171k\u00f6dik, hanem leny\u0171g\u00f6z is.<\/p>\n<h3 class=\"font-claude-response-subheading text-text-100 mt-1 -mb-1.5\">M\u0171szaki adatok:<\/h3>\n<p class=\"font-claude-response-body whitespace-normal break-words\"><strong>nikotinkoncentr\u00e1ci\u00f3:<\/strong> 2% Nikotin<br \/>\n<strong>Vonatok sz\u00e1ma:<\/strong> 55 000 vonat<br \/>\n<strong>Tart\u00e1ly t\u00e9rfogata:<\/strong> 42 ml<br \/>\n<strong>P\u00e1rologtat\u00f3 rendszer:<\/strong> Kett\u0151s h\u00e1l\u00f3s tekercs<br \/>\n<strong>Megjelen\u00edt\u00e9s:<\/strong> Intelligens kijelz\u0151 k\u00e9perny\u0151<br \/>\n<strong>Akkumul\u00e1tor kapacit\u00e1s:<\/strong> 950 mAh \u00fajrat\u00f6lthet\u0151<br \/>\n<strong>T\u00f6lt\u00e9si interf\u00e9sz:<\/strong> C-t\u00edpus\u00fa gyors t\u00f6lt\u00e9s<br \/>\n<strong>\u00cdzek:<\/strong> Cherry Cola<\/p>\n<h3 class=\"font-claude-response-subheading text-text-100 mt-1 -mb-1.5\">Fedezzen fel t\u00f6bb JNR VAPE-t a vozolpuff-on<\/h3>\n<p class=\"font-claude-response-body whitespace-normal break-words\">L\u00e1togasson el a <strong><a class=\"underline\" href=\"https:\/\/vozolpuff.de\/hu\/\">Kezd\u0151lap<\/a><\/strong> tov\u00e1bbi kiv\u00e1l\u00f3 min\u0151s\u00e9g\u0171 e-cigarett\u00e1k\u00e9rt, \u00e9s fedezze fel a teljes term\u00e9kv\u00e1laszt\u00e9kot a <strong><a class=\"underline\" href=\"https:\/\/vozolpuff.de\/hu\/product-category\/jnr-vape\/\">JNR VAPE sorozat<\/a><\/strong> j\u00f6v\u0151be mutat\u00f3 funkci\u00f3kkal. A JNR Rage Gorilla 55000 \u00f6sszes \u00edz\u00e9t megtal\u00e1lja a <strong><a class=\"underline\" href=\"https:\/\/vozolpuff.de\/hu\/product-category\/jnr-vape\/jnr-rage-gorilla-55000\/\">\u00cdzvil\u00e1g<\/a><\/strong>.<\/p>","protected":false},"excerpt":{"rendered":"<p class=\"font-claude-response-body whitespace-normal break-words\">A JNR Rage Gorilla 55000 Cherry Cola \u00f6tv\u00f6zi a klasszikus k\u00f3la \u00edz\u00e9t a zamatos cseresznye arom\u00e1j\u00e1val. 55 000 slukk, 42 ml e-liquid \u00e9s kett\u0151s h\u00e1l\u00f3s tekercsekkel \u00e9lvezheti az autentikus \u00edzeket. Intelligens kijelz\u0151, 950 mAh-s akkumul\u00e1tor Type-C t\u00f6lt\u00e9ssel \u2013 nosztalgikus \u00e9lvezet hetekig, \u00fajrat\u00f6lt\u00e9s n\u00e9lk\u00fcl.<\/p>","protected":false},"featured_media":8598,"comment_status":"open","ping_status":"closed","template":"","meta":{"_acf_changed":false},"product_brand":[],"product_cat":[96],"product_tag":[],"class_list":{"0":"post-8596","1":"product","2":"type-product","3":"status-publish","4":"has-post-thumbnail","6":"product_cat-jnr-rage-gorilla-55000","8":"first","9":"instock","10":"shipping-taxable","11":"purchasable","12":"product-type-variable"},"acf":[],"_links":{"self":[{"href":"https:\/\/vozolpuff.de\/hu\/wp-json\/wp\/v2\/product\/8596","targetHints":{"allow":["GET"]}}],"collection":[{"href":"https:\/\/vozolpuff.de\/hu\/wp-json\/wp\/v2\/product"}],"about":[{"href":"https:\/\/vozolpuff.de\/hu\/wp-json\/wp\/v2\/types\/product"}],"replies":[{"embeddable":true,"href":"https:\/\/vozolpuff.de\/hu\/wp-json\/wp\/v2\/comments?post=8596"}],"wp:featuredmedia":[{"embeddable":true,"href":"https:\/\/vozolpuff.de\/hu\/wp-json\/wp\/v2\/media\/8598"}],"wp:attachment":[{"href":"https:\/\/vozolpuff.de\/hu\/wp-json\/wp\/v2\/media?parent=8596"}],"wp:term":[{"taxonomy":"product_brand","embeddable":true,"href":"https:\/\/vozolpuff.de\/hu\/wp-json\/wp\/v2\/product_brand?post=8596"},{"taxonomy":"product_cat","embeddable":true,"href":"https:\/\/vozolpuff.de\/hu\/wp-json\/wp\/v2\/product_cat?post=8596"},{"taxonomy":"product_tag","embeddable":true,"href":"https:\/\/vozolpuff.de\/hu\/wp-json\/wp\/v2\/product_tag?post=8596"}],"curies":[{"name":"wp","href":"https:\/\/api.w.org\/{rel}","templated":true}]}}