{"id":862,"date":"2025-08-24T10:40:11","date_gmt":"2025-08-24T08:40:11","guid":{"rendered":"https:\/\/vozolpuff.de\/?post_type=product&#038;p=862"},"modified":"2026-01-15T12:14:12","modified_gmt":"2026-01-15T11:14:12","slug":"vozol-vista-40000-watermelon-bubble-gum","status":"publish","type":"product","link":"https:\/\/vozolpuff.de\/hu\/termek\/vozol-vista-40000-watermelon-bubble-gum\/","title":{"rendered":"Vozol Vista 40000 g\u00f6r\u00f6gdinnye r\u00e1g\u00f3gumi"},"content":{"rendered":"<h2 class=\"text-2xl font-bold mt-1 text-text-100\">Vozol Vista 40000 g\u00f6r\u00f6gdinnye r\u00e1g\u00f3gumi eldobhat\u00f3 vape<\/h2>\n<p class=\"whitespace-normal break-words\">Tapasztalja meg a <strong>Vozol Vista 40000 g\u00f6r\u00f6gdinnye r\u00e1g\u00f3gumi<\/strong> - egy j\u00e1t\u00e9kos, \u00fajrat\u00f6lthet\u0151, eldobhat\u00f3 vape, amely a friss\u00edt\u0151 g\u00f6r\u00f6gdinnye \u00e9s a nosztalgikus r\u00e1g\u00f3gumi \u00edz\u00e9t \u00f6tv\u00f6zi, hogy egyed\u00fcl\u00e1ll\u00f3 g\u0151z\u00f6l\u00e9si \u00e9lm\u00e9nyt ny\u00fajtson. Ez a megb\u00edzhat\u00f3 1000 mAh-s akkumul\u00e1torral \u00e9s USB-C turb\u00f3t\u00f6lt\u00e9ssel felszerelt pr\u00e9mium e-cigaretta ak\u00e1r <strong>40,000 \u00e9des \u00e9s friss\u00edt\u0151 puffan\u00e1s<\/strong>. A fejlett kett\u0151s h\u00e1l\u00f3s tekercsrendszer S.i.L.C technol\u00f3gi\u00e1val biztos\u00edtja a hiteles \u00edz\u00e1tvitelt, m\u00edg a 4 fokozat\u00fa wattfokozat-szab\u00e1lyoz\u00e1s \u00e9s a kett\u0151s l\u00e9g\u00e1raml\u00e1s-szab\u00e1lyoz\u00e1s egy\u00e9ni be\u00e1ll\u00edt\u00e1sokat k\u00edn\u00e1l.<\/p>\n<h3 class=\"text-xl font-bold text-text-100 mt-1 -mb-0.5\">G\u00f6r\u00f6gdinnye Bubble Gum Vista 40000 Jellemz\u0151k:<\/h3>\n<p class=\"whitespace-normal break-words\"><strong>Nagy teljes\u00edtm\u00e9ny\u0171 1000 mAh l\u00edtium-ion akkumul\u00e1tor:<\/strong> Megb\u00edzhat\u00f3 t\u00e1pegys\u00e9g szupergyors Type-C t\u00f6lt\u00e9si folyamattal<\/p>\n<p class=\"whitespace-normal break-words\"><strong>Kett\u0151s \u00e1raml\u00e1s\u00fa huzatkezel\u00e9s:<\/strong> K\u00f6nnyed v\u00e1lt\u00e1s a szoros MTL puffok \u00e9s a laza p\u00e1rologtat\u00e1si \u00e9lm\u00e9nyek k\u00f6z\u00f6tt<\/p>\n<p class=\"whitespace-normal break-words\"><strong>N\u00e9gyl\u00e9pcs\u0151s teljes\u00edtm\u00e9nymodul\u00e1ci\u00f3:<\/strong> Pontos g\u0151zmennyis\u00e9g-szab\u00e1lyoz\u00e1s a hiteles g\u00f6r\u00f6gdinny\u00e9s r\u00e1g\u00f3gumi \u00e9lm\u00e9ny \u00e9rdek\u00e9ben<\/p>\n<p class=\"whitespace-normal break-words\"><strong>Teljes kil\u00e1t\u00e1s 270\u00b0-os LED-fel\u00fclet:<\/strong> A puffad\u00e1si statisztik\u00e1k, az akkumul\u00e1tor t\u00f6lt\u00f6tts\u00e9gi szintje \u00e9s a kimeneti \u00fczemm\u00f3d r\u00e9szletes megjelen\u00edt\u00e9se<\/p>\n<p class=\"whitespace-normal break-words\"><strong>S.i.L.C Dual-Mesh rendszer:<\/strong> Fejlett tekercsarchitekt\u00fara az egyenletes g\u00f6r\u00f6gdinny\u00e9s r\u00e1g\u00f3gumi \u00edz\u00e9rt<\/p>\n<p class=\"whitespace-normal break-words\"><strong>Intelligens reag\u00e1l\u00e1s\u00fa LED-vil\u00e1g\u00edt\u00e1s:<\/strong> Eleg\u00e1ns f\u00e9nyhat\u00e1sok szinkroniz\u00e1lva minden g\u0151zmozdulattal<\/p>\n<p class=\"whitespace-normal break-words\"><strong>Pr\u00e9mium nikotinszint 50mg\/ml (5%):<\/strong> Optim\u00e1lis nikotinell\u00e1t\u00e1s ig\u00e9nyes felhaszn\u00e1l\u00f3k sz\u00e1m\u00e1ra<\/p>\n<h3 class=\"text-xl font-bold text-text-100 mt-1 -mb-0.5\">Fedezzen fel t\u00f6bb VOZOL VAPE-t a vozolpuff-on<\/h3>\n<p class=\"whitespace-normal break-words\">V\u00e1s\u00e1rolja meg a Vozol Vista 40000 Watermelon Bubble Gum-ot N\u00e9metorsz\u00e1g vezet\u0151 vape shopj\u00e1ban. L\u00e1togasson el hozz\u00e1nk <a class=\"underline\" href=\"https:\/\/vozolpuff.de\/hu\/\"><strong>Honlap<\/strong><\/a> tov\u00e1bbi pr\u00e9mium term\u00e9kek\u00e9rt, fedezze fel a teljes <a class=\"underline\" href=\"https:\/\/vozolpuff.de\/hu\/product-category\/vozol-vape\/\"><strong>VOZOL VAPE<\/strong><\/a> kollekci\u00f3t, vagy b\u00f6ng\u00e9szhet az \u00f6sszes <a class=\"underline\" href=\"https:\/\/vozolpuff.de\/hu\/product-category\/vozol-vape\/vozol-vista-40000\/\"><strong>Vozol Vista 40000<\/strong><\/a> \u00cdzek.<\/p>","protected":false},"excerpt":{"rendered":"<p>A <strong>Vozol Vista 40000 g\u00f6r\u00f6gdinnye r\u00e1g\u00f3gumi eldobhat\u00f3 vape<\/strong> a friss\u00edt\u0151 g\u00f6r\u00f6gdinnye \u00e9s a nosztalgikus r\u00e1g\u00f3gumi \u00edz\u00e9t \u00f6tv\u00f6zi, hogy egyed\u00fcl\u00e1ll\u00f3 p\u00e1rologtat\u00e1si \u00e9lm\u00e9nyt ny\u00fajtson ak\u00e1r 40 000 \u00e9des \u00e9s friss\u00edt\u0151 slukk erej\u00e9ig. Megb\u00edzhat\u00f3 1000mAh akkumul\u00e1torral, USB-C turb\u00f3t\u00f6lt\u00e9ssel \u00e9s kett\u0151s h\u00e1l\u00f3s S.i.L.C technol\u00f3gi\u00e1val. 4 fokozat\u00fa wattfokozat-szab\u00e1lyoz\u00e1s, kett\u0151s l\u00e9g\u00e1raml\u00e1s-szab\u00e1lyoz\u00e1s \u00e9s 270\u00b0-os LED-es kezel\u0151fel\u00fclet. Nikotinszint: 50mg\/ml (5%).<\/p>","protected":false},"featured_media":865,"comment_status":"open","ping_status":"closed","template":"","meta":{"_acf_changed":false},"product_brand":[],"product_cat":[31],"product_tag":[],"class_list":{"0":"post-862","1":"product","2":"type-product","3":"status-publish","4":"has-post-thumbnail","6":"product_cat-vozol-vista-40000","8":"first","9":"instock","10":"shipping-taxable","11":"purchasable","12":"product-type-variable"},"acf":[],"_links":{"self":[{"href":"https:\/\/vozolpuff.de\/hu\/wp-json\/wp\/v2\/product\/862","targetHints":{"allow":["GET"]}}],"collection":[{"href":"https:\/\/vozolpuff.de\/hu\/wp-json\/wp\/v2\/product"}],"about":[{"href":"https:\/\/vozolpuff.de\/hu\/wp-json\/wp\/v2\/types\/product"}],"replies":[{"embeddable":true,"href":"https:\/\/vozolpuff.de\/hu\/wp-json\/wp\/v2\/comments?post=862"}],"wp:featuredmedia":[{"embeddable":true,"href":"https:\/\/vozolpuff.de\/hu\/wp-json\/wp\/v2\/media\/865"}],"wp:attachment":[{"href":"https:\/\/vozolpuff.de\/hu\/wp-json\/wp\/v2\/media?parent=862"}],"wp:term":[{"taxonomy":"product_brand","embeddable":true,"href":"https:\/\/vozolpuff.de\/hu\/wp-json\/wp\/v2\/product_brand?post=862"},{"taxonomy":"product_cat","embeddable":true,"href":"https:\/\/vozolpuff.de\/hu\/wp-json\/wp\/v2\/product_cat?post=862"},{"taxonomy":"product_tag","embeddable":true,"href":"https:\/\/vozolpuff.de\/hu\/wp-json\/wp\/v2\/product_tag?post=862"}],"curies":[{"name":"wp","href":"https:\/\/api.w.org\/{rel}","templated":true}]}}