{"id":8621,"date":"2025-11-26T08:11:44","date_gmt":"2025-11-26T07:11:44","guid":{"rendered":"https:\/\/vozolpuff.de\/?post_type=product&#038;p=8621"},"modified":"2025-11-26T08:11:44","modified_gmt":"2025-11-26T07:11:44","slug":"jnr-rage-gorilla-55000-strawberry-watermelon-ice","status":"publish","type":"product","link":"https:\/\/vozolpuff.de\/hu\/termek\/jnr-rage-gorilla-55000-strawberry-watermelon-ice\/","title":{"rendered":"JNR Rage Gorilla 55000 Eper-g\u00f6r\u00f6gdinnye j\u00e9g"},"content":{"rendered":"<h2 class=\"font-claude-response-heading text-text-100 mt-1 -mb-0.5\">JNR Rage Gorilla 55000 Eper-g\u00f6r\u00f6gdinnye j\u00e9g egyszeri haszn\u00e1latos e-cigaretta<\/h2>\n<p class=\"font-claude-response-body whitespace-normal break-words\">A JNR Rage Gorilla 55000 Strawberry Watermelon Ice a ny\u00e1ri gy\u00fcm\u00f6lcs\u00f6k \u00e9dess\u00e9g\u00e9t \u00e9s a jeges frissess\u00e9get \u00f6tv\u00f6zi egy friss\u00edt\u0151 g\u0151z\u00f6lg\u00e9si \u00e9lm\u00e9nyben. Ez a nagy teljes\u00edtm\u00e9ny\u0171, eldobhat\u00f3 e-cigaretta 42 ml pr\u00e9mium e-liquidb\u0151l hihetetlen 55 000 slukkot biztos\u00edt. A legmodernebb kett\u0151s h\u00e1l\u00f3s tekercsek intenz\u00edv \u00edz\u00e9lm\u00e9nyt \u00e9s selymes g\u0151zt garant\u00e1lnak az els\u0151t\u0151l az utols\u00f3 slukkig. Az informat\u00edv okos kijelz\u0151 folyamatosan mutatja az akkumul\u00e1tor t\u00f6lt\u00f6tts\u00e9gi szintj\u00e9t \u00e9s a t\u00f6lt\u00f6tts\u00e9gi szintet, m\u00edg a robusztus 950 mAh-s akkumul\u00e1tor Type-C gyors t\u00f6lt\u00e9si technol\u00f3gi\u00e1val biztos\u00edtja a maxim\u00e1lis rendelkez\u00e9sre \u00e1ll\u00e1st \u2013 ide\u00e1lis azok sz\u00e1m\u00e1ra, akik szeretik a gy\u00fcm\u00f6lcs\u00f6s h\u0171v\u00f6ss\u00e9get.<\/p>\n<h3 class=\"font-claude-response-subheading text-text-100 mt-1 -mb-1.5\">A JNR Rage Gorilla 55000 Strawberry Watermelon Ice el\u0151nyei:<\/h3>\n<p class=\"font-claude-response-body whitespace-normal break-words\">Az EU \u00e1ltal szab\u00e1lyozott 2% nikotintartalom kiegyens\u00falyozott, soha nem agressz\u00edv g\u0151z\u00f6lg\u00e9si \u00e9lm\u00e9nyt biztos\u00edt \u2013 t\u00f6k\u00e9letes a ny\u00e1ri napok pihen\u00e9s\u00e9hez vagy egy friss\u00edt\u0151 sz\u00fcnethez. A Strawberry Watermelon Ice k\u00e9t n\u00e9pszer\u0171 ny\u00e1ri gy\u00fcm\u00f6lcs\u00f6t kombin\u00e1l \u00e9l\u00e9nk\u00edt\u0151 h\u0171s\u00e9ggel, \u00edgy egy harmonikus \u00edzvil\u00e1got k\u00edn\u00e1l felesleges g\u0151z\u00f6lg\u00e9s n\u00e9lk\u00fcl.<\/p>\n<p class=\"font-claude-response-body whitespace-normal break-words\">A nagy teljes\u00edtm\u00e9ny\u0171 Dual Mesh technol\u00f3gia jelent\u0151sen megn\u00f6veli a f\u0171t\u00e9si fel\u00fcletet, ez\u00e1ltal lehet\u0151v\u00e9 t\u00e9ve a szam\u00f3ca \u00e9s g\u00f6r\u00f6gdinnye arom\u00e1k pontosabb kivon\u00e1s\u00e1t, amelyet a jellegzetes h\u0171s\u00edt\u0151 hat\u00e1s eg\u00e9sz\u00edt ki. E h\u00e1rom komponens egy\u00fcttes hat\u00e1sa egy friss\u00edt\u0151, soha nem tolakod\u00f3 \u00edzprofilt eredm\u00e9nyez.<\/p>\n<p class=\"font-claude-response-body whitespace-normal break-words\">Az 55 000 sz\u00edv\u00e1sra elegend\u0151 rendk\u00edv\u00fcli kapacit\u00e1snak k\u00f6sz\u00f6nhet\u0151en hossz\u00fa ideig nem kell \u00fajrat\u00f6lteni. A 42 ml-es folyad\u00e9kmennyis\u00e9gnek k\u00f6sz\u00f6nhet\u0151en hetekig \u00e9lvezheti az \u00e1lland\u00f3 min\u0151s\u00e9get, teljes\u00edtm\u00e9nycs\u00f6kken\u00e9s vagy \u00edzv\u00e1ltoz\u00e1s n\u00e9lk\u00fcl.<\/p>\n<p class=\"font-claude-response-body whitespace-normal break-words\">A tart\u00f3s 950 mAh-s akkumul\u00e1tor m\u00e9g a legig\u00e9nyesebb napokat is k\u00f6nnyed\u00e9n b\u00edrja. A Type-C gyors t\u00f6lt\u00e9s mind\u00f6ssze 30 perc alatt felt\u00f6lti a k\u00e9sz\u00fcl\u00e9ket teljes kapacit\u00e1sra. A tiszta LED-kijelz\u0151 minden fontos param\u00e9terr\u0151l folyamatosan t\u00e1j\u00e9koztat.<\/p>\n<p class=\"font-claude-response-body whitespace-normal break-words\">Az id\u0151tlen design \u00e9s a f\u00e9nyes f\u00e9m d\u00edsz\u00edt\u00e9sek ig\u00e9nyes felhaszn\u00e1l\u00f3kat vonzanak. Minden r\u00e9szlet a min\u0151s\u00e9gtudatoss\u00e1got \u00e9s a r\u00e9szletek ir\u00e1nti figyelmet t\u00fckr\u00f6zi.<\/p>\n<h3 class=\"font-claude-response-subheading text-text-100 mt-1 -mb-1.5\">M\u0171szaki adatok:<\/h3>\n<p class=\"font-claude-response-body whitespace-normal break-words\"><strong>nikotinkoncentr\u00e1ci\u00f3:<\/strong> 2% Nikotin<br \/>\n<strong>Vonatok sz\u00e1ma:<\/strong> 55 000 vonat<br \/>\n<strong>Tart\u00e1ly t\u00e9rfogata:<\/strong> 42 ml<br \/>\n<strong>P\u00e1rologtat\u00f3 rendszer:<\/strong> Kett\u0151s h\u00e1l\u00f3s tekercs<br \/>\n<strong>Megjelen\u00edt\u00e9s:<\/strong> Intelligens kijelz\u0151 k\u00e9perny\u0151<br \/>\n<strong>Akkumul\u00e1tor kapacit\u00e1s:<\/strong> 950 mAh \u00fajrat\u00f6lthet\u0151<br \/>\n<strong>T\u00f6lt\u00e9si interf\u00e9sz:<\/strong> C-t\u00edpus\u00fa gyors t\u00f6lt\u00e9s<br \/>\n<strong>\u00cdzek:<\/strong> Eper g\u00f6r\u00f6gdinnye j\u00e9g<\/p>\n<h3 class=\"font-claude-response-subheading text-text-100 mt-1 -mb-1.5\">Fedezzen fel t\u00f6bb JNR VAPE-t a vozolpuff-on<\/h3>\n<p class=\"font-claude-response-body whitespace-normal break-words\">Tov\u00e1bbi kiv\u00e1l\u00f3 term\u00e9keket tal\u00e1lhat web\u00e1ruh\u00e1zunkban. <strong><a class=\"underline\" href=\"https:\/\/vozolpuff.de\/hu\/\">Online bolt<\/a><\/strong> vagy b\u00f6ng\u00e9sszen a sz\u00e9les v\u00e1laszt\u00e9kban a <strong><a class=\"underline\" href=\"https:\/\/vozolpuff.de\/hu\/product-category\/jnr-vape\/\">JNR VAPE sorozat<\/a><\/strong> forradalmi \u00faj\u00edt\u00e1sokkal. A JNR Rage Gorilla 55000 \u00f6sszes \u00edz\u00e9t megtal\u00e1lja a mi <strong><a class=\"underline\" href=\"https:\/\/vozolpuff.de\/hu\/product-category\/jnr-vape\/jnr-rage-gorilla-55000\/\">\u00cdzv\u00e1laszt\u00e9k<\/a><\/strong>.<\/p>","protected":false},"excerpt":{"rendered":"<p class=\"font-claude-response-body whitespace-normal break-words\">A JNR Rage Gorilla 55000 Strawberry Watermelon Ice \u00f6tv\u00f6zi a ny\u00e1ri eper \u00e9s g\u00f6r\u00f6gdinnye \u00edz\u00e9t a jeges frissess\u00e9ggel. 55 000 slukk, 42 ml e-liquid \u00e9s kett\u0151s h\u00e1l\u00f3s tekercsekkel \u00e9lvezheti a friss\u00edt\u0151 \u00edzeket. Intelligens kijelz\u0151, 950 mAh-s akkumul\u00e1tor Type-C t\u00f6lt\u00e9ssel \u2013 h\u0171s\u00edt\u0151 gy\u00fcm\u00f6lcs\u00f6s \u00e9lvezet hetekig.<\/p>","protected":false},"featured_media":8623,"comment_status":"open","ping_status":"closed","template":"","meta":{"_acf_changed":false},"product_brand":[],"product_cat":[96],"product_tag":[],"class_list":{"0":"post-8621","1":"product","2":"type-product","3":"status-publish","4":"has-post-thumbnail","6":"product_cat-jnr-rage-gorilla-55000","8":"first","9":"instock","10":"shipping-taxable","11":"purchasable","12":"product-type-variable"},"acf":[],"_links":{"self":[{"href":"https:\/\/vozolpuff.de\/hu\/wp-json\/wp\/v2\/product\/8621","targetHints":{"allow":["GET"]}}],"collection":[{"href":"https:\/\/vozolpuff.de\/hu\/wp-json\/wp\/v2\/product"}],"about":[{"href":"https:\/\/vozolpuff.de\/hu\/wp-json\/wp\/v2\/types\/product"}],"replies":[{"embeddable":true,"href":"https:\/\/vozolpuff.de\/hu\/wp-json\/wp\/v2\/comments?post=8621"}],"wp:featuredmedia":[{"embeddable":true,"href":"https:\/\/vozolpuff.de\/hu\/wp-json\/wp\/v2\/media\/8623"}],"wp:attachment":[{"href":"https:\/\/vozolpuff.de\/hu\/wp-json\/wp\/v2\/media?parent=8621"}],"wp:term":[{"taxonomy":"product_brand","embeddable":true,"href":"https:\/\/vozolpuff.de\/hu\/wp-json\/wp\/v2\/product_brand?post=8621"},{"taxonomy":"product_cat","embeddable":true,"href":"https:\/\/vozolpuff.de\/hu\/wp-json\/wp\/v2\/product_cat?post=8621"},{"taxonomy":"product_tag","embeddable":true,"href":"https:\/\/vozolpuff.de\/hu\/wp-json\/wp\/v2\/product_tag?post=8621"}],"curies":[{"name":"wp","href":"https:\/\/api.w.org\/{rel}","templated":true}]}}