{"id":8631,"date":"2025-11-26T08:18:28","date_gmt":"2025-11-26T07:18:28","guid":{"rendered":"https:\/\/vozolpuff.de\/?post_type=product&#038;p=8631"},"modified":"2025-11-26T08:18:28","modified_gmt":"2025-11-26T07:18:28","slug":"jnr-rage-gorilla-55000-mixed-berries","status":"publish","type":"product","link":"https:\/\/vozolpuff.de\/hu\/termek\/jnr-rage-gorilla-55000-mixed-berries\/","title":{"rendered":"JNR Rage Gorilla 55000 vegyes bogy\u00f3s gy\u00fcm\u00f6lcs\u00f6k"},"content":{"rendered":"<h2 class=\"font-claude-response-heading text-text-100 mt-1 -mb-0.5\">JNR Rage Gorilla 55000 vegyes bogy\u00f3s gy\u00fcm\u00f6lcs\u00f6k eldobhat\u00f3 e-cigaretta<\/h2>\n<p class=\"font-claude-response-body whitespace-normal break-words\">A JNR Rage Gorilla 55000 Mixed Berries egy harmonikus bogy\u00f3s gy\u00fcm\u00f6lcs\u00f6k szimf\u00f3ni\u00e1ja, amely k\u00fcl\u00f6nb\u00f6z\u0151 klasszikus bogy\u00f3s gy\u00fcm\u00f6lcs\u00f6ket egyes\u00edt egy kiegyens\u00falyozott \u00edz\u00e9lm\u00e9nyben. Ez az er\u0151teljes eldobhat\u00f3 e-cigaretta fenomen\u00e1lis 55 000 slukkot k\u00edn\u00e1l 42 ml els\u0151 oszt\u00e1ly\u00fa e-liquidb\u0151l. A fejlett kett\u0151s h\u00e1l\u00f3s tekercsek leny\u0171g\u00f6z\u0151 pontoss\u00e1ggal vonj\u00e1k ki a bogy\u00f3s gy\u00fcm\u00f6lcs\u00f6k komplex \u00edzvil\u00e1g\u00e1t, \u00e9s kezdett\u0151l v\u00e9gig b\u00e1rsonyos g\u0151zmin\u0151s\u00e9get biztos\u00edtanak. A vil\u00e1gos Smart Display folyamatosan t\u00e1j\u00e9koztatja \u00d6nt az energia\u00e1llapotr\u00f3l \u00e9s a folyad\u00e9k tartal\u00e9kokr\u00f3l, m\u00edg a tart\u00f3s 950 mAh-s akkumul\u00e1tor Type-C gyorst\u00f6lt\u00e9si funkci\u00f3val maxim\u00e1lis rugalmass\u00e1got biztos\u00edt.<\/p>\n<h3 class=\"font-claude-response-subheading text-text-100 mt-1 -mb-1.5\">A JNR Rage Gorilla 55000 Mixed Berries el\u0151nyei:<\/h3>\n<p class=\"font-claude-response-body whitespace-normal break-words\">Az EU-nak megfelel\u0151 2% nikotintartalom szab\u00e1lyozott, sima g\u0151z\u00e9lm\u00e9nyt ny\u00fajt, an\u00e9lk\u00fcl, hogy agressz\u00edven irrit\u00e1ln\u00e1 a torkot \u2013 t\u00f6k\u00e9letes v\u00e1laszt\u00e1s egy kellemes est\u00e9re vagy egy arom\u00e1s sz\u00fcnetre a nap folyam\u00e1n. A Mixed Berries azoknak sz\u00f3l, akik kedvelik a klasszikus bogy\u00f3s gy\u00fcm\u00f6lcskever\u00e9keket, \u00e9s a g\u0151ztermel\u00e9sn\u00e9l a komplex \u00edzprofilokat r\u00e9szes\u00edtik el\u0151nyben.<\/p>\n<p class=\"font-claude-response-body whitespace-normal break-words\">A Dual Mesh Coil technol\u00f3gianak k\u00f6sz\u00f6nhet\u0151en a h\u0151eloszl\u00e1s optimaliz\u00e1l\u00f3dik, \u00edgy minden bogy\u00f3s gy\u00fcm\u00f6lcs egyedi jellemz\u0151i \u00e9rv\u00e9nyes\u00fclnek. Az eredm\u00e9ny egy kiegyens\u00falyozott, soha nem egyoldal\u00fa \u00edzvil\u00e1g, amely t\u00f6k\u00e9letesen megragadja a k\u00fcl\u00f6nb\u00f6z\u0151 bogy\u00f3s gy\u00fcm\u00f6lcs\u00f6k term\u00e9szetes \u00e9dess\u00e9g\u00e9t \u00e9s enyhe savass\u00e1g\u00e1t.<\/p>\n<p class=\"font-claude-response-body whitespace-normal break-words\">A figyelemre m\u00e9lt\u00f3 55 000 sz\u00edv\u00e1sos hat\u00f3t\u00e1vols\u00e1g teszi ezt a k\u00e9sz\u00fcl\u00e9ket ide\u00e1lis hossz\u00fa t\u00e1v\u00fa t\u00e1rs\u00e1v\u00e1. A 42 ml-es tart\u00e1lykapacit\u00e1snak k\u00f6sz\u00f6nhet\u0151en nincs sz\u00fcks\u00e9g ideges\u00edt\u0151 ut\u00e1nt\u00f6lt\u00e9sre vagy folyamatos ut\u00e1nv\u00e1s\u00e1rl\u00e1sra \u2013 egyszer\u0171en \u00e9lvezze \u00e9s b\u00edzzon a folyamatos min\u0151s\u00e9gben.<\/p>\n<p class=\"font-claude-response-body whitespace-normal break-words\">A nagy teljes\u00edtm\u00e9ny\u0171 950 mAh-s akkumul\u00e1tor hossz\u00fa \u00e9lettartamra lett tervezve, \u00e9s m\u00e9g az intenz\u00edv haszn\u00e1lat mellett is kiv\u00e1l\u00f3an teljes\u00edt. A Type-C gyors t\u00f6lt\u00e9s mind\u00f6ssze 30 perc alatt teljes felt\u00f6lt\u00e9st biztos\u00edt. Az informat\u00edv LED-kijelz\u0151n b\u00e1rmikor megtekintheti az \u00f6sszes relev\u00e1ns \u00e1llapot\u00fczenetet.<\/p>\n<p class=\"font-claude-response-body whitespace-normal break-words\">A modern design csiszolt f\u00e9m alkalmaz\u00e1sokkal a kort\u00e1rs eleganci\u00e1t testes\u00edti meg. A kiv\u00e1l\u00f3 min\u0151s\u00e9g\u0171 anyagok \u00e9s a gondos kivitelez\u00e9s garant\u00e1lj\u00e1k a pr\u00e9mium \u00e9rzetet.<\/p>\n<h3 class=\"font-claude-response-subheading text-text-100 mt-1 -mb-1.5\">M\u0171szaki adatok:<\/h3>\n<p class=\"font-claude-response-body whitespace-normal break-words\"><strong>nikotinkoncentr\u00e1ci\u00f3:<\/strong> 2% Nikotin<br \/>\n<strong>Vonatok sz\u00e1ma:<\/strong> 55 000 vonat<br \/>\n<strong>Tart\u00e1ly t\u00e9rfogata:<\/strong> 42 ml<br \/>\n<strong>P\u00e1rologtat\u00f3 rendszer:<\/strong> Kett\u0151s h\u00e1l\u00f3s tekercs<br \/>\n<strong>Megjelen\u00edt\u00e9s:<\/strong> Intelligens kijelz\u0151 k\u00e9perny\u0151<br \/>\n<strong>Akkumul\u00e1tor kapacit\u00e1s:<\/strong> 950 mAh \u00fajrat\u00f6lthet\u0151<br \/>\n<strong>T\u00f6lt\u00e9si interf\u00e9sz:<\/strong> C-t\u00edpus\u00fa gyors t\u00f6lt\u00e9s<br \/>\n<strong>\u00cdzek:<\/strong> Vegyes bogy\u00f3s gy\u00fcm\u00f6lcs\u00f6k<\/p>\n<h3 class=\"font-claude-response-subheading text-text-100 mt-1 -mb-1.5\">Fedezzen fel t\u00f6bb JNR VAPE-t a vozolpuff-on<\/h3>\n<p class=\"font-claude-response-body whitespace-normal break-words\">B\u00f6ng\u00e9sszen a <strong><a class=\"underline\" href=\"https:\/\/vozolpuff.de\/hu\/\">Term\u00e9kv\u00e1laszt\u00e9k<\/a><\/strong> tov\u00e1bbi pr\u00e9mium g\u0151zold\u00e1sok\u00e9rt, vagy t\u00e1j\u00e9koz\u00f3djon a teljes <strong><a class=\"underline\" href=\"https:\/\/vozolpuff.de\/hu\/product-category\/jnr-vape\/\">JNR VAPE term\u00e9kcsal\u00e1d<\/a><\/strong> a legmodernebb technol\u00f3gi\u00e1val. A Rage Gorilla 55000 \u00f6sszes \u00edzv\u00e1ltozat\u00e1t \u00e1ttekinthet\u0151en bemutatjuk a <strong><a class=\"underline\" href=\"https:\/\/vozolpuff.de\/hu\/product-category\/jnr-vape\/jnr-rage-gorilla-55000\/\">Aromakollekci\u00f3<\/a><\/strong>.<\/p>","protected":false},"excerpt":{"rendered":"<p class=\"font-claude-response-body whitespace-normal break-words\">A JNR Rage Gorilla 55000 Mixed Berries klasszikus bogy\u00f3s gy\u00fcm\u00f6lcs\u00f6ket \u00f6tv\u00f6z harmonikus \u00edzvil\u00e1ggal. 55 000 slukk, 42 ml e-liquid \u00e9s kett\u0151s h\u00e1l\u00f3s tekercsekkel sokr\u00e9t\u0171 \u00edzeket \u00e9lvezhet. Intelligens kijelz\u0151, 950 mAh-s akkumul\u00e1tor Type-C t\u00f6lt\u00e9ssel \u2013 kiegyens\u00falyozott bogy\u00f3s gy\u00fcm\u00f6lcs\u00f6s \u00e9lvezet hetekig, ut\u00e1nt\u00f6lt\u00e9s n\u00e9lk\u00fcl.<\/p>","protected":false},"featured_media":8633,"comment_status":"open","ping_status":"closed","template":"","meta":{"_acf_changed":false},"product_brand":[],"product_cat":[96],"product_tag":[],"class_list":{"0":"post-8631","1":"product","2":"type-product","3":"status-publish","4":"has-post-thumbnail","6":"product_cat-jnr-rage-gorilla-55000","8":"first","9":"instock","10":"shipping-taxable","11":"purchasable","12":"product-type-variable"},"acf":[],"_links":{"self":[{"href":"https:\/\/vozolpuff.de\/hu\/wp-json\/wp\/v2\/product\/8631","targetHints":{"allow":["GET"]}}],"collection":[{"href":"https:\/\/vozolpuff.de\/hu\/wp-json\/wp\/v2\/product"}],"about":[{"href":"https:\/\/vozolpuff.de\/hu\/wp-json\/wp\/v2\/types\/product"}],"replies":[{"embeddable":true,"href":"https:\/\/vozolpuff.de\/hu\/wp-json\/wp\/v2\/comments?post=8631"}],"wp:featuredmedia":[{"embeddable":true,"href":"https:\/\/vozolpuff.de\/hu\/wp-json\/wp\/v2\/media\/8633"}],"wp:attachment":[{"href":"https:\/\/vozolpuff.de\/hu\/wp-json\/wp\/v2\/media?parent=8631"}],"wp:term":[{"taxonomy":"product_brand","embeddable":true,"href":"https:\/\/vozolpuff.de\/hu\/wp-json\/wp\/v2\/product_brand?post=8631"},{"taxonomy":"product_cat","embeddable":true,"href":"https:\/\/vozolpuff.de\/hu\/wp-json\/wp\/v2\/product_cat?post=8631"},{"taxonomy":"product_tag","embeddable":true,"href":"https:\/\/vozolpuff.de\/hu\/wp-json\/wp\/v2\/product_tag?post=8631"}],"curies":[{"name":"wp","href":"https:\/\/api.w.org\/{rel}","templated":true}]}}