{"id":8636,"date":"2025-11-26T08:21:35","date_gmt":"2025-11-26T07:21:35","guid":{"rendered":"https:\/\/vozolpuff.de\/?post_type=product&#038;p=8636"},"modified":"2025-11-26T08:21:36","modified_gmt":"2025-11-26T07:21:36","slug":"jnr-rage-gorilla-55000-juicy-peaches","status":"publish","type":"product","link":"https:\/\/vozolpuff.de\/hu\/termek\/jnr-rage-gorilla-55000-juicy-peaches\/","title":{"rendered":"JNR Rage Gorilla 55000 L\u00e9d\u00fas \u0151szibarack"},"content":{"rendered":"<h2 class=\"font-claude-response-heading text-text-100 mt-1 -mb-0.5\">JNR Rage Gorilla 55000 Juicy Peaches eldobhat\u00f3 e-cigaretta<\/h2>\n<p class=\"font-claude-response-body whitespace-normal break-words\">A JNR Rage Gorilla 55000 Juicy Peaches t\u00f6k\u00e9letes tisztas\u00e1gban fogja meg a napf\u00e9nyes \u00e9rett \u0151szibarackok \u00e9dess\u00e9g\u00e9t. Ez a nagy teljes\u00edtm\u00e9ny\u0171, eldobhat\u00f3 e-cigaretta leny\u0171g\u00f6z\u0151 55 000 slukkot biztos\u00edt 42 ml kiv\u00e1l\u00f3 min\u0151s\u00e9g\u0171 e-liquidb\u0151l. Az innovat\u00edv Dual-Mesh-Coils rendk\u00edv\u00fcli pontoss\u00e1ggal bontja ki az autentikus \u0151szibarack arom\u00e1t, \u00e9s folyamatosan l\u00e1gy, arom\u00e1s g\u0151zt biztos\u00edt. A praktikus intelligens kijelz\u0151 folyamatosan mutatja az akkumul\u00e1tor \u00e9s a folyad\u00e9k \u00e1llapot\u00e1t, m\u00edg a robusztus 950 mAh-s akkumul\u00e1tor Type-C gyors t\u00f6lt\u00e9ssel lett kialak\u00edtva, hogy mindig k\u00e9szen \u00e1lljon a haszn\u00e1latra \u2013 t\u00f6k\u00e9letes v\u00e1laszt\u00e1s a term\u00e9szetes gy\u00fcm\u00f6lcsarom\u00e1k kedvel\u0151inek.<\/p>\n<h3 class=\"font-claude-response-subheading text-text-100 mt-1 -mb-1.5\">A JNR Rage Gorilla 55000 Juicy Peaches el\u0151nyei:<\/h3>\n<p class=\"font-claude-response-body whitespace-normal break-words\">Az EU el\u0151\u00edr\u00e1soknak megfelel\u0151 standardiz\u00e1lt 2% nikotintartalommal kiegyens\u00falyozott, soha nem \u00e9les g\u0151z\u00e9lm\u00e9nyt \u00e9lvezhet \u2013 ide\u00e1lis pihentet\u0151 pillanatokhoz vagy egy kis \u00e9dess\u00e9gre v\u00e1gy\u00f3 pillanatokhoz. A Juicy Peaches azoknak a g\u0151z\u00f6l\u0151knek sz\u00f3l, akik az autentikus, nem t\u00falcukrozott gy\u00fcm\u00f6lcs\u00edzeket kedvelik, \u00e9s a term\u00e9szetes \u00edzeket r\u00e9szes\u00edtik el\u0151nyben a mesters\u00e9ges intenzit\u00e1ssal szemben.<\/p>\n<p class=\"font-claude-response-body whitespace-normal break-words\">A fejlett Dual Mesh technol\u00f3gia maximaliz\u00e1lja a f\u0171t\u0151elem \u00e9s a folyad\u00e9k k\u00f6z\u00f6tti \u00e9rintkez\u00e9si fel\u00fcletet, \u00edgy a nap\u00e9rlelte \u0151szibarack finom \u00edzvil\u00e1g\u00e1nak minden apr\u00f3 \u00e1rnyalata \u2013 a zamatos \u00e9dess\u00e9gt\u0151l a finom savanyk\u00e1s \u00edz\u00e9ig \u2013 optim\u00e1lisan \u00e9rv\u00e9nyes\u00fcl. Minden slukk val\u00f3di \u0151szibarack \u00edz\u00e9t adja.<\/p>\n<p class=\"font-claude-response-body whitespace-normal break-words\">Leny\u0171g\u00f6z\u0151 55 000 sz\u00edv\u00e1ssal ez a k\u00e9sz\u00fcl\u00e9k m\u00e9g a legig\u00e9nyesebb, hossz\u00fa t\u00e1v\u00fa felhaszn\u00e1l\u00f3kat is kiel\u00e9g\u00edti. A nagym\u00e9ret\u0171, 42 ml-es tart\u00e1ly hetekig tart\u00f3 \u00e9lvezetet garant\u00e1l min\u0151s\u00e9groml\u00e1s \u00e9s gyakori \u00fajrarendel\u00e9s n\u00e9lk\u00fcl.<\/p>\n<p class=\"font-claude-response-body whitespace-normal break-words\">A nagy teljes\u00edtm\u00e9ny\u0171 950 mAh-s akkumul\u00e1tor maratoni munkav\u00e9gz\u00e9sre lett kifejlesztve, \u00e9s intenz\u00edv haszn\u00e1lat mellett is megb\u00edzhat\u00f3 teljes\u00edtm\u00e9nyt ny\u00fajt. A Type-C gyors t\u00f6lt\u00e9si funkci\u00f3val mind\u00f6ssze 30 perc alatt teljesen felt\u00f6lthet\u0151. A tiszta LED-kijelz\u0151 folyamatosan pontos inform\u00e1ci\u00f3kat ny\u00fajt.<\/p>\n<p class=\"font-claude-response-body whitespace-normal break-words\">Az eleg\u00e1ns, kifinomult f\u00e9melemekkel ell\u00e1tott h\u00e1z \u00f6tv\u00f6zi az eszt\u00e9tik\u00e1t \u00e9s a funkcionalit\u00e1st. Egy olyan k\u00e9sz\u00fcl\u00e9k, amely mind vizu\u00e1lisan, mind tapint\u00e1silag meggy\u0151z\u0151.<\/p>\n<h3 class=\"font-claude-response-subheading text-text-100 mt-1 -mb-1.5\">M\u0171szaki adatok:<\/h3>\n<p class=\"font-claude-response-body whitespace-normal break-words\"><strong>nikotinkoncentr\u00e1ci\u00f3:<\/strong> 2% Nikotin<br \/>\n<strong>Vonatok sz\u00e1ma:<\/strong> 55 000 vonat<br \/>\n<strong>Tart\u00e1ly t\u00e9rfogata:<\/strong> 42 ml<br \/>\n<strong>P\u00e1rologtat\u00f3 rendszer:<\/strong> Kett\u0151s h\u00e1l\u00f3s tekercs<br \/>\n<strong>Megjelen\u00edt\u00e9s:<\/strong> Intelligens kijelz\u0151 k\u00e9perny\u0151<br \/>\n<strong>Akkumul\u00e1tor kapacit\u00e1s:<\/strong> 950 mAh \u00fajrat\u00f6lthet\u0151<br \/>\n<strong>T\u00f6lt\u00e9si interf\u00e9sz:<\/strong> C-t\u00edpus\u00fa gyors t\u00f6lt\u00e9s<br \/>\n<strong>\u00cdzek:<\/strong> L\u00e9d\u00fas barackok<\/p>\n<h3 class=\"font-claude-response-subheading text-text-100 mt-1 -mb-1.5\">Fedezzen fel t\u00f6bb JNR VAPE-t a vozolpuff-on<\/h3>\n<p class=\"font-claude-response-body whitespace-normal break-words\">Fedezze fel tov\u00e1bbi kiv\u00e1l\u00f3 min\u0151s\u00e9g\u0171 vaping term\u00e9keket a <strong><a class=\"underline\" href=\"https:\/\/vozolpuff.de\/hu\/\">Online bolt<\/a><\/strong> vagy mer\u00fclj\u00f6n el az innovat\u00edv <strong><a class=\"underline\" href=\"https:\/\/vozolpuff.de\/hu\/product-category\/jnr-vape\/\">JNR VAPE vil\u00e1g<\/a><\/strong> \u00fatt\u00f6r\u0151 technol\u00f3gi\u00e1kkal. A JNR Rage Gorilla 55000 teljes \u00edzv\u00e1laszt\u00e9k\u00e1t felfedezheti a <strong><a class=\"underline\" href=\"https:\/\/vozolpuff.de\/hu\/product-category\/jnr-vape\/jnr-rage-gorilla-55000\/\">aroma v\u00e1laszt\u00e9k<\/a><\/strong>.<\/p>","protected":false},"excerpt":{"rendered":"<p class=\"font-claude-response-body whitespace-normal break-words\">A JNR Rage Gorilla 55000 Juicy Peaches autentikus \u0151szibarack \u00edzt k\u00edn\u00e1l napf\u00e9nyes \u00e9dess\u00e9ggel. 55 000 slukk, 42 ml e-liquid \u00e9s kett\u0151s h\u00e1l\u00f3s tekercsekkel \u00e9lvezheti a term\u00e9szetes gy\u00fcm\u00f6lcs\u00f6s \u00edzeket. Intelligens kijelz\u0151, 950 mAh-s akkumul\u00e1tor Type-C t\u00f6lt\u00e9ssel \u2013 hetekig tart\u00f3 l\u00e9d\u00fas \u0151szibarack \u00e9lvezet \u00fajrat\u00f6lt\u00e9s n\u00e9lk\u00fcl.<\/p>","protected":false},"featured_media":8638,"comment_status":"open","ping_status":"closed","template":"","meta":{"_acf_changed":false},"product_brand":[],"product_cat":[96],"product_tag":[],"class_list":{"0":"post-8636","1":"product","2":"type-product","3":"status-publish","4":"has-post-thumbnail","6":"product_cat-jnr-rage-gorilla-55000","8":"first","9":"instock","10":"shipping-taxable","11":"purchasable","12":"product-type-variable"},"acf":[],"_links":{"self":[{"href":"https:\/\/vozolpuff.de\/hu\/wp-json\/wp\/v2\/product\/8636","targetHints":{"allow":["GET"]}}],"collection":[{"href":"https:\/\/vozolpuff.de\/hu\/wp-json\/wp\/v2\/product"}],"about":[{"href":"https:\/\/vozolpuff.de\/hu\/wp-json\/wp\/v2\/types\/product"}],"replies":[{"embeddable":true,"href":"https:\/\/vozolpuff.de\/hu\/wp-json\/wp\/v2\/comments?post=8636"}],"wp:featuredmedia":[{"embeddable":true,"href":"https:\/\/vozolpuff.de\/hu\/wp-json\/wp\/v2\/media\/8638"}],"wp:attachment":[{"href":"https:\/\/vozolpuff.de\/hu\/wp-json\/wp\/v2\/media?parent=8636"}],"wp:term":[{"taxonomy":"product_brand","embeddable":true,"href":"https:\/\/vozolpuff.de\/hu\/wp-json\/wp\/v2\/product_brand?post=8636"},{"taxonomy":"product_cat","embeddable":true,"href":"https:\/\/vozolpuff.de\/hu\/wp-json\/wp\/v2\/product_cat?post=8636"},{"taxonomy":"product_tag","embeddable":true,"href":"https:\/\/vozolpuff.de\/hu\/wp-json\/wp\/v2\/product_tag?post=8636"}],"curies":[{"name":"wp","href":"https:\/\/api.w.org\/{rel}","templated":true}]}}