{"id":867,"date":"2025-08-24T10:43:10","date_gmt":"2025-08-24T08:43:10","guid":{"rendered":"https:\/\/vozolpuff.de\/?post_type=product&#038;p=867"},"modified":"2026-01-15T12:13:59","modified_gmt":"2026-01-15T11:13:59","slug":"vozol-vista-40000-watermelon-ice","status":"publish","type":"product","link":"https:\/\/vozolpuff.de\/hu\/termek\/vozol-vista-40000-watermelon-ice\/","title":{"rendered":"Vozol Vista 40000 g\u00f6r\u00f6gdinnye j\u00e9g"},"content":{"rendered":"<h2 class=\"text-2xl font-bold mt-1 text-text-100\">Vozol Vista 40000 g\u00f6r\u00f6gdinnye j\u00e9g eldobhat\u00f3 vape<\/h2>\n<p class=\"whitespace-normal break-words\">A <strong>Vozol Vista 40000 g\u00f6r\u00f6gdinnye j\u00e9g<\/strong> l\u00e9d\u00fas g\u00f6r\u00f6gdinnye \u00edz\u00e9vel \u00e9s \u00e9l\u00e9nk\u00edt\u0151 h\u0171s\u00edt\u0151 hat\u00e1s\u00e1val t\u00f6k\u00e9letes friss\u00edt\u0151 \u00e9lm\u00e9nyt ny\u00fajt a t\u00f6k\u00e9letes ny\u00e1ri napokon. Ez a kiv\u00e1l\u00f3 min\u0151s\u00e9g\u0171, \u00fajrat\u00f6lthet\u0151, eldobhat\u00f3 e-cigaretta nagy teljes\u00edtm\u00e9ny\u0171 1000 mAh-s akkumul\u00e1torral \u00e9s USB-C gyorst\u00f6lt\u00e9si funkci\u00f3val rendelkezik. Tapasztalja meg az ak\u00e1r <strong>40,000 friss\u00edt\u0151en gy\u00fcm\u00f6lcs\u00f6s puffan\u00e1s<\/strong> az innovat\u00edv, S.i.L.C technol\u00f3gi\u00e1val ell\u00e1tott kett\u0151s h\u00e1l\u00f3s tekercsnek k\u00f6sz\u00f6nhet\u0151en, amelyet 4 fokozat\u00fa wattfokozat-\u00e1ll\u00edt\u00e1s \u00e9s kett\u0151s l\u00e9g\u00e1raml\u00e1s-szab\u00e1lyoz\u00e1s eg\u00e9sz\u00edt ki.<\/p>\n<h3 class=\"text-xl font-bold text-text-100 mt-1 -mb-0.5\">G\u00f6r\u00f6gdinnye Ice Vista 40000 Jellemz\u0151k:<\/h3>\n<p class=\"whitespace-normal break-words\"><strong>Nagy teljes\u00edtm\u00e9ny\u0171 1000 mAh akkumul\u00e1tor rendszer:<\/strong> Hosszan tart\u00f3 teljes\u00edtm\u00e9ny expressz Type-C t\u00f6lt\u00e9ssel a folyamatos p\u00e1rologtat\u00e1s \u00f6r\u00f6m\u00e9\u00e9rt<\/p>\n<p class=\"whitespace-normal break-words\"><strong>Bi-szint\u0171 h\u00faz\u00e1si ellen\u00e1ll\u00e1s:<\/strong> Rugalmas \u00e1tmenet az intenz\u00edv MTL puffok \u00e9s a nyugodtabb bel\u00e9gz\u00e9sek k\u00f6z\u00f6tt<\/p>\n<p class=\"whitespace-normal break-words\"><strong>Quattro-Watt vez\u00e9rl\u00e9s:<\/strong> Egy\u00e9ni g\u0151zintenzit\u00e1s a t\u00f6k\u00e9letes g\u00f6r\u00f6gdinnye j\u00e9g \u00edz\u00e9lm\u00e9ny\u00e9rt<\/p>\n<p class=\"whitespace-normal break-words\"><strong>270\u00b0-os LED-monitor k\u00f6rpanor\u00e1m\u00e1val:<\/strong> Teljes k\u00f6r\u0171 inform\u00e1ci\u00f3 a vonatsz\u00e1ml\u00e1l\u00f3r\u00f3l, az akkumul\u00e1tor \u00e1llapot\u00e1r\u00f3l \u00e9s az \u00fczemm\u00f3dr\u00f3l<\/p>\n<p class=\"whitespace-normal break-words\"><strong>S.i.L.C Dual-Mesh technol\u00f3gia:<\/strong> A legmodernebb tekercstechnol\u00f3gia az egyenletes g\u00f6r\u00f6gdinnye j\u00e9g \u00e9lvezet\u00e9\u00e9rt<\/p>\n<p class=\"whitespace-normal break-words\"><strong>Reakt\u00edv vil\u00e1g\u00edt\u00e1si funkci\u00f3k:<\/strong> Minden haszn\u00e1lat sor\u00e1n aktiv\u00e1l\u00f3d\u00f3 vonz\u00f3 LED-ek<\/p>\n<p class=\"whitespace-normal break-words\"><strong>Standardiz\u00e1lt nikotin er\u0151ss\u00e9g 50mg\/ml (5%):<\/strong> Megfelel\u0151 nikotinell\u00e1t\u00e1s a rendszeres p\u00e1rol\u00f3k sz\u00e1m\u00e1ra<\/p>\n<h3 class=\"text-xl font-bold text-text-100 mt-1 -mb-0.5\">Fedezzen fel t\u00f6bb VOZOL VAPE-t a vozolpuff-on<\/h3>\n<p class=\"whitespace-normal break-words\">V\u00e1s\u00e1rolja meg a Vozol Vista 40000 Watermelon Ice-t N\u00e9metorsz\u00e1g vezet\u0151 vape shopj\u00e1ban. L\u00e1togasson el hozz\u00e1nk <a class=\"underline\" href=\"https:\/\/vozolpuff.de\/hu\/\"><strong>Honlap<\/strong><\/a> tov\u00e1bbi pr\u00e9mium term\u00e9kek\u00e9rt, fedezze fel a teljes <a class=\"underline\" href=\"https:\/\/vozolpuff.de\/hu\/product-category\/vozol-vape\/\"><strong>VOZOL VAPE<\/strong><\/a> kollekci\u00f3t, vagy b\u00f6ng\u00e9szhet az \u00f6sszes <a class=\"underline\" href=\"https:\/\/vozolpuff.de\/hu\/product-category\/vozol-vape\/vozol-vista-40000\/\"><strong>Vozol Vista 40000<\/strong><\/a> \u00cdzek.<\/p>","protected":false},"excerpt":{"rendered":"<p>A <strong>Vozol Vista 40000 g\u00f6r\u00f6gdinnye j\u00e9g eldobhat\u00f3 vape<\/strong> a v\u00e9gs\u0151 friss\u00edt\u0151 \u00e9lm\u00e9nyt k\u00edn\u00e1lja l\u00e9d\u00fas g\u00f6r\u00f6gdinnye \u00edzzel \u00e9s \u00e9l\u00e9nk\u00edt\u0151 h\u0171t\u00e9ssel, ak\u00e1r 40 000 friss\u00edt\u0151en gy\u00fcm\u00f6lcs\u00f6s puffan\u00e1s erej\u00e9ig. Er\u0151teljes 1000mAh akkumul\u00e1torral, USB-C gyorst\u00f6lt\u00e9si funkci\u00f3val \u00e9s kett\u0151s h\u00e1l\u00f3s S.i.L.C technol\u00f3gi\u00e1val. 4 fokozat\u00fa wattfokozat-be\u00e1ll\u00edt\u00e1s, kett\u0151s l\u00e9g\u00e1raml\u00e1s-szab\u00e1lyoz\u00e1s \u00e9s 270\u00b0-os LED monitor. Nikotin er\u0151ss\u00e9g: 50mg\/ml (5%).<\/p>","protected":false},"featured_media":870,"comment_status":"open","ping_status":"closed","template":"","meta":{"_acf_changed":false},"product_brand":[],"product_cat":[31],"product_tag":[],"class_list":{"0":"post-867","1":"product","2":"type-product","3":"status-publish","4":"has-post-thumbnail","6":"product_cat-vozol-vista-40000","8":"first","9":"instock","10":"shipping-taxable","11":"purchasable","12":"product-type-variable"},"acf":[],"_links":{"self":[{"href":"https:\/\/vozolpuff.de\/hu\/wp-json\/wp\/v2\/product\/867","targetHints":{"allow":["GET"]}}],"collection":[{"href":"https:\/\/vozolpuff.de\/hu\/wp-json\/wp\/v2\/product"}],"about":[{"href":"https:\/\/vozolpuff.de\/hu\/wp-json\/wp\/v2\/types\/product"}],"replies":[{"embeddable":true,"href":"https:\/\/vozolpuff.de\/hu\/wp-json\/wp\/v2\/comments?post=867"}],"wp:featuredmedia":[{"embeddable":true,"href":"https:\/\/vozolpuff.de\/hu\/wp-json\/wp\/v2\/media\/870"}],"wp:attachment":[{"href":"https:\/\/vozolpuff.de\/hu\/wp-json\/wp\/v2\/media?parent=867"}],"wp:term":[{"taxonomy":"product_brand","embeddable":true,"href":"https:\/\/vozolpuff.de\/hu\/wp-json\/wp\/v2\/product_brand?post=867"},{"taxonomy":"product_cat","embeddable":true,"href":"https:\/\/vozolpuff.de\/hu\/wp-json\/wp\/v2\/product_cat?post=867"},{"taxonomy":"product_tag","embeddable":true,"href":"https:\/\/vozolpuff.de\/hu\/wp-json\/wp\/v2\/product_tag?post=867"}],"curies":[{"name":"wp","href":"https:\/\/api.w.org\/{rel}","templated":true}]}}