{"id":883,"date":"2025-08-24T14:47:48","date_gmt":"2025-08-24T12:47:48","guid":{"rendered":"https:\/\/vozolpuff.de\/?post_type=product&#038;p=883"},"modified":"2026-01-15T11:56:08","modified_gmt":"2026-01-15T10:56:08","slug":"vozol-rave-40000-watermelon-ice","status":"publish","type":"product","link":"https:\/\/vozolpuff.de\/hu\/termek\/vozol-rave-40000-watermelon-ice\/","title":{"rendered":"Vozol Rave 40000 g\u00f6r\u00f6gdinnye j\u00e9g"},"content":{"rendered":"<h2 class=\"text-xl font-bold text-text-100 mt-1 -mb-0.5\">Vozol Rave 40000 Watermelon Ice eldobhat\u00f3 e-cigaretta<\/h2>\n<p class=\"whitespace-normal break-words\">A <strong>VOZOL RAVE 40000 puff g\u00f6r\u00f6gdinnye j\u00e9g eldobhat\u00f3 vape<\/strong> a friss\u00edt\u0151 g\u00f6r\u00f6gdinny\u00e9t \u00f6tv\u00f6zi a h\u0171v\u00f6s befejez\u00e9ssel a v\u00e9gs\u0151 ny\u00e1ri p\u00e1rologtat\u00e1si \u00e9lm\u00e9ny\u00e9rt. Az ak\u00e1r 40 000 slukkol\u00e1ssal \u00e9s az er\u0151teljes 1000mAh-s \u00fajrat\u00f6lthet\u0151 akkumul\u00e1torral ez a pr\u00e9mium e-cigaretta kiv\u00e9teles \u00e9lettartamot biztos\u00edt. Az innovat\u00edv 270\u00b0-os \u00fctem\u00e9rz\u00e9kel\u0151 kijelz\u0151 3D technol\u00f3gi\u00e1val \u00e9s a k\u00e9tf\u00e9le t\u00fczel\u00e9si m\u00f3d biztos\u00edtja a szem\u00e9lyre szabott p\u00e1rologtat\u00e1si \u00e9lm\u00e9nyt intenz\u00edv Watermelon Cool \u00edzzel.<\/p>\n<h3 class=\"text-lg font-bold text-text-100 mt-1 -mb-1.5\">VOZOL RAVE 40000 g\u00f6r\u00f6gdinnye j\u00e9g specifik\u00e1ci\u00f3k:<\/h3>\n<p class=\"whitespace-normal break-words\"><strong>E-folyad\u00e9k kapacit\u00e1s:<\/strong> 20mL Pr\u00e9mium g\u00f6r\u00f6gdinnye j\u00e9gfolyad\u00e9k<br \/>\n<strong>Az akkumul\u00e1tor teljes\u00edtm\u00e9nye:<\/strong> 1000mAh \u00fajrat\u00f6lthet\u0151 USB Type-C-vel<br \/>\n<strong>Vonat kapacit\u00e1sa:<\/strong> Ak\u00e1r 40.000 puffan\u00e1s (standard) | 25.000 puffan\u00e1s (teljes\u00edtm\u00e9ny \u00fczemm\u00f3d)<br \/>\n<strong>Nikotin tartalom:<\/strong> 5% (50mg) az autentikus torok\u00fct\u00e9shez<br \/>\n<strong>Tekercsrendszer:<\/strong> H\u00e1l\u00f3s tekercsek az optim\u00e1lis \u00edzkifejl\u0151d\u00e9shez<br \/>\n<strong>L\u00e9g\u00e1raml\u00e1s-szab\u00e1lyoz\u00e1s:<\/strong> Szem\u00e9lyre szabhat\u00f3 mer\u00edt\u00e9s a szem\u00e9lyes preferenci\u00e1knak megfelel\u0151en<br \/>\n<strong>Intelligens kijelz\u0151:<\/strong> Digit\u00e1lis kijelz\u0151 az akkumul\u00e1tor \u00e1llapot\u00e1r\u00f3l \u00e9s a folyad\u00e9kszintr\u0151l<br \/>\n<strong>Beat \u00e9rz\u00e9kel\u00e9s:<\/strong> 270\u00b0-os dinamikus kijelz\u0151 \u00e9l\u0151 visszajelz\u00e9ssel<br \/>\n<strong>Kett\u0151s \u00fczemm\u00f3d:<\/strong> Standard a gyeng\u00e9d p\u00e1rologtat\u00e1shoz, teljes\u00edtm\u00e9ny az intenz\u00edv puffokhoz<br \/>\n<strong>Technol\u00f3gia:<\/strong> Dual MCU chipek a S.i.L.C.Tech-t\u0151l<\/p>\n<h3 class=\"text-lg font-bold text-text-100 mt-1 -mb-1.5\">Fedezzen fel t\u00f6bb VOZOL VAPE-t a vozolpuff-on<\/h3>\n<p class=\"whitespace-normal break-words\">Fedezzen fel t\u00f6bb kiv\u00e1l\u00f3 min\u0151s\u00e9g\u0171 e-cigarett\u00e1t a <strong><a class=\"underline\" href=\"https:\/\/vozolpuff.de\/hu\/\">Online bolt<\/a><\/strong> vagy fedezze fel a teljes <strong><a class=\"underline\" href=\"https:\/\/vozolpuff.de\/hu\/product-category\/vozol-vape\/\">VOZOL VAPE term\u00e9kcsal\u00e1d<\/a><\/strong>. Az \u00f6sszes kaphat\u00f3 \u00edzt megtal\u00e1lja a <strong><a class=\"underline\" href=\"https:\/\/vozolpuff.de\/hu\/product-category\/vozol-vape\/vozol-rave-40000\/\">Vozol Rave 40000 kollekci\u00f3<\/a><\/strong>.<\/p>","protected":false},"excerpt":{"rendered":"<p>A <strong>VOZOL RAVE 40000 g\u00f6r\u00f6gdinnye j\u00e9g eldobhat\u00f3 e-cigaretta<\/strong> a friss\u00edt\u0151 g\u00f6r\u00f6gdinny\u00e9t \u00f6tv\u00f6zi a h\u0171v\u00f6s befejez\u00e9ssel, ak\u00e1r 40.000 slukkig tart\u00f3 v\u00e9gs\u0151 ny\u00e1ri p\u00e1rologtat\u00e1si \u00e9lvezet\u00e9rt. Er\u0151teljes 1000mAh-s \u00fajrat\u00f6lthet\u0151 akkumul\u00e1torral, 20mL folyad\u00e9kkapacit\u00e1ssal \u00e9s innovat\u00edv 270\u00b0-os \u00fctem\u00e9rz\u00e9kel\u0151 kijelz\u0151vel. Kett\u0151s \u00fczemm\u00f3d, h\u00e1l\u00f3s tekercsek \u00e9s S.i.L.C Dual MCU technol\u00f3gia. Nikotin tartalom: 5% (50mg).<\/p>","protected":false},"featured_media":886,"comment_status":"open","ping_status":"closed","template":"","meta":{"_acf_changed":false},"product_brand":[],"product_cat":[32],"product_tag":[],"class_list":{"0":"post-883","1":"product","2":"type-product","3":"status-publish","4":"has-post-thumbnail","6":"product_cat-vozol-rave-40000","8":"first","9":"instock","10":"shipping-taxable","11":"purchasable","12":"product-type-variable"},"acf":[],"_links":{"self":[{"href":"https:\/\/vozolpuff.de\/hu\/wp-json\/wp\/v2\/product\/883","targetHints":{"allow":["GET"]}}],"collection":[{"href":"https:\/\/vozolpuff.de\/hu\/wp-json\/wp\/v2\/product"}],"about":[{"href":"https:\/\/vozolpuff.de\/hu\/wp-json\/wp\/v2\/types\/product"}],"replies":[{"embeddable":true,"href":"https:\/\/vozolpuff.de\/hu\/wp-json\/wp\/v2\/comments?post=883"}],"wp:featuredmedia":[{"embeddable":true,"href":"https:\/\/vozolpuff.de\/hu\/wp-json\/wp\/v2\/media\/886"}],"wp:attachment":[{"href":"https:\/\/vozolpuff.de\/hu\/wp-json\/wp\/v2\/media?parent=883"}],"wp:term":[{"taxonomy":"product_brand","embeddable":true,"href":"https:\/\/vozolpuff.de\/hu\/wp-json\/wp\/v2\/product_brand?post=883"},{"taxonomy":"product_cat","embeddable":true,"href":"https:\/\/vozolpuff.de\/hu\/wp-json\/wp\/v2\/product_cat?post=883"},{"taxonomy":"product_tag","embeddable":true,"href":"https:\/\/vozolpuff.de\/hu\/wp-json\/wp\/v2\/product_tag?post=883"}],"curies":[{"name":"wp","href":"https:\/\/api.w.org\/{rel}","templated":true}]}}