{"id":893,"date":"2025-08-24T14:56:43","date_gmt":"2025-08-24T12:56:43","guid":{"rendered":"https:\/\/vozolpuff.de\/?post_type=product&#038;p=893"},"modified":"2026-01-15T11:55:43","modified_gmt":"2026-01-15T10:55:43","slug":"vozol-rave-40000-mango-ice","status":"publish","type":"product","link":"https:\/\/vozolpuff.de\/hu\/termek\/vozol-rave-40000-mango-ice\/","title":{"rendered":"Vozol Rave 40000 Mang\u00f3 j\u00e9g"},"content":{"rendered":"<h2 class=\"text-xl font-bold text-text-100 mt-1 -mb-0.5\">Vozol Rave 40000 Mango Ice eldobhat\u00f3 e-cigaretta<\/h2>\n<p class=\"whitespace-normal break-words\">A <strong>VOZOL RAVE 40000 puffs Mango Ice Vape<\/strong> tr\u00f3pusi vil\u00e1gokba rep\u00edt, autentikus mang\u00f3 \u00edzzel \u00e9s h\u0171s\u00edt\u0151 szell\u0151vel. Ez a pr\u00e9mium eldobhat\u00f3 e-cigaretta hatalmas, 40.000 puffol\u00e1ssal \u00e9s b\u0151s\u00e9ges, 18-20 ml-es e-folyad\u00e9k t\u00f6ltettel pontoz. A fejlett \u00fctem\u00e9rz\u00e9kel\u0151s kijelz\u0151technol\u00f3gia 270\u00b0-os l\u00e1t\u00f3ter\u00e9vel \u00e9s az intelligens kett\u0151s t\u00fczel\u00e9si m\u00f3dok garant\u00e1lj\u00e1k az els\u0151 oszt\u00e1ly\u00fa mang\u00f3 g\u0151z\u00f6l\u00e9s \u00e9lm\u00e9ny\u00e9t.<\/p>\n<h3 class=\"text-lg font-bold text-text-100 mt-1 -mb-1.5\">VOZOL RAVE 40000 Mango Ice Jellemz\u0151k:<\/h3>\n<p class=\"whitespace-normal break-words\"><strong>E-folyad\u00e9k mennyis\u00e9ge:<\/strong> 20ml egzotikus mang\u00f3 j\u00e9gfolyad\u00e9k<br \/>\n<strong>Akkumul\u00e1tor kapacit\u00e1s:<\/strong> 1000mAh C t\u00edpus\u00fa gyorst\u00f6lt\u00e9ssel<br \/>\n<strong>Vonat teljes\u00edtm\u00e9nye:<\/strong> Maximum 40.000 l\u00e9p\u00e9s (norm\u00e1l) | 25.000 l\u00e9p\u00e9s (turb\u00f3)<br \/>\n<strong>Nikotin er\u0151ss\u00e9g:<\/strong> 5% (50mg) az optim\u00e1lis g\u00e9getapad\u00e1shoz<br \/>\n<strong>P\u00e1rologtat\u00f3 rendszer:<\/strong> Pr\u00e9mium h\u00e1l\u00f3s tekercsek a tiszta \u00edz\u00e9rt<br \/>\n<strong>Leveg\u0151\u00e1raml\u00e1s-szab\u00e1lyoz\u00e1s:<\/strong> Fokozatmentesen \u00e1ll\u00edthat\u00f3 h\u00faz\u00e1s<br \/>\n<strong>Digit\u00e1lis vez\u00e9rl\u00e9s:<\/strong> Intelligens kijelz\u0151 minden fontos adathoz<br \/>\n<strong>Beat technol\u00f3gia:<\/strong> 270\u00b0-os panor\u00e1makijelz\u0151 \u00e9l\u0151 friss\u00edt\u00e9sekkel<br \/>\n<strong>Teljes\u00edtm\u00e9nym\u00f3dok:<\/strong> Komfort \u00fczemm\u00f3d \u00e9s teljes\u00edtm\u00e9ny \u00fczemm\u00f3d v\u00e1laszthat\u00f3<br \/>\n<strong>Processzor:<\/strong> Dual MCU chip architekt\u00fara a S.i.L.C.Tech-t\u0151l<\/p>\n<h3 class=\"text-lg font-bold text-text-100 mt-1 -mb-1.5\">Fedezzen fel t\u00f6bb VOZOL VAPE-t a vozolpuff-on<\/h3>\n<p class=\"whitespace-normal break-words\">Fedezzen fel t\u00f6bb kiv\u00e1l\u00f3 min\u0151s\u00e9g\u0171 e-cigarett\u00e1t a <strong><a class=\"underline\" href=\"https:\/\/vozolpuff.de\/hu\/\">Online bolt<\/a><\/strong> vagy fedezze fel a teljes <strong><a class=\"underline\" href=\"https:\/\/vozolpuff.de\/hu\/product-category\/vozol-vape\/\">VOZOL VAPE term\u00e9kcsal\u00e1d<\/a><\/strong>. Az \u00f6sszes kaphat\u00f3 \u00edzt megtal\u00e1lja a <strong><a class=\"underline\" href=\"https:\/\/vozolpuff.de\/hu\/product-category\/vozol-vape\/vozol-rave-40000\/\">Vozol Rave 40000 kollekci\u00f3<\/a><\/strong>.<\/p>","protected":false},"excerpt":{"rendered":"<p>A <strong>VOZOL RAVE 40000 Mango Ice eldobhat\u00f3 e-cigaretta<\/strong> tr\u00f3pusi vil\u00e1gokba rep\u00edti \u00d6nt autentikus mang\u00f3 \u00edzzel \u00e9s h\u0171s\u00edt\u0151 fuvallattal, ak\u00e1r 40 000 slukkig. 20mL e-folyad\u00e9k t\u00f6lt\u00e9ssel, 1000mAh Type-C gyorst\u00f6lt\u00e9ssel \u00e9s fejlett 270\u00b0-os \u00fctem\u00e9rz\u00e9kel\u0151 kijelz\u0151 technol\u00f3gi\u00e1val. Kett\u0151s t\u00fczel\u00e9si m\u00f3dok, pr\u00e9mium h\u00e1l\u00f3s tekercsek \u00e9s S.i.L.C Dual MCU chip architekt\u00fara. Nikotin er\u0151ss\u00e9g: 5% (50mg).<\/p>","protected":false},"featured_media":896,"comment_status":"open","ping_status":"closed","template":"","meta":{"_acf_changed":false},"product_brand":[],"product_cat":[32],"product_tag":[],"class_list":{"0":"post-893","1":"product","2":"type-product","3":"status-publish","4":"has-post-thumbnail","6":"product_cat-vozol-rave-40000","8":"first","9":"instock","10":"shipping-taxable","11":"purchasable","12":"product-type-variable"},"acf":[],"_links":{"self":[{"href":"https:\/\/vozolpuff.de\/hu\/wp-json\/wp\/v2\/product\/893","targetHints":{"allow":["GET"]}}],"collection":[{"href":"https:\/\/vozolpuff.de\/hu\/wp-json\/wp\/v2\/product"}],"about":[{"href":"https:\/\/vozolpuff.de\/hu\/wp-json\/wp\/v2\/types\/product"}],"replies":[{"embeddable":true,"href":"https:\/\/vozolpuff.de\/hu\/wp-json\/wp\/v2\/comments?post=893"}],"wp:featuredmedia":[{"embeddable":true,"href":"https:\/\/vozolpuff.de\/hu\/wp-json\/wp\/v2\/media\/896"}],"wp:attachment":[{"href":"https:\/\/vozolpuff.de\/hu\/wp-json\/wp\/v2\/media?parent=893"}],"wp:term":[{"taxonomy":"product_brand","embeddable":true,"href":"https:\/\/vozolpuff.de\/hu\/wp-json\/wp\/v2\/product_brand?post=893"},{"taxonomy":"product_cat","embeddable":true,"href":"https:\/\/vozolpuff.de\/hu\/wp-json\/wp\/v2\/product_cat?post=893"},{"taxonomy":"product_tag","embeddable":true,"href":"https:\/\/vozolpuff.de\/hu\/wp-json\/wp\/v2\/product_tag?post=893"}],"curies":[{"name":"wp","href":"https:\/\/api.w.org\/{rel}","templated":true}]}}